{"id":25322,"date":"2025-09-09T06:40:49","date_gmt":"2025-09-09T06:40:49","guid":{"rendered":"https:\/\/orotech.lt\/rankinis-dulkiu-siurblys-trotec-vc-10-e\/"},"modified":"2025-09-10T06:05:50","modified_gmt":"2025-09-10T06:05:50","slug":"rankinis-dulkiu-siurblys-trotec-vc-10-e","status":"publish","type":"product","link":"https:\/\/orotech.lt\/en\/rankinis-dulkiu-siurblys-trotec-vc-10-e\/","title":{"rendered":"Rankinis dulki\u0173 siurblys Trotec VC 10 E"},"content":{"rendered":"<p style=\"text-align: center;\"><iframe allow=\"accelerometer; autoplay; clipboard-write; encrypted-media; gyroscope; picture-in-picture\" allowfullscreen=\"\" frameborder=\"0\" height=\"315\" src=\"https:\/\/www.youtube.com\/embed\/ILJW90NvJqg\" title=\"YouTube video player\" width=\"560\"><\/iframe><\/p>\n<p><strong>Rankinio dulki\u0173 siurblio VC 10 E privalumai:<\/strong><\/p>\n<ul>\n<li>\n\t\tTinka sausam ir \u0161lapiam naudojimui;<\/li>\n<li>\n\t\tLi\u010dio jon\u0173 akumuliatorius (1.3 Ah) be atminties efekto ir be savaiminio i\u0161sikrovimo;<\/li>\n<li>\n\t\t2 pakop\u0173 akumuliatoriaus \u012fkrovos indikatorius;<\/li>\n<li>\n\t\tLengvas ir greitas valymas d\u0117l lengvai nuimamo konteinerio ir&nbsp;nuolatini\u0173 dulki\u0173 filtr\u0173, kuriuos galima plauti;<\/li>\n<li>\n\t\tSpecialus antgalis ir prailginimo \u017earna, skirti sunkiai pasiekiamoms vietoms;<\/li>\n<li>\n\t\tSpecialus antgalis, skirtas greitam skys\u010di\u0173 siurbimui;<\/li>\n<li>\n\t\tPrakti\u0161kas sieninis laikiklis su \u012fkrovimo \u012ftaisu.<\/li>\n<\/ul>\n<p><strong>Technical information:<\/strong><\/p>\n<ul>\n<li>\n\t\tElektros sunaudojimas: 40W;<\/li>\n<li>\n\t\tAkumuliatoriaus \u012ftampa \/ talpa: 7.4 V \/ 1.3 Ah;<\/li>\n<li>\n\t\tAkumuliatoriaus \u012fkrovimo laikas: 6 h;<\/li>\n<li>\n\t\tAkumuliatoriaus maitinimas: 100-240V \/ 50-60 Hz;<\/li>\n<li>\n\t\tVeikimo laikas: 12 min;<\/li>\n<li>\n\t\tSiurbimo galia: 2.5 Kpa;<\/li>\n<li>\n\t\tPrailginimo \u017earnos ilgis: 1.02 m;<\/li>\n<li>\n\t\tDulki\u0173 konteinerio talpa kietoms dulk\u0117ms: 400 ml;<\/li>\n<li>\n\t\tDulki\u0173 konteinerio talpa skys\u010diams: 150 ml;<\/li>\n<li>\n\t\tI\u0161matavimai:&nbsp;90 x 370 x 135 mm;<\/li>\n<li>\n\t\tSvoris: 0.7 kg;<\/li>\n<\/ul>\n<p><a class=\"catalogue\" href=\"https:\/\/www.rubisolis.lt\/\/failai\/files\/produktu%20pdf\/Trotec\/%C4%AErankiai\/Trotec%20VC%2010%20E%20naudojimo%20instrukcija.pdf\" target=\"blank\" rel=\"nofollow noopener\">Download product manual <\/a><\/p>","protected":false},"excerpt":{"rendered":"<p>Rankinio dulki\u0173 siurblio VC 10 E privalumai: Tinka sausam ir \u0161lapiam naudojimui; Li\u010dio jon\u0173 akumuliatorius (1.3 Ah) be atminties efekto<\/p>","protected":false},"featured_media":25324,"comment_status":"closed","ping_status":"open","template":"","meta":[],"product_brand":[],"product_cat":[23],"product_tag":[535],"class_list":{"0":"post-25322","1":"product","2":"type-product","3":"status-publish","4":"has-post-thumbnail","6":"product_cat-be-kategorijos","7":"product_tag-naujiena","9":"first","10":"onbackorder","11":"taxable","12":"shipping-taxable","13":"product-type-variable"},"_links":{"self":[{"href":"https:\/\/orotech.lt\/en\/wp-json\/wp\/v2\/product\/25322","targetHints":{"allow":["GET"]}}],"collection":[{"href":"https:\/\/orotech.lt\/en\/wp-json\/wp\/v2\/product"}],"about":[{"href":"https:\/\/orotech.lt\/en\/wp-json\/wp\/v2\/types\/product"}],"replies":[{"embeddable":true,"href":"https:\/\/orotech.lt\/en\/wp-json\/wp\/v2\/comments?post=25322"}],"version-history":[{"count":1,"href":"https:\/\/orotech.lt\/en\/wp-json\/wp\/v2\/product\/25322\/revisions"}],"predecessor-version":[{"id":25323,"href":"https:\/\/orotech.lt\/en\/wp-json\/wp\/v2\/product\/25322\/revisions\/25323"}],"wp:featuredmedia":[{"embeddable":true,"href":"https:\/\/orotech.lt\/en\/wp-json\/wp\/v2\/media\/25324"}],"wp:attachment":[{"href":"https:\/\/orotech.lt\/en\/wp-json\/wp\/v2\/media?parent=25322"}],"wp:term":[{"taxonomy":"product_brand","embeddable":true,"href":"https:\/\/orotech.lt\/en\/wp-json\/wp\/v2\/product_brand?post=25322"},{"taxonomy":"product_cat","embeddable":true,"href":"https:\/\/orotech.lt\/en\/wp-json\/wp\/v2\/product_cat?post=25322"},{"taxonomy":"product_tag","embeddable":true,"href":"https:\/\/orotech.lt\/en\/wp-json\/wp\/v2\/product_tag?post=25322"}],"curies":[{"name":"wp","href":"https:\/\/api.w.org\/{rel}","templated":true}]}}