{"id":25334,"date":"2025-09-09T06:40:49","date_gmt":"2025-09-09T06:40:49","guid":{"rendered":"https:\/\/orotech.lt\/belaidis-rankinis-dulkiu-siurblys-trotec-vc-10-20v\/"},"modified":"2025-09-10T06:05:51","modified_gmt":"2025-09-10T06:05:51","slug":"belaidis-rankinis-dulkiu-siurblys-trotec-vc-10-20v","status":"publish","type":"product","link":"https:\/\/orotech.lt\/en\/belaidis-rankinis-dulkiu-siurblys-trotec-vc-10-20v\/","title":{"rendered":"Belaidis rankinis dulki\u0173 siurblys Trotec VC 10-20V"},"content":{"rendered":"<p>&lt;p style=&quot;text-align: justify;&quot;&gt;Trotec VC 10-20V &amp;ndash; naujausios kartos galingas &lt;strong&gt;rankinis dulki\u0173 siurblys&lt;\/strong&gt; su dulki\u0173 filtru, kei\u010diama akumuliatoriaus sistema ir ply&amp;scaron;io \/ &amp;scaron;epet\u0117lio antgaliais. Su &amp;scaron;iuo rankiniu dulki\u0173 siurbliu be vargo sutvarkysite trupinius ant kiet\u0173 grind\u0173 ir kilim\u0173, gyv\u016bn\u0173 plaukus ant sofos, ka\u010di\u0173 kraik\u0105 ar purv\u0105 ant laipt\u0173, dulkes automobilyje ar i&amp;scaron;liet\u0105 nedidel\u012f skys\u010di\u0173 kiek\u012f. Nieko n\u0117ra namuose, biure, kemperyje, mikroautobuse ar automobilyje ko&amp;nbsp;&lt;strong&gt;rankinis dulki\u0173 siurblys Trotec&amp;nbsp;&lt;\/strong&gt;VC 10-20V lengvai ir greitai nepa&amp;scaron;alint\u0173 su komplektacijoje esan\u010diais &amp;scaron;lapiam ar sausam turiniui skirtais antgaliais.&lt;\/p&gt;<br \/>\n&lt;p style=&quot;text-align: justify;&quot;&gt;\u012e lengvai valom\u0105 surinkimo ind\u0105, kuriame \u012frengtas higieni&amp;scaron;kas atidarymo mechanizmas, galima surinkti iki 400 ml saus\u0173 ne&amp;scaron;varum\u0173 arba 100 ml skys\u010dio &amp;ndash; daugiau nei pakankamai \u012fprastiems buitiniams ne&amp;scaron;varumams.&lt;strong&gt; Rankinis dulki\u0173 siurblys&lt;\/strong&gt; veikia be dulki\u0173 mai&amp;scaron;elio, o integruot\u0105 dulki\u0173 filtr\u0105 taip pat galima plauti po \u010diaupu. Komplektacijoje rasite galing\u0105 ir ilgaam\u017e\u0119 &amp;bdquo;Flexpower&amp;ldquo; 20V \/ 2Ah li\u010dio jon\u0173 baterij\u0105, kuri u\u017etikrina patvari\u0105 ir nuolat didel\u0119 siurbimo gali\u0105. Korpuse integruota 3 pakop\u0173 akumuliatoriaus lygio indikacija rodo akumuliatoriaus b\u016bsen\u0105, net jei baterija n\u0117ra prijungta prie \u012frenginio. Naudojant greit\u0105 \u012fkrovikl\u012f, visi&amp;scaron;kai i&amp;scaron;sikrovusi baterija v\u0117l bus paruo&amp;scaron;ta naudoti po 1 valandos. &amp;bdquo;Flexpower&amp;ldquo; 20V \/ 2Ah keli\u0173 \u012frengini\u0173 baterija taip pat gali b\u016bti naudojama su kitais &amp;bdquo;Trotec&amp;ldquo; \u012frankiais.&lt;\/p&gt;<br \/>\n&lt;p style=&quot;text-align: justify;&quot;&gt;&lt;strong&gt;Vienas akumuliatorius keliems \u012frenginiams &amp;ndash; naujovi&amp;scaron;ka Trotec akumuliatori\u0173 keitimo sistema!&lt;br \/&gt;&lt;\/strong&gt;&lt;\/p&gt;<br \/>\n&lt;p style=&quot;text-align: justify;&quot;&gt;Didelis &amp;scaron;io prietaiso prana&amp;scaron;umas yra premium klas\u0117s NMC tipo li\u010dio akumuliatorius, u\u017etikrinantis nuolatin\u012f veikim\u0105 pilnu paj\u0117gumu. Lyginant su \u012fprastomis li\u010dio baterijomis (kai senkant akumuliatoriui, prietaiso galia ma\u017e\u0117ja), tai leid\u017eia efektyviai atlikti darbus per trumpesn\u012f laik\u0105. Senstant baterijai galia i&amp;scaron;lieka &amp;ndash; tai prid\u0117tin\u0117 Trotec prietaiso vert\u0117!&amp;nbsp;Trotec gamintojo sukurtos &amp;bdquo;Flexpower&amp;ldquo; serijos d\u0117ka galite apsieiti be daugyb\u0117s akumuliatori\u0173 ir \u012fkrovikli\u0173 &amp;ndash; naujoji keli\u0173 \u012frengini\u0173 akumuliatori\u0173 sistema &amp;bdquo;Flexpower&amp;ldquo; gali b\u016bti derinama su daugybe Trotec belaid\u017ei\u0173 elektrini\u0173 \u012franki\u0173. &amp;bdquo;Flexpower&amp;ldquo; sistema pasi\u017eymi patogiu naudojimu, universalumu bei prisideda prie vartoji&amp;scaron;kumo ma\u017einimo.&amp;nbsp; &amp;nbsp;&lt;\/p&gt;<br \/>\n&lt;p style=&quot;text-align: justify;&quot;&gt;Patvirtinta auk&amp;scaron;\u010diausios kokyb\u0117s bei saugumo \u017eenklais TUV ir GS.&lt;\/p&gt;<br \/>\n&lt;p style=&quot;text-align: justify;&quot;&gt;&lt;img style=&quot;width: 1000px; height: 250px;&quot; src=&quot;\/images\/Userfiles\/www.rubisolis.lt_akumuliatorius_trotec_elektriniu_irankiu_universalus_akumuliatorius_trotec_20_V_2_Ah_.jpg&quot; alt=&quot;&quot; \/&gt;&lt;\/p&gt;<br \/>\n&lt;p style=&quot;text-align: justify;&quot;&gt;&lt;strong&gt;Advantages:&lt;\/strong&gt;&lt;\/p&gt;<br \/>\n&lt;ul&gt;<br \/>\n&lt;li&gt;Galingas belaidis &lt;strong&gt;rankinis dulki\u0173 siurblys&lt;\/strong&gt;, skirtas &amp;scaron;lapiam ir sausam turiniui;&lt;\/li&gt;<br \/>\n&lt;li&gt;20 V li\u010dio jon\u0173 baterija (2 Ah) be atminties efekto ir be savaiminio i&amp;scaron;sikrovimo;&lt;\/li&gt;<br \/>\n&lt;li&gt;Stipri siurbimo galia ant vis\u0173 pavir&amp;scaron;i\u0173;&lt;\/li&gt;<br \/>\n&lt;li&gt;Puikiai tinka greitam ir patogiam tarp\u0173 valymui arba automobilio vidaus valymui;&lt;\/li&gt;<br \/>\n&lt;li&gt;Lengvai ir greitai valomas d\u0117l lengvai i&amp;scaron;imamos talpyklos;&lt;\/li&gt;<br \/>\n&lt;li&gt;Kompakti&amp;scaron;kas dizainas su ergonomi&amp;scaron;ka bei neslystan\u010dia rankena;&lt;\/li&gt;<br \/>\n&lt;li&gt;Didel\u0117 talpa: talpina iki 400 ml sauso purvo ir iki 100 ml skys\u010dio;&lt;\/li&gt;<br \/>\n&lt;li&gt;Nuolat didel\u0117 siurbimo galia iki 18 minu\u010di\u0173;&lt;\/li&gt;<br \/>\n&lt;li&gt;Ply&amp;scaron;inis antgalis sunkiai pasiekiamoms vietoms;&lt;\/li&gt;<br \/>\n&lt;li&gt;&amp;Scaron;epet\u0117lio antgalis kruop&amp;scaron;\u010diam valymui.&lt;\/li&gt;<br \/>\n&lt;\/ul&gt;<br \/>\n&lt;p&gt;&lt;strong&gt;Technical information:&lt;\/strong&gt;&lt;\/p&gt;<br \/>\n&lt;ul&gt;<br \/>\n&lt;li&gt;Energijos s\u0105naudos: 65 W;&lt;\/li&gt;<br \/>\n&lt;li&gt;Maks. veikimo laikas: 18 min.;&lt;\/li&gt;<br \/>\n&lt;li&gt;Apsaugos klas\u0117: II;&lt;\/li&gt;<br \/>\n&lt;li&gt;Korpusas: plastikas;&lt;\/li&gt;<br \/>\n&lt;li&gt;Maitinimas: 230 &amp;ndash; 240 V\/ 50 Hz;&lt;\/li&gt;<br \/>\n&lt;li&gt;Akumuliatoriaus vardin\u0117 \u012ftampa: 20 V;&lt;\/li&gt;<br \/>\n&lt;li&gt;I&amp;scaron;vesties \u012ftampa: 21,5 V;&lt;\/li&gt;<br \/>\n&lt;li&gt;Laido ilgis: 1,5 m;&lt;\/li&gt;<br \/>\n&lt;li&gt;Matmenys: 80x440x145 mm;&lt;\/li&gt;<br \/>\n&lt;li&gt;Svoris: 1,3 kg.&lt;\/li&gt;<br \/>\n&lt;\/ul&gt;<br \/>\n&lt;p&gt;&lt;a class=&quot;catalogue&quot; href=&quot;\/en\/images\/Userfiles\/www.rubisolis.lt_belaidis_rankinis_dulki_siurblys_Trotec_VC_10-20V_Cordless_handheld_vacuum_cleaner_Trotec_VC_1020V1.PDF\/&quot; target=&quot;blank&quot;&gt;Download product manual &lt;\/a&gt;&lt;\/p&gt;<\/p>","protected":false},"excerpt":{"rendered":"<p>&lt;p style=&quot;text-align: justify;&quot;&gt;Trotec VC 10-20V &amp;ndash; naujausios kartos galingas &lt;strong&gt;rankinis dulki\u0173 siurblys&lt;\/strong&gt; su dulki\u0173 filtru, kei\u010diama akumuliatoriaus sistema ir ply&amp;scaron;io<\/p>","protected":false},"featured_media":25336,"comment_status":"closed","ping_status":"open","template":"","meta":[],"product_brand":[],"product_cat":[23],"product_tag":[535],"class_list":{"0":"post-25334","1":"product","2":"type-product","3":"status-publish","4":"has-post-thumbnail","6":"product_cat-be-kategorijos","7":"product_tag-naujiena","9":"first","10":"onbackorder","11":"taxable","12":"shipping-taxable","13":"product-type-variable"},"_links":{"self":[{"href":"https:\/\/orotech.lt\/en\/wp-json\/wp\/v2\/product\/25334","targetHints":{"allow":["GET"]}}],"collection":[{"href":"https:\/\/orotech.lt\/en\/wp-json\/wp\/v2\/product"}],"about":[{"href":"https:\/\/orotech.lt\/en\/wp-json\/wp\/v2\/types\/product"}],"replies":[{"embeddable":true,"href":"https:\/\/orotech.lt\/en\/wp-json\/wp\/v2\/comments?post=25334"}],"version-history":[{"count":1,"href":"https:\/\/orotech.lt\/en\/wp-json\/wp\/v2\/product\/25334\/revisions"}],"predecessor-version":[{"id":25335,"href":"https:\/\/orotech.lt\/en\/wp-json\/wp\/v2\/product\/25334\/revisions\/25335"}],"wp:featuredmedia":[{"embeddable":true,"href":"https:\/\/orotech.lt\/en\/wp-json\/wp\/v2\/media\/25336"}],"wp:attachment":[{"href":"https:\/\/orotech.lt\/en\/wp-json\/wp\/v2\/media?parent=25334"}],"wp:term":[{"taxonomy":"product_brand","embeddable":true,"href":"https:\/\/orotech.lt\/en\/wp-json\/wp\/v2\/product_brand?post=25334"},{"taxonomy":"product_cat","embeddable":true,"href":"https:\/\/orotech.lt\/en\/wp-json\/wp\/v2\/product_cat?post=25334"},{"taxonomy":"product_tag","embeddable":true,"href":"https:\/\/orotech.lt\/en\/wp-json\/wp\/v2\/product_tag?post=25334"}],"curies":[{"name":"wp","href":"https:\/\/api.w.org\/{rel}","templated":true}]}}