{"id":25358,"date":"2025-09-09T06:40:49","date_gmt":"2025-09-09T06:40:49","guid":{"rendered":"https:\/\/orotech.lt\/plaunantis-dulkiu-siurblys-trotec-vc-1200-w\/"},"modified":"2025-09-10T06:05:52","modified_gmt":"2025-09-10T06:05:52","slug":"plaunantis-dulkiu-siurblys-trotec-vc-1200-w","status":"publish","type":"product","link":"https:\/\/orotech.lt\/en\/plaunantis-dulkiu-siurblys-trotec-vc-1200-w\/","title":{"rendered":"Plaunantis dulki\u0173 siurblys Trotec VC 1200 W"},"content":{"rendered":"<p><img decoding=\"async\" alt=\"\" src=\"\/images\/Userfiles\/www.rubisolis.lt_Plaunantis_dulki_siurblys_Trotec_VC_1200_W_.jpg\" style=\"width: 1000px; height: 234px;\" title=\"\"><\/p>\n<p style=\"text-align: justify;\"><strong>Plaunantis dulki\u0173 siurblys Trotec VC 1200 W<\/strong>&nbsp;&ndash; tai universalus 1200 W galios siurblys, skirtas tiek sausam, tiek \u0161lapiam valymui, tod\u0117l puikiai tinkamas siurbti tokius pavir\u0161ius kaip kilimai,&nbsp;\u010diu\u017einiai, mink\u0161ti baldai, automobili\u0173 s\u0117dyn\u0117s ar grindys.&nbsp;Be to, Trotec VC 1200 W modelio dulki\u0173 siurblys turi integruot\u0105 p\u016bstuvo funkcij\u0105, tod\u0117l vos vieno mygtuko paspaudimu greitai ir lengvai nup\u016bsite lauke erzinan\u010dius lapus ar stambesn\u012f purv\u0105.&nbsp;<\/p>\n<p style=\"text-align: justify;\"><strong>4in1 dulki\u0173 siurblys: plauna, siurbia, pu\u010dia<\/strong><\/p>\n<p style=\"text-align: justify;\">Sausas ir \u0161lapias siurbimas, vakuuminis valymas ir oro p\u016btimas&nbsp;&ndash; nuo \u0161iol viskas viename \u012frenginyje!&nbsp;Nesvarbu, ar tai b\u016bt\u0173 sausas, ar \u0161lapias siurbimas, ar plovimas su vandens i\u0161traukimo funkcija, ar lap\u0173 p\u016bstuvas &ndash; didel\u0117s siurbimo galios Trotec VC 1200 W modelio <strong>dulki\u0173 siurblys<\/strong>&nbsp;susidoroja su \u0161lapiais ir sausais, stambiais ir smulkiais ne\u0161varumais ant grind\u0173 bei su giliai \u012fsisen\u0117jusiais ne\u0161varumais nam\u0173 tekstil\u0117je. Ner\u016bdijan\u010diojo plieno plaunamo dulki\u0173 siurblio talpoje telpa iki 8 litr\u0173 saus\u0173 ne\u0161varum\u0173 arba 6 litr\u0173 skys\u010dio.&nbsp;<\/p>\n<p style=\"text-align: justify;\"><strong>50% greitesnis valom\u0173 pavir\u0161i\u0173 d\u017ei\u016bvimas<br \/>\n\t<\/strong><\/p>\n<p style=\"text-align: justify;\"><strong>Plaunantis dulki\u0173 siurblys Trotec VC 1200 W<\/strong> idealiai tinka giluminiam kilim\u0173, apmu\u0161al\u0173 ir automobili\u0173 s\u0117dyni\u0173 valymui, \u010diu\u017eini\u0173, tekstilini\u0173 grind\u0173 dang\u0173, s\u0117dim\u0173j\u0173 bald\u0173, kilim\u0117li\u0173 ar automobili\u0173 salon\u0173 ypa\u010d kruop\u0161\u010diam valymui. Trotec VC 1200W turi atskir\u0105 3,5 l nuimam\u0105 ploviklio talpykl\u0105 ir pur\u0161kiam\u0105 siurbimo \u017earn\u0105 su dozavimo mygtuku bei plovimo antgaliais (\u012feina \u012f komplektacij\u0105). Vandentiekio vanduo sumai\u0161ytas su valymo priemone dideliu sl\u0117giu pur\u0161ki\u0105 vanden\u012f \u012f tekstil\u0117s pavir\u0161i\u0173, tuo pa\u010diu veiksmu i\u0161siurbdamas ne\u0161varumus, kurie surenkami \u012f ner\u016bdijan\u010dio plieno talpykl\u0105. Efektyvi &quot;Trotec&quot; pur\u0161kimo-\u012fsiurbimo technologija u\u017etikrina, kad valomais pavir\u0161iais v\u0117l galima vaik\u0161\u010dioti 50 % grei\u010diau.<\/p>\n<p style=\"text-align: justify;\"><strong>Patogus lap\u0173 ir stambi\u0173 ne\u0161varum\u0173 nup\u016btimas<br \/>\n\t<\/strong><\/p>\n<p style=\"text-align: justify;\">Kai ruden\u012f krenta lapai, Trotec VC 1200W i\u0161p\u016btimo funkcija yra itin prakti\u0161ka. Galingas pramoninio dulki\u0173 siurblio oro srautas idealiai tinka stambiems ne\u0161varumams i\u0161p\u016bsti terasoje ir lauko teritorijose. Lengvai i\u0161valysite ir ne\u0161varias patalp\u0173 vietas.<\/p>\n<p style=\"text-align: justify;\"><strong>Praktinis patarimas:<\/strong> VC 1200W siurbl\u012f taip pat galima naudoti greitam ir lengvam oro i\u0161traukimui arba oro \u010diu\u017eini\u0173 ar irklen\u010di\u0173 prip\u016btimui. Patogiau tikrai neb\u016bna!&nbsp;<\/p>\n<p style=\"text-align: justify;\"><strong>Kompakti\u0161kas, skland\u017eiai veikiantis ir itin judrus<br \/>\n\t<\/strong><\/p>\n<p style=\"text-align: justify;\">1200 vat\u0173<strong> plaunantis dulki\u0173 siurblys Trotec VC<\/strong> u\u017etikrina patog\u0173 ir skland\u0173 siurbim\u0105. 360&deg; kampu pasukami ratukai, 4,5 m ilgio maitinimo laidas, du prailginimo vamzd\u017eiai (po 35 cm) ir 1,8 m ilgio siurbimo \u017earna suteikia maksimali\u0105 jud\u0117jimo laisv\u0119 atliekant visus valymo darbus. Prid\u0117tus siurbimo ir plovimo antgalius galima pritvirtinti tiesiai prie \u012frenginio, kad sutaupytum\u0117te vietos. I\u0161traukiama ne\u0161iojimo rankena palengvina gabenim\u0105 \u012f naudojimo viet\u0105. \u012emontuoti fiksatoriai leid\u017eia lengvai ir patikimai atrakinti arba atidaryti konteinerio dangt\u012f. Tvirtas korpusas, pritaikytas darbui \u0161iurk\u0161\u010diuose s\u0105lygose, yra apsaugotas nuo vandens pursl\u0173 i\u0161 vis\u0173 pusi\u0173 pagal IPX4 apsaugos klas\u0119.<\/p>\n<p style=\"text-align: justify;\"><strong>Didel\u0117 dulki\u0173 sulaikymo talpa: optimali ne tik namini\u0173 gyv\u016bn\u0117li\u0173 \u0161eimininkams ir alergi\u0161kiems \u017emon\u0117ms<br \/>\n\t<\/strong><\/p>\n<p style=\"text-align: justify;\">Amatininkai, \u0161eimos, namini\u0173 gyv\u016bn\u0173 \u0161eimininkai ir alergi\u0161ki \u017emon\u0117s vertina i\u0161skirtin\u012f VC 1200W valymo na\u0161um\u0105. Nemalonius namini\u0173 gyv\u016bn\u0117li\u0173 kvapus tekstil\u0117s gaminiuose galima beveik visi\u0161kai pa\u0161alinti plaunant \u0161lapiu siurbimu. Valant sausuoju b\u016bdu integruotas HEPA filtras su dideliu dulki\u0173 sulaikymo paj\u0117gumu apsaugo nuo dulki\u0173 ar alergen\u0173 patekimo \u012f or\u0105. HEPA filtr\u0105 galima i\u0161valyti automati\u0161kai vienu mygtuko paspaudimu, prie\u0161 tai nei\u0161\u0117mus filtro.&nbsp;<\/p>\n<p style=\"text-align: justify;\"><strong>Advantages:<\/strong><\/p>\n<ul>\n<li style=\"text-align: justify;\">\n\t\tDaugiafunkcinis 1200W galios dulki\u0173 siurblys 4 viename: galingas \u0161lapias ir sausas dulki\u0173 siurbimas, plovimo funkcija ir p\u016bstuvas;<\/li>\n<li style=\"text-align: justify;\">\n\t\tKilimams, apmu\u0161alams, automobili\u0173 s\u0117dyn\u0117ms, \u010diu\u017einiams, kietoms grindims valyti ir sausam siurbimui;<\/li>\n<li style=\"text-align: justify;\">\n\t\tIdealiai tinka namams, automobiliui, gara\u017eui, r\u016bsiui, sodui, terasai;<\/li>\n<li style=\"text-align: justify;\">\n\t\tVanduo arba valymo priemon\u0117 pur\u0161kiama giliai \u012f tekstil\u0117s pavir\u0161i\u0173 ir vienu metu i\u0161siurbiama kartu su ne\u0161varumais;<\/li>\n<li style=\"text-align: justify;\">\n\t\tEfektyvi &quot;Trotec&quot; pur\u0161kiamojo siurbimo technologija u\u017etikrina, kad valomais pavir\u0161iais v\u0117l galima vaik\u0161\u010dioti 50 % grei\u010diau;<\/li>\n<li style=\"text-align: justify;\">\n\t\tHEPA filtras, gerai sulaikantis dulkes &#8211; sulaiko 90 % vis\u0173 smulki\u0173 daleli\u0173.<\/li>\n<\/ul>\n<p style=\"text-align: justify;\"><strong>Technical characteristics:<\/strong><\/p>\n<ul>\n<li style=\"text-align: justify;\">\n\t\tGalingumas: 1200 W;<\/li>\n<li style=\"text-align: justify;\">\n\t\t\u017darnos ilgis: 180 mm;<\/li>\n<li style=\"text-align: justify;\">\n\t\tTalpa (kiet.\/skys\u010d.): 8 l \/ 6 l;<\/li>\n<li style=\"text-align: justify;\">\n\t\tMaitinimas:&nbsp;230 V, 50 Hz;<\/li>\n<li style=\"text-align: justify;\">\n\t\tMaitinimo laido ilgis:&nbsp;4.5m;<\/li>\n<li style=\"text-align: justify;\">\n\t\tGarsas:&nbsp;80 dB;<\/li>\n<li style=\"text-align: justify;\">\n\t\tProtection class: II;<\/li>\n<li style=\"text-align: justify;\">\n\t\tMatmenys: 360 x 330 x 525 mm;<\/li>\n<li style=\"text-align: justify;\">\n\t\tWeight: 7.5 kg.<\/li>\n<\/ul>\n<p style=\"text-align: justify;\"><strong>The package includes:<\/strong><\/p>\n<ul>\n<li style=\"text-align: justify;\">\n\t\t1 x VC 1200W skalbimo dulki\u0173 siurblys su \u0161lapiam plovimui skirta talpa;<\/li>\n<li style=\"text-align: justify;\">\n\t\t1 x integruota pur\u0161kimo siurbimo \u017earna (1,8 m);<\/li>\n<li style=\"text-align: justify;\">\n\t\t2 x \u017earnos prailgintuvai (po 35 cm);<\/li>\n<li style=\"text-align: justify;\">\n\t\t1 x grind\u0173 antgalis, skirtas kruop\u0161\u010diam dr\u0117gnam ir sausam valymui;<\/li>\n<li style=\"text-align: justify;\">\n\t\t1 x ply\u0161i\u0173 antgalis sunkiai pasiekiamoms vietoms valyti;<\/li>\n<li style=\"text-align: justify;\">\n\t\t2 x plovimo antgaliai, skirti giluminiam pluo\u0161tini\u0173 apmu\u0161al\u0173 ir kilim\u0173 valymui;<\/li>\n<li style=\"text-align: justify;\">\n\t\t1 x dulki\u0173 mai\u0161as 4,5 l saus\u0173 ne\u0161varum\u0173;<\/li>\n<li style=\"text-align: justify;\">\n\t\t1 x HEPA filtras sausam valymui;<\/li>\n<li style=\"text-align: justify;\">\n\t\t1 x put\u0173 filtras dr\u0117gnam valymui.<\/li>\n<\/ul>\n<p style=\"text-align: justify;\"><a class=\"catalogue\" href=\"\/en\/images\/Userfiles\/www.rubisolis.lt_Plaunantis_dulki_siurblys_Trotec_VC_1200_W.pdf\/\" target=\"blank\">Download product manual <\/a><\/p>","protected":false},"excerpt":{"rendered":"<p>Plaunantis dulki\u0173 siurblys Trotec VC 1200 W&nbsp;&ndash; tai universalus 1200 W galios siurblys, skirtas tiek sausam, tiek \u0161lapiam valymui, tod\u0117l<\/p>","protected":false},"featured_media":25360,"comment_status":"closed","ping_status":"open","template":"","meta":[],"product_brand":[],"product_cat":[23],"product_tag":[535],"class_list":{"0":"post-25358","1":"product","2":"type-product","3":"status-publish","4":"has-post-thumbnail","6":"product_cat-be-kategorijos","7":"product_tag-naujiena","9":"first","10":"onbackorder","11":"taxable","12":"shipping-taxable","13":"product-type-variable"},"_links":{"self":[{"href":"https:\/\/orotech.lt\/en\/wp-json\/wp\/v2\/product\/25358","targetHints":{"allow":["GET"]}}],"collection":[{"href":"https:\/\/orotech.lt\/en\/wp-json\/wp\/v2\/product"}],"about":[{"href":"https:\/\/orotech.lt\/en\/wp-json\/wp\/v2\/types\/product"}],"replies":[{"embeddable":true,"href":"https:\/\/orotech.lt\/en\/wp-json\/wp\/v2\/comments?post=25358"}],"version-history":[{"count":1,"href":"https:\/\/orotech.lt\/en\/wp-json\/wp\/v2\/product\/25358\/revisions"}],"predecessor-version":[{"id":25359,"href":"https:\/\/orotech.lt\/en\/wp-json\/wp\/v2\/product\/25358\/revisions\/25359"}],"wp:featuredmedia":[{"embeddable":true,"href":"https:\/\/orotech.lt\/en\/wp-json\/wp\/v2\/media\/25360"}],"wp:attachment":[{"href":"https:\/\/orotech.lt\/en\/wp-json\/wp\/v2\/media?parent=25358"}],"wp:term":[{"taxonomy":"product_brand","embeddable":true,"href":"https:\/\/orotech.lt\/en\/wp-json\/wp\/v2\/product_brand?post=25358"},{"taxonomy":"product_cat","embeddable":true,"href":"https:\/\/orotech.lt\/en\/wp-json\/wp\/v2\/product_cat?post=25358"},{"taxonomy":"product_tag","embeddable":true,"href":"https:\/\/orotech.lt\/en\/wp-json\/wp\/v2\/product_tag?post=25358"}],"curies":[{"name":"wp","href":"https:\/\/api.w.org\/{rel}","templated":true}]}}