{"id":25370,"date":"2025-09-09T06:40:49","date_gmt":"2025-09-09T06:40:49","guid":{"rendered":"https:\/\/orotech.lt\/kistukinis-sildytuvas-trotec-tfc-1-e-2\/"},"modified":"2025-09-10T06:05:53","modified_gmt":"2025-09-10T06:05:53","slug":"kistukinis-sildytuvas-trotec-tfc-1-e-2","status":"publish","type":"product","link":"https:\/\/orotech.lt\/en\/kistukinis-sildytuvas-trotec-tfc-1-e-2\/","title":{"rendered":"Plug-in heater Trotec TFC 1 E"},"content":{"rendered":"<p style=\"text-align: justify;\">Attractive, compact design, 500 W heating power and two fan speeds <strong>plug-in heater <\/strong>Trotec<strong>&nbsp;<\/strong>TFC 1 E tuoj pat sukuria maloni\u0105 \u0161ilum\u0105 ma\u017eesn\u0117se patalpose. Pirmoji ventiliatoriaus pakopa naudojama normaliam darbui, o antroji &ndash; kaip greito \u0161ildymo parinktis, leid\u017eianti greitai paskirstyti \u0161ilt\u0105 or\u0105 patalpoje. Ma\u017eo dyd\u017eio veiksmingas<strong> plug-in heater<\/strong> gali sukurti \u0161ilum\u0105 vos per kelias minutes visur, kur jos reikia, ne\u0161ildant viso namo ar buto. Nesvarbu, ar vonioje, ar virtuv\u0117je, ant sofos, vaiko kambaryje ar nam\u0173 biure &ndash; \u0161ildytuvas nemaloniai \u0161altas vietas paver\u010dia jaukiomis oaz\u0117mis.<\/p>\n<p style=\"text-align: justify;\">\u0160ildytuv\u0105 valdyti itin paprasta: prijunkite prie elektros lizdo, \u012fjunkite ir termostato pagalba pasirinkite norim\u0105 temperat\u016br\u0105 nuo 15 iki 30 &deg;C. <strong>Plug-in heater <\/strong>has a built-in 12-hour timer function that will allow you to preheat a bedroom, garage, or other desired room. In addition, the model has an energy-saving automatic shut-off when the set room temperature is reached.<\/p>\n<p style=\"text-align: justify;\">The air heated with the TFC series ceramic heaters always remains pleasantly clean and odorless, because the PTC ceramic heating elements produce 100% zero-emission heat. Unlike conventional heaters, the ceramic heating element does not burn dust particles or animal hair, making the device suitable for allergy sufferers and small children.<\/p>\n<p style=\"text-align: justify;\"><strong>Plug-in heater<\/strong> Trotec TFC 1 E pasi\u017eymi saugiu naudojimu &ndash;&nbsp;prietaise \u012fmontuota apsaugos nuo perkaitimo funkcija. Ugniai atspar\u016bs keraminiai elementai turi itin ilg\u0105 tarnavimo laik\u0105. Ventiliatoriaus veikimo funkcija su atgaline atskaita automati\u0161kai atv\u0117sina mini \u0161ildytuvo kaitinimo element\u0105 pra\u0117jus 60 sekund\u017ei\u0173 po \u0161ildytuvo i\u0161jungimo, kad b\u016bt\u0173 u\u017etikrintas saugus atjungimas nuo elektros lizdo.<\/p>\n<p style=\"text-align: center;\"><iframe allow=\"accelerometer; autoplay; clipboard-write; encrypted-media; gyroscope; picture-in-picture\" allowfullscreen=\"\" frameborder=\"0\" height=\"315\" src=\"https:\/\/www.youtube.com\/embed\/61fxUDWjYOQ\" title=\"YouTube video player\" width=\"560\"><\/iframe><\/p>\n<p><strong>Advantages:<\/strong><\/p>\n<ul>\n<li>\n\t\tFast and pleasant warmth;<\/li>\n<li>\n\t\tCompact design;<\/li>\n<li>\n\t\tQuiet operation;<\/li>\n<li>\n\t\tAutomatic shutdown when the set temperature is reached;<\/li>\n<li>\n\t\t2 fan speeds;<\/li>\n<li>\n\t\tTemperature control from 18 \u00b0C to 30 \u00b0C;<\/li>\n<li>\n\t\tTimer function;<\/li>\n<li>\n\t\tLED screen lighting;<\/li>\n<li>\n\t\tOverheating protection;<\/li>\n<li>\n\t\tSuitable for allergy sufferers;<\/li>\n<li>\n\t\tEnergy saving.<\/li>\n<\/ul>\n<p><strong>Technical characteristics:<\/strong><\/p>\n<ul>\n<li>\n\t\tOperating range: 15 oC to 30 oC;<\/li>\n<li>\n\t\tHeated area: 10 m2;<\/li>\n<li>\n\t\tMains connection: 220-240 V \/ 50 HZ;<\/li>\n<li>\n\t\tMax. power consumption (W): 500;<\/li>\n<li>\n\t\tRated current consumption (A): 2.17;<\/li>\n<li>\n\t\tMains fuse: 10 A;<\/li>\n<li>\n\t\tPlug type: CEE 7\/7;<\/li>\n<li>\n\t\tProtection class: IPX0;<\/li>\n<li>\n\t\tOverheating protection (oC): 70;<\/li>\n<li>\n\t\tSound pressure level (at 1 m): 51 dB (A);<\/li>\n<li>\n\t\tDimensions (LxWxH mm): 110 x 130 x 202;<\/li>\n<li>\n\t\tMinimalus atstumas iki sien\u0173 ir daikt\u0173 vir\u0161uje, gale, \u0161one &ndash; 25 cm, priekyje &ndash; 50 cm;<\/li>\n<li>\n\t\tWeight (kg): 0.4 kg.<\/li>\n<\/ul>\n<p style=\"text-align: justify;\"><a class=\"catalogue\" href=\"\/en\/images\/Userfiles\/www.rubisolis.lt_Kistukinis_sildytuvas_Trotec_TFC_1_E.pdf\/\" target=\"blank\">Download product manual <\/a><\/p>","protected":false},"excerpt":{"rendered":"<p>Patrauklaus, kompakti\u0161ko dizaino, 500 W \u0161ildymo galia ir dviem ventiliatoriaus pakopomis ki\u0161tukinis \u0161ildytuvas Trotec&nbsp;TFC 1 E tuoj pat sukuria maloni\u0105<\/p>","protected":false},"featured_media":25372,"comment_status":"closed","ping_status":"open","template":"","meta":[],"product_brand":[],"product_cat":[23],"product_tag":[535],"class_list":{"0":"post-25370","1":"product","2":"type-product","3":"status-publish","4":"has-post-thumbnail","6":"product_cat-be-kategorijos","7":"product_tag-naujiena","9":"first","10":"onbackorder","11":"taxable","12":"shipping-taxable","13":"product-type-variable"},"_links":{"self":[{"href":"https:\/\/orotech.lt\/en\/wp-json\/wp\/v2\/product\/25370","targetHints":{"allow":["GET"]}}],"collection":[{"href":"https:\/\/orotech.lt\/en\/wp-json\/wp\/v2\/product"}],"about":[{"href":"https:\/\/orotech.lt\/en\/wp-json\/wp\/v2\/types\/product"}],"replies":[{"embeddable":true,"href":"https:\/\/orotech.lt\/en\/wp-json\/wp\/v2\/comments?post=25370"}],"version-history":[{"count":1,"href":"https:\/\/orotech.lt\/en\/wp-json\/wp\/v2\/product\/25370\/revisions"}],"predecessor-version":[{"id":25371,"href":"https:\/\/orotech.lt\/en\/wp-json\/wp\/v2\/product\/25370\/revisions\/25371"}],"wp:featuredmedia":[{"embeddable":true,"href":"https:\/\/orotech.lt\/en\/wp-json\/wp\/v2\/media\/25372"}],"wp:attachment":[{"href":"https:\/\/orotech.lt\/en\/wp-json\/wp\/v2\/media?parent=25370"}],"wp:term":[{"taxonomy":"product_brand","embeddable":true,"href":"https:\/\/orotech.lt\/en\/wp-json\/wp\/v2\/product_brand?post=25370"},{"taxonomy":"product_cat","embeddable":true,"href":"https:\/\/orotech.lt\/en\/wp-json\/wp\/v2\/product_cat?post=25370"},{"taxonomy":"product_tag","embeddable":true,"href":"https:\/\/orotech.lt\/en\/wp-json\/wp\/v2\/product_tag?post=25370"}],"curies":[{"name":"wp","href":"https:\/\/api.w.org\/{rel}","templated":true}]}}