{"id":25382,"date":"2025-09-09T06:40:49","date_gmt":"2025-09-09T06:40:49","guid":{"rendered":"https:\/\/orotech.lt\/keraminis-sildytuvas-trotec-tfc-14-e-2\/"},"modified":"2025-09-10T06:05:54","modified_gmt":"2025-09-10T06:05:54","slug":"keraminis-sildytuvas-trotec-tfc-14-e-2","status":"publish","type":"product","link":"https:\/\/orotech.lt\/en\/keraminis-sildytuvas-trotec-tfc-14-e-2\/","title":{"rendered":"Ceramic heater Trotec TFC 14 E"},"content":{"rendered":"<p style=\"text-align: justify;\">Ultra-lightweight, modern design <strong>ceramic heater<\/strong> Trotec TFC 14 E&nbsp;gali b\u016bti naudojami beveik visur, kur reikalingas greitas patalpos pa\u0161ildymas, tereikia \u0161alia esan\u010dio lizdo. Nustatykite \u012frengin\u012f, prijunkite prie elektros lizdo ir \u012fjunkite &ndash; viskas! D\u0117ka dviej\u0173 pasirenkam\u0173 \u0161ildymo lygi\u0173 (700 W ir 1400 W) \u0161ildytuvas sukurs maloni\u0105 \u0161ilum\u0105 j\u016bs\u0173 svetain\u0117je, vaik\u0173 kambaryje ar gara\u017ee, o kar\u0161tais vasaros vakarais galima naudoti kaip ventiliatori\u0173.&nbsp;<\/p>\n<p style=\"text-align: justify;\">The air heated with the TFC series ceramic heaters always remains pleasantly clean and odorless, because the PTC ceramic heating elements produce 100% zero-emission heat. Unlike conventional heaters, the ceramic heating element does not burn dust particles or animal hair, making the device suitable for allergy sufferers and small children.<\/p>\n<p style=\"text-align: justify;\"><strong>Ceramic heater<\/strong> Trotec TFC 14 E pasi\u017eymi saugiu naudojimu &ndash;&nbsp;prietaise \u012fmontuota apsaugos nuo perkaitimo funkcija. Ugniai atspar\u016bs keraminiai elementai turi itin ilg\u0105 tarnavimo laik\u0105. Dar daugiau, jei prietaisas apvirt\u0119s, apsauga nuo apvirtimo i\u0161jungia \u0161ildytuv\u0105.<\/p>\n<p style=\"text-align: center;\"><iframe allow=\"accelerometer; autoplay; clipboard-write; encrypted-media; gyroscope; picture-in-picture\" allowfullscreen=\"\" frameborder=\"0\" height=\"315\" src=\"https:\/\/www.youtube.com\/embed\/TN4Qg4KPtzk\" title=\"YouTube video player\" width=\"560\"><\/iframe><\/p>\n<p style=\"text-align: justify;\"><strong>Advantages:<\/strong><\/p>\n<ul>\n<li>\n\t\tFast and pleasant warmth;<\/li>\n<li>\n\t\tCompact design;<\/li>\n<li>\n\t\tQuiet operation;<\/li>\n<li>\n\t\tEasy to handle and transport;<\/li>\n<li>\n\t\tPTC ceramic heating element;<\/li>\n<li>\n\t\t2 heating levels (700W \/ 1400W);<\/li>\n<li>\n\t\tVentilation function without heating;<\/li>\n<li>\n\t\tOperation indicator light;<\/li>\n<li>\n\t\tDevice tilt protection;<\/li>\n<li>\n\t\tOverheating protection;<\/li>\n<li>\n\t\tSturdy support leg;<\/li>\n<li>\n\t\tSuitable for allergy sufferers;<\/li>\n<li>\n\t\tEnergy saving.<\/li>\n<\/ul>\n<p style=\"text-align: justify;\"><strong>Technical characteristics:<\/strong><\/p>\n<ul>\n<li>\n\t\tDarbinis diapazonas: nuo -10&deg;C iki 25&deg;C;<\/li>\n<li>\n\t\tSuitable for rooms up to 20 m2;<\/li>\n<li>\n\t\t\u0160ildymo galia: 1 lygis &ndash; tik ventiliavimas;<\/li>\n<li>\n\t\t2 lygis &ndash; 700 W;<\/li>\n<li>\n\t\t3 lygis &ndash; 1400 W;<\/li>\n<li>\n\t\tMains connection: 220-240 V \/ 50 HZ;<\/li>\n<li>\n\t\tMax. power consumption (W): 1400;<\/li>\n<li>\n\t\tRated current consumption (A): 6.1;<\/li>\n<li>\n\t\tMains fuse: 10 A;<\/li>\n<li>\n\t\tPlug type: CEE 7\/7;<\/li>\n<li>\n\t\tCable length (m): 1.5;<\/li>\n<li>\n\t\tProtection class: IP20;<\/li>\n<li>\n\t\tApsauga nuo perkaitimo (o&deg;): 80;<\/li>\n<li>\n\t\tSound pressure level (at 1 m): 48 dB (A);<\/li>\n<li>\n\t\tDimensions (LxWxH mm): 120 x 195 x 255;<\/li>\n<li>\n\t\tMinimalus atstumas iki sien\u0173 ir daikt\u0173 vir\u0161uje, gale, \u0161one, priekyje &ndash; 100 cm;<\/li>\n<li>\n\t\tWeight (kg): 1<\/li>\n<\/ul>\n<p style=\"text-align: justify;\"><a class=\"catalogue\" href=\"\/en\/images\/Userfiles\/www.rubisolis.lt_keraminis_sildytuvas_trotec_tfc_14_E.pdf\/\" target=\"blank\">Download product manual <\/a><\/p>","protected":false},"excerpt":{"rendered":"<p>Itin lengvi, modernaus dizaino keraminis \u0161ildytuvas Trotec TFC 14 E&nbsp;gali b\u016bti naudojami beveik visur, kur reikalingas greitas patalpos pa\u0161ildymas, tereikia<\/p>","protected":false},"featured_media":25384,"comment_status":"closed","ping_status":"open","template":"","meta":[],"product_brand":[],"product_cat":[23],"product_tag":[535],"class_list":{"0":"post-25382","1":"product","2":"type-product","3":"status-publish","4":"has-post-thumbnail","6":"product_cat-be-kategorijos","7":"product_tag-naujiena","9":"first","10":"onbackorder","11":"taxable","12":"shipping-taxable","13":"product-type-variable"},"_links":{"self":[{"href":"https:\/\/orotech.lt\/en\/wp-json\/wp\/v2\/product\/25382","targetHints":{"allow":["GET"]}}],"collection":[{"href":"https:\/\/orotech.lt\/en\/wp-json\/wp\/v2\/product"}],"about":[{"href":"https:\/\/orotech.lt\/en\/wp-json\/wp\/v2\/types\/product"}],"replies":[{"embeddable":true,"href":"https:\/\/orotech.lt\/en\/wp-json\/wp\/v2\/comments?post=25382"}],"version-history":[{"count":1,"href":"https:\/\/orotech.lt\/en\/wp-json\/wp\/v2\/product\/25382\/revisions"}],"predecessor-version":[{"id":25383,"href":"https:\/\/orotech.lt\/en\/wp-json\/wp\/v2\/product\/25382\/revisions\/25383"}],"wp:featuredmedia":[{"embeddable":true,"href":"https:\/\/orotech.lt\/en\/wp-json\/wp\/v2\/media\/25384"}],"wp:attachment":[{"href":"https:\/\/orotech.lt\/en\/wp-json\/wp\/v2\/media?parent=25382"}],"wp:term":[{"taxonomy":"product_brand","embeddable":true,"href":"https:\/\/orotech.lt\/en\/wp-json\/wp\/v2\/product_brand?post=25382"},{"taxonomy":"product_cat","embeddable":true,"href":"https:\/\/orotech.lt\/en\/wp-json\/wp\/v2\/product_cat?post=25382"},{"taxonomy":"product_tag","embeddable":true,"href":"https:\/\/orotech.lt\/en\/wp-json\/wp\/v2\/product_tag?post=25382"}],"curies":[{"name":"wp","href":"https:\/\/api.w.org\/{rel}","templated":true}]}}