{"id":25391,"date":"2025-09-09T06:40:49","date_gmt":"2025-09-09T06:40:49","guid":{"rendered":"https:\/\/orotech.lt\/dujinis-lauko-sildytuvas-etna-dovana\/"},"modified":"2025-09-10T06:05:55","modified_gmt":"2025-09-10T06:05:55","slug":"dujinis-lauko-sildytuvas-etna-dovana","status":"publish","type":"product","link":"https:\/\/orotech.lt\/en\/dujinis-lauko-sildytuvas-etna-dovana\/","title":{"rendered":"Dujinis lauko \u0161ildytuvas Etna + DOVANA"},"content":{"rendered":"<p style=\"text-align: justify;\">Dujinis lauko \u0161ildytuvas Etna &#8211; puikus sprendimas norint palaikyti \u0161ilum\u0105 bei sukurti jauk\u0173 ap\u0161vietim\u0105 terasoje, sode, kiemelyje ar kitoje lauko teritorijoje. \u0160is stilingo dizaino prietaisas turi itin patogi\u0105 bei paprast\u0105 temperat\u016bros reguliavimo funkcij\u0105, leid\u017eian\u010di\u0105 lengvai reguliuoti norimos temperat\u016bros gali\u0105, o d\u0117ka \u012fmontuot\u0173 ratuk\u0173, \u0161ildytuv\u0105 patogu perkelti i\u0161 vienos vietos \u012f kit\u0105.<\/p>\n<p style=\"text-align: justify;\"><span style=\"color:#f00;\"><em><strong>\u012esigijus dujin\u012f lauko \u0161ildytuv\u0105 Etna prid\u0117sime dovan\u0173 \u0161ildytuvo apdangal\u0105!<\/strong><\/em><\/span><\/p>\n<p style=\"text-align: justify;\">Technical characteristics:<\/p>\n<ul>\n<li>\n\t\tMatmenys: 1316 x 434 x 434 mm;<\/li>\n<li>\n\t\tGalingumas: 7,3 kw;<\/li>\n<li>\n\t\tSvoris: 35 kg.<\/li>\n<\/ul>\n<p style=\"text-align: justify;\">Advantages:<\/p>\n<ul>\n<li>\n\t\tDekoratyvi liepsna sukuria puiki\u0105 atmosfer\u0105;<\/li>\n<li>\n\t\tUgniai atsparus stiklas apsaugo liepsn\u0105 nuo v\u0117jo;<\/li>\n<li>\n\t\tLiepsnos auk\u0161tis tolygiai reguliuojamas;<\/li>\n<li>\n\t\tDujinis lauko \u0161ildytuvas tinkamas k\u016brenti suskystintomis dujomis i\u0161 baliono;<\/li>\n<li>\n\t\tKorpusas pagamintas i\u0161 juodai da\u017eyto plieno;<\/li>\n<li>\n\t\tPo degiklio apa\u010dia yra atidaroma ertm\u0117 duj\u0173 balionui;<\/li>\n<li>\n\t\tPatogiam transportavimui \u012fmontuoti ratukai.<\/li>\n<\/ul>\n<p style=\"text-align: justify;\"><a class=\"catalogue\" href=\"\/en\/images\/Userfiles\/www.rubisolis.lt_dujinis_lauko_sildytuvas_etno.pdf\/\" target=\"blank\">Download product manual<\/a><\/p>","protected":false},"excerpt":{"rendered":"<p>Dujinis lauko \u0161ildytuvas Etna &#8211; puikus sprendimas norint palaikyti \u0161ilum\u0105 bei sukurti jauk\u0173 ap\u0161vietim\u0105 terasoje, sode, kiemelyje ar kitoje lauko<\/p>","protected":false},"featured_media":25393,"comment_status":"closed","ping_status":"open","template":"","meta":[],"product_brand":[],"product_cat":[23],"product_tag":[535],"class_list":{"0":"post-25391","1":"product","2":"type-product","3":"status-publish","4":"has-post-thumbnail","6":"product_cat-be-kategorijos","7":"product_tag-naujiena","9":"first","10":"onbackorder","11":"taxable","12":"shipping-taxable","13":"product-type-variable"},"_links":{"self":[{"href":"https:\/\/orotech.lt\/en\/wp-json\/wp\/v2\/product\/25391","targetHints":{"allow":["GET"]}}],"collection":[{"href":"https:\/\/orotech.lt\/en\/wp-json\/wp\/v2\/product"}],"about":[{"href":"https:\/\/orotech.lt\/en\/wp-json\/wp\/v2\/types\/product"}],"replies":[{"embeddable":true,"href":"https:\/\/orotech.lt\/en\/wp-json\/wp\/v2\/comments?post=25391"}],"version-history":[{"count":1,"href":"https:\/\/orotech.lt\/en\/wp-json\/wp\/v2\/product\/25391\/revisions"}],"predecessor-version":[{"id":25392,"href":"https:\/\/orotech.lt\/en\/wp-json\/wp\/v2\/product\/25391\/revisions\/25392"}],"wp:featuredmedia":[{"embeddable":true,"href":"https:\/\/orotech.lt\/en\/wp-json\/wp\/v2\/media\/25393"}],"wp:attachment":[{"href":"https:\/\/orotech.lt\/en\/wp-json\/wp\/v2\/media?parent=25391"}],"wp:term":[{"taxonomy":"product_brand","embeddable":true,"href":"https:\/\/orotech.lt\/en\/wp-json\/wp\/v2\/product_brand?post=25391"},{"taxonomy":"product_cat","embeddable":true,"href":"https:\/\/orotech.lt\/en\/wp-json\/wp\/v2\/product_cat?post=25391"},{"taxonomy":"product_tag","embeddable":true,"href":"https:\/\/orotech.lt\/en\/wp-json\/wp\/v2\/product_tag?post=25391"}],"curies":[{"name":"wp","href":"https:\/\/api.w.org\/{rel}","templated":true}]}}