{"id":25411,"date":"2025-09-09T06:45:03","date_gmt":"2025-09-09T06:45:03","guid":{"rendered":"https:\/\/orotech.lt\/anglies-pluosto-infraraudonuju-spinduliu-sildytuvas-veito-blade-s-su-stovu-2\/"},"modified":"2025-09-10T06:05:57","modified_gmt":"2025-09-10T06:05:57","slug":"anglies-pluosto-infraraudonuju-spinduliu-sildytuvas-veito-blade-s-su-stovu-2","status":"publish","type":"product","link":"https:\/\/orotech.lt\/en\/anglies-pluosto-infraraudonuju-spinduliu-sildytuvas-veito-blade-s-su-stovu-2\/","title":{"rendered":"Carbon fiber infrared heater Veito BLADE S with stand"},"content":{"rendered":"<p style=\"text-align: justify;\"><span style=\"text-align: justify;\">Veito BLADE S&nbsp;yra itin \u0161iuolaiki\u0161kos i\u0161vaizdos pakabinami \u0161ildytuvas, tiekiami kartu su tvirtinimo laikikliais ir stovu. <\/span><strong style=\"text-align: justify;\">Thanks to its modern design and small dimensions, Veito BLADE S is suitable for small spaces indoors and can be used outdoors - on terraces, in gazebos, under a roof (in any weather).<\/strong><span style=\"text-align: justify;\">&nbsp;Using the periscopic remote control, the heater can be controlled from a sufficiently large distance.<\/span><\/p>\n<p style=\"text-align: justify;\"><strong>ADVANTAGES:<\/strong><\/p>\n<ul>\n<li>\n\t\tProfessional IR heaters, whose quality, efficiency, exceptional design and functionality have been appreciated by hundreds of industrial and private customers in Lithuania;<\/li>\n<li>\n\t\tBuilt-in specially designed carbon fiber heating element that lasts for at least 10,000 hours. The manufacturer provides a warranty;<\/li>\n<li>\n\t\tThe heating element is replaceable, so you won&#039;t have to buy a new heater if the element stops heating;<\/li>\n<li>\n\t\tReflectors that effectively direct heat at the right angle are made of the highest quality materials;<\/li>\n<li>\n\t\tUsing heaters to heat individual zones can save up to 70% in heating energy and costs.&nbsp;&nbsp;<\/li>\n<\/ul>\n<p style=\"text-align: justify;\"><strong>Technical information:<\/strong><\/p>\n<ul>\n<li style=\"text-align: justify;\">\n\t\tCarbon fiber heating elements;<\/li>\n<li style=\"text-align: justify;\">\n\t\tRemote control;<\/li>\n<li style=\"text-align: justify;\">\n\t\t4 power levels;<\/li>\n<li style=\"text-align: justify;\">\n\t\tCan be installed both horizontally and vertically;<\/li>\n<li style=\"text-align: justify;\">\n\t\t<strong>Protection class: IP55 \u2013<\/strong> <strong>protection against dust and water jets;<\/strong><\/li>\n<li style=\"text-align: justify;\">\n\t\tVoltage: 220 \u2013 240V AC;<\/li>\n<li style=\"text-align: justify;\">\n\t\tFrequency: 50\/60 Hz;<\/li>\n<li style=\"text-align: justify;\">\n\t\tDimensions: 90 x 900 x 130 mm;<\/li>\n<li style=\"text-align: justify;\">\n\t\tThe system has four different heating capacity levels:<\/li>\n<li style=\"text-align: justify;\">\n\t\t<strong>\u0160ildymo galingumai:&nbsp;1000\/1500\/2000\/2500 W.<\/strong><\/li>\n<\/ul>\n<p style=\"text-align: justify;\">&nbsp;<\/p>\n<p style=\"text-align: center;\"><iframe frameborder=\"0\" height=\"315\" scrolling=\"no\" src=\"https:\/\/www.youtube.com\/embed\/mNTmvoS6GP8\" width=\"560\"><\/iframe><\/p>\n<p style=\"text-align: center;\"><iframe allow=\"accelerometer; autoplay; clipboard-write; encrypted-media; gyroscope; picture-in-picture\" allowfullscreen=\"\" frameborder=\"0\" height=\"315\" src=\"https:\/\/www.youtube.com\/embed\/VFIgZzDD__A\" width=\"560\"><\/iframe><\/p>\n<p style=\"text-align: center;\"><iframe allow=\"accelerometer; autoplay; clipboard-write; encrypted-media; gyroscope; picture-in-picture\" allowfullscreen=\"\" frameborder=\"0\" height=\"315\" src=\"https:\/\/www.youtube.com\/embed\/mYJc4WxM9Ek\" width=\"560\"><\/iframe><\/p>\n<p style=\"text-align: justify;\">&nbsp;<\/p>\n<ul style=\"text-align: justify;\">\n<\/ul>\n<p style=\"text-align: justify;\"><a class=\"catalogue\" href=\"https:\/\/www.rubisolis.lt\/failai\/files\/produktu%20pdf\/veito%20blade%20bebdr.pdf\" target=\"blank\" rel=\"nofollow noopener\">Download product catalog<\/a><br \/>\n\t<a class=\"catalogue\" href=\"https:\/\/www.rubisolis.lt\/failai\/files\/produktu%20pdf\/Veito\/Veito%20blade%20%C5%A1ildytuv%C5%B3%20instrukcija(1).pdf\" target=\"blank\" rel=\"nofollow noopener\">Download product manual <\/a><\/p>","protected":false},"excerpt":{"rendered":"<p>Veito BLADE S&nbsp;yra itin \u0161iuolaiki\u0161kos i\u0161vaizdos pakabinami \u0161ildytuvas, tiekiami kartu su tvirtinimo laikikliais ir stovu. D\u0117ka modernaus dizaino ir nedideli\u0173<\/p>","protected":false},"featured_media":25413,"comment_status":"closed","ping_status":"open","template":"","meta":[],"product_brand":[],"product_cat":[23],"product_tag":[535],"class_list":{"0":"post-25411","1":"product","2":"type-product","3":"status-publish","4":"has-post-thumbnail","6":"product_cat-be-kategorijos","7":"product_tag-naujiena","9":"first","10":"onbackorder","11":"taxable","12":"shipping-taxable","13":"product-type-variable"},"_links":{"self":[{"href":"https:\/\/orotech.lt\/en\/wp-json\/wp\/v2\/product\/25411","targetHints":{"allow":["GET"]}}],"collection":[{"href":"https:\/\/orotech.lt\/en\/wp-json\/wp\/v2\/product"}],"about":[{"href":"https:\/\/orotech.lt\/en\/wp-json\/wp\/v2\/types\/product"}],"replies":[{"embeddable":true,"href":"https:\/\/orotech.lt\/en\/wp-json\/wp\/v2\/comments?post=25411"}],"version-history":[{"count":1,"href":"https:\/\/orotech.lt\/en\/wp-json\/wp\/v2\/product\/25411\/revisions"}],"predecessor-version":[{"id":25412,"href":"https:\/\/orotech.lt\/en\/wp-json\/wp\/v2\/product\/25411\/revisions\/25412"}],"wp:featuredmedia":[{"embeddable":true,"href":"https:\/\/orotech.lt\/en\/wp-json\/wp\/v2\/media\/25413"}],"wp:attachment":[{"href":"https:\/\/orotech.lt\/en\/wp-json\/wp\/v2\/media?parent=25411"}],"wp:term":[{"taxonomy":"product_brand","embeddable":true,"href":"https:\/\/orotech.lt\/en\/wp-json\/wp\/v2\/product_brand?post=25411"},{"taxonomy":"product_cat","embeddable":true,"href":"https:\/\/orotech.lt\/en\/wp-json\/wp\/v2\/product_cat?post=25411"},{"taxonomy":"product_tag","embeddable":true,"href":"https:\/\/orotech.lt\/en\/wp-json\/wp\/v2\/product_tag?post=25411"}],"curies":[{"name":"wp","href":"https:\/\/api.w.org\/{rel}","templated":true}]}}