{"id":25422,"date":"2025-09-09T06:45:03","date_gmt":"2025-09-09T06:45:03","guid":{"rendered":"https:\/\/orotech.lt\/sildantys-kilimeliai-heat-master-fs\/"},"modified":"2025-09-10T06:05:57","modified_gmt":"2025-09-10T06:05:57","slug":"sildantys-kilimeliai-heat-master-fs","status":"publish","type":"product","link":"https:\/\/orotech.lt\/en\/sildantys-kilimeliai-heat-master-fs\/","title":{"rendered":"\u0160ildantys kilim\u0117liai Heat Master FS"},"content":{"rendered":"<p>&lt;p style=&quot;text-align: justify;&quot;&gt;&lt;span style=&quot;text-align: justify;&quot;&gt;&amp;Scaron;iltos kojos, sausi batai &ndash; puikus elektra &amp;scaron;ildomas kilim\u0117lis vidaus patalpoms. Be to, tai puikus sprendimas, jeigu norite sukurti &amp;scaron;ilt\u0105 viet\u0105 savo augintiniui. &amp;Scaron;ildantis kilim\u0117lis specialiai sukurtas laisvalaikio, poilsio zonoms ar gyv\u016bnams &amp;scaron;ildyti.&lt;\/span&gt;&lt;\/p&gt;<br \/>\n&lt;p style=&quot;text-align: justify;&quot;&gt;Kai \u017eiem\u0105 namuose yra &amp;scaron;altos grindys &amp;ndash; nesvarbu svetain\u0117je, koridoriuje, miegamajame ar kitur &amp;ndash; &amp;scaron;ildantis kilim\u0117lis Heat Master yra puikus sprendimas. Su &amp;scaron;iuo kilim\u0117liu visada bus &amp;scaron;ilta j\u016bs\u0173 kojoms arba j\u016bs\u0173 augintinis mielai ant jo eis &amp;scaron;iltai miegoti. Prietaisas yra valdomas kojiniu jungikliu (\u012fjungiama\/i&amp;scaron;jungiama).&amp;nbsp;Lankstus kilim\u0117lis pasi\u017eymi auk&amp;scaron;tu efektyvumu ir itin ma\u017eu energijos sunaudojimu.&amp;nbsp;&lt;br \/&gt;&lt;br \/&gt;&lt;strong&gt;Technical information:&lt;\/strong&gt;&lt;\/p&gt;<br \/>\n&lt;ul&gt;<br \/>\n&lt;li style=&quot;text-align: justify;&quot;&gt;IP20 apsaugos klas\u0117 kilim\u0117lio;&lt;\/li&gt;<br \/>\n&lt;li style=&quot;text-align: justify;&quot;&gt;IP50 apsaugos klas\u0117 jungiklio;&lt;\/li&gt;<br \/>\n&lt;li style=&quot;text-align: justify;&quot;&gt;Spalva: pilka;&lt;\/li&gt;<br \/>\n&lt;li style=&quot;text-align: justify;&quot;&gt;Maitinimas: 230 V AC;&lt;\/li&gt;<br \/>\n&lt;li style=&quot;text-align: justify;&quot;&gt;Temperat\u016bros riba&amp;nbsp;- 60&amp;nbsp;&lt;sup&gt;o&lt;\/sup&gt;C;&lt;\/li&gt;<br \/>\n&lt;li style=&quot;text-align: justify;&quot;&gt;&amp;Scaron;ilumos i&amp;scaron;eiga per m: 6 W;&lt;\/li&gt;<br \/>\n&lt;li style=&quot;text-align: justify;&quot;&gt;Laido ilgis &#8211; 2 m (su integruotu kojiniu jungikliu);&lt;\/li&gt;<br \/>\n&lt;li style=&quot;text-align: justify;&quot;&gt;FH 21024-FS &#8211; 400 x 600 mm; 75 W;&lt;\/li&gt;<br \/>\n&lt;li style=&quot;text-align: justify;&quot;&gt;FH 21035-FS &#8211; 500 x 700 mm; 100 W.&lt;\/li&gt;<br \/>\n&lt;\/ul&gt;<br \/>\n&lt;p&gt;&lt;a class=&quot;catalogue&quot; href=&quot;\/en\/images\/Userfiles\/Sildymo_kilimli_Heat_Master_FS_technin_informacija.pdf\/&quot; target=&quot;blank&quot;&gt;Download product manual&lt;\/a&gt;&lt;\/p&gt;<\/p>","protected":false},"excerpt":{"rendered":"<p>&lt;p style=&quot;text-align: justify;&quot;&gt;&lt;span style=&quot;text-align: justify;&quot;&gt;&amp;Scaron;iltos kojos, sausi batai &ndash; puikus elektra &amp;scaron;ildomas kilim\u0117lis vidaus patalpoms. Be to, tai puikus sprendimas,<\/p>","protected":false},"featured_media":25424,"comment_status":"closed","ping_status":"open","template":"","meta":[],"product_brand":[],"product_cat":[23],"product_tag":[535],"class_list":{"0":"post-25422","1":"product","2":"type-product","3":"status-publish","4":"has-post-thumbnail","6":"product_cat-be-kategorijos","7":"product_tag-naujiena","9":"first","10":"onbackorder","11":"taxable","12":"shipping-taxable","13":"product-type-variable"},"_links":{"self":[{"href":"https:\/\/orotech.lt\/en\/wp-json\/wp\/v2\/product\/25422","targetHints":{"allow":["GET"]}}],"collection":[{"href":"https:\/\/orotech.lt\/en\/wp-json\/wp\/v2\/product"}],"about":[{"href":"https:\/\/orotech.lt\/en\/wp-json\/wp\/v2\/types\/product"}],"replies":[{"embeddable":true,"href":"https:\/\/orotech.lt\/en\/wp-json\/wp\/v2\/comments?post=25422"}],"version-history":[{"count":1,"href":"https:\/\/orotech.lt\/en\/wp-json\/wp\/v2\/product\/25422\/revisions"}],"predecessor-version":[{"id":25423,"href":"https:\/\/orotech.lt\/en\/wp-json\/wp\/v2\/product\/25422\/revisions\/25423"}],"wp:featuredmedia":[{"embeddable":true,"href":"https:\/\/orotech.lt\/en\/wp-json\/wp\/v2\/media\/25424"}],"wp:attachment":[{"href":"https:\/\/orotech.lt\/en\/wp-json\/wp\/v2\/media?parent=25422"}],"wp:term":[{"taxonomy":"product_brand","embeddable":true,"href":"https:\/\/orotech.lt\/en\/wp-json\/wp\/v2\/product_brand?post=25422"},{"taxonomy":"product_cat","embeddable":true,"href":"https:\/\/orotech.lt\/en\/wp-json\/wp\/v2\/product_cat?post=25422"},{"taxonomy":"product_tag","embeddable":true,"href":"https:\/\/orotech.lt\/en\/wp-json\/wp\/v2\/product_tag?post=25422"}],"curies":[{"name":"wp","href":"https:\/\/api.w.org\/{rel}","templated":true}]}}