{"id":25429,"date":"2025-09-09T06:45:03","date_gmt":"2025-09-09T06:45:03","guid":{"rendered":"https:\/\/orotech.lt\/elektrinis-tepalinis-radiatorius-trotec-trh-26-e\/"},"modified":"2025-09-10T06:05:58","modified_gmt":"2025-09-10T06:05:58","slug":"elektrinis-tepalinis-radiatorius-trotec-trh-26-e","status":"publish","type":"product","link":"https:\/\/orotech.lt\/en\/elektrinis-tepalinis-radiatorius-trotec-trh-26-e\/","title":{"rendered":"Elektrinis tepalinis radiatorius Trotec TRH 26 E"},"content":{"rendered":"<p>&lt;p style=&quot;text-align: justify;&quot;&gt;Ie&amp;scaron;kote b\u016bdo kaip papildomai su&amp;scaron;ildyti patalpas? &lt;strong&gt;Elektrinis tepalinis radiatorius&lt;\/strong&gt; Trotec TRH 26 E gali tai padaryti! Kompakti&amp;scaron;ko dyd\u017eio ir klasikinio dizaino &lt;strong&gt;tepalinis radiatorius&lt;\/strong&gt; turi 3 &amp;scaron;ildymo lygius ir 2500 vat\u0173 &amp;scaron;ildymo gali\u0105. TRH 26 E modelio radiatorius maksimaliai su&amp;scaron;ildo iki 30 m&amp;sup2; arba 75 m&amp;sup3; dyd\u017eio patalpose vos per 8 minutes! Prakti&amp;scaron;kas nuotolinio valdymo pultas ir 12 valand\u0173 laikma\u010dio funkcija u\u017etikrina papildom\u0105 patogum\u0105. Modernus LED ekranas parodo i&amp;scaron; anksto nustatyt\u0105 norim\u0105 kambario temperat\u016br\u0105. &amp;Scaron;is &lt;strong&gt;elektrinis tepalinis radiatorius&lt;\/strong&gt; su&amp;scaron;ildys J\u016bs\u0173 gyvenamas patalpas, vonios kambarius, laisvalaikio zonas, gara\u017ee, r\u016bsyje ir t.t.&lt;\/p&gt;<br \/>\n&lt;p&gt;&lt;span&gt;&lt;strong&gt;Efektyvi ir greita &lt;\/strong&gt;&lt;strong&gt;&amp;scaron;iluma&lt;\/strong&gt;&lt;\/span&gt;&lt;\/p&gt;<br \/>\n&lt;p style=&quot;text-align: justify;&quot;&gt;&lt;span&gt;Triju skirting\u0173 galingum\u0173 (1000 W \/ 1500 W \/ 2500 W) radiatorius TRH 26 E pasiekia nuo 15 iki 35 &amp;deg;C temperat\u016br\u0105. &lt;strong&gt;Tepalinis radiatorius&lt;\/strong&gt; veikia visi&amp;scaron;kai tyliai, be kvapo ir nesukeldamas dulki\u0173, tod\u0117l puikiai tinka naudoti alergi&amp;scaron;kiems \u017emon\u0117ms. Taip pat, &amp;scaron;is radiatorius turi &amp;scaron;al\u010dio jutikl\u012f, kuris u\u017etikrina r\u016bsi\u0173, gara\u017e\u0173, dirtuvi\u0173 ar kit\u0173 ne&amp;scaron;ildom\u0173 patalp\u0173 apsaug\u0105 nuo &amp;scaron;al\u010dio pa\u017eeidim\u0173 (u\u017e&amp;scaron;al\u0119 vamzd\u017eiai).&lt;\/span&gt;&lt;\/p&gt;<br \/>\n&lt;p style=&quot;text-align: justify;&quot;&gt;&lt;span&gt;&lt;strong&gt;Convenient control&lt;\/strong&gt;&lt;\/span&gt;&lt;\/p&gt;<br \/>\n&lt;p style=&quot;text-align: justify;&quot;&gt;&lt;span&gt;Protingas ir energij\u0105 taupantis TRH 26 E &lt;strong&gt;tepalinis radiatorius&lt;\/strong&gt; u\u017etikrina kambario temperat\u016br\u0105 nuo 15&amp;deg;C iki 35&amp;deg;C. Lengvai ir patogiai nustatykite norim\u0105 tikslin\u0119 temperat\u016br\u0105 naudodami skaitmenin\u012f termostat\u0105, kur\u012f rasite \u012frenginyje arba naudodami nuotolinio valdymo pult\u0105. Pasiekus norim\u0105 temperat\u016br\u0105, &amp;scaron;ildytuvas i&amp;scaron;sijungia. Jei patalpos temperat\u016bra nukrenta \u017eemiau i&amp;scaron; anksto nustatyto temperat\u016bros, radiatorius v\u0117l \u012fsijungia, kad v\u0117l \u012fkaist\u0173. Tai ne tik patogu, bet ir sutaupo daug energijos!&lt;\/span&gt;&lt;\/p&gt;<br \/>\n&lt;p style=&quot;text-align: justify;&quot;&gt;&lt;span&gt;&lt;strong&gt;Timer&lt;\/strong&gt;&lt;\/span&gt;&lt;\/p&gt;<br \/>\n&lt;p style=&quot;text-align: justify;&quot;&gt;&lt;span&gt;12 valand\u0173 laikmatis, kur\u012f galima u\u017eprogramuoti 1 valandos intervalu. Taupo energij\u0105 ir yra prakti&amp;scaron;kas, tod\u0117l visada galite b\u016bti tikri, kad &amp;scaron;ildytuvas i&amp;scaron;sijungs pasibaigus nustatytam darbo laikui ir jums nereik\u0117s d\u0117l to jaudintis.&lt;\/span&gt;&lt;\/p&gt;<br \/>\n&lt;p style=&quot;text-align: justify;&quot;&gt;&lt;span&gt;&lt;strong&gt;Advantages:&lt;\/strong&gt;&lt;\/span&gt;&lt;\/p&gt;<br \/>\n&lt;ul&gt;<br \/>\n&lt;li&gt;&lt;span&gt;Trys &amp;scaron;ildymo lygiai;&lt;\/span&gt;&lt;\/li&gt;<br \/>\n&lt;li&gt;&lt;span&gt;Trumpas \u012fkaitimo laikas &amp;ndash; 8 min.;&lt;\/span&gt;&lt;\/li&gt;<br \/>\n&lt;li&gt;&lt;span&gt;Remote control;&lt;\/span&gt;&lt;\/li&gt;<br \/>\n&lt;li&gt;&lt;span&gt;Timer;&lt;\/span&gt;&lt;\/li&gt;<br \/>\n&lt;li&gt;&lt;span&gt;&lt;span&gt;Valdomas termostatas, kuris \u012fjungia\/i&amp;scaron;jungia &amp;scaron;ildytuv\u0105, kad palaikyt\u0173 norim\u0105 temperat\u016br\u0105;&lt;\/span&gt;&lt;\/span&gt;&lt;\/li&gt;<br \/>\n&lt;li&gt;&lt;span&gt;&lt;span&gt;LCD screen;&lt;\/span&gt;&lt;\/span&gt;&lt;\/li&gt;<br \/>\n&lt;li&gt;&lt;span&gt;&amp;Scaron;al\u010dio sekimo funkcija;&lt;\/span&gt;&lt;\/li&gt;<br \/>\n&lt;li&gt;&lt;span&gt;Energy-saving operation;&lt;\/span&gt;&lt;\/li&gt;<br \/>\n&lt;li&gt;&lt;span&gt;Overheating protection;&lt;\/span&gt;&lt;\/li&gt;<br \/>\n&lt;li&gt;&lt;span&gt;Protection against device tipping over;&lt;\/span&gt;&lt;\/li&gt;<br \/>\n&lt;li&gt;&lt;span&gt;Additional handles and wheels allow for convenient transportation;&lt;\/span&gt;&lt;\/li&gt;<br \/>\n&lt;li&gt;&lt;span&gt;Quiet operation;&lt;\/span&gt;&lt;\/li&gt;<br \/>\n&lt;\/ul&gt;<br \/>\n&lt;p&gt;&lt;span&gt;&lt;strong&gt;Technical characteristics:&lt;\/strong&gt;&lt;\/span&gt;&lt;\/p&gt;<br \/>\n&lt;ul&gt;<br \/>\n&lt;li&gt;&lt;span&gt;Trys &amp;scaron;ildymo lygiai: 1000 W, 1500 W arba 2500 W;&lt;\/span&gt;&lt;\/li&gt;<br \/>\n&lt;li&gt;&lt;span&gt;Patalpoms iki 30 m&amp;sup2;\/75 m&amp;sup3;;&lt;\/span&gt;&lt;\/li&gt;<br \/>\n&lt;li&gt;&lt;span&gt;Termostatas: nuo 15 &amp;deg;C iki 35 &amp;deg;C&lt;\/span&gt;&lt;\/li&gt;<br \/>\n&lt;li&gt;&lt;span&gt;Maitinimas: 220 &ndash; 240 V\/50 &ndash; 60 Hz;&lt;\/span&gt;&lt;\/li&gt;<br \/>\n&lt;li&gt;&lt;span&gt;Rated current: 10.9 A;&lt;\/span&gt;&lt;\/li&gt;<br \/>\n&lt;li&gt;&lt;span&gt;Protection class: IP20;&lt;\/span&gt;&lt;\/li&gt;<br \/>\n&lt;li&gt;&lt;span&gt;Connector: CEE 7\/7;&lt;\/span&gt;&lt;\/li&gt;<br \/>\n&lt;li&gt;&lt;span&gt;Laido ilgis: 1,4 m;&lt;\/span&gt;&lt;\/li&gt;<br \/>\n&lt;li&gt;&lt;span&gt;Dydis: 600 x 470 x 240 mm;&lt;\/span&gt;&lt;\/li&gt;<br \/>\n&lt;li&gt;&lt;span&gt;Svoris: 9,5 kg;&lt;\/span&gt;&lt;\/li&gt;<br \/>\n&lt;\/ul&gt;<br \/>\n&lt;p&gt;&lt;br \/&gt;&lt;a class=&quot;catalogue&quot; href=&quot;https:\/\/www.rubisolis.lt\/\/failai\/files\/TRT-BA-TRH25E-TRH26E-TC-003-LT.pdf&quot; target=&quot;blank&quot;&gt;Download product manual &lt;\/a&gt;&lt;\/p&gt;<\/p>","protected":false},"excerpt":{"rendered":"<p>&lt;p style=&quot;text-align: justify;&quot;&gt;Ie&amp;scaron;kote b\u016bdo kaip papildomai su&amp;scaron;ildyti patalpas? &lt;strong&gt;Elektrinis tepalinis radiatorius&lt;\/strong&gt; Trotec TRH 26 E gali tai padaryti! Kompakti&amp;scaron;ko dyd\u017eio<\/p>","protected":false},"featured_media":25431,"comment_status":"closed","ping_status":"open","template":"","meta":[],"product_brand":[],"product_cat":[23],"product_tag":[535],"class_list":{"0":"post-25429","1":"product","2":"type-product","3":"status-publish","4":"has-post-thumbnail","6":"product_cat-be-kategorijos","7":"product_tag-naujiena","9":"first","10":"onbackorder","11":"taxable","12":"shipping-taxable","13":"product-type-variable"},"_links":{"self":[{"href":"https:\/\/orotech.lt\/en\/wp-json\/wp\/v2\/product\/25429","targetHints":{"allow":["GET"]}}],"collection":[{"href":"https:\/\/orotech.lt\/en\/wp-json\/wp\/v2\/product"}],"about":[{"href":"https:\/\/orotech.lt\/en\/wp-json\/wp\/v2\/types\/product"}],"replies":[{"embeddable":true,"href":"https:\/\/orotech.lt\/en\/wp-json\/wp\/v2\/comments?post=25429"}],"version-history":[{"count":1,"href":"https:\/\/orotech.lt\/en\/wp-json\/wp\/v2\/product\/25429\/revisions"}],"predecessor-version":[{"id":25430,"href":"https:\/\/orotech.lt\/en\/wp-json\/wp\/v2\/product\/25429\/revisions\/25430"}],"wp:featuredmedia":[{"embeddable":true,"href":"https:\/\/orotech.lt\/en\/wp-json\/wp\/v2\/media\/25431"}],"wp:attachment":[{"href":"https:\/\/orotech.lt\/en\/wp-json\/wp\/v2\/media?parent=25429"}],"wp:term":[{"taxonomy":"product_brand","embeddable":true,"href":"https:\/\/orotech.lt\/en\/wp-json\/wp\/v2\/product_brand?post=25429"},{"taxonomy":"product_cat","embeddable":true,"href":"https:\/\/orotech.lt\/en\/wp-json\/wp\/v2\/product_cat?post=25429"},{"taxonomy":"product_tag","embeddable":true,"href":"https:\/\/orotech.lt\/en\/wp-json\/wp\/v2\/product_tag?post=25429"}],"curies":[{"name":"wp","href":"https:\/\/api.w.org\/{rel}","templated":true}]}}