{"id":25441,"date":"2025-09-09T06:45:03","date_gmt":"2025-09-09T06:45:03","guid":{"rendered":"https:\/\/orotech.lt\/elektrinis-tepalinis-radiatorius-su-ventiliatoriumi-trotec-trh-23-e\/"},"modified":"2025-09-10T06:05:59","modified_gmt":"2025-09-10T06:05:59","slug":"elektrinis-tepalinis-radiatorius-su-ventiliatoriumi-trotec-trh-23-e","status":"publish","type":"product","link":"https:\/\/orotech.lt\/en\/elektrinis-tepalinis-radiatorius-su-ventiliatoriumi-trotec-trh-23-e\/","title":{"rendered":"Elektrinis tepalinis radiatorius su ventiliatoriumi Trotec TRH 23 E"},"content":{"rendered":"<p>&lt;p style=&quot;text-align: justify;&quot;&gt;Ie&amp;scaron;kote b\u016bdo kaip papildomai su&amp;scaron;ildyti patalpas? &lt;strong&gt;Elektrinis tepalinis radiatorius&lt;\/strong&gt; Trotec TRH 23 E gali tai padaryti! Kompakti&amp;scaron;ko dyd\u017eio ir modernaus dizaino &lt;strong&gt;tepalinis radiatorius&lt;\/strong&gt; u\u017eima ma\u017eai vietos, tod\u0117l puikiai tiks patalpoms iki 30 m&amp;sup2; arba 75 m&amp;sup3;. D\u0117l viduje esan\u010dio ventiliatoriaus, &amp;scaron;iluma patalpoje pasklis greitai ir tolygiai. Taip pat, TRH 23 E turi 3 &amp;scaron;ildymo lygius ir mechanin\u012f termostat\u0105. &amp;Scaron;is &lt;strong&gt;elektrinis tepalinis radiatorius&lt;\/strong&gt; su&amp;scaron;ildys J\u016bs\u0173 laisvalaikio zonas, r\u016bsius, pob\u016bvi\u0173 sales, dirbtuves ir kitas gyvenamas patalpas.&lt;\/p&gt;<br \/>\n&lt;p&gt;&lt;span&gt;&lt;strong&gt;Greita ir efektyvi &amp;scaron;iluma&lt;\/strong&gt;&lt;\/span&gt;&lt;\/p&gt;<br \/>\n&lt;p&gt;&lt;span&gt;D\u0117l 3 reguliuojam\u0173 &amp;scaron;ildymo galingumo, reguliuojamu termostatu galite nustatyti norim\u0105 temperat\u016br\u0105: nuo 10 iki 35 &amp;deg;C. &lt;strong&gt;Tepaliniai radiatoriai&lt;\/strong&gt; veikia visi&amp;scaron;kai tyliai, be jokio kvapo ir nesukelia dulki\u0173. D\u0117l viduje esan\u010dio integruoto keramikinio ventiliatoriaus, &amp;scaron;ildomose patalpose dar grei\u010diau pasklinda &amp;scaron;iluma. Taipogi, &lt;strong&gt;elektrinis tepalinis radiatorius&lt;\/strong&gt; pasi\u017eymi dvigubo &amp;scaron;ildymo technologija, kuri\u0105 sudaro ilgalaik\u0117 skleid\u017eiama radiatoriaus &amp;scaron;iluma bei papildomai \u012fjungtas kar&amp;scaron;to oro ventiliatorius. &lt;\/span&gt;&lt;\/p&gt;<br \/>\n&lt;p&gt;&lt;span&gt;&lt;strong&gt;Ekonomi&amp;scaron;kas veikimas&lt;\/strong&gt;&lt;\/span&gt;&lt;\/p&gt;<br \/>\n&lt;p&gt;&lt;span&gt;M\u0117gaukit\u0117s malonia temperat\u016bra &amp;ndash; &amp;scaron;ildytuvas automati&amp;scaron;kai reguliuoja &amp;scaron;ildymo gali\u0105 ir energijos suvartojim\u0105! Kai tik termostatas pasiekia nustatyt\u0105 temperat\u016bros lyg\u012f, radiatorius automati&amp;scaron;kai i&amp;scaron;sijungia. Jei temperat\u016bra nukrenta \u017eemiau i&amp;scaron; anksto nustatytos, radiatorius automati&amp;scaron;kai v\u0117l \u012fsijungia ir \u012fkaista iki anks\u010diau nustatyto &amp;scaron;ildymo lygio.&lt;\/span&gt;&lt;\/p&gt;<br \/>\n&lt;p&gt;&lt;span&gt;&lt;strong&gt;Advantages:&lt;\/strong&gt;&lt;\/span&gt;&lt;\/p&gt;<br \/>\n&lt;ul&gt;<br \/>\n&lt;li&gt;&lt;span&gt;Trys &amp;scaron;ildymo lygiai;&lt;\/span&gt;&lt;\/li&gt;<br \/>\n&lt;li&gt;&lt;span&gt;Fan&lt;\/span&gt;&lt;\/li&gt;<br \/>\n&lt;li&gt;&lt;span&gt;&lt;span&gt;Valdomas termostatas, kuris \u012fjungia\/i&amp;scaron;jungia &amp;scaron;ildytuv\u0105, kad palaikyt\u0173 norim\u0105 temperat\u016br\u0105;&lt;\/span&gt;&lt;\/span&gt;&lt;\/li&gt;<br \/>\n&lt;li&gt;&lt;span&gt;Automatic temperature control;&lt;\/span&gt;&lt;\/li&gt;<br \/>\n&lt;li&gt;&lt;span&gt;&amp;Scaron;al\u010dio steb\u0117jimo funkcija;&lt;\/span&gt;&lt;\/li&gt;<br \/>\n&lt;li&gt;&lt;span&gt;Energy-saving operation;&lt;\/span&gt;&lt;\/li&gt;<br \/>\n&lt;li&gt;&lt;span&gt;Overheating protection;&lt;\/span&gt;&lt;\/li&gt;<br \/>\n&lt;li&gt;&lt;span&gt;Protection against device tipping over;&lt;\/span&gt;&lt;\/li&gt;<br \/>\n&lt;li&gt;&lt;span&gt;Additional handles and wheels allow for convenient transportation;&lt;\/span&gt;&lt;\/li&gt;<br \/>\n&lt;li&gt;&lt;span&gt;Quiet operation;&lt;\/span&gt;&lt;\/li&gt;<br \/>\n&lt;\/ul&gt;<br \/>\n&lt;p&gt;&lt;span&gt;Technical characteristics:&lt;\/span&gt;&lt;\/p&gt;<br \/>\n&lt;ul&gt;<br \/>\n&lt;li&gt;&lt;span&gt;Trys &amp;scaron;ildymo lygiai: 1000 W, 1500 W arba 2500 W;&lt;\/span&gt;&lt;\/li&gt;<br \/>\n&lt;li&gt;&lt;span&gt;Patalpoms iki 30 m&amp;sup2;\/75 m&amp;sup3;;&lt;\/span&gt;&lt;\/li&gt;<br \/>\n&lt;li&gt;&lt;span&gt;Termostatas: nuo 10 &amp;deg;C iki 35 &amp;deg;C&lt;\/span&gt;&lt;\/li&gt;<br \/>\n&lt;li&gt;&lt;span&gt;Maitinimas: &lt;span&gt;&lt;span&gt;220 &ndash; 240 V\/50 &ndash; 60 Hz;&lt;\/span&gt;&lt;\/span&gt;&lt;\/span&gt;&lt;\/li&gt;<br \/>\n&lt;li&gt;&lt;span&gt;Nominali srov\u0117: 12.6 A;&lt;\/span&gt;&lt;\/li&gt;<br \/>\n&lt;li&gt;&lt;span&gt;Protection class: IP20;&lt;\/span&gt;&lt;\/li&gt;<br \/>\n&lt;li&gt;&lt;span&gt;Connector: CEE 7\/7;&lt;\/span&gt;&lt;\/li&gt;<br \/>\n&lt;li&gt;&lt;span&gt;Laido ilgis: 1,4 m;&lt;\/span&gt;&lt;\/li&gt;<br \/>\n&lt;li&gt;&lt;span&gt;Dydis: 580 x 490 x 125 mm;&lt;\/span&gt;&lt;\/li&gt;<br \/>\n&lt;li&gt;&lt;span&gt;Svoris: 10 kg;&lt;\/span&gt;&lt;\/li&gt;<br \/>\n&lt;\/ul&gt;<br \/>\n&lt;p&gt;&lt;a class=&quot;catalogue&quot; href=&quot;\/en\/images\/Userfiles\/www.rubisolis.lt_elektrinis_tepalinis_radiatorius_su_ventiliatoriumi_trotec_TRT_TRH23E_LT.pdf\/&quot; target=&quot;blank&quot;&gt;Download product manual &lt;\/a&gt;&lt;\/p&gt;<\/p>","protected":false},"excerpt":{"rendered":"<p>&lt;p style=&quot;text-align: justify;&quot;&gt;Ie&amp;scaron;kote b\u016bdo kaip papildomai su&amp;scaron;ildyti patalpas? &lt;strong&gt;Elektrinis tepalinis radiatorius&lt;\/strong&gt; Trotec TRH 23 E gali tai padaryti! Kompakti&amp;scaron;ko dyd\u017eio<\/p>","protected":false},"featured_media":25443,"comment_status":"closed","ping_status":"open","template":"","meta":[],"product_brand":[],"product_cat":[23],"product_tag":[535],"class_list":{"0":"post-25441","1":"product","2":"type-product","3":"status-publish","4":"has-post-thumbnail","6":"product_cat-be-kategorijos","7":"product_tag-naujiena","9":"first","10":"onbackorder","11":"taxable","12":"shipping-taxable","13":"product-type-variable"},"_links":{"self":[{"href":"https:\/\/orotech.lt\/en\/wp-json\/wp\/v2\/product\/25441","targetHints":{"allow":["GET"]}}],"collection":[{"href":"https:\/\/orotech.lt\/en\/wp-json\/wp\/v2\/product"}],"about":[{"href":"https:\/\/orotech.lt\/en\/wp-json\/wp\/v2\/types\/product"}],"replies":[{"embeddable":true,"href":"https:\/\/orotech.lt\/en\/wp-json\/wp\/v2\/comments?post=25441"}],"version-history":[{"count":1,"href":"https:\/\/orotech.lt\/en\/wp-json\/wp\/v2\/product\/25441\/revisions"}],"predecessor-version":[{"id":25442,"href":"https:\/\/orotech.lt\/en\/wp-json\/wp\/v2\/product\/25441\/revisions\/25442"}],"wp:featuredmedia":[{"embeddable":true,"href":"https:\/\/orotech.lt\/en\/wp-json\/wp\/v2\/media\/25443"}],"wp:attachment":[{"href":"https:\/\/orotech.lt\/en\/wp-json\/wp\/v2\/media?parent=25441"}],"wp:term":[{"taxonomy":"product_brand","embeddable":true,"href":"https:\/\/orotech.lt\/en\/wp-json\/wp\/v2\/product_brand?post=25441"},{"taxonomy":"product_cat","embeddable":true,"href":"https:\/\/orotech.lt\/en\/wp-json\/wp\/v2\/product_cat?post=25441"},{"taxonomy":"product_tag","embeddable":true,"href":"https:\/\/orotech.lt\/en\/wp-json\/wp\/v2\/product_tag?post=25441"}],"curies":[{"name":"wp","href":"https:\/\/api.w.org\/{rel}","templated":true}]}}