{"id":25453,"date":"2025-09-09T06:45:03","date_gmt":"2025-09-09T06:45:03","guid":{"rendered":"https:\/\/orotech.lt\/konvekcinis-sildytuvas-trotec-tch-2011-e\/"},"modified":"2025-09-10T06:06:00","modified_gmt":"2025-09-10T06:06:00","slug":"konvekcinis-sildytuvas-trotec-tch-2011-e","status":"publish","type":"product","link":"https:\/\/orotech.lt\/en\/konvekcinis-sildytuvas-trotec-tch-2011-e\/","title":{"rendered":"Konvekcinis \u0161ildytuvas Trotec TCH 2011 E"},"content":{"rendered":"<p>&lt;p style=&quot;text-align: justify;&quot;&gt;Stilingas&lt;strong&gt; konvekcinis &amp;scaron;ildytuvas&lt;\/strong&gt; Trotec TCH 2011 E sukurs &amp;scaron;ilt\u0105 ir maloni\u0105 aplink\u0105 J\u016bs\u0173 namuose. &amp;Scaron;ildytuvo priekinis pavir&amp;scaron;ius pagamintas i&amp;scaron; apsauginio stiklo &amp;ndash; nejautrus \u012fbr\u0117\u017eimams ir labai lengvai valomas. &lt;strong&gt;Konvekcinis &amp;scaron;ildytuvas&lt;\/strong&gt; Trotec TCH 2011 E idealiai tinka patalpoms iki 24 m&amp;sup2;\/60 m&amp;sup3;: miegamajame, vonioje, svetain\u0117je, laisvalaikio zonoje ir net biure.&lt;\/p&gt;<br \/>\n&lt;p style=&quot;text-align: justify;&quot;&gt;&lt;span&gt;&lt;strong&gt;Termostatas u\u017etikrina auk&amp;scaron;t\u0105 komfort\u0105 ir ma\u017eas energijos s\u0105naudas&lt;\/strong&gt;&lt;\/span&gt;&lt;\/p&gt;<br \/>\n&lt;p style=&quot;text-align: justify;&quot;&gt;&lt;span&gt;Su nuotolinio valdymo pultu arba LCD lie\u010diamu ekranu galima patogiai ir lengvai pasirinkti viena i&amp;scaron; dviej\u0173 &amp;scaron;ildymo lygi\u0173: 1000 W arba 2000 W. Esama kambario temperat\u016bra visada rodoma LCD ekrane. Kad gal\u0117tum\u0117te optimaliai pritaikyti &amp;scaron;ildytuvo Trotec TCH 2011 E &amp;scaron;ildymo gali\u0105 pagal savo kambario temperat\u016br\u0105, jis turi i&amp;scaron;man\u0173j\u012f temperat\u016bros valdym\u0105 termostatu &amp;ndash; tiesiog \u012fveskite pageidaujam\u0105 kambario temperat\u016br\u0105 nuo 15 &amp;deg; C iki 35 &amp;deg; C. Trotec TCH 2011 E &lt;strong&gt;konvekcinis &amp;scaron;ildytuvas&lt;\/strong&gt; &amp;scaron;ildo patalp\u0105 iki tol, kol pasiekiama i&amp;scaron; anksto nustatyta temperat\u016bra, tuomet automati&amp;scaron;kai i&amp;scaron;sijungia. Kai tik reikia pa&amp;scaron;ildyti patalp\u0105, &amp;scaron;ildytuvas v\u0117l automati&amp;scaron;kai \u012fsijungia, kad kambario temperat\u016bra b\u016bt\u0173 pastovi. &amp;Scaron;is procesas yra ypa\u010d efektyvus ir taupantis energij\u0105, nes &amp;scaron;ildytuvas &amp;scaron;ildo tik tiek, kiek reikia, kad b\u016bt\u0173 u\u017etikrinta maloni &amp;scaron;iluma.&lt;\/span&gt;&lt;\/p&gt;<br \/>\n&lt;p style=&quot;text-align: justify;&quot;&gt;&lt;span&gt;&lt;strong&gt;&amp;Scaron;iluma tada, kada jos reikia&lt;\/strong&gt;&lt;\/span&gt;&lt;\/p&gt;<br \/>\n&lt;p style=&quot;text-align: justify;&quot;&gt;&lt;span&gt;Esan\u010dio laikma\u010dio d\u0117ka, galite nustatyti nuo 1 iki 24 valand\u0173 &amp;scaron;ildymo grafik\u0105. &amp;Scaron;i funkcija yra ypa\u010d patogi, kadangi kiekvien\u0105 kart\u0105 norint &amp;scaron;ildyti patalpas, nereik\u0117s fizi&amp;scaron;kai to daryti &amp;ndash; &lt;strong&gt;konkvekcinis &amp;scaron;ildytuvas&lt;\/strong&gt; Trotec TCH 2011 E tai padarys u\u017e Jus. IP24 apsaugos klas\u0117 garantuoja &amp;scaron;io &amp;scaron;ildytuvo apsaug\u0105 nuo perkaitimo. Taip pat, &amp;scaron;ildytuvas savyje turi &amp;scaron;al\u010dio steb\u0117jimo funkcij\u0105, kuri neleid\u017eia patalpoms atv\u0117sti J\u016bs\u0173 atostog\u0173 metu ar tada, kai J\u016bs\u0173 n\u0117ra namuose. Visus &amp;scaron;iuos nustatymus galima atlikti arba valdymo skydelyje arba naudojant infraraudon\u0173j\u0173 spinduli\u0173 nuotolinio valdymo pult\u0105.&lt;\/span&gt;&lt;\/p&gt;<br \/>\n&lt;p&gt;&lt;span&gt;&lt;strong&gt;Advantages:&lt;\/strong&gt;&lt;\/span&gt;&lt;\/p&gt;<br \/>\n&lt;ul&gt;<br \/>\n&lt;li&gt;&lt;span&gt;Du &amp;scaron;ildymo lygiai;&lt;\/span&gt;&lt;\/li&gt;<br \/>\n&lt;li&gt;&lt;span&gt;LCD screen;&lt;\/span&gt;&lt;\/li&gt;<br \/>\n&lt;li&gt;&lt;span&gt;&lt;span&gt;IR remote control;&lt;\/span&gt;&lt;\/span&gt;&lt;\/li&gt;<br \/>\n&lt;li&gt;&lt;span&gt;&lt;span&gt;Integruotas valdomas termostatas, kuris \u012fjungia\/i&amp;scaron;jungia &amp;scaron;ildytuv\u0105, kad palaikyt\u0173 norim\u0105 temperat\u016br\u0105;&lt;\/span&gt;&lt;\/span&gt;&lt;\/li&gt;<br \/>\n&lt;li&gt;&lt;span&gt;Automatic temperature control;&lt;\/span&gt;&lt;\/li&gt;<br \/>\n&lt;li&gt;&lt;span&gt;&amp;Scaron;al\u010dio steb\u0117jimo funkcija;&lt;\/span&gt;&lt;\/li&gt;<br \/>\n&lt;li&gt;&lt;span&gt;Timer;&lt;\/span&gt;&lt;\/li&gt;<br \/>\n&lt;li&gt;&lt;span&gt;Energy-saving operation;&lt;\/span&gt;&lt;\/li&gt;<br \/>\n&lt;li&gt;&lt;span&gt;Tylus ir bekvapis veikimas;&lt;\/span&gt;&lt;\/li&gt;<br \/>\n&lt;li&gt;&lt;span&gt;Apsauga nuo perkaitimo ir u\u017e&amp;scaron;alimo;&lt;\/span&gt;&lt;\/li&gt;<br \/>\n&lt;li&gt;&lt;span&gt;Apsauga nuo \u012frenginio ried\u0117jimo (ratuk\u0173 stabd\u017eiai);&lt;\/span&gt;&lt;\/li&gt;<br \/>\n&lt;li&gt;&lt;span&gt;Ratukai leid\u017eia patogiai transportuoti;&lt;\/span&gt;&lt;\/li&gt;<br \/>\n&lt;\/ul&gt;<br \/>\n&lt;p&gt;&lt;span&gt;Technical characteristics:&lt;\/span&gt;&lt;\/p&gt;<br \/>\n&lt;ul&gt;<br \/>\n&lt;li&gt;&lt;span&gt;Du &amp;scaron;ildymo lygiai: 1000 W arba 2000 W;&lt;\/span&gt;&lt;\/li&gt;<br \/>\n&lt;li&gt;&lt;span&gt;Patalpoms iki 24 m&amp;sup2;\/60 m&amp;sup3;;&lt;\/span&gt;&lt;\/li&gt;<br \/>\n&lt;li&gt;&lt;span&gt;Termostatas: nuo 15 &amp;deg; C iki 35 &amp;deg; C&lt;\/span&gt;&lt;\/li&gt;<br \/>\n&lt;li&gt;&lt;span&gt;Maitinimas: 220 &ndash; 240 V \/ 50 &ndash; 60 Hz;&lt;\/span&gt;&lt;\/li&gt;<br \/>\n&lt;li&gt;&lt;span&gt;Rated current: 8.7 A;&lt;\/span&gt;&lt;\/li&gt;<br \/>\n&lt;li&gt;&lt;span&gt;Apsaugos klas\u0117: IP24;&lt;\/span&gt;&lt;\/li&gt;<br \/>\n&lt;li&gt;&lt;span&gt;Connector: CEE 7\/7;&lt;\/span&gt;&lt;\/li&gt;<br \/>\n&lt;li&gt;&lt;span&gt;Cable length: 1.5 m;&lt;\/span&gt;&lt;\/li&gt;<br \/>\n&lt;li&gt;&lt;span&gt;Dydis: 260 x 840 x 470 mm;&lt;\/span&gt;&lt;\/li&gt;<br \/>\n&lt;li&gt;&lt;span&gt;Svoris: 8 kg;&lt;\/span&gt;&lt;\/li&gt;<br \/>\n&lt;\/ul&gt;<br \/>\n&lt;p&gt;&lt;br \/&gt;&lt;a class=&quot;catalogue&quot; href=&quot;\/en\/images\/Userfiles\/www.rubisolis.lt_Konvekcinis_sildytuvas_Trotec_TCH_2011_E2.pdf\/&quot; target=&quot;blank&quot;&gt;Download product manual &lt;\/a&gt;&lt;\/p&gt;<\/p>","protected":false},"excerpt":{"rendered":"<p>&lt;p style=&quot;text-align: justify;&quot;&gt;Stilingas&lt;strong&gt; konvekcinis &amp;scaron;ildytuvas&lt;\/strong&gt; Trotec TCH 2011 E sukurs &amp;scaron;ilt\u0105 ir maloni\u0105 aplink\u0105 J\u016bs\u0173 namuose. &amp;Scaron;ildytuvo priekinis pavir&amp;scaron;ius pagamintas<\/p>","protected":false},"featured_media":25455,"comment_status":"closed","ping_status":"open","template":"","meta":[],"product_brand":[],"product_cat":[23],"product_tag":[535],"class_list":{"0":"post-25453","1":"product","2":"type-product","3":"status-publish","4":"has-post-thumbnail","6":"product_cat-be-kategorijos","7":"product_tag-naujiena","9":"first","10":"onbackorder","11":"taxable","12":"shipping-taxable","13":"product-type-variable"},"_links":{"self":[{"href":"https:\/\/orotech.lt\/en\/wp-json\/wp\/v2\/product\/25453","targetHints":{"allow":["GET"]}}],"collection":[{"href":"https:\/\/orotech.lt\/en\/wp-json\/wp\/v2\/product"}],"about":[{"href":"https:\/\/orotech.lt\/en\/wp-json\/wp\/v2\/types\/product"}],"replies":[{"embeddable":true,"href":"https:\/\/orotech.lt\/en\/wp-json\/wp\/v2\/comments?post=25453"}],"version-history":[{"count":1,"href":"https:\/\/orotech.lt\/en\/wp-json\/wp\/v2\/product\/25453\/revisions"}],"predecessor-version":[{"id":25454,"href":"https:\/\/orotech.lt\/en\/wp-json\/wp\/v2\/product\/25453\/revisions\/25454"}],"wp:featuredmedia":[{"embeddable":true,"href":"https:\/\/orotech.lt\/en\/wp-json\/wp\/v2\/media\/25455"}],"wp:attachment":[{"href":"https:\/\/orotech.lt\/en\/wp-json\/wp\/v2\/media?parent=25453"}],"wp:term":[{"taxonomy":"product_brand","embeddable":true,"href":"https:\/\/orotech.lt\/en\/wp-json\/wp\/v2\/product_brand?post=25453"},{"taxonomy":"product_cat","embeddable":true,"href":"https:\/\/orotech.lt\/en\/wp-json\/wp\/v2\/product_cat?post=25453"},{"taxonomy":"product_tag","embeddable":true,"href":"https:\/\/orotech.lt\/en\/wp-json\/wp\/v2\/product_tag?post=25453"}],"curies":[{"name":"wp","href":"https:\/\/api.w.org\/{rel}","templated":true}]}}