{"id":25465,"date":"2025-09-09T06:45:03","date_gmt":"2025-09-09T06:45:03","guid":{"rendered":"https:\/\/orotech.lt\/elektrinis-tepalinis-radiatorius-trotec-trh-20-e\/"},"modified":"2025-09-10T06:06:01","modified_gmt":"2025-09-10T06:06:01","slug":"elektrinis-tepalinis-radiatorius-trotec-trh-20-e","status":"publish","type":"product","link":"https:\/\/orotech.lt\/en\/elektrinis-tepalinis-radiatorius-trotec-trh-20-e\/","title":{"rendered":"Elektrinis tepalinis radiatorius Trotec TRH 20 E"},"content":{"rendered":"<p>&lt;p&gt;&amp;nbsp;&lt;\/p&gt;<br \/>\n&lt;p style=&quot;text-align: center;&quot;&gt;&lt;iframe src=&quot;https:\/\/www.youtube.com\/embed\/9MWQ2G727kU&quot; frameborder=&quot;0&quot; width=&quot;560&quot; height=&quot;315&quot;&gt;&lt;\/iframe&gt;&lt;\/p&gt;<br \/>\n&lt;p style=&quot;text-align: justify;&quot;&gt;&lt;strong&gt;TRH 20 E privalumai:&lt;\/strong&gt;&lt;\/p&gt;<br \/>\n&lt;ul&gt;<br \/>\n&lt;li style=&quot;text-align: justify;&quot;&gt;3 &amp;scaron;ildymo nustatymai;&lt;\/li&gt;<br \/>\n&lt;li style=&quot;text-align: justify;&quot;&gt;Efektyvus 9 segment\u0173 radiatorius;&lt;\/li&gt;<br \/>\n&lt;li style=&quot;text-align: justify;&quot;&gt;\u012ekaista tik per 10 minu\u010di\u0173;&lt;\/li&gt;<br \/>\n&lt;li style=&quot;text-align: justify;&quot;&gt;&amp;Scaron;ilumos kaupimas tepalo kaitinimu;&amp;nbsp;&lt;\/li&gt;<br \/>\n&lt;li style=&quot;text-align: justify;&quot;&gt;Apsauga nuo perkaitinimo, u\u017e&amp;scaron;alimo&amp;nbsp;ir nuvirtimo;&lt;\/li&gt;<br \/>\n&lt;li style=&quot;text-align: justify;&quot;&gt;Tylus veikimas;&lt;\/li&gt;<br \/>\n&lt;li style=&quot;text-align: justify;&quot;&gt;Indikacin\u0117 lemput\u0117;&lt;\/li&gt;<br \/>\n&lt;li style=&quot;text-align: justify;&quot;&gt;Patogus laido susukimas;&lt;\/li&gt;<br \/>\n&lt;li style=&quot;text-align: justify;&quot;&gt;Integruotas valdomas termostatas,&amp;nbsp;ratukai ir ne&amp;scaron;iojama rankena.&lt;\/li&gt;<br \/>\n&lt;\/ul&gt;<br \/>\n&lt;p style=&quot;text-align: justify;&quot;&gt;&lt;strong&gt;Technical information:&lt;\/strong&gt;&lt;\/p&gt;<br \/>\n&lt;ul&gt;<br \/>\n&lt;li style=&quot;text-align: justify;&quot;&gt;Tinkamas patalpomis iki 25 m&amp;sup2; dyd\u017eio;&lt;\/li&gt;<br \/>\n&lt;li style=&quot;text-align: justify;&quot;&gt;&amp;Scaron;ildymo galia (lygiai&amp;nbsp;1\/2\/3): 800 W \/ 1,200 W \/ 2,000 W;&lt;\/li&gt;<br \/>\n&lt;li style=&quot;text-align: justify;&quot;&gt;Maitinimas: 220 &#8211; 240 V, 50 &#8211; 60 Hz;&lt;\/li&gt;<br \/>\n&lt;li style=&quot;text-align: justify;&quot;&gt;Jungtis: CEE 7\/7;&lt;\/li&gt;<br \/>\n&lt;li style=&quot;text-align: justify;&quot;&gt;Kabelio ilgis: 1.4 m;&lt;\/li&gt;<br \/>\n&lt;li style=&quot;text-align: justify;&quot;&gt;Energijos sunaudojimas max. (W): 2,000;&lt;\/li&gt;<br \/>\n&lt;li style=&quot;text-align: justify;&quot;&gt;Nominali galia (A): 8.7;&lt;\/li&gt;<br \/>\n&lt;li style=&quot;text-align: justify;&quot;&gt;Apsaugos klas\u0117: IP20;&lt;\/li&gt;<br \/>\n&lt;li style=&quot;text-align: justify;&quot;&gt;I&amp;scaron;matavimai mm (I x P x A): 120 x 390 x 500 mm;&lt;\/li&gt;<br \/>\n&lt;li style=&quot;text-align: justify;&quot;&gt;Svoris: 7 kg.&lt;\/li&gt;<br \/>\n&lt;\/ul&gt;<br \/>\n&lt;p style=&quot;text-align: justify;&quot;&gt;&lt;a class=&quot;catalogue&quot; href=&quot;https:\/\/www.rubisolis.lt\/failai\/files\/produktu%20pdf\/Trotec\/%C5%A0ildytuvai\/Elektrinio%20tepalinio%20radiatoriaus%20TRH%2020%20E_%20TRH%2022%20E%20naudojimo%20instrukcija.pdf&quot; target=&quot;blank&quot;&gt;Download product manual &lt;\/a&gt;&lt;\/p&gt;<\/p>","protected":false},"excerpt":{"rendered":"<p>&lt;p&gt;&amp;nbsp;&lt;\/p&gt; &lt;p style=&quot;text-align: center;&quot;&gt;&lt;iframe src=&quot;https:\/\/www.youtube.com\/embed\/9MWQ2G727kU&quot; frameborder=&quot;0&quot; width=&quot;560&quot; height=&quot;315&quot;&gt;&lt;\/iframe&gt;&lt;\/p&gt; &lt;p style=&quot;text-align: justify;&quot;&gt;&lt;strong&gt;TRH 20 E privalumai:&lt;\/strong&gt;&lt;\/p&gt; &lt;ul&gt; &lt;li style=&quot;text-align: justify;&quot;&gt;3 &amp;scaron;ildymo nustatymai;&lt;\/li&gt;<\/p>","protected":false},"featured_media":25467,"comment_status":"closed","ping_status":"open","template":"","meta":[],"product_brand":[],"product_cat":[23],"product_tag":[535],"class_list":{"0":"post-25465","1":"product","2":"type-product","3":"status-publish","4":"has-post-thumbnail","6":"product_cat-be-kategorijos","7":"product_tag-naujiena","9":"first","10":"onbackorder","11":"taxable","12":"shipping-taxable","13":"product-type-variable"},"_links":{"self":[{"href":"https:\/\/orotech.lt\/en\/wp-json\/wp\/v2\/product\/25465","targetHints":{"allow":["GET"]}}],"collection":[{"href":"https:\/\/orotech.lt\/en\/wp-json\/wp\/v2\/product"}],"about":[{"href":"https:\/\/orotech.lt\/en\/wp-json\/wp\/v2\/types\/product"}],"replies":[{"embeddable":true,"href":"https:\/\/orotech.lt\/en\/wp-json\/wp\/v2\/comments?post=25465"}],"version-history":[{"count":1,"href":"https:\/\/orotech.lt\/en\/wp-json\/wp\/v2\/product\/25465\/revisions"}],"predecessor-version":[{"id":25466,"href":"https:\/\/orotech.lt\/en\/wp-json\/wp\/v2\/product\/25465\/revisions\/25466"}],"wp:featuredmedia":[{"embeddable":true,"href":"https:\/\/orotech.lt\/en\/wp-json\/wp\/v2\/media\/25467"}],"wp:attachment":[{"href":"https:\/\/orotech.lt\/en\/wp-json\/wp\/v2\/media?parent=25465"}],"wp:term":[{"taxonomy":"product_brand","embeddable":true,"href":"https:\/\/orotech.lt\/en\/wp-json\/wp\/v2\/product_brand?post=25465"},{"taxonomy":"product_cat","embeddable":true,"href":"https:\/\/orotech.lt\/en\/wp-json\/wp\/v2\/product_cat?post=25465"},{"taxonomy":"product_tag","embeddable":true,"href":"https:\/\/orotech.lt\/en\/wp-json\/wp\/v2\/product_tag?post=25465"}],"curies":[{"name":"wp","href":"https:\/\/api.w.org\/{rel}","templated":true}]}}