{"id":25474,"date":"2025-09-09T06:45:03","date_gmt":"2025-09-09T06:45:03","guid":{"rendered":"https:\/\/orotech.lt\/konvekcinis-sildytuvas-trotec-tch-20-e\/"},"modified":"2025-09-10T06:06:02","modified_gmt":"2025-09-10T06:06:02","slug":"konvekcinis-sildytuvas-trotec-tch-20-e","status":"publish","type":"product","link":"https:\/\/orotech.lt\/en\/konvekcinis-sildytuvas-trotec-tch-20-e\/","title":{"rendered":"Konvekcinis \u0161ildytuvas Trotec TCH 20 E"},"content":{"rendered":"<p><strong>TCH 20 E privalumai:<\/strong><\/p>\n<ul>\n<li>\n\t\tIntegrated controlled thermostat that turns the heater on\/off to maintain the desired temperature;<\/li>\n<li>\n\t\tDu jungikliai su 3 galimais \u0161ildymo lygiais;<\/li>\n<li>\n\t\tProtection against overheating and freezing;<\/li>\n<li>\n\t\tEnergij\u0105 taupanti automatin\u0117 i\u0161jungimo funkcija kai pasiekiama norima temperat\u016bra;<\/li>\n<li>\n\t\tQuiet operation;<\/li>\n<li>\n\t\tGali b\u016bti montuojamas ant grind\u0173 ir ant sienos (paruo\u0161tas sieniniam montavimui);<\/li>\n<li>\n\t\tDidel\u0117s reguliuojamos \u0161ildytuvo kojel\u0117s u\u017etikrina ger\u0105 atram\u0105;<\/li>\n<li>\n\t\tDidelis tinklelis, skirtas maksimaliai konvekcijai;<\/li>\n<li>\n\t\tPatogios&nbsp;rankenos greitam vietos pakeitimui.<\/li>\n<\/ul>\n<p><strong>Technical information:<\/strong><\/p>\n<ul>\n<li>\n\t\tTinkamas patalpoms iki 24 m&sup2; dyd\u017eio;<\/li>\n<li>\n\t\t\u0160ildymo galia (Lygiai 1 \/ 2 \/ 3): 750 W \/ 1.250 W \/ 2.000 W;<\/li>\n<li>\n\t\tMaitinimas : 230 V \/ 50 Hz;<\/li>\n<li>\n\t\tLaidas: CEE 7\/7;<\/li>\n<li>\n\t\tCable length: 1.5 m;<\/li>\n<li>\n\t\tI\u0161matavimai be kojeli\u0173 (I x P x A): 110 x 533 x 355 mm;<\/li>\n<li>\n\t\tI\u0161matavimai su kojel\u0117mis (I x P x A): 200 x 533 x 390 mm;<\/li>\n<li>\n\t\tSvoris: 2&nbsp;kg.<\/li>\n<\/ul>\n<p><a class=\"catalogue\" href=\"https:\/\/www.rubisolis.lt\/\/failai\/files\/produktu%20pdf\/TCH20E_instruction_EN.pdf\" target=\"blank\" rel=\"nofollow noopener\">Download product manual<\/a><\/p>","protected":false},"excerpt":{"rendered":"<p>TCH 20 E privalumai: Integruotas valdomas termostatas, kuris \u012fjungia\/i\u0161jungia \u0161ildytuv\u0105, kad palaikyt\u0173 norim\u0105 temperat\u016br\u0105; Du jungikliai su 3 galimais \u0161ildymo<\/p>","protected":false},"featured_media":25476,"comment_status":"closed","ping_status":"open","template":"","meta":[],"product_brand":[],"product_cat":[23],"product_tag":[535],"class_list":{"0":"post-25474","1":"product","2":"type-product","3":"status-publish","4":"has-post-thumbnail","6":"product_cat-be-kategorijos","7":"product_tag-naujiena","9":"first","10":"onbackorder","11":"taxable","12":"shipping-taxable","13":"product-type-variable"},"_links":{"self":[{"href":"https:\/\/orotech.lt\/en\/wp-json\/wp\/v2\/product\/25474","targetHints":{"allow":["GET"]}}],"collection":[{"href":"https:\/\/orotech.lt\/en\/wp-json\/wp\/v2\/product"}],"about":[{"href":"https:\/\/orotech.lt\/en\/wp-json\/wp\/v2\/types\/product"}],"replies":[{"embeddable":true,"href":"https:\/\/orotech.lt\/en\/wp-json\/wp\/v2\/comments?post=25474"}],"version-history":[{"count":1,"href":"https:\/\/orotech.lt\/en\/wp-json\/wp\/v2\/product\/25474\/revisions"}],"predecessor-version":[{"id":25475,"href":"https:\/\/orotech.lt\/en\/wp-json\/wp\/v2\/product\/25474\/revisions\/25475"}],"wp:featuredmedia":[{"embeddable":true,"href":"https:\/\/orotech.lt\/en\/wp-json\/wp\/v2\/media\/25476"}],"wp:attachment":[{"href":"https:\/\/orotech.lt\/en\/wp-json\/wp\/v2\/media?parent=25474"}],"wp:term":[{"taxonomy":"product_brand","embeddable":true,"href":"https:\/\/orotech.lt\/en\/wp-json\/wp\/v2\/product_brand?post=25474"},{"taxonomy":"product_cat","embeddable":true,"href":"https:\/\/orotech.lt\/en\/wp-json\/wp\/v2\/product_cat?post=25474"},{"taxonomy":"product_tag","embeddable":true,"href":"https:\/\/orotech.lt\/en\/wp-json\/wp\/v2\/product_tag?post=25474"}],"curies":[{"name":"wp","href":"https:\/\/api.w.org\/{rel}","templated":true}]}}