{"id":25494,"date":"2025-09-09T06:45:03","date_gmt":"2025-09-09T06:45:03","guid":{"rendered":"https:\/\/orotech.lt\/elektrinis-tepalinis-radiatorius-su-ventiliatoriumi-trotec-trh-22-e\/"},"modified":"2025-09-10T06:06:04","modified_gmt":"2025-09-10T06:06:04","slug":"elektrinis-tepalinis-radiatorius-su-ventiliatoriumi-trotec-trh-22-e","status":"publish","type":"product","link":"https:\/\/orotech.lt\/en\/elektrinis-tepalinis-radiatorius-su-ventiliatoriumi-trotec-trh-22-e\/","title":{"rendered":"Elektrinis tepalinis radiatorius su ventiliatoriumi Trotec TRH 22 E"},"content":{"rendered":"<p>&lt;p style=&quot;text-align: justify;&quot;&gt;Elektriniai tepaliniai radiatoriai TRH 22 E yra skirti skleisti &amp;scaron;ilum\u0105 vidaus erdv\u0117se. Prietaisuose integruoti trys &amp;scaron;ildymo lygiai iki 2000 W bei termostatas. &amp;Scaron;iluma prietaise, kuri\u0105 elektros pagalba sugeneruoja kaitinimo elementai, yra perduodama ir kaupiama &amp;scaron;iluminiame tepale. &amp;Scaron;iluminis tepalas leid\u017eia greitai prikaitinti radiatori\u0173 ir ilgai i&amp;scaron;laikyti &amp;scaron;ilum\u0105, tod\u0117l &amp;scaron;iluminio tepalo naudojimas &amp;scaron;iame prietaise u\u017etikrina nuolatin\u0119 &amp;scaron;ilumos sklaid\u0105. Devyni radiatoriaus segmentai padidina kaitinam\u0105j\u012f pavir&amp;scaron;i\u0173 ir gerina prietaiso efektyvum\u0105.&lt;\/p&gt;<br \/>\n&lt;p style=&quot;text-align: justify;&quot;&gt;TRH 22 E prietaise taip pat \u012fmontuota turbo orap\u016bt\u0117s funkcija su papildomu PTC &amp;scaron;ildymo elementu. Tai u\u017etikrina greit\u0105 ir efektyv\u0173 pradin\u012f patalpos oro su&amp;scaron;ildym\u0105.&lt;\/p&gt;<br \/>\n&lt;p style=&quot;text-align: justify;&quot;&gt;D\u0117ka integruotos apsaugos nuo perkaitinimo ir nuvirtimo, &amp;scaron;\u012f prietais\u0105 saugu naudoti net netoliese \u017eaid\u017eiantiems vaikams ar augintiniams &ndash; &amp;scaron;ildymo metu pasvirus prietaisui, jis automati&amp;scaron;kai i&amp;scaron;sijungs.&lt;\/p&gt;<br \/>\n&lt;p style=&quot;text-align: justify;&quot;&gt;&lt;strong&gt;TRH 22 E privalumai:&lt;\/strong&gt;&lt;\/p&gt;<br \/>\n&lt;ul&gt;<br \/>\n&lt;li&gt;3 &amp;scaron;ildymo nustatymai;&lt;\/li&gt;<br \/>\n&lt;li&gt;Efektyvus 9 segment\u0173 radiatorius;&lt;\/li&gt;<br \/>\n&lt;li&gt;\u012ekaista tik per 10 minu\u010di\u0173;&lt;\/li&gt;<br \/>\n&lt;li&gt;&amp;Scaron;ilumos kaupimas tepalo kaitinimu;&lt;\/li&gt;<br \/>\n&lt;li&gt;Turbo orp\u016bt\u0117 su papildomu PTC &amp;scaron;ildymo elementu;&lt;\/li&gt;<br \/>\n&lt;li&gt;Apsauga nuo perkaitinimo, u\u017e&amp;scaron;alimo ir nuvirtimo;&lt;\/li&gt;<br \/>\n&lt;li&gt;Tylus veikimas;&lt;\/li&gt;<br \/>\n&lt;li&gt;Indikacin\u0117 lemput\u0117;&lt;\/li&gt;<br \/>\n&lt;li&gt;Patogus laido susukimas;&lt;\/li&gt;<br \/>\n&lt;li&gt;Integruotas valdomas termostatas, ratukai ir ne&amp;scaron;iojama rankena.&lt;\/li&gt;<br \/>\n&lt;\/ul&gt;<br \/>\n&lt;p style=&quot;text-align: justify;&quot;&gt;Technical information:&lt;\/p&gt;<br \/>\n&lt;ul&gt;<br \/>\n&lt;li&gt;Tinkamas patalpomis iki 25 m&amp;sup2;\/60 m&amp;sup3; &amp;nbsp;dyd\u017eio;&lt;\/li&gt;<br \/>\n&lt;li&gt;&amp;Scaron;ildymo galia (lygiai 1\/2\/3): 800 W \/ 1,200 W \/ 2,000 W;&lt;\/li&gt;<br \/>\n&lt;li&gt;Maitinimas: 220 &#8211; 240 V, 50 &#8211; 60 Hz;&lt;\/li&gt;<br \/>\n&lt;li&gt;Jungtis: CEE 7\/7;&lt;\/li&gt;<br \/>\n&lt;li&gt;Kabelio ilgis: 1.4 m;&lt;\/li&gt;<br \/>\n&lt;li&gt;Energijos sunaudojimas max. (W): 2,400;&lt;\/li&gt;<br \/>\n&lt;li&gt;Nominali galia (A): 10,4;&lt;\/li&gt;<br \/>\n&lt;li&gt;Apsaugos klas\u0117: IP20;&lt;\/li&gt;<br \/>\n&lt;li&gt;I&amp;scaron;matavimai mm (I x P x A): 420 x 240 x 650 mm;&lt;\/li&gt;<br \/>\n&lt;li&gt;Svoris: 9 kg.&amp;nbsp;&lt;\/li&gt;<br \/>\n&lt;\/ul&gt;<br \/>\n&lt;p style=&quot;text-align: justify;&quot;&gt;&lt;a class=&quot;catalogue&quot; href=&quot;\/en\/images\/Userfiles\/www.rubisolis.lt_elektrinis_tepalinis_radiatorius_Trotec_TRH_22_E_instrukcija.pdf\/&quot; target=&quot;blank&quot;&gt;Download product manual&lt;\/a&gt;&lt;\/p&gt;<\/p>","protected":false},"excerpt":{"rendered":"<p>&lt;p style=&quot;text-align: justify;&quot;&gt;Elektriniai tepaliniai radiatoriai TRH 22 E yra skirti skleisti &amp;scaron;ilum\u0105 vidaus erdv\u0117se. Prietaisuose integruoti trys &amp;scaron;ildymo lygiai iki<\/p>","protected":false},"featured_media":25496,"comment_status":"closed","ping_status":"open","template":"","meta":[],"product_brand":[],"product_cat":[23],"product_tag":[535],"class_list":{"0":"post-25494","1":"product","2":"type-product","3":"status-publish","4":"has-post-thumbnail","6":"product_cat-be-kategorijos","7":"product_tag-naujiena","9":"first","10":"onbackorder","11":"taxable","12":"shipping-taxable","13":"product-type-variable"},"_links":{"self":[{"href":"https:\/\/orotech.lt\/en\/wp-json\/wp\/v2\/product\/25494","targetHints":{"allow":["GET"]}}],"collection":[{"href":"https:\/\/orotech.lt\/en\/wp-json\/wp\/v2\/product"}],"about":[{"href":"https:\/\/orotech.lt\/en\/wp-json\/wp\/v2\/types\/product"}],"replies":[{"embeddable":true,"href":"https:\/\/orotech.lt\/en\/wp-json\/wp\/v2\/comments?post=25494"}],"version-history":[{"count":1,"href":"https:\/\/orotech.lt\/en\/wp-json\/wp\/v2\/product\/25494\/revisions"}],"predecessor-version":[{"id":25495,"href":"https:\/\/orotech.lt\/en\/wp-json\/wp\/v2\/product\/25494\/revisions\/25495"}],"wp:featuredmedia":[{"embeddable":true,"href":"https:\/\/orotech.lt\/en\/wp-json\/wp\/v2\/media\/25496"}],"wp:attachment":[{"href":"https:\/\/orotech.lt\/en\/wp-json\/wp\/v2\/media?parent=25494"}],"wp:term":[{"taxonomy":"product_brand","embeddable":true,"href":"https:\/\/orotech.lt\/en\/wp-json\/wp\/v2\/product_brand?post=25494"},{"taxonomy":"product_cat","embeddable":true,"href":"https:\/\/orotech.lt\/en\/wp-json\/wp\/v2\/product_cat?post=25494"},{"taxonomy":"product_tag","embeddable":true,"href":"https:\/\/orotech.lt\/en\/wp-json\/wp\/v2\/product_tag?post=25494"}],"curies":[{"name":"wp","href":"https:\/\/api.w.org\/{rel}","templated":true}]}}