{"id":25506,"date":"2025-09-09T06:45:03","date_gmt":"2025-09-09T06:45:03","guid":{"rendered":"https:\/\/orotech.lt\/konvekcinis-sildytuvas-trotec-tch-2010-e\/"},"modified":"2025-09-10T06:06:04","modified_gmt":"2025-09-10T06:06:04","slug":"konvekcinis-sildytuvas-trotec-tch-2010-e","status":"publish","type":"product","link":"https:\/\/orotech.lt\/en\/konvekcinis-sildytuvas-trotec-tch-2010-e\/","title":{"rendered":"Konvekcinis \u0161ildytuvas Trotec TCH 2010 E"},"content":{"rendered":"<p style=\"text-align: justify;\">Stilingas<strong> convection heater<\/strong> Trotec TCH 2010 E sukurs \u0161ilt\u0105 ir maloni\u0105 aplink\u0105 J\u016bs\u0173 namuose. \u0160ildytuvo priekinis pavir\u0161ius pagamintas i\u0161 apsauginio stiklo &ndash; nejautrus \u012fbr\u0117\u017eimams ir labai lengvai valomas. <strong>Convection heater<\/strong> Trotec TCH 2010 E idealiai tinka patalpoms iki 24 m&sup2;\/60 m&sup3;: miegamajame, vonioje, svetain\u0117je, laisvalaikio zonoje ir net biure.<\/p>\n<p style=\"text-align: justify;\"><span><strong>Termostatas u\u017etikrina auk\u0161t\u0105 komfort\u0105 ir ma\u017eas energijos s\u0105naudas<\/strong><\/span><\/p>\n<p style=\"text-align: justify;\"><span>Su nuotolinio valdymo pultu arba LCD lie\u010diamu ekranu galima patogiai ir lengvai pasirinkti viena i\u0161 dviej\u0173 \u0161ildymo lygi\u0173: 1000 W arba 2000 W. Esama kambario temperat\u016bra visada rodoma LCD ekrane. Kad gal\u0117tum\u0117te optimaliai pritaikyti \u0161ildytuvo Trotec TCH 2010 E \u0161ildymo gali\u0105 pagal savo kambario temperat\u016br\u0105, jis turi i\u0161man\u0173j\u012f temperat\u016bros valdym\u0105 termostatu &ndash; tiesiog \u012fveskite pageidaujam\u0105 kambario temperat\u016br\u0105 nuo 15 &deg; C iki 35 &deg; C. Trotec TCH 2010 E <strong>convection heater<\/strong> \u0161ildo patalp\u0105 iki tol, kol pasiekiama i\u0161 anksto nustatyta temperat\u016bra, tuomet automati\u0161kai i\u0161sijungia. Kai tik reikia pa\u0161ildyti patalp\u0105, \u0161ildytuvas v\u0117l automati\u0161kai \u012fsijungia, kad kambario temperat\u016bra b\u016bt\u0173 pastovi. \u0160is procesas yra ypa\u010d efektyvus ir taupantis energij\u0105, nes \u0161ildytuvas \u0161ildo tik tiek, kiek reikia, kad b\u016bt\u0173 u\u017etikrinta maloni \u0161iluma.<\/span><\/p>\n<p style=\"text-align: justify;\"><span><strong>\u0160iluma tada, kada jos reikia<\/strong><\/span><\/p>\n<p style=\"text-align: justify;\"><span>Esan\u010dio laikma\u010dio d\u0117ka, galite nustatyti nuo 1 iki 24 valand\u0173 \u0161ildymo grafik\u0105. \u0160i funkcija yra ypa\u010d patogi, kadangi kiekvien\u0105 kart\u0105 norint \u0161ildyti patalpas, nereik\u0117s fizi\u0161kai to daryti &ndash; <strong>konkvekcinis \u0161ildytuvas<\/strong> Trotec TCH 2010 E tai padarys u\u017e Jus. IP24 apsaugos klas\u0117 garantuoja \u0161io \u0161ildytuvo apsaug\u0105 nuo perkaitimo. Taip pat, \u0161ildytuvas savyje turi \u0161al\u010dio steb\u0117jimo funkcij\u0105, kuri neleid\u017eia patalpoms atv\u0117sti J\u016bs\u0173 atostog\u0173 metu ar tada, kai J\u016bs\u0173 n\u0117ra namuose. Visus \u0161iuos nustatymus galima atlikti arba valdymo skydelyje arba naudojant infraraudon\u0173j\u0173 spinduli\u0173 nuotolinio valdymo pult\u0105.<\/span><\/p>\n<p><span><strong>Advantages:<\/strong><\/span><\/p>\n<ul>\n<li>\n\t\t<span>Two heating levels;<\/span><\/li>\n<li>\n\t\t<span>LCD screen;<\/span><\/li>\n<li>\n\t\t<span><span>IR remote control;<\/span><\/span><\/li>\n<li>\n\t\t<span><span>Integrated controlled thermostat that turns the heater on\/off to maintain the desired temperature;<\/span><\/span><\/li>\n<li>\n\t\t<span>Automatic temperature control;<\/span><\/li>\n<li>\n\t\t<span>Frost monitoring function;<\/span><\/li>\n<li>\n\t\t<span>Timer;<\/span><\/li>\n<li>\n\t\t<span>Energy-saving operation;<\/span><\/li>\n<li>\n\t\t<span>Tylus ir bekvapis veikimas;<\/span><\/li>\n<li>\n\t\t<span>Protection against overheating and freezing;<\/span><\/li>\n<li>\n\t\t<span>Apsauga nuo \u012frenginio ried\u0117jimo (ratuk\u0173 stabd\u017eiai);<\/span><\/li>\n<li>\n\t\t<span>Ratukai leid\u017eia patogiai transportuoti;<\/span><\/li>\n<\/ul>\n<p><span>Technical characteristics:<\/span><\/p>\n<ul>\n<li>\n\t\t<span>Du \u0161ildymo lygiai: 1000 W arba 2000 W;<\/span><\/li>\n<li>\n\t\t<span>Patalpoms iki 24 m&sup2;\/60 m&sup3;;<\/span><\/li>\n<li>\n\t\t<span>Termostatas: nuo 15 &deg; C iki 35 &deg; C<\/span><\/li>\n<li>\n\t\t<span>Power supply: 220 \u2013 240 V \/ 50 \u2013 60 Hz;<\/span><\/li>\n<li>\n\t\t<span>Rated current: 8.7 A;<\/span><\/li>\n<li>\n\t\t<span>Apsaugos klas\u0117: IP24;<\/span><\/li>\n<li>\n\t\t<span>Connector: CEE 7\/7;<\/span><\/li>\n<li>\n\t\t<span>Cable length: 1.5 m;<\/span><\/li>\n<li>\n\t\t<span>Dydis: 260 x 840 x 470 mm;<\/span><\/li>\n<li>\n\t\t<span>Svoris: 8 kg;<\/span><\/li>\n<\/ul>\n<p><a class=\"catalogue\" href=\"\/en\/images\/Userfiles\/www.rubisolis.lt_Konvekcinis_sildytuvas_Trotec_TCH_2011_E2.pdf\/\" target=\"blank\">Download product manual <\/a><\/p>","protected":false},"excerpt":{"rendered":"<p>Stilingas konvekcinis \u0161ildytuvas Trotec TCH 2010 E sukurs \u0161ilt\u0105 ir maloni\u0105 aplink\u0105 J\u016bs\u0173 namuose. \u0160ildytuvo priekinis pavir\u0161ius pagamintas i\u0161 apsauginio<\/p>","protected":false},"featured_media":25508,"comment_status":"closed","ping_status":"open","template":"","meta":[],"product_brand":[],"product_cat":[23],"product_tag":[535],"class_list":{"0":"post-25506","1":"product","2":"type-product","3":"status-publish","4":"has-post-thumbnail","6":"product_cat-be-kategorijos","7":"product_tag-naujiena","9":"first","10":"onbackorder","11":"taxable","12":"shipping-taxable","13":"product-type-variable"},"_links":{"self":[{"href":"https:\/\/orotech.lt\/en\/wp-json\/wp\/v2\/product\/25506","targetHints":{"allow":["GET"]}}],"collection":[{"href":"https:\/\/orotech.lt\/en\/wp-json\/wp\/v2\/product"}],"about":[{"href":"https:\/\/orotech.lt\/en\/wp-json\/wp\/v2\/types\/product"}],"replies":[{"embeddable":true,"href":"https:\/\/orotech.lt\/en\/wp-json\/wp\/v2\/comments?post=25506"}],"version-history":[{"count":1,"href":"https:\/\/orotech.lt\/en\/wp-json\/wp\/v2\/product\/25506\/revisions"}],"predecessor-version":[{"id":25507,"href":"https:\/\/orotech.lt\/en\/wp-json\/wp\/v2\/product\/25506\/revisions\/25507"}],"wp:featuredmedia":[{"embeddable":true,"href":"https:\/\/orotech.lt\/en\/wp-json\/wp\/v2\/media\/25508"}],"wp:attachment":[{"href":"https:\/\/orotech.lt\/en\/wp-json\/wp\/v2\/media?parent=25506"}],"wp:term":[{"taxonomy":"product_brand","embeddable":true,"href":"https:\/\/orotech.lt\/en\/wp-json\/wp\/v2\/product_brand?post=25506"},{"taxonomy":"product_cat","embeddable":true,"href":"https:\/\/orotech.lt\/en\/wp-json\/wp\/v2\/product_cat?post=25506"},{"taxonomy":"product_tag","embeddable":true,"href":"https:\/\/orotech.lt\/en\/wp-json\/wp\/v2\/product_tag?post=25506"}],"curies":[{"name":"wp","href":"https:\/\/api.w.org\/{rel}","templated":true}]}}