{"id":25518,"date":"2025-09-09T06:50:02","date_gmt":"2025-09-09T06:50:02","guid":{"rendered":"https:\/\/orotech.lt\/kojeles-radiatoriams-aeroflow\/"},"modified":"2025-09-10T06:10:03","modified_gmt":"2025-09-10T06:10:03","slug":"kojeles-radiatoriams-aeroflow","status":"publish","type":"product","link":"https:\/\/orotech.lt\/en\/kojeles-radiatoriams-aeroflow\/","title":{"rendered":"Kojel\u0117s radiatoriams Aeroflow"},"content":{"rendered":"<p>&lt;p style=&quot;text-align: justify;&quot;&gt;Prisukamos prie grind\u0173 kojel\u0117s skirtos radiatoriams &amp;bdquo;AeroFlow&amp;ldquo;, i&amp;scaron;skyrus SLIM TALL 1600 model\u012f. Stabilus metalinis r\u0117mas garantuoja tvirt\u0105 stov\u0105 ir neleid\u017eia prietaisui apvirsti.&lt;\/p&gt;<br \/>\n&lt;ul&gt;<br \/>\n&lt;li&gt;Matmenys: 250 x 75 x 66 mm;&lt;\/li&gt;<br \/>\n&lt;li&gt;Auk&amp;scaron;tis nuo grind\u0173: apie 105 mm;&lt;\/li&gt;<br \/>\n&lt;li&gt;Svoris: apie 1,1 kg;&lt;\/li&gt;<br \/>\n&lt;li&gt;Spalva: balta RAL 9010;&lt;\/li&gt;<br \/>\n&lt;li&gt;1 komplektas (2 vnt.);&lt;\/li&gt;<br \/>\n&lt;li&gt;netinka SLIM TALL 1600;&lt;\/li&gt;<br \/>\n&lt;li&gt;Nenaudoti kartu su rank&amp;scaron;luos\u010di\u0173 laikikliu.&lt;\/li&gt;<br \/>\n&lt;\/ul&gt;<\/p>","protected":false},"excerpt":{"rendered":"<p>&lt;p style=&quot;text-align: justify;&quot;&gt;Prisukamos prie grind\u0173 kojel\u0117s skirtos radiatoriams &amp;bdquo;AeroFlow&amp;ldquo;, i&amp;scaron;skyrus SLIM TALL 1600 model\u012f. Stabilus metalinis r\u0117mas garantuoja tvirt\u0105 stov\u0105<\/p>","protected":false},"featured_media":25520,"comment_status":"closed","ping_status":"open","template":"","meta":[],"product_brand":[],"product_cat":[23],"product_tag":[535],"class_list":{"0":"post-25518","1":"product","2":"type-product","3":"status-publish","4":"has-post-thumbnail","6":"product_cat-be-kategorijos","7":"product_tag-naujiena","9":"first","10":"onbackorder","11":"taxable","12":"shipping-taxable","13":"product-type-variable"},"_links":{"self":[{"href":"https:\/\/orotech.lt\/en\/wp-json\/wp\/v2\/product\/25518","targetHints":{"allow":["GET"]}}],"collection":[{"href":"https:\/\/orotech.lt\/en\/wp-json\/wp\/v2\/product"}],"about":[{"href":"https:\/\/orotech.lt\/en\/wp-json\/wp\/v2\/types\/product"}],"replies":[{"embeddable":true,"href":"https:\/\/orotech.lt\/en\/wp-json\/wp\/v2\/comments?post=25518"}],"version-history":[{"count":1,"href":"https:\/\/orotech.lt\/en\/wp-json\/wp\/v2\/product\/25518\/revisions"}],"predecessor-version":[{"id":25519,"href":"https:\/\/orotech.lt\/en\/wp-json\/wp\/v2\/product\/25518\/revisions\/25519"}],"wp:featuredmedia":[{"embeddable":true,"href":"https:\/\/orotech.lt\/en\/wp-json\/wp\/v2\/media\/25520"}],"wp:attachment":[{"href":"https:\/\/orotech.lt\/en\/wp-json\/wp\/v2\/media?parent=25518"}],"wp:term":[{"taxonomy":"product_brand","embeddable":true,"href":"https:\/\/orotech.lt\/en\/wp-json\/wp\/v2\/product_brand?post=25518"},{"taxonomy":"product_cat","embeddable":true,"href":"https:\/\/orotech.lt\/en\/wp-json\/wp\/v2\/product_cat?post=25518"},{"taxonomy":"product_tag","embeddable":true,"href":"https:\/\/orotech.lt\/en\/wp-json\/wp\/v2\/product_tag?post=25518"}],"curies":[{"name":"wp","href":"https:\/\/api.w.org\/{rel}","templated":true}]}}