{"id":25532,"date":"2025-09-09T06:50:02","date_gmt":"2025-09-09T06:50:02","guid":{"rendered":"https:\/\/orotech.lt\/halogeninis-infraraudonuju-spinduliu-sildytuvas-heliosa-hd-88-radio-2\/"},"modified":"2025-09-10T06:10:06","modified_gmt":"2025-09-10T06:10:06","slug":"halogeninis-infraraudonuju-spinduliu-sildytuvas-heliosa-hd-88-radio-2","status":"publish","type":"product","link":"https:\/\/orotech.lt\/en\/halogeninis-infraraudonuju-spinduliu-sildytuvas-heliosa-hd-88-radio-2\/","title":{"rendered":"Halogen infrared heater HELIOSA HD 88 RADIO"},"content":{"rendered":"<p style=\"text-align: justify;\"><span style=\"text-align: justify;\">Compact, beautifully designed electric infrared heaters from&nbsp;<\/span>HELIOSA HIGH DESIGN<span style=\"text-align: justify;\">&nbsp;lines designed to heat the space under umbrellas in outdoor cafes, terraces, market pavilions, bathrooms, changing rooms, verandas, conservatories, etc.<\/span><\/p>\n<p style=\"text-align: justify;\"><span>Kartais vien \u0161ildytuvo nepakanka, pavyzd\u017eiui esant \u017evarbiam v\u0117jui. Tokiais atvejais infraraudon\u0173j\u0173 spinduli\u0173 \u0161ildytuvus rekomenduojama naudoti kartu su terasos tvorel\u0117mis OASIdehor&reg;, kurios apsaugos Jus ar J\u016bs\u0173 sve\u010dius nuo nemalonaus v\u0117jo ar gatv\u0117s triuk\u0161mo.<\/span><\/p>\n<p style=\"text-align: justify;\"><strong>ADVANTAGES:<\/strong><\/p>\n<ul>\n<li>\n\t\tProfessional IR heaters, whose quality, efficiency, exceptional design and functionality have been appreciated by hundreds of industrial and private customers in Lithuania;<\/li>\n<li>\n\t\tIntegrated special halogen heating elements are maintenance-free and heat efficiently for more than 7,000 hours;<\/li>\n<li>\n\t\tThe heating element is replaceable, so you won&#039;t have to buy a new heater if the element stops heating;<\/li>\n<li>\n\t\tReflectors that effectively direct heat at the right angle are made of the highest quality materials;<\/li>\n<li>\n\t\tUsing heaters to heat individual zones can save up to 70% of heat energy and costs;<\/li>\n<li>\n\t\tCast aluminum body;<\/li>\n<li>\n\t\t&bdquo;Soft start&ldquo; u\u017edegimas, u\u017etikrinantis ilg\u0105 lempos tarnavimo laik\u0105;<\/li>\n<li>\n\t\tRecommended installation height: 2.50 \u2013 3.00 m;<\/li>\n<li>\n\t\tTinka montuoti ant sienos 45&deg; kampu arba prie lub\u0173&nbsp;45&deg; kampu vertikalioje a\u0161yje;<\/li>\n<li>\n\t\tHeater dimensions: 905 x 120 x 100 mm;<\/li>\n<li>\n\t\tNet weight: 2.70 kg.;<\/li>\n<li>\n\t\tPackage dimensions: 980 x 180 x 180 mm;<\/li>\n<li>\n\t\tTotal weight 3.70 kg.<\/li>\n<\/ul>","protected":false},"excerpt":{"rendered":"<p>Ne visada maloni\u0173 oro s\u0105lyg\u0173 lauko kavin\u0117se leid\u017eia i\u0161vengti kompakti\u0161ki, dailaus dizaino elektriniai infraraudon\u0173j\u0173 spinduli\u0173 \u0161ildytuvai i\u0161&nbsp;HELIOSA HIGH DESIGN&nbsp;linijos, skirti<\/p>","protected":false},"featured_media":25534,"comment_status":"closed","ping_status":"open","template":"","meta":[],"product_brand":[],"product_cat":[23],"product_tag":[535],"class_list":{"0":"post-25532","1":"product","2":"type-product","3":"status-publish","4":"has-post-thumbnail","6":"product_cat-be-kategorijos","7":"product_tag-naujiena","9":"first","10":"onbackorder","11":"taxable","12":"shipping-taxable","13":"product-type-variable"},"_links":{"self":[{"href":"https:\/\/orotech.lt\/en\/wp-json\/wp\/v2\/product\/25532","targetHints":{"allow":["GET"]}}],"collection":[{"href":"https:\/\/orotech.lt\/en\/wp-json\/wp\/v2\/product"}],"about":[{"href":"https:\/\/orotech.lt\/en\/wp-json\/wp\/v2\/types\/product"}],"replies":[{"embeddable":true,"href":"https:\/\/orotech.lt\/en\/wp-json\/wp\/v2\/comments?post=25532"}],"version-history":[{"count":1,"href":"https:\/\/orotech.lt\/en\/wp-json\/wp\/v2\/product\/25532\/revisions"}],"predecessor-version":[{"id":25533,"href":"https:\/\/orotech.lt\/en\/wp-json\/wp\/v2\/product\/25532\/revisions\/25533"}],"wp:featuredmedia":[{"embeddable":true,"href":"https:\/\/orotech.lt\/en\/wp-json\/wp\/v2\/media\/25534"}],"wp:attachment":[{"href":"https:\/\/orotech.lt\/en\/wp-json\/wp\/v2\/media?parent=25532"}],"wp:term":[{"taxonomy":"product_brand","embeddable":true,"href":"https:\/\/orotech.lt\/en\/wp-json\/wp\/v2\/product_brand?post=25532"},{"taxonomy":"product_cat","embeddable":true,"href":"https:\/\/orotech.lt\/en\/wp-json\/wp\/v2\/product_cat?post=25532"},{"taxonomy":"product_tag","embeddable":true,"href":"https:\/\/orotech.lt\/en\/wp-json\/wp\/v2\/product_tag?post=25532"}],"curies":[{"name":"wp","href":"https:\/\/api.w.org\/{rel}","templated":true}]}}