{"id":25535,"date":"2025-09-09T06:50:02","date_gmt":"2025-09-09T06:50:02","guid":{"rendered":"https:\/\/orotech.lt\/elektriniai-radiatoriai-aeroflow\/"},"modified":"2025-09-10T06:10:07","modified_gmt":"2025-09-10T06:10:07","slug":"elektriniai-radiatoriai-aeroflow","status":"publish","type":"product","link":"https:\/\/orotech.lt\/en\/elektriniai-radiatoriai-aeroflow\/","title":{"rendered":"Elektriniai radiatoriai AeroFlow"},"content":{"rendered":"<p>&lt;p style=&quot;text-align: justify;&quot;&gt;Elektriniai, pusiau akumuliaciniai&amp;nbsp;radiatoriai &amp;bdquo;AeroFlow&amp;reg;&amp;ldquo; yra itin ekonomi&amp;scaron;ki&amp;nbsp;ir pasi\u017eymi &amp;scaron;iuolaiki&amp;scaron;ku dizainu. &amp;Scaron;ie produktai yra tinkami tiek asmenin\u0117ms, tiek komercin\u0117ms patalpoms, tod\u0117l gali b\u016bti naudojami ir pagrindiniam, ir papildomam &amp;scaron;ildymui.&amp;nbsp;&lt;\/p&gt;<br \/>\n&lt;p&gt;&lt;strong&gt;Elektrini\u0173 radiatori\u0173 AeroFlow&amp;reg; privalumai:&lt;\/strong&gt;&lt;\/p&gt;<br \/>\n&lt;ul&gt;<br \/>\n&lt;li&gt;Modernus ir &amp;scaron;iuolaiki&amp;scaron;kas dizainas;&lt;\/li&gt;<br \/>\n&lt;li&gt;Lengvas montavimas;&lt;\/li&gt;<br \/>\n&lt;li&gt;Puikus &amp;scaron;ildymo efektyvumas;&lt;\/li&gt;<br \/>\n&lt;li&gt;Ilgalaik\u0117 garantija;&lt;\/li&gt;<br \/>\n&lt;li&gt;Didelis patikimumas;&lt;\/li&gt;<br \/>\n&lt;li&gt;Energijos taupymas.&lt;\/li&gt;<br \/>\n&lt;li&gt;Integruotas termostatas;&lt;\/li&gt;<br \/>\n&lt;li&gt;Tikslus valdymas;&lt;\/li&gt;<br \/>\n&lt;li&gt;Galimyb\u0117 valdyti nuotoliniu b\u016bdu naudojant i&amp;scaron;maniuosius \u012frenginius;&lt;\/li&gt;<br \/>\n&lt;li&gt;2 cm storio ugniai atsparios med\u017eiaga;&lt;\/li&gt;<br \/>\n&lt;li&gt;&lt;strong&gt;IPX3 Apsaugos klas\u0117 &ndash; apsauga&amp;nbsp;nuo lietaus;&lt;\/strong&gt;&lt;\/li&gt;<br \/>\n&lt;li&gt;Be&amp;nbsp;oro turbulencijos;&lt;\/li&gt;<br \/>\n&lt;li&gt;Neskleid\u017eia nei garso, nei kvapo;&lt;\/li&gt;<br \/>\n&lt;\/ul&gt;<br \/>\n&lt;p style=&quot;text-align: justify;&quot;&gt;&amp;bdquo;AeroFlow&amp;reg;&amp;ldquo; technologija yra daugelio met\u0173 mokslinio tyrim\u0173 ir vystymosi&amp;nbsp;darb\u0173 rezultatas. Ji pasi\u017eymi efektyviu &amp;scaron;ilumos kaupimu ir optimizuotu &amp;scaron;ilumos srautu. &amp;Scaron;ie privalumai u\u017etikrin\u0105 jauk\u0173, &amp;scaron;ilt\u0105,&amp;nbsp;malon\u0173 mikroklimat\u0105 bei padeda suma\u017einti energijos s\u0105naudas. Kaitrai atsparios &amp;scaron;amotin\u0117s plytel\u0117s kaupia &amp;scaron;ilum\u0105 ir padeda i&amp;scaron;laikyti pastovi\u0105 radiatoriaus temperat\u016br\u0105 ilgam laikui, tod\u0117l nereikia pakartotinai &amp;scaron;ildyti. Elektrini\u0173&amp;nbsp;radiatori\u0173 &amp;bdquo;AeroFlow&amp;reg;&amp;ldquo; ma\u017eesnis cirkuliacijos greitis ir stipresnis oro srautas u\u017etikrina ma\u017eesn\u012f dulki\u0173 kiek\u012f ore bei greitesn\u012f ir tolygesn\u012f &amp;scaron;ilumos pasiskirtstym\u0105.&lt;\/p&gt;<br \/>\n&lt;p style=&quot;text-align: justify;&quot;&gt;&lt;strong&gt;Elektrini\u0173 radiatori\u0173 3 valdymo b\u016bdai:&lt;\/strong&gt;&lt;\/p&gt;<br \/>\n&lt;p style=&quot;text-align: justify;&quot;&gt;&lt;strong&gt;1. Rankinis valdymas.&lt;\/strong&gt; Elektriniuose&amp;nbsp;radiatoriuose &amp;bdquo;AeroFlow&amp;reg;&amp;ldquo; yra integruotas galingas termostatas &amp;bdquo;FlexiSmart&amp;ldquo;, pasi\u017eymintis patogiu bei efektyviu&amp;nbsp;temperat\u016bros valdymu. &amp;Scaron;iuo termostatu&amp;nbsp;galima nustatyti norim\u0105 kambario temperat\u016br\u0105. Radiatoriuje esantis temperat\u016bros jutiklis automati&amp;scaron;kai i&amp;scaron;jungia &amp;scaron;ildym\u0105 pasiekus reikiam\u0105 temperat\u016br\u0105.&lt;\/p&gt;<br \/>\n&lt;p style=&quot;text-align: justify;&quot;&gt;&lt;strong&gt;2. Programuojamas&amp;nbsp;valdymas.&lt;\/strong&gt;&amp;nbsp;Temperat\u016bros valdikliu&amp;nbsp;&amp;bdquo;FlexiSmart&amp;ldquo;&amp;nbsp;galima susikurti sav\u0105j\u012f &amp;scaron;ildymo plan\u0105 &ndash; nustayti tam tikr\u0105 kambario temperat\u016br\u0105 skirtingomis savait\u0117s dienomis, temperat\u016br\u0105 nakt\u012f bei apsaug\u0105 nuo u\u017e&amp;scaron;alimo. Taip pat galima reguliuoti&amp;nbsp;&amp;scaron;ildymo valandas.&lt;\/p&gt;<br \/>\n&lt;p style=&quot;text-align: justify;&quot;&gt;&lt;strong&gt;3. Valdymas mobiliaja program\u0117le&lt;\/strong&gt; &ndash; termostatas &amp;bdquo;FlexiSmart&amp;ldquo; gali b\u016bti naudojamas kartu su&amp;nbsp;&lt;strong&gt;&lt;a href=&quot;https:\/\/www.rubisolis.lt\/1829-wifi-modulis-flexismart-elektriniams-radiatoriams-aeroflow.htmls&quot;&gt;WI-FI moduliu &amp;bdquo;FlexiSmart&amp;ldquo;&lt;\/a&gt;&lt;\/strong&gt;, \u012fsigyjamu atskirai,&amp;nbsp;ir &lt;strong&gt;&lt;a href=&quot;https:\/\/play.google.com\/store\/apps\/details?id=com.farhodomotica.aeroflow&quot;&gt;mobili\u0105ja program\u0117le &amp;bdquo;Aeroflow&amp;reg;&amp;ldquo;&lt;\/a&gt;&lt;\/strong&gt;. Modulis jungiamas prie WI-FI mar&amp;scaron;rutizatoriaus RJ45 jungtimi. Program\u0117l\u0117je &amp;bdquo;AeroFlow&amp;reg;&amp;ldquo; galima susikurti &amp;scaron;ildymo planus bei valdyti radiatorius nuotoliniu b\u016bdu.&lt;\/p&gt;<br \/>\n&lt;p style=&quot;text-align: justify;&quot;&gt;&lt;strong&gt;Attention!&lt;\/strong&gt; Yra galimyb\u0117&amp;nbsp;u\u017esisakyti individualias&amp;nbsp;Aeroflow radiatorius spalvas&amp;nbsp;i&amp;scaron; &amp;scaron;ios &lt;a href=&quot;https:\/\/www.rubisolis.lt\/failai\/files\/produktu%20pdf\/Aeroflow\/Aeroflow%20RAL-Palette.pdf&quot;&gt;RAL palet\u0117s.&lt;\/a&gt;&lt;\/p&gt;<br \/>\n&lt;p style=&quot;text-align: center;&quot;&gt;&lt;iframe src=&quot;https:\/\/www.youtube.com\/embed\/VIhL2afm1kE&quot; frameborder=&quot;0&quot; width=&quot;560&quot; height=&quot;315&quot;&gt;&lt;\/iframe&gt;&lt;\/p&gt;<br \/>\n&lt;p&gt;&lt;br \/&gt;&lt;a class=&quot;catalogue&quot; href=&quot;https:\/\/www.rubisolis.lt\/\/failai\/files\/produktu%20pdf\/Aeroflow\/AeroFlow%20katalogas.pdf&quot; target=&quot;blank&quot;&gt;Download product catalog&lt;\/a&gt;&lt;br \/&gt;&lt;a class=&quot;catalogue&quot; href=&quot;https:\/\/www.rubisolis.lt\/\/failai\/files\/produktu%20pdf\/Aero%20Flow%20LT%20instrukcija.pdf&quot; target=&quot;blank&quot;&gt;Download product manual &lt;\/a&gt;&lt;\/p&gt;<\/p>","protected":false},"excerpt":{"rendered":"<p>&lt;p style=&quot;text-align: justify;&quot;&gt;Elektriniai, pusiau akumuliaciniai&amp;nbsp;radiatoriai &amp;bdquo;AeroFlow&amp;reg;&amp;ldquo; yra itin ekonomi&amp;scaron;ki&amp;nbsp;ir pasi\u017eymi &amp;scaron;iuolaiki&amp;scaron;ku dizainu. &amp;Scaron;ie produktai yra tinkami tiek asmenin\u0117ms, tiek komercin\u0117ms<\/p>","protected":false},"featured_media":25537,"comment_status":"closed","ping_status":"open","template":"","meta":[],"product_brand":[],"product_cat":[23],"product_tag":[535],"class_list":{"0":"post-25535","1":"product","2":"type-product","3":"status-publish","4":"has-post-thumbnail","6":"product_cat-be-kategorijos","7":"product_tag-naujiena","9":"first","10":"onbackorder","11":"taxable","12":"shipping-taxable","13":"product-type-variable"},"_links":{"self":[{"href":"https:\/\/orotech.lt\/en\/wp-json\/wp\/v2\/product\/25535","targetHints":{"allow":["GET"]}}],"collection":[{"href":"https:\/\/orotech.lt\/en\/wp-json\/wp\/v2\/product"}],"about":[{"href":"https:\/\/orotech.lt\/en\/wp-json\/wp\/v2\/types\/product"}],"replies":[{"embeddable":true,"href":"https:\/\/orotech.lt\/en\/wp-json\/wp\/v2\/comments?post=25535"}],"version-history":[{"count":1,"href":"https:\/\/orotech.lt\/en\/wp-json\/wp\/v2\/product\/25535\/revisions"}],"predecessor-version":[{"id":25536,"href":"https:\/\/orotech.lt\/en\/wp-json\/wp\/v2\/product\/25535\/revisions\/25536"}],"wp:featuredmedia":[{"embeddable":true,"href":"https:\/\/orotech.lt\/en\/wp-json\/wp\/v2\/media\/25537"}],"wp:attachment":[{"href":"https:\/\/orotech.lt\/en\/wp-json\/wp\/v2\/media?parent=25535"}],"wp:term":[{"taxonomy":"product_brand","embeddable":true,"href":"https:\/\/orotech.lt\/en\/wp-json\/wp\/v2\/product_brand?post=25535"},{"taxonomy":"product_cat","embeddable":true,"href":"https:\/\/orotech.lt\/en\/wp-json\/wp\/v2\/product_cat?post=25535"},{"taxonomy":"product_tag","embeddable":true,"href":"https:\/\/orotech.lt\/en\/wp-json\/wp\/v2\/product_tag?post=25535"}],"curies":[{"name":"wp","href":"https:\/\/api.w.org\/{rel}","templated":true}]}}