{"id":25549,"date":"2025-09-09T06:50:02","date_gmt":"2025-09-09T06:50:02","guid":{"rendered":"https:\/\/orotech.lt\/elektriniai-radiatoriai-aeroflow-su-flexismart-pro-valdymu\/"},"modified":"2025-09-10T06:10:09","modified_gmt":"2025-09-10T06:10:09","slug":"elektriniai-radiatoriai-aeroflow-su-flexismart-pro-valdymu","status":"publish","type":"product","link":"https:\/\/orotech.lt\/en\/elektriniai-radiatoriai-aeroflow-su-flexismart-pro-valdymu\/","title":{"rendered":"Elektriniai radiatoriai AeroFlow su FlexiSmart Pro valdymu"},"content":{"rendered":"<p>&lt;p style=&quot;text-align: justify;&quot;&gt;&lt;strong&gt;Elektriniai radiatoriai AeroFlow su FlexiSmart Pro valdymu&amp;nbsp;j\u016bs\u0173 &amp;scaron;ildymo patirt\u012f perkels \u012f nauj\u0105 lyg\u012f&lt;\/strong&gt;&lt;\/p&gt;<br \/>\n&lt;p style=&quot;text-align: justify;&quot;&gt;Itin stilingi elektriniai, pusiau akumuliaciniai&amp;nbsp;radiatoriai &amp;bdquo;AeroFlow&amp;reg;&amp;ldquo; yra itin ekonomi&amp;scaron;ki, pasi\u017eymi &amp;scaron;ilumos kaupimu ir optimizuotu &amp;scaron;ilumos srautu. &amp;Scaron;ie privalumai u\u017etikrin\u0105 jauk\u0173, &amp;scaron;ilt\u0105, malon\u0173 mikroklimat\u0105 bei padeda suma\u017einti energijos s\u0105naudas. Naujovi&amp;scaron;ka FlexiSmart Pro valdymo sistema si\u016blo dar i&amp;scaron;manesn\u012f ir efektyvesn\u012f b\u016bd\u0105 &amp;scaron;ildyti namus. Tiesiog prisijunkite prie WLAN ry&amp;scaron;io ir prad\u0117kite veikti! Nauj\u0105j\u012f &quot;Aeroflow&quot; elektrin\u012f radiatori\u0173 galima tiesiogiai prijungti prie WLAN tinklo, o tai leid\u017eia patogiai valdyti &amp;scaron;ildym\u0105 i&amp;scaron; bet kurios vietos per i&amp;scaron;man\u0173j\u012f telefon\u0105 ar plan&amp;scaron;etin\u012f kompiuter\u012f.&amp;nbsp;FlexiSmart Pro&amp;nbsp;valdiklis leid\u017eia tiksliai reguliuoti temperat\u016br\u0105 ir tvarkara&amp;scaron;\u010dius. Naudodami &quot;FlexiSmartPro&quot; valdikl\u012f visi&amp;scaron;kai kontroliuojate savo &amp;scaron;ildymo sistem\u0105 ir galite j\u0105 pritaikyti pagal savo individualius poreikius.&amp;nbsp;&lt;\/p&gt;<br \/>\n&lt;p style=&quot;text-align: justify;&quot;&gt;&lt;strong&gt;Valdykite savo elektrinius radiatorius be vargo bet kada ir bet kur!&amp;nbsp;&lt;\/strong&gt;&lt;\/p&gt;<br \/>\n&lt;p style=&quot;text-align: justify;&quot;&gt;Naujoji &quot;Smartheat4U&quot; program\u0117l\u0117 (&lt;a href=&quot;https:\/\/apps.apple.com\/lt\/app\/smartheat4u\/id6466397658&quot; target=&quot;_blank&quot; rel=&quot;noopener&quot;&gt;App store&lt;\/a&gt; \/ &lt;a href=&quot;https:\/\/play.google.com\/store\/apps\/details?id=com.thermotec.smartheat4u&quot; target=&quot;_blank&quot; rel=&quot;noopener&quot;&gt;Google play&lt;\/a&gt;), specialiai sukurta FlexiSmart Pro valdymo \u012frenginiui, si\u016blo intuityvi\u0105 naudotojo s\u0105saj\u0105, leid\u017eian\u010di\u0105 lengvai programuoti &amp;scaron;ildym\u0105 ir reguliuoti temperat\u016br\u0105.&amp;nbsp;&lt;\/p&gt;<br \/>\n&lt;p style=&quot;text-align: justify;&quot;&gt;&lt;strong&gt;Dar didesnis efektyvumas su AeroFlow elektriniais radiatoriais&lt;\/strong&gt;&lt;\/p&gt;<br \/>\n&lt;p style=&quot;text-align: justify;&quot;&gt;&quot;FlexiSmartPro&quot; valdymas u\u017etikrina i&amp;scaron;skirtin\u012f &amp;scaron;ildymo efektyvum\u0105 gyvenamosiose patalpose, sodo pa&amp;scaron;i\u016br\u0117se ir pal\u0117p\u0117se. Konvekcin\u0117s ir spindulin\u0117s &amp;scaron;ilumos derinys u\u017etikrina 100 % energijos konversij\u0105.&amp;nbsp;&lt;\/p&gt;<br \/>\n&lt;p style=&quot;text-align: justify;&quot;&gt;&lt;strong&gt;Ekologi&amp;scaron;kas veikimas&lt;\/strong&gt;&lt;\/p&gt;<br \/>\n&lt;p style=&quot;text-align: justify;&quot;&gt;Elektriniai radiatoriai AeroFlow&amp;nbsp;gali b\u016bti eksploatuojami aplinkai nekenksmingu ir nei&amp;scaron;metamu b\u016bdu, naudojant saul\u0117s energij\u0105, kad b\u016bt\u0173 taupomi i&amp;scaron;tekliai ir saugoma aplinka.&amp;nbsp;&lt;\/p&gt;<br \/>\n&lt;p style=&quot;text-align: justify;&quot;&gt;Su naujos kartos &quot;AeroFlow&quot; elektriniu radiatoriu ir &quot;FlexiSmartPro&quot; valdymu gausite i&amp;scaron;mani\u0105 ir efektyvi\u0105 &amp;scaron;ildymo sistem\u0105, kuri suteiks jums maksimali\u0105 kontrol\u0119 ir komfort\u0105. Patirkite nauj\u0105 &amp;scaron;ildymo er\u0105 savo namuose.&lt;\/p&gt;<br \/>\n&lt;p style=&quot;text-align: justify;&quot;&gt;&lt;strong&gt;Elektrini\u0173 radiatori\u0173 AeroFlow&amp;reg; privalumai:&lt;\/strong&gt;&lt;\/p&gt;<br \/>\n&lt;ul&gt;<br \/>\n&lt;li&gt;&lt;strong&gt;Wi-Fi funkcija be papildomai \u012fsigyjamo Wifi priedelio;&lt;br \/&gt;&lt;\/strong&gt;&lt;\/li&gt;<br \/>\n&lt;li&gt;&lt;strong&gt;Dar didesnis valdiklio ekranas;&lt;\/strong&gt;&lt;\/li&gt;<br \/>\n&lt;li&gt;&lt;strong&gt;Naujoji program\u0117l\u0117&amp;nbsp;Smartheat4U;&lt;\/strong&gt;&lt;\/li&gt;<br \/>\n&lt;li&gt;Modernus ir &amp;scaron;iuolaiki&amp;scaron;kas dizainas;&lt;\/li&gt;<br \/>\n&lt;li&gt;Lengvas montavimas;&lt;\/li&gt;<br \/>\n&lt;li&gt;Puikus &amp;scaron;ildymo efektyvumas;&lt;\/li&gt;<br \/>\n&lt;li&gt;30 met\u0173 garantija;&lt;\/li&gt;<br \/>\n&lt;li&gt;Didelis patikimumas;&lt;\/li&gt;<br \/>\n&lt;li&gt;Energijos taupymas.&lt;\/li&gt;<br \/>\n&lt;li&gt;Integruotas termostatas;&lt;\/li&gt;<br \/>\n&lt;li&gt;Tikslus valdymas;&lt;\/li&gt;<br \/>\n&lt;li&gt;Galimyb\u0117 valdyti nuotoliniu b\u016bdu naudojant i&amp;scaron;maniuosius \u012frenginius;&lt;\/li&gt;<br \/>\n&lt;li&gt;2 cm storio ugniai atsparios med\u017eiaga;&lt;\/li&gt;<br \/>\n&lt;li&gt;&lt;strong&gt;IPX3 Apsaugos klas\u0117 &ndash; apsauga&amp;nbsp;nuo lietaus;&lt;\/strong&gt;&lt;\/li&gt;<br \/>\n&lt;li&gt;Be&amp;nbsp;oro turbulencijos;&lt;\/li&gt;<br \/>\n&lt;li&gt;Neskleid\u017eia nei garso, nei kvapo;&lt;\/li&gt;<br \/>\n&lt;\/ul&gt;<br \/>\n&lt;p style=&quot;text-align: justify;&quot;&gt;&lt;strong&gt;Attention!&lt;\/strong&gt; Yra galimyb\u0117&amp;nbsp;u\u017esisakyti individualias&amp;nbsp;Aeroflow radiatorius spalvas&amp;nbsp;i&amp;scaron; &amp;scaron;ios &lt;a href=&quot;https:\/\/www.rubisolis.lt\/failai\/files\/produktu%20pdf\/Aeroflow\/Aeroflow%20RAL-Palette.pdf&quot;&gt;RAL palet\u0117s.&lt;\/a&gt;&lt;\/p&gt;<br \/>\n&lt;p&gt;&lt;a class=&quot;catalogue&quot; href=&quot;\/en\/images\/Userfiles\/www.rubisolis.lt_elektriniai_radiatoriai_thermotec_Aero_Flow_instrukcija.pdf\/&quot; target=&quot;blank&quot;&gt;Download product manual&lt;\/a&gt;&lt;\/p&gt;<br \/>\n&lt;p&gt;&lt;a class=&quot;catalogue&quot; href=&quot;\/en\/images\/Userfiles\/www.rubisolis.lt_Elektriniai_radiatoriai_AeroFlow_su_FlexiSmart_Pro_valdymu_1.pdf\/&quot; target=&quot;blank&quot;&gt;Download product catalog&lt;\/a&gt;&lt;\/p&gt;<\/p>","protected":false},"excerpt":{"rendered":"<p>&lt;p style=&quot;text-align: justify;&quot;&gt;&lt;strong&gt;Elektriniai radiatoriai AeroFlow su FlexiSmart Pro valdymu&amp;nbsp;j\u016bs\u0173 &amp;scaron;ildymo patirt\u012f perkels \u012f nauj\u0105 lyg\u012f&lt;\/strong&gt;&lt;\/p&gt; &lt;p style=&quot;text-align: justify;&quot;&gt;Itin stilingi elektriniai,<\/p>","protected":false},"featured_media":25551,"comment_status":"closed","ping_status":"open","template":"","meta":[],"product_brand":[],"product_cat":[23],"product_tag":[535],"class_list":{"0":"post-25549","1":"product","2":"type-product","3":"status-publish","4":"has-post-thumbnail","6":"product_cat-be-kategorijos","7":"product_tag-naujiena","9":"first","10":"onbackorder","11":"taxable","12":"shipping-taxable","13":"product-type-variable"},"_links":{"self":[{"href":"https:\/\/orotech.lt\/en\/wp-json\/wp\/v2\/product\/25549","targetHints":{"allow":["GET"]}}],"collection":[{"href":"https:\/\/orotech.lt\/en\/wp-json\/wp\/v2\/product"}],"about":[{"href":"https:\/\/orotech.lt\/en\/wp-json\/wp\/v2\/types\/product"}],"replies":[{"embeddable":true,"href":"https:\/\/orotech.lt\/en\/wp-json\/wp\/v2\/comments?post=25549"}],"version-history":[{"count":1,"href":"https:\/\/orotech.lt\/en\/wp-json\/wp\/v2\/product\/25549\/revisions"}],"predecessor-version":[{"id":25550,"href":"https:\/\/orotech.lt\/en\/wp-json\/wp\/v2\/product\/25549\/revisions\/25550"}],"wp:featuredmedia":[{"embeddable":true,"href":"https:\/\/orotech.lt\/en\/wp-json\/wp\/v2\/media\/25551"}],"wp:attachment":[{"href":"https:\/\/orotech.lt\/en\/wp-json\/wp\/v2\/media?parent=25549"}],"wp:term":[{"taxonomy":"product_brand","embeddable":true,"href":"https:\/\/orotech.lt\/en\/wp-json\/wp\/v2\/product_brand?post=25549"},{"taxonomy":"product_cat","embeddable":true,"href":"https:\/\/orotech.lt\/en\/wp-json\/wp\/v2\/product_cat?post=25549"},{"taxonomy":"product_tag","embeddable":true,"href":"https:\/\/orotech.lt\/en\/wp-json\/wp\/v2\/product_tag?post=25549"}],"curies":[{"name":"wp","href":"https:\/\/api.w.org\/{rel}","templated":true}]}}