{"id":25559,"date":"2025-09-09T06:50:02","date_gmt":"2025-09-09T06:50:02","guid":{"rendered":"https:\/\/orotech.lt\/sildantis-kilimelis-warmset\/"},"modified":"2025-09-10T06:10:10","modified_gmt":"2025-09-10T06:10:10","slug":"sildantis-kilimelis-warmset","status":"publish","type":"product","link":"https:\/\/orotech.lt\/en\/sildantis-kilimelis-warmset\/","title":{"rendered":"\u0160ildantis kilim\u0117lis Warmset"},"content":{"rendered":"<p style=\"text-align: justify;\"><strong>\u0160ildantis kilim\u0117lis Warmset &ndash; j\u016bs\u0173 komforto sprendimas biure ir namuose<\/strong><\/p>\n<p style=\"text-align: justify;\"><strong>\u0160ildantis kilim\u0117lis Warmset<\/strong> yra idealus sprendimas u\u017etikrinti maksimal\u0173 komfort\u0105 j\u016bs\u0173 kojoms ypa\u010d tais atvejais, kai tenka ilgai s\u0117d\u0117ti vienoje pozicijoje. Nesvarbu, ar dirbate i\u0161 nam\u0173, ar biure, \u0161is kilim\u0117lis taps nepakei\u010diamu pagalbininku tiems, kurie valand\u0173 valandas praleid\u017eia prie kompiuterio ir da\u017enai jau\u010dia \u0161alt\u012f.<\/p>\n<p style=\"text-align: justify;\">D\u0117l Warmset inovatyvios \u0161ildymo sistemos, plonos konstrukcijos ir kruop\u0161\u010diai parinkt\u0173 audini\u0173 bei si\u016bli\u0173, \u0161is kilim\u0117lis derina moderni\u0105 technologij\u0105, komfort\u0105 ir stiling\u0105 dizain\u0105. Vos po keli\u0173 minu\u010di\u0173 nuo \u012fjungimo \u012f bet kur\u012f elektros lizd\u0105, naudodamas vos tiek energijos, kiek lemput\u0117, <strong>Warmset kilim\u0117lis<\/strong> suteikia malon\u0173 \u0161ilumos jausm\u0105 kojoms ir visam k\u016bnui.<\/p>\n<p style=\"text-align: justify;\">Kilim\u0117lis sudarytas i\u0161 daugiapakop\u0117s sistemos, kurioje naudojama Warmset \u0161ildymo technologija, \u012frengta ant izoliacinio pagrindo. I\u0161or\u0117je vir\u0161utin\u0119 dal\u012f dengia auk\u0161tos kokyb\u0117s audinys, o apa\u010dioje &ndash; neslystantis PVC, u\u017etikrinantis saugum\u0105 ir stabilum\u0105.<\/p>\n<p style=\"text-align: justify;\">Kilim\u0117lyje \u012fmontuota termin\u0117 apsauga, kuri esant 50 &deg;C temperat\u016brai i\u0161jungia sistem\u0105, apsaugodama nuo atsitiktinio perkaitimo, jei kilim\u0117lis b\u016bt\u0173 netinkamai naudojamas.<\/p>\n<p style=\"text-align: justify;\">IPX7 apsauga garantuoja kabeli\u0173 saugum\u0105, o \u0161altas i\u0161\u0117jimo kabelis turi bipoliarin\u012f ki\u0161tuk\u0105, atitinkant\u012f Europos standartus, bei pedal\u0105 su LED indikatoriumi, kuris nurodo sistemos \u012fjungim\u0105 ir i\u0161jungim\u0105.<\/p>\n<p style=\"text-align: justify;\">\u012esigykite Warmset \u0161ildant\u012f kilim\u0117l\u012f ir m\u0117gaukit\u0117s maloniu \u0161ilumos jausmu bet kuriuo metu!&nbsp;<\/p>\n<p><strong>Advantages:<br \/>\n\t<\/strong><\/p>\n<ul>\n<li>\n\t\tKoj\u0173 \u0161iluma &ndash; u\u017etikrina komfort\u0105 ilgiems darbo laikotarpiams;<\/li>\n<li>\n\t\tInovatyvi \u0161ildymo sistema &ndash; efektyvi ir energij\u0105 taupanti;<\/li>\n<li>\n\t\tPlonas ir stilingas dizainas &ndash; dera prie bet kokio interjero;<\/li>\n<li>\n\t\tItali\u0161kas dizainas &ndash; elegancija ir kokyb\u0117 viename;<\/li>\n<li>\n\t\tNeslystantis pagrindas &ndash; saugiam naudojimui;<\/li>\n<li>\n\t\tIPX7 apsauga ir LED pedal\u0173 jungiklis &ndash; paprasta ir saugu naudoti.<\/li>\n<\/ul>\n<p><strong>Technical characteristics:<\/strong><\/p>\n<ul>\n<li>\n\t\tGalia: 100W;<\/li>\n<li>\n\t\tI\u0161matavimai: 75 x 50mm;<\/li>\n<li>\n\t\tSpalva: marga pilka;<\/li>\n<li>\n\t\tProtection class: IPX7.<\/li>\n<\/ul>","protected":false},"excerpt":{"rendered":"<p>\u0160ildantis kilim\u0117lis Warmset &ndash; j\u016bs\u0173 komforto sprendimas biure ir namuose \u0160ildantis kilim\u0117lis Warmset yra idealus sprendimas u\u017etikrinti maksimal\u0173 komfort\u0105 j\u016bs\u0173<\/p>","protected":false},"featured_media":25561,"comment_status":"closed","ping_status":"open","template":"","meta":[],"product_brand":[],"product_cat":[23],"product_tag":[535],"class_list":{"0":"post-25559","1":"product","2":"type-product","3":"status-publish","4":"has-post-thumbnail","6":"product_cat-be-kategorijos","7":"product_tag-naujiena","9":"first","10":"onbackorder","11":"taxable","12":"shipping-taxable","13":"product-type-variable"},"_links":{"self":[{"href":"https:\/\/orotech.lt\/en\/wp-json\/wp\/v2\/product\/25559","targetHints":{"allow":["GET"]}}],"collection":[{"href":"https:\/\/orotech.lt\/en\/wp-json\/wp\/v2\/product"}],"about":[{"href":"https:\/\/orotech.lt\/en\/wp-json\/wp\/v2\/types\/product"}],"replies":[{"embeddable":true,"href":"https:\/\/orotech.lt\/en\/wp-json\/wp\/v2\/comments?post=25559"}],"version-history":[{"count":1,"href":"https:\/\/orotech.lt\/en\/wp-json\/wp\/v2\/product\/25559\/revisions"}],"predecessor-version":[{"id":25560,"href":"https:\/\/orotech.lt\/en\/wp-json\/wp\/v2\/product\/25559\/revisions\/25560"}],"wp:featuredmedia":[{"embeddable":true,"href":"https:\/\/orotech.lt\/en\/wp-json\/wp\/v2\/media\/25561"}],"wp:attachment":[{"href":"https:\/\/orotech.lt\/en\/wp-json\/wp\/v2\/media?parent=25559"}],"wp:term":[{"taxonomy":"product_brand","embeddable":true,"href":"https:\/\/orotech.lt\/en\/wp-json\/wp\/v2\/product_brand?post=25559"},{"taxonomy":"product_cat","embeddable":true,"href":"https:\/\/orotech.lt\/en\/wp-json\/wp\/v2\/product_cat?post=25559"},{"taxonomy":"product_tag","embeddable":true,"href":"https:\/\/orotech.lt\/en\/wp-json\/wp\/v2\/product_tag?post=25559"}],"curies":[{"name":"wp","href":"https:\/\/api.w.org\/{rel}","templated":true}]}}