{"id":25592,"date":"2025-09-09T06:55:02","date_gmt":"2025-09-09T06:55:02","guid":{"rendered":"https:\/\/orotech.lt\/tds-serijos-elektrinis-sildytuvas-trotec-tds-20-p\/"},"modified":"2025-09-10T06:10:15","modified_gmt":"2025-09-10T06:10:15","slug":"tds-serijos-elektrinis-sildytuvas-trotec-tds-20-p","status":"publish","type":"product","link":"https:\/\/orotech.lt\/en\/tds-serijos-elektrinis-sildytuvas-trotec-tds-20-p\/","title":{"rendered":"TDS SERIJOS ELEKTRINIS \u0160ILDYTUVAS TROTEC TDS 20 P"},"content":{"rendered":"<p>&lt;p&gt;&lt;strong style=&quot;text-align: justify;&quot;&gt;TDS 20 P elektrinis &amp;scaron;ildytuvas&lt;\/strong&gt;&lt;\/p&gt;<br \/>\n&lt;p style=&quot;text-align: justify;&quot;&gt;TDS 20 P elektrinis &amp;scaron;ildytuvas &amp;ndash; tai tvirtas elektrinis &amp;scaron;ildymo \u012frenginys su metaline konstrukcija ir galingu, bet tyliu radialiniu ventiliatoriumi, skirtas greitam ir efektyviam patalp\u0173 &amp;scaron;ildymui. D\u0117ka integruotos apsaugos nuo perkaitimo bei papildomos apsaugos nuo pasvirimo, automati&amp;scaron;kai i&amp;scaron;jungian\u010dios prietais\u0105, kai &amp;scaron;is atsitiktinai pakreipiamas, &amp;scaron;is &amp;scaron;ildytuvas gali b\u016bti saugiai naudojamas r\u016bsiuose, sand\u0117liavimo patalpose, ne&amp;scaron;ildomose patalpose vykstant statyb\u0173 darbams, statyb\u0173 gyvenamosiose priekabose ar ant stogo dangos. TDS 20 P, kaip kiti elektriniai &amp;scaron;ildytuvai, &amp;scaron;ildymo metu nei&amp;scaron;skiria kondensato ir nedegina deguonies, tod\u0117l &amp;scaron;is prietaisas puikiai tinka u\u017edaroms, neventiliuojamoms patalpoms &amp;scaron;ildyti. Prietaise \u012fmontuotas termostatas, galima pasirinkti du &amp;scaron;ildymo lygius iki 3 kW. &amp;nbsp;Keramikinis &amp;scaron;ildymo elementas u\u017etikrina ilgesn\u012f tarnavimo ir trumpesn\u012f &amp;scaron;ildymo laik\u0105, tinkamum\u0105 alergi&amp;scaron;kiems \u017emon\u0117ms d\u0117l &amp;scaron;ildymo metu nedeginam\u0173 dulki\u0173.&lt;\/p&gt;<br \/>\n&lt;p style=&quot;text-align: justify;&quot;&gt;&lt;strong&gt;Advantages:&lt;\/strong&gt;&lt;\/p&gt;<br \/>\n&lt;ul&gt;<br \/>\n&lt;li style=&quot;text-align: justify;&quot;&gt;Modernaus dizaino tvirtas prietaiso korpusas;&lt;\/li&gt;<br \/>\n&lt;li style=&quot;text-align: justify;&quot;&gt;Ilgaam\u017e\u0117 keramin\u0117 PTC &amp;scaron;ildytuvo baterija;&lt;\/li&gt;<br \/>\n&lt;li style=&quot;text-align: justify;&quot;&gt;Galingas radialinis ventiliatorius, u\u017etikrinantis puiki\u0105 oro cirkuliacij\u0105;&lt;\/li&gt;<br \/>\n&lt;li style=&quot;text-align: justify;&quot;&gt;Daugiapakop\u0117 temperat\u016bros kontrol\u0117 su dviem &amp;scaron;ildymo lygiais ir atskiru &amp;scaron;alto oro lygiu;&lt;\/li&gt;<br \/>\n&lt;li style=&quot;text-align: justify;&quot;&gt;Prietaiso pasvirimo apsauga;&lt;\/li&gt;<br \/>\n&lt;li style=&quot;text-align: justify;&quot;&gt;Apsauga nuo perkaitimo;&lt;\/li&gt;<br \/>\n&lt;li style=&quot;text-align: justify;&quot;&gt;Lengvas transportavimas ir valdymas.&lt;\/li&gt;<br \/>\n&lt;\/ul&gt;<br \/>\n&lt;p style=&quot;text-align: justify;&quot;&gt;&lt;strong&gt;Tinkami naudoti:&lt;\/strong&gt;&lt;\/p&gt;<br \/>\n&lt;ul&gt;<br \/>\n&lt;li style=&quot;text-align: justify;&quot;&gt;Sand\u0117liuose ir dirbtuv\u0117se;&lt;\/li&gt;<br \/>\n&lt;li style=&quot;text-align: justify;&quot;&gt;&amp;Scaron;iltnamiuose;&lt;\/li&gt;<br \/>\n&lt;li style=&quot;text-align: justify;&quot;&gt;R\u016bsiuose;&lt;\/li&gt;<br \/>\n&lt;li style=&quot;text-align: justify;&quot;&gt;Statyb\u0173 aik&amp;scaron;tel\u0117se;&lt;\/li&gt;<br \/>\n&lt;li style=&quot;text-align: justify;&quot;&gt;Gara\u017euose;&lt;\/li&gt;<br \/>\n&lt;li style=&quot;text-align: justify;&quot;&gt;Maitinimo \u012fstaigose;&lt;\/li&gt;<br \/>\n&lt;li style=&quot;text-align: justify;&quot;&gt;Prekybos kioskuose;&lt;\/li&gt;<br \/>\n&lt;li style=&quot;text-align: justify;&quot;&gt;Laiv\u0173 statymo vietose.&lt;\/li&gt;<br \/>\n&lt;\/ul&gt;<br \/>\n&lt;p style=&quot;text-align: justify;&quot;&gt;&lt;strong&gt;Technical information:&lt;\/strong&gt;&lt;\/p&gt;<br \/>\n&lt;ul&gt;<br \/>\n&lt;li style=&quot;text-align: justify;&quot;&gt;&amp;Scaron;ildymo galia: 1 lygis &amp;ndash; tik ventiliavimas; 2 lygis &amp;ndash; 2000 W; 3 lygis &amp;ndash; 3000 W.&lt;\/li&gt;<br \/>\n&lt;li style=&quot;text-align: justify;&quot;&gt;Oro srautas (m&lt;sup&gt;3 &lt;\/sup&gt;\/ val.): 312;&lt;\/li&gt;<br \/>\n&lt;li style=&quot;text-align: justify;&quot;&gt;Darbinis diapazonas: nuo -15 &lt;sup&gt;o&lt;\/sup&gt;C iki +30 &lt;sup&gt;o&lt;\/sup&gt;C;&lt;\/li&gt;<br \/>\n&lt;li style=&quot;text-align: justify;&quot;&gt;Tinklo jungtis: 220-240 V \/ 50 HZ;&lt;\/li&gt;<br \/>\n&lt;li style=&quot;text-align: justify;&quot;&gt;Maks. naudojamoji galia (W): 3000;&lt;\/li&gt;<br \/>\n&lt;li style=&quot;text-align: justify;&quot;&gt;Vardin\u0117 imamoji srov\u0117 (A): 13.6;&lt;\/li&gt;<br \/>\n&lt;li style=&quot;text-align: justify;&quot;&gt;Tinklo saugiklis: 16 A;&lt;\/li&gt;<br \/>\n&lt;li style=&quot;text-align: justify;&quot;&gt;Ki&amp;scaron;tuko tipas: CEE 7\/7;&lt;\/li&gt;<br \/>\n&lt;li style=&quot;text-align: justify;&quot;&gt;Laido ilgis (m): 1,6;&lt;\/li&gt;<br \/>\n&lt;li style=&quot;text-align: justify;&quot;&gt;Garso sl\u0117gio lygis (1 m atstumu): 48 dB (A);&lt;\/li&gt;<br \/>\n&lt;li style=&quot;text-align: justify;&quot;&gt;Apsauga nuo perkaitimo (&lt;sup&gt;o&lt;\/sup&gt;C): 75;&lt;\/li&gt;<br \/>\n&lt;li style=&quot;text-align: justify;&quot;&gt;I&amp;scaron;matavimai&amp;nbsp;(IxPxA): 160 x 205 x 378 mm;&lt;\/li&gt;<br \/>\n&lt;li style=&quot;text-align: justify;&quot;&gt;Minimalus atstumas iki sien\u0173 ir daikt\u0173 vir&amp;scaron;uje, gale, &amp;scaron;one, priekyje (cm): 50;&lt;\/li&gt;<br \/>\n&lt;li style=&quot;text-align: justify;&quot;&gt;Svoris (kg): 3.5.&lt;\/li&gt;<br \/>\n&lt;\/ul&gt;<br \/>\n&lt;p style=&quot;text-align: justify;&quot;&gt;&lt;a class=&quot;catalogue&quot; href=&quot;https:\/\/www.rubisolis.lt\/failai\/files\/produktu%20pdf\/Trotec\/Sausintuvai\/Trotec%20TDS%2020%20P%20instrukcija.pdf&quot; target=&quot;blank&quot;&gt;Download product manual &lt;\/a&gt;&lt;\/p&gt;<\/p>","protected":false},"excerpt":{"rendered":"<p>&lt;p&gt;&lt;strong style=&quot;text-align: justify;&quot;&gt;TDS 20 P elektrinis &amp;scaron;ildytuvas&lt;\/strong&gt;&lt;\/p&gt; &lt;p style=&quot;text-align: justify;&quot;&gt;TDS 20 P elektrinis &amp;scaron;ildytuvas &amp;ndash; tai tvirtas elektrinis &amp;scaron;ildymo \u012frenginys<\/p>","protected":false},"featured_media":25594,"comment_status":"closed","ping_status":"open","template":"","meta":[],"product_brand":[],"product_cat":[23],"product_tag":[535],"class_list":{"0":"post-25592","1":"product","2":"type-product","3":"status-publish","4":"has-post-thumbnail","6":"product_cat-be-kategorijos","7":"product_tag-naujiena","9":"first","10":"onbackorder","11":"taxable","12":"shipping-taxable","13":"product-type-variable"},"_links":{"self":[{"href":"https:\/\/orotech.lt\/en\/wp-json\/wp\/v2\/product\/25592","targetHints":{"allow":["GET"]}}],"collection":[{"href":"https:\/\/orotech.lt\/en\/wp-json\/wp\/v2\/product"}],"about":[{"href":"https:\/\/orotech.lt\/en\/wp-json\/wp\/v2\/types\/product"}],"replies":[{"embeddable":true,"href":"https:\/\/orotech.lt\/en\/wp-json\/wp\/v2\/comments?post=25592"}],"version-history":[{"count":1,"href":"https:\/\/orotech.lt\/en\/wp-json\/wp\/v2\/product\/25592\/revisions"}],"predecessor-version":[{"id":25593,"href":"https:\/\/orotech.lt\/en\/wp-json\/wp\/v2\/product\/25592\/revisions\/25593"}],"wp:featuredmedia":[{"embeddable":true,"href":"https:\/\/orotech.lt\/en\/wp-json\/wp\/v2\/media\/25594"}],"wp:attachment":[{"href":"https:\/\/orotech.lt\/en\/wp-json\/wp\/v2\/media?parent=25592"}],"wp:term":[{"taxonomy":"product_brand","embeddable":true,"href":"https:\/\/orotech.lt\/en\/wp-json\/wp\/v2\/product_brand?post=25592"},{"taxonomy":"product_cat","embeddable":true,"href":"https:\/\/orotech.lt\/en\/wp-json\/wp\/v2\/product_cat?post=25592"},{"taxonomy":"product_tag","embeddable":true,"href":"https:\/\/orotech.lt\/en\/wp-json\/wp\/v2\/product_tag?post=25592"}],"curies":[{"name":"wp","href":"https:\/\/api.w.org\/{rel}","templated":true}]}}