{"id":25617,"date":"2025-09-09T06:55:02","date_gmt":"2025-09-09T06:55:02","guid":{"rendered":"https:\/\/orotech.lt\/halogeninis-infraraudonuju-spinduliu-sildytuvas-varma-top-2\/"},"modified":"2025-09-10T06:10:19","modified_gmt":"2025-09-10T06:10:19","slug":"halogen-infrared-heater-varma-top-2","status":"publish","type":"product","link":"https:\/\/orotech.lt\/en\/halogen-infrared-heater-varma-top-2\/","title":{"rendered":"Halogen infrared heater VARMA TOP"},"content":{"rendered":"<p>&lt;p style=&quot;text-align: justify;&quot;&gt;&lt;span style=&quot;text-align: justify;&quot;&gt;At&amp;scaron;ilus orams \u012fvairios lauko kavin\u0117s ar j\u0173 terasos labai i&amp;scaron;populiar\u0117ja. Ta\u010diau dar apgaulingas pavasario oras ir ne visada kar&amp;scaron;ti vasaros vakarai suteikia nema\u017eai nepatogum\u0173 kavini\u0173 sve\u010diams. Galimas sprendimas &ndash; paprasti ir labai patog\u016bs elektriniai infraraudon\u0173j\u0173 spinduli\u0173 &amp;scaron;ildytuvai VARMA TOP skirti ap&amp;scaron;ildyti erdv\u0119 po sk\u0117\u010diais lauko kavin\u0117se, paviljonuose, lauko terasose, voniose, persirengimo kambariuose, verandose, oran\u017eerijose ir pan. Jie komplektuojami kartu su tvirtinimo elementais skirtais &amp;scaron;ildytuvus tvirtinti ant sienos ir po sk\u0117\u010diais. Paprasta pritaikyti tiek interjere, tiek eksterjere pasirinkus balt\u0105 arba juod\u0105 spalvas.&lt;\/span&gt;&lt;\/p&gt;<br \/>\n&lt;p style=&quot;text-align: justify;&quot;&gt;&lt;strong&gt;ADVANTAGES:&lt;\/strong&gt;&lt;\/p&gt;<br \/>\n&lt;ul&gt;<br \/>\n&lt;li&gt;Profesional\u016bs IR &amp;scaron;ildytuvai, kuri\u0173 kokyb\u0119, efektyvum\u0105 ir funkcionalum\u0105 \u012fvertino &amp;scaron;imtai pramonini\u0173 ir priva\u010di\u0173 klient\u0173 Lietuvoje;&lt;\/li&gt;<br \/>\n&lt;li&gt;Integruoti special\u016bs halogeniniai kaitinimo elementai nereikalauja prie\u017ei\u016bros ir efektyviai &amp;scaron;ildo daugiau nei 7000 valand\u0173;&lt;\/li&gt;<br \/>\n&lt;li&gt;Kei\u010diamas kaitinimo elementas, tad Jums nereik\u0117s pirkti naujo &amp;scaron;ildytuvo elementui nustojus &amp;scaron;ildyti;&lt;\/li&gt;<br \/>\n&lt;li&gt;Efektyviai &amp;scaron;ilum\u0105 reikiamu kampu nukreipiantys reflektoriai pagaminti i&amp;scaron; auk&amp;scaron;\u010diausios kokyb\u0117s med\u017eiag\u0173;&lt;\/li&gt;<br \/>\n&lt;li&gt;&amp;Scaron;ildytuvus naudojant atskir\u0173 zon\u0173 &amp;scaron;ildymui galima sutaupyti iki 70% &amp;scaron;ilumos energijos bei i&amp;scaron;laid\u0173.&amp;nbsp;&lt;\/li&gt;<br \/>\n&lt;\/ul&gt;<br \/>\n&lt;p style=&quot;text-align: justify;&quot;&gt;&lt;strong&gt;Technical information:&lt;\/strong&gt;&lt;\/p&gt;<br \/>\n&lt;ul&gt;<br \/>\n&lt;li style=&quot;text-align: justify;&quot;&gt;&lt;strong&gt;&amp;Scaron;ildymo galia: 1500 W;&lt;\/strong&gt;&lt;\/li&gt;<br \/>\n&lt;li style=&quot;text-align: justify;&quot;&gt;&lt;strong&gt;Ap&amp;scaron;ildomas plotas: iki 15 m&amp;sup2;;&lt;\/strong&gt;&lt;\/li&gt;<br \/>\n&lt;li style=&quot;text-align: justify;&quot;&gt;&lt;strong&gt;IPX5 apsaugos klas\u0117 &ndash; apsauga nuo vandens \u010diurk&amp;scaron;li\u0173;&lt;\/strong&gt;&lt;\/li&gt;<br \/>\n&lt;li style=&quot;text-align: justify;&quot;&gt;&amp;Scaron;ildytuvo korpuso spalva: balta;&lt;\/li&gt;<br \/>\n&lt;li style=&quot;text-align: justify;&quot;&gt;Rekomenduojamas montavimo auk&amp;scaron;tis: 1.9 &#8211; 2 m;&lt;\/li&gt;<br \/>\n&lt;li style=&quot;text-align: justify;&quot;&gt;&amp;Scaron;ildytuvo matmenys: 430 x 80 x 110 mm;&lt;\/li&gt;<br \/>\n&lt;li style=&quot;text-align: justify;&quot;&gt;&amp;Scaron;ildytuvo svoris:&amp;nbsp;1.275 kg.&lt;\/li&gt;<br \/>\n&lt;\/ul&gt;<br \/>\n&lt;p style=&quot;text-align: center;&quot;&gt;&lt;iframe src=&quot;https:\/\/www.youtube.com\/embed\/51svsdPLMvE&quot; frameborder=&quot;0&quot; width=&quot;560&quot; height=&quot;315&quot;&gt;&lt;\/iframe&gt;&lt;\/p&gt;<br \/>\n&lt;p style=&quot;text-align: justify;&quot;&gt;Pasiekti maksimaliam &amp;scaron;ilumos efektui rekomenduojama naudoti kartu su terasos tvorele OASIdehor&amp;reg;, kuri apsaugos Jus ar J\u016bs\u0173 sve\u010dius nuo \u017evarbaus v\u0117jo, garso bei padidins J\u016bs\u0173 lankytoj\u0173 skai\u010di\u0173.&lt;\/p&gt;<br \/>\n&lt;p style=&quot;text-align: justify;&quot;&gt;&lt;a class=&quot;catalogue&quot; href=&quot;https:\/\/www.rubisolis.lt\/failai\/files\/produktu%20pdf\/VARMA%20TOP1500_IPX5%20LT(1).pdf&quot; target=&quot;blank&quot;&gt;Download product manual &lt;\/a&gt;&lt;\/p&gt;<\/p>","protected":false},"excerpt":{"rendered":"<p>&lt;p style=&quot;text-align: justify;&quot;&gt;&lt;span style=&quot;text-align: justify;&quot;&gt;At&amp;scaron;ilus orams \u012fvairios lauko kavin\u0117s ar j\u0173 terasos labai i&amp;scaron;populiar\u0117ja. Ta\u010diau dar apgaulingas pavasario oras ir<\/p>","protected":false},"featured_media":25619,"comment_status":"closed","ping_status":"open","template":"","meta":[],"product_brand":[],"product_cat":[23],"product_tag":[535],"class_list":{"0":"post-25617","1":"product","2":"type-product","3":"status-publish","4":"has-post-thumbnail","6":"product_cat-be-kategorijos","7":"product_tag-naujiena","9":"first","10":"onbackorder","11":"taxable","12":"shipping-taxable","13":"product-type-variable"},"_links":{"self":[{"href":"https:\/\/orotech.lt\/en\/wp-json\/wp\/v2\/product\/25617","targetHints":{"allow":["GET"]}}],"collection":[{"href":"https:\/\/orotech.lt\/en\/wp-json\/wp\/v2\/product"}],"about":[{"href":"https:\/\/orotech.lt\/en\/wp-json\/wp\/v2\/types\/product"}],"replies":[{"embeddable":true,"href":"https:\/\/orotech.lt\/en\/wp-json\/wp\/v2\/comments?post=25617"}],"version-history":[{"count":1,"href":"https:\/\/orotech.lt\/en\/wp-json\/wp\/v2\/product\/25617\/revisions"}],"predecessor-version":[{"id":25618,"href":"https:\/\/orotech.lt\/en\/wp-json\/wp\/v2\/product\/25617\/revisions\/25618"}],"wp:featuredmedia":[{"embeddable":true,"href":"https:\/\/orotech.lt\/en\/wp-json\/wp\/v2\/media\/25619"}],"wp:attachment":[{"href":"https:\/\/orotech.lt\/en\/wp-json\/wp\/v2\/media?parent=25617"}],"wp:term":[{"taxonomy":"product_brand","embeddable":true,"href":"https:\/\/orotech.lt\/en\/wp-json\/wp\/v2\/product_brand?post=25617"},{"taxonomy":"product_cat","embeddable":true,"href":"https:\/\/orotech.lt\/en\/wp-json\/wp\/v2\/product_cat?post=25617"},{"taxonomy":"product_tag","embeddable":true,"href":"https:\/\/orotech.lt\/en\/wp-json\/wp\/v2\/product_tag?post=25617"}],"curies":[{"name":"wp","href":"https:\/\/api.w.org\/{rel}","templated":true}]}}