{"id":25665,"date":"2025-09-09T07:00:03","date_gmt":"2025-09-09T07:00:03","guid":{"rendered":"https:\/\/orotech.lt\/infraraudonuju-spinduliu-sildytuvas-trotec-ir-2010-s-2\/"},"modified":"2025-09-10T06:10:27","modified_gmt":"2025-09-10T06:10:27","slug":"infraraudonuju-spinduliu-sildytuvas-trotec-ir-2010-s-2","status":"publish","type":"product","link":"https:\/\/orotech.lt\/en\/infraraudonuju-spinduliu-sildytuvas-trotec-ir-2010-s-2\/","title":{"rendered":"Infrared heater Trotec IR 2010 S"},"content":{"rendered":"<p><strong>Infrared heater IR 2010 S&nbsp;<\/strong><\/p>\n<p style=\"text-align: justify;\"><em>Up to 2000 W of infrared heat output - with remote control, reduced light emission and 3 heating levels.<\/em><\/p>\n<p style=\"text-align: justify;\">As the days get shorter and the air temperature gets cooler, you inevitably want summer, sun and warmth. Wouldn&#039;t it be nice if you could enjoy summer temperatures outside all year round? With the exclusive infrared heater IR 2010 S, this wish becomes a reality. Modern design, high protection class IP34, with a remote control, 3 heating levels up to 2 kW and low light emissions provide comfort in open outdoor spaces, balconies, terraces, gazebos.&nbsp;&nbsp;<\/p>\n<p style=\"text-align: justify;\">Especially people with allergies and sensitive respiratory tracts will feel the soothing benefits of an infrared heater and will not want to miss it. <strong>Clean and condensation-free instant heat is generated without dust, disturbing sounds and unpleasant odors, unlike electric heaters.&nbsp;<\/strong><\/p>\n<p style=\"text-align: justify;\"><strong>Technical information:<\/strong><\/p>\n<ul>\n<li style=\"text-align: justify;\">\n\t\tMaks. \u0161ildymo&nbsp;galia: 2000 W;<\/li>\n<li style=\"text-align: justify;\">\n\t\t<strong>Protection class: IP34;<\/strong><\/li>\n<li style=\"text-align: justify;\">\n\t\tMaitinimas: 220&ndash;240 V \/ 50&ndash;60 Hz;<\/li>\n<li style=\"text-align: justify;\">\n\t\tPower cable length: 1.8 m;<\/li>\n<li style=\"text-align: justify;\">\n\t\tHeater dimensions: 85x735x155 mm;<\/li>\n<li style=\"text-align: justify;\">\n\t\tHeater weight: 3 kg.<\/li>\n<\/ul>\n<p style=\"text-align: justify;\"><strong>Advantages:<\/strong><\/p>\n<ul>\n<li style=\"text-align: justify;\">\n\t\tHigh-class, modern design body;<\/li>\n<li style=\"text-align: justify;\">\n\t\tInfrared heating without preheating;<\/li>\n<li style=\"text-align: justify;\">\n\t\tEven and precise heat distribution;<\/li>\n<li style=\"text-align: justify;\">\n\t\t3 heating levels: 650 W, 1350 W, 2000 W;<\/li>\n<li style=\"text-align: justify;\">\n\t\tRemote control and on\/off button on the housing;<\/li>\n<li style=\"text-align: justify;\">\n\t\tWeatherproof aluminum;<\/li>\n<li style=\"text-align: justify;\">\n\t\t<strong>Apsaugos klas\u0117 IP 34 &ndash; apsauga nuo kiet\u0173 k\u016bn\u0173, didesni\u0173 nei 2.5mm&nbsp;&nbsp;ir vandens pursl\u0173;<\/strong><\/li>\n<li style=\"text-align: justify;\">\n\t\tReguliuojamas polinkio kampas iki 45&deg;;<\/li>\n<li style=\"text-align: justify;\">\n\t\tSuitable for wall mounting;<\/li>\n<li style=\"text-align: justify;\">\n\t\tEnergy-saving, condensation-free, odorless and silent;<\/li>\n<li style=\"text-align: justify;\">\n\t\tDoes not raise dust, therefore suitable for people with allergies;<\/li>\n<li style=\"text-align: justify;\">\n\t\tSuitable for use on balconies, terraces, gazebos, and open outdoor areas.<\/li>\n<\/ul>\n<p style=\"text-align: justify;\"><a class=\"catalogue\" href=\"\/en\/images\/Userfiles\/www.rubisolis.lt_Halogeninis_infraraudonj_spinduli_sildytuvas_Trotec_IR_2010_S_instrukcija.pdf\/\" target=\"blank\">Download product manual<\/a><\/p>","protected":false},"excerpt":{"rendered":"<p>Infraraudon\u0173j\u0173 spinduli\u0173 \u0161ildytuvas IR 2010 S&nbsp; Iki 2000 W infraraudon\u0173j\u0173 spinduli\u0173 \u0161ilumos galia &#8211; su nuotolinio valdymo pultu, suma\u017einta \u0161viesos<\/p>","protected":false},"featured_media":25667,"comment_status":"closed","ping_status":"open","template":"","meta":[],"product_brand":[],"product_cat":[23],"product_tag":[535],"class_list":{"0":"post-25665","1":"product","2":"type-product","3":"status-publish","4":"has-post-thumbnail","6":"product_cat-be-kategorijos","7":"product_tag-naujiena","9":"first","10":"onbackorder","11":"taxable","12":"shipping-taxable","13":"product-type-variable"},"_links":{"self":[{"href":"https:\/\/orotech.lt\/en\/wp-json\/wp\/v2\/product\/25665","targetHints":{"allow":["GET"]}}],"collection":[{"href":"https:\/\/orotech.lt\/en\/wp-json\/wp\/v2\/product"}],"about":[{"href":"https:\/\/orotech.lt\/en\/wp-json\/wp\/v2\/types\/product"}],"replies":[{"embeddable":true,"href":"https:\/\/orotech.lt\/en\/wp-json\/wp\/v2\/comments?post=25665"}],"version-history":[{"count":1,"href":"https:\/\/orotech.lt\/en\/wp-json\/wp\/v2\/product\/25665\/revisions"}],"predecessor-version":[{"id":25666,"href":"https:\/\/orotech.lt\/en\/wp-json\/wp\/v2\/product\/25665\/revisions\/25666"}],"wp:featuredmedia":[{"embeddable":true,"href":"https:\/\/orotech.lt\/en\/wp-json\/wp\/v2\/media\/25667"}],"wp:attachment":[{"href":"https:\/\/orotech.lt\/en\/wp-json\/wp\/v2\/media?parent=25665"}],"wp:term":[{"taxonomy":"product_brand","embeddable":true,"href":"https:\/\/orotech.lt\/en\/wp-json\/wp\/v2\/product_brand?post=25665"},{"taxonomy":"product_cat","embeddable":true,"href":"https:\/\/orotech.lt\/en\/wp-json\/wp\/v2\/product_cat?post=25665"},{"taxonomy":"product_tag","embeddable":true,"href":"https:\/\/orotech.lt\/en\/wp-json\/wp\/v2\/product_tag?post=25665"}],"curies":[{"name":"wp","href":"https:\/\/api.w.org\/{rel}","templated":true}]}}