{"id":25677,"date":"2025-09-09T07:00:03","date_gmt":"2025-09-09T07:00:03","guid":{"rendered":"https:\/\/orotech.lt\/halogeninis-infraraudonuju-spinduliu-sildytuvas-trotec-ir-2000-c-2\/"},"modified":"2025-09-10T06:10:28","modified_gmt":"2025-09-10T06:10:28","slug":"halogeninis-infraraudonuju-spinduliu-sildytuvas-trotec-ir-2000-c-2","status":"publish","type":"product","link":"https:\/\/orotech.lt\/en\/halogeninis-infraraudonuju-spinduliu-sildytuvas-trotec-ir-2000-c-2\/","title":{"rendered":"Halogen infrared heater Trotec IR 2000 C"},"content":{"rendered":"<p style=\"text-align: justify;\"><img decoding=\"async\" alt=\"\" src=\"\/images\/Userfiles\/www.rubisolis.lt_Infraraudonj_spinduli_sildytuvas_Trotec_IR_2000_C_.jpg\" style=\"width: 1000px; height: 234px;\" title=\"\"><\/p>\n<p style=\"text-align: justify;\"><strong style=\"text-align: justify;\">High quality halogen&nbsp;<\/strong><strong style=\"text-align: justify;\">infrared ceiling outdoor heater Trotec IR 2000 C<\/strong><span style=\"text-align: justify;\">, with two heating levels and a remote control. Perfect for extending evenings on the balcony, terrace or gazebo!<\/span><\/p>\n<p style=\"text-align: justify;\">Elegant, ceiling-mounted&nbsp; <strong>infrared ceiling outdoor heater Trotec IR 2000 C<\/strong>&nbsp;stands out for its great design, weather resistance and high heat output. Whether it&#039;s a balcony, terrace, trade and exhibition stand or even a guest area in a professional catering or hotel business - the Trotec IR 2000 C infrared heater, which is available in two heating levels (1,000 W or 2,000 W), heats covered and uncovered outdoor areas perfectly. In the first heating level of 1,000 W, one or the other heating element can be controlled via the remote control, depending on which side the pleasant heat is to be supplied from. In the second heating level of 2,000 W, both heating elements provide intensive, comfortable heat. The heat is generated immediately after switching on via the remote control or the mains switch. For easy installation, two sturdy steel chains with hanging hooks are included in the ceiling, with which the installation height of the radiant heater can be individually adjusted to the location of use. If necessary, two LED spotlights can be switched on to flood the environment with not only warmth, but also a pleasant atmospheric light. This makes the IR 2000 C heater even more flexible to use.&nbsp;<\/p>\n<p style=\"text-align: justify;\"><strong>Will meet all expectations in catering establishments, restaurants and outdoor terraces<\/strong><\/p>\n<p style=\"text-align: justify;\"><strong>Infrared ceiling outdoor heater Trotec IR 2000 C<\/strong>&nbsp;protected from water according to the IP55 protection class, which is one of the most important indicators required for outdoor areas of public catering establishments. Tightly fitting grilles protect two high-quality halogen infrared tubes (about 5,000 hours of illumination) from curious children&#039;s fingers and accidental touch. The housing of the energy-saving radiant heater is made of silver-colored aluminum with black accents on the sides. Due to its modern design, ease of use (remote control or power switch) and two-stage selectable heat output, the IR 2000 C heater is recommended for use in restaurants, cafes, bars, food carts or events.&nbsp;<\/p>\n<p style=\"text-align: justify;\"><strong>Efficient heat<\/strong><\/p>\n<p style=\"text-align: justify;\">69 cm ilgio infraraudonoj\u0173 spinduli\u0173 lauko \u0161ildytuvas Trotec IR 2000 C&nbsp;spinduliuoja \u0161ilum\u0105 nukreipt\u0105 \u017eemyn ir taip su\u0161ildo iki 15 m&sup2; plot\u0105. Kitaip nei \u012fprasti \u0161ildytuvai, \u0161is pirmiausia ne\u0161ildo aplinkos oro, kuris yra labai neefektyvus, ypa\u010d lauke. Ypa\u010d maloniai juntama infraraudon\u0173j\u0173 spinduli\u0173 \u0161iluma i\u0161 karto sugeriama ir kaupiama odoje. D\u0117l tokio veikimo principo Trotec IR 2000 C \u0161ildytuvas \u0161ildo pastebimai intensyviau ir taupiau nei kitos \u0161ildymo technologijos &ndash;&nbsp;be nemaloni\u0173 kvap\u0173 ir triuk\u0161mo.&nbsp;<\/p>\n<p style=\"text-align: justify;\"><strong>Advantages:<\/strong><\/p>\n<ul>\n<li>\n\t\tInfrared heat without preheating;<\/li>\n<li>\n\t\tHigh-quality halogen infrared tubes (about 5,000 hours of light);<\/li>\n<li>\n\t\tTolygiai jau\u010diama \u0161iluma iki 15 m&sup2; erdv\u0117se;<\/li>\n<li>\n\t\tTwo-stage heating power (1,000 W \/ 2,000 W);<\/li>\n<li>\n\t\tIR remote control;<\/li>\n<li>\n\t\tProtection class IP55 \u2013 professional device, moisture-resistant, resistant to rain from all sides;<\/li>\n<li>\n\t\tProtective mesh against touching heating pipes;<\/li>\n<li>\n\t\tMounting chains with locking hooks for quick and easy ceiling mounting are already included;<\/li>\n<li>\n\t\tElegant body made of high-quality aluminum;<\/li>\n<li>\n\t\tIt does not cause dust, so it is suitable for allergy sufferers.<\/li>\n<\/ul>\n<p style=\"text-align: justify;\"><strong>Technical information:<\/strong><\/p>\n<ul>\n<li>\n\t\tProtection class: IP55;<\/li>\n<li>\n\t\tHeating power: 1000 \/ 2000 W;<\/li>\n<li>\n\t\tAp\u0161ildoma erdv\u0117: iki 15m&sup2;;<\/li>\n<li>\n\t\tHeater dimensions: 385 x 690 x 110 mm;<\/li>\n<li>\n\t\tHeater weight: 5 kg;<\/li>\n<li>\n\t\tPower supply: 220-240V \/ 50-60Hz;<\/li>\n<li>\n\t\tPower cord length: 1.75 m.<\/li>\n<\/ul>\n<p><strong>The package includes:<\/strong><\/p>\n<ul>\n<li>\n\t\tHalogen infrared ceiling outdoor heater Trotec IR 2000 C;&nbsp;<\/li>\n<li>\n\t\tSteel rungs for ceiling mounting;<\/li>\n<li>\n\t\tHanging hooks for ceiling mounting;<\/li>\n<li>\n\t\tRemote control.<\/li>\n<\/ul>\n<p><a class=\"catalogue\" href=\"\/en\/images\/Userfiles\/www.rubisolis.lt_Infraraudonj_spinduli_sildytuvas_Trotec_IR_2000_C.pdf\/\" target=\"blank\">Download product manual<\/a><\/p>","protected":false},"excerpt":{"rendered":"<p>Auk\u0161tos kokyb\u0117s halogeninis&nbsp;infraraudonoj\u0173 spinduli\u0173 lubinis lauko \u0161ildytuvas Trotec IR 2000 C, turintis du \u0161ildymo lygius bei nuotolin\u012f valdymo pultel\u012f. Puikiai<\/p>","protected":false},"featured_media":25679,"comment_status":"closed","ping_status":"open","template":"","meta":[],"product_brand":[],"product_cat":[23],"product_tag":[535],"class_list":{"0":"post-25677","1":"product","2":"type-product","3":"status-publish","4":"has-post-thumbnail","6":"product_cat-be-kategorijos","7":"product_tag-naujiena","9":"first","10":"onbackorder","11":"taxable","12":"shipping-taxable","13":"product-type-variable"},"_links":{"self":[{"href":"https:\/\/orotech.lt\/en\/wp-json\/wp\/v2\/product\/25677","targetHints":{"allow":["GET"]}}],"collection":[{"href":"https:\/\/orotech.lt\/en\/wp-json\/wp\/v2\/product"}],"about":[{"href":"https:\/\/orotech.lt\/en\/wp-json\/wp\/v2\/types\/product"}],"replies":[{"embeddable":true,"href":"https:\/\/orotech.lt\/en\/wp-json\/wp\/v2\/comments?post=25677"}],"version-history":[{"count":1,"href":"https:\/\/orotech.lt\/en\/wp-json\/wp\/v2\/product\/25677\/revisions"}],"predecessor-version":[{"id":25678,"href":"https:\/\/orotech.lt\/en\/wp-json\/wp\/v2\/product\/25677\/revisions\/25678"}],"wp:featuredmedia":[{"embeddable":true,"href":"https:\/\/orotech.lt\/en\/wp-json\/wp\/v2\/media\/25679"}],"wp:attachment":[{"href":"https:\/\/orotech.lt\/en\/wp-json\/wp\/v2\/media?parent=25677"}],"wp:term":[{"taxonomy":"product_brand","embeddable":true,"href":"https:\/\/orotech.lt\/en\/wp-json\/wp\/v2\/product_brand?post=25677"},{"taxonomy":"product_cat","embeddable":true,"href":"https:\/\/orotech.lt\/en\/wp-json\/wp\/v2\/product_cat?post=25677"},{"taxonomy":"product_tag","embeddable":true,"href":"https:\/\/orotech.lt\/en\/wp-json\/wp\/v2\/product_tag?post=25677"}],"curies":[{"name":"wp","href":"https:\/\/api.w.org\/{rel}","templated":true}]}}