{"id":25689,"date":"2025-09-09T07:00:03","date_gmt":"2025-09-09T07:00:03","guid":{"rendered":"https:\/\/orotech.lt\/anglies-pluosto-infraraudonuju-spinduliu-sildytuvas-veito-space-s-2\/"},"modified":"2025-09-10T06:10:28","modified_gmt":"2025-09-10T06:10:28","slug":"anglies-pluosto-infraraudonuju-spinduliu-sildytuvas-veito-space-s-2","status":"publish","type":"product","link":"https:\/\/orotech.lt\/en\/anglies-pluosto-infraraudonuju-spinduliu-sildytuvas-veito-space-s-2\/","title":{"rendered":"Carbon fiber infrared heater Veito Space S"},"content":{"rendered":"<p>&lt;p style=&quot;text-align: justify;&quot;&gt;&lt;img style=&quot;width: 1000px; height: 300px;&quot; src=&quot;\/images\/Userfiles\/www.rubisolis.lt_IR_sildytuvas_Veito_Space_S_.jpg&quot; alt=&quot;&quot; \/&gt;&lt;\/p&gt;<br \/>\n&lt;p style=&quot;text-align: justify;&quot;&gt;Stylish black color&amp;nbsp;&lt;strong&gt;infraraudon\u0173j\u0173 spinduli\u0173 &amp;scaron;ildytuvas Veito Space S &lt;\/strong&gt;d\u017eiugins malonia &amp;scaron;iluma&lt;strong&gt;&amp;nbsp;&lt;\/strong&gt;tiek namuose, tiek vidaus patalpose. Tvirtas korpusas, ner\u016bdijan\u010dio plieno,&amp;nbsp;nuda\u017eyto auk&amp;scaron;toje temperat\u016broje,&amp;nbsp;priekinis skydelis ir pagal IP44 apsaugos klas\u0119 vandeniui atspari konstrukcija garantuos ilgaam\u017e\u012f ir patikim\u0105 \u012frangos naudojim\u0105. &lt;strong&gt;Infraraudon\u0173j\u0173 spinduli\u0173 &amp;scaron;ildytuvas Veito Space S&lt;\/strong&gt;&amp;nbsp;puikiai tinka naudoti namuose, komercin\u0117se patalpose, lauko terasose, restoranuose ir t.t.&amp;nbsp;IR &amp;scaron;ildytuvas Veito Space S yra maksimalios 2500W galios ir gali b\u016bti tvirtinamas tiek prie sienos, tiek prie lub\u0173. \u012e komplektacij\u0105 \u012feinantis nuotolinio valdymo pultelis leis &amp;scaron;ildytuv\u0105 valdyti pakankamai dideliu atstumu.&lt;\/p&gt;<br \/>\n&lt;p style=&quot;text-align: justify;&quot;&gt;&lt;strong&gt;Advantages:&lt;\/strong&gt;&lt;\/p&gt;<br \/>\n&lt;ul&gt;<br \/>\n&lt;li&gt;Profesional\u016bs IR &amp;scaron;ildytuvai, kuri\u0173 kokyb\u0119, efektyvum\u0105, i&amp;scaron;skirtin\u012f dizain\u0105 ir funkcionalum\u0105 \u012fvertino &amp;scaron;imtai pramonini\u0173 ir priva\u010di\u0173 klient\u0173 Lietuvoje;&lt;\/li&gt;<br \/>\n&lt;li&gt;Integruotas specialios konstrukcijos anglies pluo&amp;scaron;to kaitinimo elementas, kuris veikia ne trumpiau nei 10 000 valand\u0173. Gamintojas jam suteikia garantij\u0105;&lt;\/li&gt;<br \/>\n&lt;li&gt;Kei\u010diamas kaitinimo elementas, tad Jums nereik\u0117s pirkti naujo &amp;scaron;ildytuvo elementui nustojus &amp;scaron;ildyti;&lt;\/li&gt;<br \/>\n&lt;li&gt;Efektyviai &amp;scaron;ilum\u0105 reikiamu kampu nukreipiantys reflektoriai pagaminti i&amp;scaron; auk&amp;scaron;\u010diausios kokyb\u0117s med\u017eiag\u0173;&lt;\/li&gt;<br \/>\n&lt;li&gt;&amp;Scaron;ildytuvus naudojant atskir\u0173 zon\u0173 &amp;scaron;ildymui galima sutaupyti iki 70% &amp;scaron;ilumos energijos bei i&amp;scaron;laid\u0173;&lt;\/li&gt;<br \/>\n&lt;li&gt;Ner\u016bdijan\u010diojo plieno priekinis skydelis. Joki\u0173 plastikini\u0173 detali\u0173!&lt;\/li&gt;<br \/>\n&lt;li&gt;Nuotolinis valdymas su pulteliu (\u012f komplektacij\u0105 \u012feina);&lt;\/li&gt;<br \/>\n&lt;li&gt;Du veikimo lygiai;&lt;\/li&gt;<br \/>\n&lt;li&gt;Apsauga nuo apvirtimo;&lt;\/li&gt;<br \/>\n&lt;li&gt;Galimyb\u0117 naudoti vertikaliai ir horizontaliai;&lt;\/li&gt;<br \/>\n&lt;li&gt;IP44 oro s\u0105lygoms atspari konstrukcija;&lt;\/li&gt;<br \/>\n&lt;li&gt;Skaitmeninis termostatas;&lt;\/li&gt;<br \/>\n&lt;li&gt;Miego re\u017eimas;&lt;\/li&gt;<br \/>\n&lt;li&gt;Apsauga nuo virus\u0173.&lt;\/li&gt;<br \/>\n&lt;\/ul&gt;<br \/>\n&lt;p style=&quot;text-align: justify;&quot;&gt;&lt;strong&gt;Technical information:&lt;\/strong&gt;&lt;\/p&gt;<br \/>\n&lt;ul&gt;<br \/>\n&lt;li&gt;&amp;Scaron;ildymo galia: 1250W (1 lygiu), 2500W (2 lygiu);&lt;\/li&gt;<br \/>\n&lt;li&gt;Apsaugos klas\u0117: IP44;&lt;\/li&gt;<br \/>\n&lt;li&gt;Ap&amp;scaron;ildomas plotas: 25 m&amp;sup2;;&lt;\/li&gt;<br \/>\n&lt;li&gt;\u012etampa: AC 220-240 V 50\/60 Hz;&lt;\/li&gt;<br \/>\n&lt;li&gt;I&amp;scaron;matavimai:&amp;nbsp;980&amp;nbsp;x 165 x 80 mm;&lt;\/li&gt;<br \/>\n&lt;li&gt;Svoris: 4 kg;&lt;\/li&gt;<br \/>\n&lt;li&gt;&amp;Scaron;ildymo elemento gyvavimo trukm\u0117 10000 h;&lt;\/li&gt;<br \/>\n&lt;li&gt;Tinka montavimui ant sien\u0173 ir ant lub\u0173;&lt;\/li&gt;<br \/>\n&lt;li&gt;Tinka naudojimui viduje ir lauke.&lt;\/li&gt;<br \/>\n&lt;\/ul&gt;<br \/>\n&lt;p&gt;&lt;strong&gt;The package includes:&lt;\/strong&gt;&lt;\/p&gt;<br \/>\n&lt;ul&gt;<br \/>\n&lt;li&gt;Anglies pluo&amp;scaron;to infraraudon\u0173j\u0173 spinduli\u0173 &amp;scaron;ildytuvas Veito Space S;&lt;\/li&gt;<br \/>\n&lt;li&gt;Nuotolinio valdymo pultas;&lt;\/li&gt;<br \/>\n&lt;li&gt;Tvirtinimo detal\u0117s.&lt;\/li&gt;<br \/>\n&lt;\/ul&gt;<br \/>\n&lt;p style=&quot;text-align: center;&quot;&gt;&lt;iframe src=&quot;https:\/\/www.youtube.com\/embed\/mNTmvoS6GP8?si=buymymNUZvgbN5DN&quot; frameborder=&quot;0&quot; width=&quot;560&quot; height=&quot;315&quot;&gt;&lt;\/iframe&gt;&lt;\/p&gt;<br \/>\n&lt;p style=&quot;text-align: justify;&quot;&gt;&lt;a class=&quot;catalogue&quot; href=&quot;\/en\/images\/Userfiles\/www.rubisolis.lt_sildytuvas_IR_Veito_Space_S.pdf\/&quot; target=&quot;blank&quot;&gt;Download product manual &lt;\/a&gt;&lt;\/p&gt;<\/p>","protected":false},"excerpt":{"rendered":"<p>&lt;p style=&quot;text-align: justify;&quot;&gt;&lt;img style=&quot;width: 1000px; height: 300px;&quot; src=&quot;\/images\/Userfiles\/www.rubisolis.lt_IR_sildytuvas_Veito_Space_S_.jpg&quot; alt=&quot;&quot; \/&gt;&lt;\/p&gt; &lt;p style=&quot;text-align: justify;&quot;&gt;Stylish black color&amp;nbsp;&lt;strong&gt;infraraudon\u0173j\u0173 spinduli\u0173 &amp;scaron;ildytuvas Veito Space S<\/p>","protected":false},"featured_media":0,"comment_status":"closed","ping_status":"open","template":"","meta":[],"product_brand":[],"product_cat":[23],"product_tag":[535],"class_list":{"0":"post-25689","1":"product","2":"type-product","3":"status-publish","5":"product_cat-be-kategorijos","6":"product_tag-naujiena","8":"first","9":"onbackorder","10":"taxable","11":"shipping-taxable","12":"product-type-variable"},"_links":{"self":[{"href":"https:\/\/orotech.lt\/en\/wp-json\/wp\/v2\/product\/25689","targetHints":{"allow":["GET"]}}],"collection":[{"href":"https:\/\/orotech.lt\/en\/wp-json\/wp\/v2\/product"}],"about":[{"href":"https:\/\/orotech.lt\/en\/wp-json\/wp\/v2\/types\/product"}],"replies":[{"embeddable":true,"href":"https:\/\/orotech.lt\/en\/wp-json\/wp\/v2\/comments?post=25689"}],"version-history":[{"count":1,"href":"https:\/\/orotech.lt\/en\/wp-json\/wp\/v2\/product\/25689\/revisions"}],"predecessor-version":[{"id":25690,"href":"https:\/\/orotech.lt\/en\/wp-json\/wp\/v2\/product\/25689\/revisions\/25690"}],"wp:attachment":[{"href":"https:\/\/orotech.lt\/en\/wp-json\/wp\/v2\/media?parent=25689"}],"wp:term":[{"taxonomy":"product_brand","embeddable":true,"href":"https:\/\/orotech.lt\/en\/wp-json\/wp\/v2\/product_brand?post=25689"},{"taxonomy":"product_cat","embeddable":true,"href":"https:\/\/orotech.lt\/en\/wp-json\/wp\/v2\/product_cat?post=25689"},{"taxonomy":"product_tag","embeddable":true,"href":"https:\/\/orotech.lt\/en\/wp-json\/wp\/v2\/product_tag?post=25689"}],"curies":[{"name":"wp","href":"https:\/\/api.w.org\/{rel}","templated":true}]}}