{"id":25730,"date":"2025-09-09T07:05:02","date_gmt":"2025-09-09T07:05:02","guid":{"rendered":"https:\/\/orotech.lt\/halogeninis-infraraudonuju-spinduliu-sildytuvas-varma-ecowrn-7-2\/"},"modified":"2025-09-10T06:10:33","modified_gmt":"2025-09-10T06:10:33","slug":"halogeninis-infraraudonuju-spinduliu-sildytuvas-varma-ecowrn-7-2","status":"publish","type":"product","link":"https:\/\/orotech.lt\/en\/halogeninis-infraraudonuju-spinduliu-sildytuvas-varma-ecowrn-7-2\/","title":{"rendered":"Halogen infrared heater Varma ECOWRN\/7"},"content":{"rendered":"<p>&lt;p style=&quot;text-align: justify;&quot;&gt;Kompakti&amp;scaron;kas&amp;nbsp;&lt;strong&gt;elektrinis&amp;nbsp;infraraudon\u0173j\u0173 spinduli\u0173&amp;nbsp;&amp;scaron;ildytuvai &lt;\/strong&gt;ECOWRN\/7 skirti atviriems plotams ap&amp;scaron;ildyti:&amp;nbsp;sand\u0117liams, arklid\u0117ms, dirbtuv\u0117ms ir kt. &amp;Scaron;ie infraraudon\u0173j\u0173 spinduli\u0173 &amp;scaron;ildytuvai atspar\u016bs vandeniui ir dulk\u0117ms, tod\u0117l juos galima naudoti ypa\u010d&amp;nbsp;sud\u0117tingomis s\u0105lygomis.&amp;nbsp;&amp;Scaron;is modelis yra kabinamas ant sienos, tod\u0117l jo &lt;strong&gt;confirmation&lt;\/strong&gt; is very &lt;strong&gt;simple&lt;\/strong&gt; and cheap.&amp;nbsp;&lt;strong&gt;Perfect for use in wet rooms, protection class IP54.&lt;\/strong&gt;&lt;\/p&gt;<br \/>\n&lt;p style=&quot;text-align: center;&quot;&gt;&lt;iframe src=&quot;https:\/\/www.youtube.com\/embed\/eUj-9i3Zsv8&quot; frameborder=&quot;0&quot; width=&quot;560&quot; height=&quot;315&quot;&gt;&lt;\/iframe&gt;&lt;\/p&gt;<\/p>","protected":false},"excerpt":{"rendered":"<p>&lt;p style=&quot;text-align: justify;&quot;&gt;Kompakti&amp;scaron;kas&amp;nbsp;&lt;strong&gt;elektrinis&amp;nbsp;infraraudon\u0173j\u0173 spinduli\u0173&amp;nbsp;&amp;scaron;ildytuvai &lt;\/strong&gt;ECOWRN\/7 skirti atviriems plotams ap&amp;scaron;ildyti:&amp;nbsp;sand\u0117liams, arklid\u0117ms, dirbtuv\u0117ms ir kt. &amp;Scaron;ie infraraudon\u0173j\u0173 spinduli\u0173 &amp;scaron;ildytuvai atspar\u016bs vandeniui ir<\/p>","protected":false},"featured_media":25732,"comment_status":"closed","ping_status":"open","template":"","meta":[],"product_brand":[],"product_cat":[23],"product_tag":[535],"class_list":{"0":"post-25730","1":"product","2":"type-product","3":"status-publish","4":"has-post-thumbnail","6":"product_cat-be-kategorijos","7":"product_tag-naujiena","9":"first","10":"onbackorder","11":"taxable","12":"shipping-taxable","13":"product-type-variable"},"_links":{"self":[{"href":"https:\/\/orotech.lt\/en\/wp-json\/wp\/v2\/product\/25730","targetHints":{"allow":["GET"]}}],"collection":[{"href":"https:\/\/orotech.lt\/en\/wp-json\/wp\/v2\/product"}],"about":[{"href":"https:\/\/orotech.lt\/en\/wp-json\/wp\/v2\/types\/product"}],"replies":[{"embeddable":true,"href":"https:\/\/orotech.lt\/en\/wp-json\/wp\/v2\/comments?post=25730"}],"version-history":[{"count":1,"href":"https:\/\/orotech.lt\/en\/wp-json\/wp\/v2\/product\/25730\/revisions"}],"predecessor-version":[{"id":25731,"href":"https:\/\/orotech.lt\/en\/wp-json\/wp\/v2\/product\/25730\/revisions\/25731"}],"wp:featuredmedia":[{"embeddable":true,"href":"https:\/\/orotech.lt\/en\/wp-json\/wp\/v2\/media\/25732"}],"wp:attachment":[{"href":"https:\/\/orotech.lt\/en\/wp-json\/wp\/v2\/media?parent=25730"}],"wp:term":[{"taxonomy":"product_brand","embeddable":true,"href":"https:\/\/orotech.lt\/en\/wp-json\/wp\/v2\/product_brand?post=25730"},{"taxonomy":"product_cat","embeddable":true,"href":"https:\/\/orotech.lt\/en\/wp-json\/wp\/v2\/product_cat?post=25730"},{"taxonomy":"product_tag","embeddable":true,"href":"https:\/\/orotech.lt\/en\/wp-json\/wp\/v2\/product_tag?post=25730"}],"curies":[{"name":"wp","href":"https:\/\/api.w.org\/{rel}","templated":true}]}}