{"id":25770,"date":"2025-09-09T07:05:02","date_gmt":"2025-09-09T07:05:02","guid":{"rendered":"https:\/\/orotech.lt\/halogeniniai-infraraudonuju-spinduliu-sildytuvai-varma-v400-2v-2\/"},"modified":"2025-09-10T06:10:37","modified_gmt":"2025-09-10T06:10:37","slug":"halogeniniai-infraraudonuju-spinduliu-sildytuvai-varma-v400-2v-2","status":"publish","type":"product","link":"https:\/\/orotech.lt\/en\/halogeniniai-infraraudonuju-spinduliu-sildytuvai-varma-v400-2v-2\/","title":{"rendered":"Halogen infrared heaters VARMA V400 2V"},"content":{"rendered":"<p>&lt;p style=&quot;text-align: justify;&quot;&gt;&lt;strong style=&quot;text-align: justify;&quot;&gt;IPX5 protection class&lt;\/strong&gt;&lt;span style=&quot;text-align: justify;&quot;&gt; halogeniniai infraraudon\u0173j\u0173 spinduli\u0173 &amp;scaron;ildytuvai VARMA V400 skirti komercin\u0117ms, pramonin\u0117ms, gamybin\u0117ms, prekybos ir aptarnavimo patalpoms, laboratorijoms, ba\u017eny\u010dioms ir sporto sal\u0117ms &amp;scaron;ildyti. Taip pat tinka naudoti lauke, po stogeliu, terasose, pav\u0117sin\u0117se ir pan.&lt;\/span&gt;&lt;\/p&gt;<br \/>\n&lt;p style=&quot;text-align: justify;&quot;&gt;&lt;strong&gt;ADVANTAGES:&lt;\/strong&gt;&lt;\/p&gt;<br \/>\n&lt;ul&gt;<br \/>\n&lt;li&gt;Profesional\u016bs IR &amp;scaron;ildytuvai, kuri\u0173 kokyb\u0119, efektyvum\u0105 ir funkcionalum\u0105 \u012fvertino &amp;scaron;imtai pramonini\u0173 ir priva\u010di\u0173 klient\u0173 Lietuvoje;&lt;\/li&gt;<br \/>\n&lt;li&gt;Integruoti special\u016bs halogeniniai kaitinimo elementai nereikalauja prie\u017ei\u016bros ir efektyviai &amp;scaron;ildo daugiau nei 7000 valand\u0173;&lt;\/li&gt;<br \/>\n&lt;li&gt;Kei\u010diamas kaitinimo elementas, tad Jums nereik\u0117s pirkti naujo &amp;scaron;ildytuvo elementui nustojus &amp;scaron;ildyti;&lt;\/li&gt;<br \/>\n&lt;li&gt;Efektyviai &amp;scaron;ilum\u0105 reikiamu kampu nukreipiantys reflektoriai pagaminti i&amp;scaron; auk&amp;scaron;\u010diausios kokyb\u0117s med\u017eiag\u0173;&lt;\/li&gt;<br \/>\n&lt;li&gt;&amp;Scaron;ildytuvus naudojant atskir\u0173 zon\u0173 &amp;scaron;ildymui galima sutaupyti iki 70% &amp;scaron;ilumos energijos bei i&amp;scaron;laid\u0173.&amp;nbsp;&lt;\/li&gt;<br \/>\n&lt;\/ul&gt;<br \/>\n&lt;p style=&quot;text-align: justify;&quot;&gt;&lt;strong&gt;Technical information:&lt;\/strong&gt;&lt;\/p&gt;<br \/>\n&lt;ul&gt;<br \/>\n&lt;li style=&quot;text-align: justify;&quot;&gt;&lt;strong&gt;&amp;Scaron;ildytuv\u0173 galingumai (max): 3000 \/ 4000 W;&lt;\/strong&gt;&lt;\/li&gt;<br \/>\n&lt;li style=&quot;text-align: justify;&quot;&gt;&lt;strong&gt;Ap&amp;scaron;ildomas plotas (max): 28&amp;ndash;30 m&amp;sup2;;&lt;\/strong&gt;&lt;\/li&gt;<br \/>\n&lt;li style=&quot;text-align: justify;&quot;&gt;&lt;strong&gt;IPX5 apsaugos klas\u0117 &ndash; apsauga nuo vandens \u010diurk&amp;scaron;li\u0173;&lt;\/strong&gt;&lt;\/li&gt;<br \/>\n&lt;li style=&quot;text-align: justify;&quot;&gt;&amp;Scaron;ildytuv\u0173 spalvos:&amp;nbsp; \u017d\u0117ru\u010dio gele\u017eies pilka \/ RAL 1013 balta;&lt;\/li&gt;<br \/>\n&lt;li style=&quot;text-align: justify;&quot;&gt;&amp;Scaron;ildytuv\u0173 laid\u0173 ilgiai: 2&#215;1.5 m;&lt;\/li&gt;<br \/>\n&lt;li style=&quot;text-align: justify;&quot;&gt;&amp;Scaron;ildytuv\u0173 rekomenduojamas montavimo auk&amp;scaron;tis: 3&amp;ndash;3.5 m;&lt;\/li&gt;<br \/>\n&lt;li style=&quot;text-align: justify;&quot;&gt;&amp;Scaron;ildytuv\u0173 matmenys: 400 x 130 x 350 mm;&lt;\/li&gt;<br \/>\n&lt;li style=&quot;text-align: justify;&quot;&gt;&amp;Scaron;ildytuv\u0173 svoris: 5 kg.&lt;\/li&gt;<br \/>\n&lt;\/ul&gt;<br \/>\n&lt;p style=&quot;text-align: center;&quot;&gt;&lt;iframe src=&quot;https:\/\/www.youtube.com\/embed\/51svsdPLMvE&quot; frameborder=&quot;0&quot; width=&quot;560&quot; height=&quot;315&quot;&gt;&lt;\/iframe&gt;&lt;\/p&gt;<br \/>\n&lt;p style=&quot;text-align: justify;&quot;&gt;Puikiai tinka atskir\u0173 darbo zon\u0173 &amp;scaron;ildymui didel\u0117se ir blogai izoliuotose patalpose. Taip pat &amp;scaron;iuos &amp;scaron;ildytuvus galima naudoti gamyboje, siekiant pagreitinti da\u017e\u0173, klij\u0173, glaist\u0173 d\u017ei\u016bvimo laik\u0105. VARMA 400 &amp;scaron;ildytuvus labai lengva priderinti prie patalpos interjero (pavyzd\u017eiui ba\u017eny\u010diose).&lt;\/p&gt;<br \/>\n&lt;p style=&quot;text-align: justify;&quot;&gt;&lt;a class=&quot;catalogue&quot; href=&quot;https:\/\/www.rubisolis.lt\/failai\/files\/produktu%20pdf\/VARMA_400_IPX5_1500-2000w%20LT%20_nauja_.pdf&quot; target=&quot;blank&quot;&gt;Download product manual &lt;\/a&gt;&lt;\/p&gt;<\/p>","protected":false},"excerpt":{"rendered":"<p>&lt;p style=&quot;text-align: justify;&quot;&gt;&lt;strong style=&quot;text-align: justify;&quot;&gt;IPX5 protection class&lt;\/strong&gt;&lt;span style=&quot;text-align: justify;&quot;&gt; halogeniniai infraraudon\u0173j\u0173 spinduli\u0173 &amp;scaron;ildytuvai VARMA V400 skirti komercin\u0117ms, pramonin\u0117ms, gamybin\u0117ms, prekybos<\/p>","protected":false},"featured_media":25772,"comment_status":"closed","ping_status":"open","template":"","meta":[],"product_brand":[],"product_cat":[23],"product_tag":[535],"class_list":{"0":"post-25770","1":"product","2":"type-product","3":"status-publish","4":"has-post-thumbnail","6":"product_cat-be-kategorijos","7":"product_tag-naujiena","9":"first","10":"onbackorder","11":"taxable","12":"shipping-taxable","13":"product-type-variable"},"_links":{"self":[{"href":"https:\/\/orotech.lt\/en\/wp-json\/wp\/v2\/product\/25770","targetHints":{"allow":["GET"]}}],"collection":[{"href":"https:\/\/orotech.lt\/en\/wp-json\/wp\/v2\/product"}],"about":[{"href":"https:\/\/orotech.lt\/en\/wp-json\/wp\/v2\/types\/product"}],"replies":[{"embeddable":true,"href":"https:\/\/orotech.lt\/en\/wp-json\/wp\/v2\/comments?post=25770"}],"version-history":[{"count":1,"href":"https:\/\/orotech.lt\/en\/wp-json\/wp\/v2\/product\/25770\/revisions"}],"predecessor-version":[{"id":25771,"href":"https:\/\/orotech.lt\/en\/wp-json\/wp\/v2\/product\/25770\/revisions\/25771"}],"wp:featuredmedia":[{"embeddable":true,"href":"https:\/\/orotech.lt\/en\/wp-json\/wp\/v2\/media\/25772"}],"wp:attachment":[{"href":"https:\/\/orotech.lt\/en\/wp-json\/wp\/v2\/media?parent=25770"}],"wp:term":[{"taxonomy":"product_brand","embeddable":true,"href":"https:\/\/orotech.lt\/en\/wp-json\/wp\/v2\/product_brand?post=25770"},{"taxonomy":"product_cat","embeddable":true,"href":"https:\/\/orotech.lt\/en\/wp-json\/wp\/v2\/product_cat?post=25770"},{"taxonomy":"product_tag","embeddable":true,"href":"https:\/\/orotech.lt\/en\/wp-json\/wp\/v2\/product_tag?post=25770"}],"curies":[{"name":"wp","href":"https:\/\/api.w.org\/{rel}","templated":true}]}}