{"id":25816,"date":"2025-09-09T07:15:14","date_gmt":"2025-09-09T07:15:14","guid":{"rendered":"https:\/\/orotech.lt\/kondensacinis-oro-sausintuvas-trotec-ttk-96-e-2\/"},"modified":"2025-09-10T06:10:43","modified_gmt":"2025-09-10T06:10:43","slug":"condensing-air-dryer-trotec-ttk-96-e-2","status":"publish","type":"product","link":"https:\/\/orotech.lt\/en\/condensing-air-dryer-trotec-ttk-96-e-2\/","title":{"rendered":"Condensing air dryer Trotec TTK 96 E"},"content":{"rendered":"<p><strong>Jau daugiau nei 500 patenkint\u0173 klient\u0173!<\/strong><\/p>\n<p style=\"text-align: justify;\"><em>Modern technology with timeless design.<\/em><\/p>\n<p style=\"text-align: justify;\"><span style=\"text-align: justify;\">This <strong>dehumidifier<\/strong> &ndash; dr\u0117gm\u0117s surink\u0117jas Trotec TTK 96 E pasi\u017eymi specialiomis ypatyb\u0117mis, daran\u010diomis j\u012f i\u0161skirtiniu. Trotec TTK 96 E komplektuojamas su specialia itin patogia funkcija, kuri leid\u017eia lengvai sukurti ideal\u0173 patalpos klimat\u0105.&nbsp;<\/span>Most dehumidifiers allow you to select a desired humidity level, expressed as a percentage, that the device must achieve when dehumidifying the air in a room. But who really knows what the best relative humidity level is at a given temperature? <strong>Air dehumidifier<\/strong> &ndash; dr\u0117gm\u0117s surink\u0117jas Trotec TTK 96 E tai nustato nuolat ir optimaliai reguliuoja dr\u0117gm\u0117s parametrus patalpoje. Tereikia paspausti mygtuk\u0105 ir prietaisas automati\u0161kai sureguliuoja dr\u0117gm\u0117s vert\u0119 iki tinkamo lygio, atsi\u017evelgiant \u012f patalpos temperat\u016br\u0105. \u0160ios patogios funkcijos d\u0117ka <strong>dehumidifier<\/strong> The Trotec TTK 96 E is the ideal solution for anyone who appreciates exceptional comfort, expressive design and a good price-performance ratio. In addition, the device also has a hydrostatically controlled automatic dehumidification function. To use it, you must set the desired humidity value in advance. If this value is exceeded, <strong>dehumidifier<\/strong> automatically turns on and off again, saving energy, when the desired set point is reached.<\/p>\n<p style=\"text-align: justify;\">In addition, this dehumidifier comes with all the comfort-class features as standard: a timer, two-stage fan, spill protection and automatic switch-off function and an easily removable and washable air filter. This extensive list of features is rounded off by a drain connection, which allows the device to be operated without maintenance and continuously. The robust and compact dehumidifier is powered by a dehumidification capacity of up to 30 liters per day. The Trotec TTK 96 E has a hydrostatically controlled automatic dehumidification function, which allows you to pre-select the desired humidity value that the device should achieve. This <strong>dehumidifier<\/strong> Trotec TTK 96 E gali sausinti patalpas nuo 70 iki 120 m&sup2;&nbsp;dyd\u017eio.<\/p>\n<p style=\"text-align: justify;\">In addition, <strong>dehumidifier<\/strong> &ndash; dr\u0117gm\u0117s surink\u0117jas Trotec TTK 96 E turi speciali\u0105 komforti\u0161k\u0105 funkcij\u0105. Paspaudus Comfort mygtuk\u0105, \u012fjungiama funkcija, leid\u017eianti hidrostatui reguliuoti dr\u0117gm\u0117s vert\u0119 priklausomai nuo patalpos temperat\u016bros, kad b\u016bt\u0173 pasiektas komforti\u0161kiausias dr\u0117gm\u0117s lygis. To rezultatas yra visuomet optimalus vidaus patalp\u0173 klimatas!<br \/>\n\t&nbsp;<\/p>\n<p style=\"text-align: center;\"><img decoding=\"async\" alt=\"\" src=\"\/failai\/files\/ikonos\/produkt\u0173 savyb\u0117s\/GS-SGS.jpg\" style=\"width: 189px; height: 150px;\" title=\"\"><strong><img decoding=\"async\" alt=\"\" src=\"\/failai\/files\/ikonos\/produkt\u0173 savyb\u0117s\/vokieciu veliava.png\" style=\"width: 150px; height: 150px;\" title=\"\"><\/strong><\/p>\n<p><strong>Technical information:<\/strong><\/p>\n<ul>\n<li>\n\t\tTinkamas patalp\u0173 dyd\u017eiui: 70-120 m&sup2;;<\/li>\n<li>\n\t\tMoisture absorption: up to 30 l \/ 24 h;<\/li>\n<li>\n\t\tMaximum air flow: 210 m<sup>3<\/sup>\/h;<\/li>\n<li>\n\t\tCondensate capacity: 3 l;<\/li>\n<li>\n\t\tDarbo temperat\u016bros intervalas:&nbsp;nuo 5 &deg;C&nbsp;iki 35 &deg;C;<\/li>\n<li>\n\t\tWorking humidity range: 30-100 % RH;<\/li>\n<li>\n\t\tRated current: 2.5 A;<\/li>\n<li>\n\t\tPower: 460 W;<\/li>\n<li>\n\t\tPower supply: 230V\/50Hz;<\/li>\n<li>\n\t\tLaido ilgis:&nbsp;1.6&nbsp;m;<\/li>\n<li>\n\t\tSound level (at 1 m): 52 dB(A)<\/li>\n<li>\n\t\tI\u0161matavimai (IxPxA): 260 x 386&nbsp;x 500 mm;<\/li>\n<li>\n\t\tWeight: 15.3 kg.<\/li>\n<\/ul>\n<p><strong>Advantages:<\/strong><\/p>\n<ul>\n<li>\n\t\tExtremely easy to operate;<\/li>\n<li>\n\t\tComfort mode for automatic humidity control based on temperature to achieve an optimal, constant room climate;<\/li>\n<li>\n\t\tFunction of displaying current humidity values;<\/li>\n<li>\n\t\tLaundry drying mode;<\/li>\n<li>\n\t\tFilter cleaning indicator.<\/li>\n<li>\n\t\tHydrostatic control with real humidity value selection function;<\/li>\n<li>\n\t\tFully automatic or continuous operation function is selectable;<\/li>\n<li>\n\t\tFilling level warning function (light) informing that the water tank is full;<\/li>\n<li>\n\t\tCord winding function;<\/li>\n<li>\n\t\tComfort function;<\/li>\n<li>\n\t\tTimer function;<\/li>\n<li>\n\t\tTwo-level fan;<\/li>\n<li>\n\t\tAutomatic shut-off function to prevent spills;<\/li>\n<li>\n\t\tDrainage connection for continuous drainage.<\/li>\n<\/ul>\n<p><strong>How to choose the right dehumidifier?<\/strong><\/p>\n<p style=\"text-align: center;\"><iframe allow=\"accelerometer; autoplay; clipboard-write; encrypted-media; gyroscope; picture-in-picture\" allowfullscreen=\"\" frameborder=\"0\" height=\"315\" src=\"https:\/\/www.youtube.com\/embed\/tSzxl8Kv850\" title=\"YouTube video player\" width=\"560\"><\/iframe><\/p>\n<p style=\"text-align: justify;\">&nbsp;<\/p>\n<p><a class=\"catalogue\" href=\"https:\/\/www.rubisolis.lt\/\/failai\/files\/produktu%20pdf\/TTK96E_TTK127E_instrukcija_LT(1).pdf\" target=\"blank\" rel=\"nofollow noopener\">Download product manual <\/a><\/p>","protected":false},"excerpt":{"rendered":"<p>Jau daugiau nei 500 patenkint\u0173 klient\u0173! \u0160iuolaikin\u0117s technologijos su nesenstan\u010diu dizainu. \u0160is oro sausintuvas &ndash; dr\u0117gm\u0117s surink\u0117jas Trotec TTK 96<\/p>","protected":false},"featured_media":25818,"comment_status":"closed","ping_status":"open","template":"","meta":[],"product_brand":[],"product_cat":[23],"product_tag":[535],"class_list":{"0":"post-25816","1":"product","2":"type-product","3":"status-publish","4":"has-post-thumbnail","6":"product_cat-be-kategorijos","7":"product_tag-naujiena","9":"first","10":"onbackorder","11":"taxable","12":"shipping-taxable","13":"product-type-variable"},"_links":{"self":[{"href":"https:\/\/orotech.lt\/en\/wp-json\/wp\/v2\/product\/25816","targetHints":{"allow":["GET"]}}],"collection":[{"href":"https:\/\/orotech.lt\/en\/wp-json\/wp\/v2\/product"}],"about":[{"href":"https:\/\/orotech.lt\/en\/wp-json\/wp\/v2\/types\/product"}],"replies":[{"embeddable":true,"href":"https:\/\/orotech.lt\/en\/wp-json\/wp\/v2\/comments?post=25816"}],"version-history":[{"count":1,"href":"https:\/\/orotech.lt\/en\/wp-json\/wp\/v2\/product\/25816\/revisions"}],"predecessor-version":[{"id":25817,"href":"https:\/\/orotech.lt\/en\/wp-json\/wp\/v2\/product\/25816\/revisions\/25817"}],"wp:featuredmedia":[{"embeddable":true,"href":"https:\/\/orotech.lt\/en\/wp-json\/wp\/v2\/media\/25818"}],"wp:attachment":[{"href":"https:\/\/orotech.lt\/en\/wp-json\/wp\/v2\/media?parent=25816"}],"wp:term":[{"taxonomy":"product_brand","embeddable":true,"href":"https:\/\/orotech.lt\/en\/wp-json\/wp\/v2\/product_brand?post=25816"},{"taxonomy":"product_cat","embeddable":true,"href":"https:\/\/orotech.lt\/en\/wp-json\/wp\/v2\/product_cat?post=25816"},{"taxonomy":"product_tag","embeddable":true,"href":"https:\/\/orotech.lt\/en\/wp-json\/wp\/v2\/product_tag?post=25816"}],"curies":[{"name":"wp","href":"https:\/\/api.w.org\/{rel}","templated":true}]}}