{"id":25827,"date":"2025-09-09T07:15:14","date_gmt":"2025-09-09T07:15:14","guid":{"rendered":"https:\/\/orotech.lt\/kondensacinis-oro-sausintuvas-trotec-ttk-127-e-2\/"},"modified":"2025-09-10T06:10:44","modified_gmt":"2025-09-10T06:10:44","slug":"condensing-air-dryer-trotec-ttk-127-e-2","status":"publish","type":"product","link":"https:\/\/orotech.lt\/en\/condensing-air-dryer-trotec-ttk-127-e-2\/","title":{"rendered":"Condensing air dryer Trotec TTK 127 E"},"content":{"rendered":"<p style=\"text-align: justify;\"><em>The most modern and comfortable device with a functional design<\/em><\/p>\n<p style=\"text-align: justify;\">Funkcionalus ir akiai malonus dizainas bei technin\u0117 \u012franga &ndash; u\u017e ne\u012ftik\u0117tinai patraukli\u0105 kain\u0105. Kaip speciali\u0105 ypatyb\u0119 <strong>dehumidifier<\/strong>&nbsp;\u2013 the Trotec TTK 127 E dehumidifier has an additional convenience function. The optimal room climate can be set at any time at the touch of a button. By pressing the TTK 127 E <em>Comfort <\/em>button, the humidity value is automatically adjusted to the most suitable one, depending on the temperature.<\/p>\n<p>\tThis <strong>dehumidifier<\/strong> &#8211; dr\u0117gm\u0117s surink\u0117jas&nbsp;i\u0161traukia i\u0161 aplinkos oro iki 50 litr\u0173 dr\u0117gm\u0117s per dien\u0105 ir yra tinkamas patalpoms iki 150&nbsp;m&sup2;. Savaime suprantama, jog oro sausintuve taip pat montuojama hidrostato kontroliuojama automatin\u0117 oro sausinimo sistema, kuriai nustatyta norima dr\u0117gm\u0117s vert\u0117 pasirenkama i\u0161 anksto. Kai \u0161i vert\u0117 vir\u0161ijama, <strong>dehumidifier<\/strong> &#8211; dr\u0117gm\u0117s surink\u0117jas&nbsp;Trotec TTK 127 E&nbsp;automati\u0161kai \u012fsijungia, ir v\u0117l i\u0161sijungia taupydamas energij\u0105, kai pageidaujama nustatyta vert\u0117 yra pasiekiama.<\/p>\n<p>\tThe laundry drying mode allows you to dry your wet clothes faster, remove moisture from carpets or keep your shoe cabinet dry. The following features make the TTK 127 E extremely easy to use. For example, the device has convenient functions such as a timer, two-level fan, an automatic shut-off function to protect against spills, and an easily accessible and washable air filter.<\/p>\n<p>\t<strong>Air dehumidifier<\/strong>&nbsp;Trotec TTK 127 E turi didel\u012f kondensato rezervuar\u0105 &ndash; net 6 litr\u0173, kas leid\u017eia re\u010diau atlikti drenavim\u0105. <strong>Air dehumidifier<\/strong> The Trotec TTK 127 E has an integrated separate connection through which the condensate can be drained directly from the device via a hose. This is particularly convenient when the device is left unattended for long periods of time, e.g. in your summer house or on a boat.<\/p>\n<p style=\"text-align: center;\"><iframe allow=\"accelerometer; autoplay; clipboard-write; encrypted-media; gyroscope; picture-in-picture\" allowfullscreen=\"\" frameborder=\"0\" height=\"315\" src=\"https:\/\/www.youtube.com\/embed\/tSzxl8Kv850\" title=\"YouTube video player\" width=\"560\"><\/iframe><br \/>\n\t&nbsp;<\/p>\n<p style=\"text-align: justify;\"><strong>Special features:<\/strong><\/p>\n<ul>\n<li>\n\t\tExtremely easy to operate<\/li>\n<li>\n\t\tComfort mode for automatic temperature-based humidity control for an optimal, constant room climate<\/li>\n<li>\n\t\tFunction to display current humidity values<\/li>\n<li>\n\t\tLaundry drying mode<\/li>\n<li>\n\t\tFilter cleaning indicator<\/li>\n<\/ul>\n<p><strong>Standard features:<\/strong><\/p>\n<ul>\n<li>\n\t\tHydrostatic control with real humidity value selection function<\/li>\n<li>\n\t\tSelectable fully automatic or continuous operation function<\/li>\n<li>\n\t\tFill level warning function (light) informing that the water tank is full<\/li>\n<li>\n\t\tCord winding function<\/li>\n<li>\n\t\tComfort function<\/li>\n<li>\n\t\tTimer function<\/li>\n<li>\n\t\tTwo-level fan<\/li>\n<li>\n\t\tAuto shut-off feature to prevent spills<\/li>\n<li>\n\t\tExternal condensate drain connection<\/li>\n<\/ul>\n<p><a class=\"catalogue\" href=\"https:\/\/www.rubisolis.lt\/\/failai\/files\/produktu%20pdf\/TTK96E_TTK127E_instrukcija_LT.pdf\" target=\"blank\" rel=\"nofollow noopener\">Download product manual<\/a><\/p>","protected":false},"excerpt":{"rendered":"<p>Funkcionalaus dizaino moderniausias komforti\u0161kas prietaisas Funkcionalus ir akiai malonus dizainas bei technin\u0117 \u012franga &ndash; u\u017e ne\u012ftik\u0117tinai patraukli\u0105 kain\u0105. Kaip speciali\u0105<\/p>","protected":false},"featured_media":25829,"comment_status":"closed","ping_status":"open","template":"","meta":[],"product_brand":[],"product_cat":[23],"product_tag":[535],"class_list":{"0":"post-25827","1":"product","2":"type-product","3":"status-publish","4":"has-post-thumbnail","6":"product_cat-be-kategorijos","7":"product_tag-naujiena","9":"first","10":"onbackorder","11":"taxable","12":"shipping-taxable","13":"product-type-variable"},"_links":{"self":[{"href":"https:\/\/orotech.lt\/en\/wp-json\/wp\/v2\/product\/25827","targetHints":{"allow":["GET"]}}],"collection":[{"href":"https:\/\/orotech.lt\/en\/wp-json\/wp\/v2\/product"}],"about":[{"href":"https:\/\/orotech.lt\/en\/wp-json\/wp\/v2\/types\/product"}],"replies":[{"embeddable":true,"href":"https:\/\/orotech.lt\/en\/wp-json\/wp\/v2\/comments?post=25827"}],"version-history":[{"count":1,"href":"https:\/\/orotech.lt\/en\/wp-json\/wp\/v2\/product\/25827\/revisions"}],"predecessor-version":[{"id":25828,"href":"https:\/\/orotech.lt\/en\/wp-json\/wp\/v2\/product\/25827\/revisions\/25828"}],"wp:featuredmedia":[{"embeddable":true,"href":"https:\/\/orotech.lt\/en\/wp-json\/wp\/v2\/media\/25829"}],"wp:attachment":[{"href":"https:\/\/orotech.lt\/en\/wp-json\/wp\/v2\/media?parent=25827"}],"wp:term":[{"taxonomy":"product_brand","embeddable":true,"href":"https:\/\/orotech.lt\/en\/wp-json\/wp\/v2\/product_brand?post=25827"},{"taxonomy":"product_cat","embeddable":true,"href":"https:\/\/orotech.lt\/en\/wp-json\/wp\/v2\/product_cat?post=25827"},{"taxonomy":"product_tag","embeddable":true,"href":"https:\/\/orotech.lt\/en\/wp-json\/wp\/v2\/product_tag?post=25827"}],"curies":[{"name":"wp","href":"https:\/\/api.w.org\/{rel}","templated":true}]}}