{"id":25837,"date":"2025-09-09T07:15:14","date_gmt":"2025-09-09T07:15:14","guid":{"rendered":"https:\/\/orotech.lt\/kondensacinis-oro-sausintuvas-clean-air-optima-ca-707-2\/"},"modified":"2025-09-10T06:10:44","modified_gmt":"2025-09-10T06:10:44","slug":"condenser-dehumidifier-clean-air-optima-ca-707-2","status":"publish","type":"product","link":"https:\/\/orotech.lt\/en\/condenser-dehumidifier-clean-air-optima-ca-707-2\/","title":{"rendered":"Condenser dehumidifier Clean Air Optima CA-707"},"content":{"rendered":"<p style=\"text-align: justify;\"><strong>The multifunctional Clean Air Optima CA-707 is a highly efficient two-in-one system: an air dehumidifier and an air purifier!<\/strong><\/p>\n<p style=\"text-align: justify;\">Multifunctional <strong>dehumidifier<\/strong> &ndash; dr\u0117gm\u0117s surink\u0117jas CA-707 i\u0161 Clean Air Optima ne tik saugo nuo pel\u0117si\u0173 spor\u0173, bet ir i\u0161valo vidaus patalp\u0173 or\u0105 nuo erzinan\u010di\u0173 gyv\u016bn\u0173 plauk\u0173, \u017eiedadulki\u0173, dulki\u0173, bakterij\u0173 ir nemaloni\u0173 kvap\u0173, kadangi integruotas oro valytuvas turi keturgub\u0105 filtro technologij\u0105, tad veikia nepertraukiamai ir efektyviai.<\/p>\n<p style=\"text-align: justify;\"><strong>Integrated moisture meter&nbsp;<\/strong><\/p>\n<p style=\"text-align: justify;\"><strong>Air dehumidifier<\/strong> &ndash; dr\u0117gm\u0117s surink\u0117jas Clean Air Optima CA-707 turi integruot\u0105 dr\u0117gm\u0117mat\u012f, tod\u0117l idealiai tinka automatiniam patalp\u0173 oro sausinimui. Pakanka nustatyti norim\u0105 dr\u0117gm\u0117s lyg\u012f, ir \u0161is efektyvus <strong>dehumidifier<\/strong> will take care of everything for you. The two-in-one Clean Air Optima CA-707 dehumidification and air purification system guarantees an optimal indoor climate all year round: if the set relative humidity value is reached, the dehumidification process is stopped, but the air purification process continues.<\/p>\n<p style=\"text-align: justify;\"><strong>Has a built-in compressor&nbsp;<\/strong><\/p>\n<p style=\"text-align: justify;\">Effective <strong>dehumidifier<\/strong> &ndash; dr\u0117gm\u0117s surink\u0117jas CA-707 turi montuojam\u0105 kompresori\u0173, kuris reguliuoja vidaus patalp\u0173 oro dr\u0117gm\u0119 per v\u0117sinimo element\u0105. Dr\u0117gnas aplinkos oras yra greitai atv\u0117sinamas. Dr\u0117gm\u0117 ore kondensuojasi, kadangi \u017eema temperat\u016bra sukuria ma\u017eiau d\u0117gm\u0117s ore. Kondensatas surenkamas vandens rezervuare arba gali b\u016bti tiesiogiai i\u0161leistas i\u0161 prietaiso naudojantis pridedama prijungiama \u017earna. Keturi\u0173 filtr\u0173 technologija efektyviam oro valymui:<\/p>\n<ul>\n<li>\n\t\tPre-filter;<\/li>\n<li>\n\t\tActivated carbon filter;<\/li>\n<li>\n\t\tUV lamp;<\/li>\n<li>\n\t\tIonizer.<\/li>\n<\/ul>\n<p><strong>UV lamp<\/strong><\/p>\n<p>\u012erenginyje \u012fmontuota UV lempa. UV&nbsp;sterilizavimo technologija taikoma jau daugiau nei penkiasde\u0161imt met\u0173 ir yra&nbsp;\u012frodyta, kad ji gali gerokai suma\u017einti ore esan\u010di\u0173 bakterij\u0173 ir ter\u0161al\u0173 kiek\u012f, tai&nbsp;&nbsp;atlikdama saugiai.&nbsp;<\/p>\n<p><strong>Ionizer&nbsp;<\/strong><\/p>\n<p>Pressing the negative ion button activates the negative ion generator. They are distributed throughout the room and neutralize pollutants and odors. The negative ions attach to dust, microorganisms and other unwanted particles in the air and bind them together. This makes the particles heavier than air and falls to the floor, so you can no longer breathe them in.&nbsp;<\/p>\n<p><strong>Sleep mode<\/strong><\/p>\n<p>Paspauskite miego re\u017eimo mygtuk\u0105, \u012fsijungs miego re\u017eimas, o ekranas i\u0161sijungs&nbsp;(ventiliatorius veiks ma\u017eiausiu grei\u010diu).&nbsp;<\/p>\n<p><strong>Stylish and innovative<\/strong><\/p>\n<p>The clever design displays the humidity value on a round color display on the front of the device:<\/p>\n<ul>\n<li>\n\t\t<span style=\"color:#f00;\"><strong>RED<\/strong><\/span> &ndash; didel\u0117 santykin\u0117 dr\u0117gm\u0117 = 80%<\/li>\n<li>\n\t\t<span style=\"color:#008000;\"><strong>GREEN <\/strong><\/span>&ndash; komforti\u0161ka santykin\u0117 dr\u0117gm\u0117 = nuo 80 iki 60%<\/li>\n<li>\n\t\t<span style=\"color:#ffd700;\"><strong>ORANGE <\/strong><\/span>&ndash; sausas oras = ma\u017eesn\u0117 nei 60% santykin\u0117 dr\u0117gm\u0117.<\/li>\n<\/ul>\n<p style=\"text-align: center;\"><img decoding=\"async\" alt=\"\" src=\"\/failai\/files\/-dregm.jpg\" style=\"text-align: center; width: 104px; height: 100px;\" title=\"\"><img decoding=\"async\" alt=\"\" src=\"\/failai\/files\/zenkl.jpg\" style=\"text-align: center; width: 674px; height: 100px;\" title=\"\"><\/p>\n<p><strong>Technical characteristics:<\/strong><\/p>\n<ul>\n<li>\n\t\t40-70 m&sup2; dyd\u017eio patalpoms;<\/li>\n<li>\n\t\tAbsorbs up to 20 liters of moisture per day;<\/li>\n<li>\n\t\tWith ionizer;<\/li>\n<li>\n\t\tWith UV lamp;<\/li>\n<li>\n\t\tMounted compressor;<\/li>\n<li>\n\t\tMatmenys:&nbsp;58 x 38 x 20,5 cm;<\/li>\n<li>\n\t\tSvoris:&nbsp;13,8 kg.&nbsp; &nbsp;<\/li>\n<\/ul>\n<p style=\"text-align: center;\"><iframe allow=\"accelerometer; autoplay; clipboard-write; encrypted-media; gyroscope; picture-in-picture; web-share\" allowfullscreen=\"\" frameborder=\"0\" height=\"315\" referrerpolicy=\"strict-origin-when-cross-origin\" src=\"https:\/\/www.youtube.com\/embed\/EJCEs0vRqkw?si=ozZq4EopE_LEmcTr\" title=\"YouTube video player\" width=\"560\"><\/iframe><\/p>\n<p><a class=\"catalogue\" href=\"https:\/\/rubisolis.lt\/images\/Userfiles\/My_folder\/Instrukcijos\/Instrukcija_Kondensacinis_oro_sausintuvas_Clean_Air_Optima_CA-707.pdf\" target=\"blank\" rel=\"nofollow noopener\">Download product manual<\/a><\/p>","protected":false},"excerpt":{"rendered":"<p>Daugiafunkcis Clean Air Optima CA-707 yra itin efektyvi du-viename sistema: oro sausintuvas ir oro valytuvas! Multifunkcinis oro sausintuvas &ndash; dr\u0117gm\u0117s<\/p>","protected":false},"featured_media":25839,"comment_status":"closed","ping_status":"open","template":"","meta":[],"product_brand":[],"product_cat":[23],"product_tag":[535],"class_list":{"0":"post-25837","1":"product","2":"type-product","3":"status-publish","4":"has-post-thumbnail","6":"product_cat-be-kategorijos","7":"product_tag-naujiena","9":"first","10":"onbackorder","11":"taxable","12":"shipping-taxable","13":"product-type-variable"},"_links":{"self":[{"href":"https:\/\/orotech.lt\/en\/wp-json\/wp\/v2\/product\/25837","targetHints":{"allow":["GET"]}}],"collection":[{"href":"https:\/\/orotech.lt\/en\/wp-json\/wp\/v2\/product"}],"about":[{"href":"https:\/\/orotech.lt\/en\/wp-json\/wp\/v2\/types\/product"}],"replies":[{"embeddable":true,"href":"https:\/\/orotech.lt\/en\/wp-json\/wp\/v2\/comments?post=25837"}],"version-history":[{"count":1,"href":"https:\/\/orotech.lt\/en\/wp-json\/wp\/v2\/product\/25837\/revisions"}],"predecessor-version":[{"id":25838,"href":"https:\/\/orotech.lt\/en\/wp-json\/wp\/v2\/product\/25837\/revisions\/25838"}],"wp:featuredmedia":[{"embeddable":true,"href":"https:\/\/orotech.lt\/en\/wp-json\/wp\/v2\/media\/25839"}],"wp:attachment":[{"href":"https:\/\/orotech.lt\/en\/wp-json\/wp\/v2\/media?parent=25837"}],"wp:term":[{"taxonomy":"product_brand","embeddable":true,"href":"https:\/\/orotech.lt\/en\/wp-json\/wp\/v2\/product_brand?post=25837"},{"taxonomy":"product_cat","embeddable":true,"href":"https:\/\/orotech.lt\/en\/wp-json\/wp\/v2\/product_cat?post=25837"},{"taxonomy":"product_tag","embeddable":true,"href":"https:\/\/orotech.lt\/en\/wp-json\/wp\/v2\/product_tag?post=25837"}],"curies":[{"name":"wp","href":"https:\/\/api.w.org\/{rel}","templated":true}]}}