{"id":25849,"date":"2025-09-09T07:15:14","date_gmt":"2025-09-09T07:15:14","guid":{"rendered":"https:\/\/orotech.lt\/kondensacinis-oro-sausintuvas-trotec-ttk-30-e-2\/"},"modified":"2025-09-10T06:10:45","modified_gmt":"2025-09-10T06:10:45","slug":"condensing-air-dryer-trotec-ttk-30-e-2","status":"publish","type":"product","link":"https:\/\/orotech.lt\/en\/condensing-air-dryer-trotec-ttk-30-e-2\/","title":{"rendered":"Condensing air dryer Trotec TTK 30 E"},"content":{"rendered":"<p><strong>Jau daugiau nei 300 patenkint\u0173 klient\u0173!<\/strong><\/p>\n<p><em>Modern technology with timeless design.<\/em><\/p>\n<p style=\"text-align: justify;\">Functional with an exclusive design<strong> dehumidifier<\/strong> &ndash; dr\u0117gm\u0117s surink\u0117jas Trotec TTK 30 E u\u017ekirs keli\u0105 perteklinei dr\u0117gmei, susidariusiam kondensatui, atsiradusiam pel\u0117siui ar grybeliui. Puikiai tiks nam\u0173, biur\u0173, rusi\u0173, sand\u0117liuk\u0173 patalpose, kuri\u0173 dydis yra iki 20-40 m2. Ypatingai patogi Trotec TTK 30 E savyb\u0117 &ndash; galimyb\u0117 nustatyti pageidaujam\u0105 sausinimo re\u017eim\u0105, naudojantis membraniniais mygtukais ir skaitmeniniu ekranu, kurie yra integruoti pagrindin\u0117je panel\u0117je. \u0160iuo b\u016bdu gal\u0117site nustatyti automatin\u0119 higrostato kontrol\u0119 su realios dr\u0117gm\u0117s vert\u0117s pasirinkimu, automatin\u012f veikim\u0105 su nustatytu 55 % dr\u0117gm\u0117s lygiu arba nuolatinio veikimo funkcija.<\/p>\n<p style=\"text-align: justify;\">In addition to the aforementioned advantages, <strong>dehumidifier<\/strong> &ndash; dr\u0117gm\u0117s surink\u0117jas Trotec TTK 30 E si\u016blo daugyb\u0119 kit\u0173 komforti\u0161k\u0105 aplink\u0105 J\u016bs\u0173 namuose kurian\u010di\u0173 savybi\u0173. Buityje pravers skalbini\u0173 d\u017eiovinimo ir laikma\u010dio funkcijos. U\u017eraktas nuo vaik\u0173 apsaugos, nuo atsitiktinio nustatym\u0173 pakeitim\u0173. <strong>Air dehumidifier<\/strong> &ndash; dr\u0117gm\u0117s surink\u0117jas Trotec TTK 30 E turi dviej\u0173 grei\u010di\u0173 ventiliatori\u0173 su automatiniu valdymu (priklausomai nuo funkcijos). Prietaise yra integruota apsauga nuo perpildymo su automatiniu i\u0161jungimu, taip pat prisipildymo lygio persp\u0117jimo funkcija (lemput\u0117), informuojanti, jog vandens rezervuaras yra pilnas.<\/p>\n<p style=\"text-align: justify;\">In addition to all the above features, it is important to note that <strong>dehumidifier<\/strong> &ndash; dr\u0117gm\u0117s surink\u0117jas Trotec TTK 30 E turi drena\u017eo jungt\u012f nuolatiniam d\u017eiovinimui bei \u012fmontuot\u0105 plaunam\u0105 oro filtr\u0105. \u0160is filtras skirtas papildomam oro valymui, pa\u0161alinantis ore esan\u010dias dulkes bei gyv\u016bn\u0173 plaukus.<\/p>\n<p style=\"text-align: justify;\">Behind the minimalist design of the device lies the latest technology implemented in the Trotec TTK 30 E dehumidifier. This comfort-creating <strong>dehumidifier<\/strong> &ndash; dr\u0117gm\u0117s surink\u0117jas turi ypating\u0105 papildom\u0105 funkcij\u0105: skirting\u0173 spalv\u0173 LED lemputes, kurios parodo esam\u0105 kambario dr\u0117gm\u0117s lyg\u012f. Indikatorius rasite tiesiai vir\u0161 oro \u012fleidimo groteli\u0173, esan\u010di\u0173 \u012frenginio priekyje. Visos trys LED lemput\u0117s nurodo, koks \u0161iuo metu yra kambario dr\u0117gm\u0117s lygis: optimalus, labai auk\u0161tas ar labai \u017eemas:<\/p>\n<ul>\n<li>\n\t\tA glowing blue color indicates that the room humidity level is below 55 percent;<\/li>\n<li>\n\t\tWhen the light is green, the humidity level in the room is optimal, between 55 and 70 percent;<\/li>\n<li>\n\t\tRed color warns that the humidity level in the room is higher than 70 percent.&nbsp;<\/li>\n<\/ul>\n<p>&nbsp;<\/p>\n<p style=\"text-align: center;\"><strong><img decoding=\"async\" alt=\"\" src=\"\/failai\/files\/ikonos\/produkt\u0173 savyb\u0117s\/TUV-ir-GS.jpg\" style=\"width: 344px; height: 150px;\" title=\"\"><\/strong><strong><img decoding=\"async\" alt=\"\" src=\"\/failai\/files\/ikonos\/produkt\u0173 savyb\u0117s\/vokieciu veliava.png\" style=\"width: 150px; height: 150px;\" title=\"\"><\/strong><\/p>\n<p>&nbsp;<\/p>\n<p><strong>Technical information:<\/strong><\/p>\n<ul>\n<li>\n\t\tTinkamas patalp\u0173 dyd\u017eiui: 20-40 m<sup>2<\/sup>;<\/li>\n<li>\n\t\tMoisture absorption: up to 12 l \/ 24 h;<\/li>\n<li>\n\t\tMaksimalus oro srautas: 120 m&sup3;\/val.;<\/li>\n<li>\n\t\tCondensate capacity: 2.2 l;<\/li>\n<li>\n\t\tPower: 270 W;<\/li>\n<li>\n\t\tDarbo temperat\u016bros intervalas: nuo 5 &deg;C iki 32 &deg;C;<\/li>\n<li>\n\t\tOperating humidity range: from 30% to 80% RH;<\/li>\n<li>\n\t\tPower supply: 220-240\/50 V\/Hz;<\/li>\n<li>\n\t\tLaido&nbsp;ilgis: 1.75 m;<\/li>\n<li>\n\t\tSound level (at 1 m): 45 dB(A);<\/li>\n<li>\n\t\tDimensions: 220 x 280 x 415 mm;<\/li>\n<li>\n\t\tWeight: 9 kg.<\/li>\n<\/ul>\n<p><strong>Advantages:<\/strong><\/p>\n<ul>\n<li>\n\t\t3-color LED lights to indicate the actual humidity level;<\/li>\n<li>\n\t\tRelative humidity indication;<\/li>\n<li>\n\t\tAdditional mode for drying laundry;<\/li>\n<li>\n\t\tTimer;<\/li>\n<li>\n\t\t2-speed fan;<\/li>\n<li>\n\t\tChild lock;<\/li>\n<li>\n\t\tDrainage connection for continuous drainage;<\/li>\n<li>\n\t\tAutomatic air circulation defrosting system;<\/li>\n<li>\n\t\tAutomatic shut-off function to prevent spills;<\/li>\n<li>\n\t\tFilling level warning function (light) informing that the water tank is full;<\/li>\n<li>\n\t\tHygrostat control with real humidity value selection function;<\/li>\n<li>\n\t\tFully automatic or continuous operation is selectable.<\/li>\n<\/ul>\n<p><strong>How to choose the right dehumidifier?<\/strong><\/p>\n<p style=\"text-align: center;\"><iframe allow=\"accelerometer; autoplay; clipboard-write; encrypted-media; gyroscope; picture-in-picture\" allowfullscreen=\"\" frameborder=\"0\" height=\"315\" src=\"https:\/\/www.youtube.com\/embed\/tSzxl8Kv850\" title=\"YouTube video player\" width=\"560\"><\/iframe><\/p>\n<ul>\n<\/ul>\n<ul>\n<\/ul>\n<p style=\"text-align: justify;\">&nbsp;<\/p>\n<p style=\"text-align: justify;\"><a class=\"catalogue\" href=\"https:\/\/www.rubisolis.lt\/\/failai\/files\/produktu%20pdf\/Trotec\/Sausintuvai\/Trotec%20TTK%2030%20E%20naudojimo%20instrukcija.pdf\" target=\"blank\" rel=\"nofollow noopener\">Download product manual <\/a><\/p>","protected":false},"excerpt":{"rendered":"<p>Jau daugiau nei 300 patenkint\u0173 klient\u0173! \u0160iuolaikin\u0117s technologijos su nesenstan\u010diu dizainu. I\u0161skirtinio dizaino funkcionalus oro sausintuvas &ndash; dr\u0117gm\u0117s surink\u0117jas Trotec<\/p>","protected":false},"featured_media":25851,"comment_status":"closed","ping_status":"open","template":"","meta":[],"product_brand":[],"product_cat":[23],"product_tag":[535],"class_list":{"0":"post-25849","1":"product","2":"type-product","3":"status-publish","4":"has-post-thumbnail","6":"product_cat-be-kategorijos","7":"product_tag-naujiena","9":"first","10":"onbackorder","11":"taxable","12":"shipping-taxable","13":"product-type-variable"},"_links":{"self":[{"href":"https:\/\/orotech.lt\/en\/wp-json\/wp\/v2\/product\/25849","targetHints":{"allow":["GET"]}}],"collection":[{"href":"https:\/\/orotech.lt\/en\/wp-json\/wp\/v2\/product"}],"about":[{"href":"https:\/\/orotech.lt\/en\/wp-json\/wp\/v2\/types\/product"}],"replies":[{"embeddable":true,"href":"https:\/\/orotech.lt\/en\/wp-json\/wp\/v2\/comments?post=25849"}],"version-history":[{"count":1,"href":"https:\/\/orotech.lt\/en\/wp-json\/wp\/v2\/product\/25849\/revisions"}],"predecessor-version":[{"id":25850,"href":"https:\/\/orotech.lt\/en\/wp-json\/wp\/v2\/product\/25849\/revisions\/25850"}],"wp:featuredmedia":[{"embeddable":true,"href":"https:\/\/orotech.lt\/en\/wp-json\/wp\/v2\/media\/25851"}],"wp:attachment":[{"href":"https:\/\/orotech.lt\/en\/wp-json\/wp\/v2\/media?parent=25849"}],"wp:term":[{"taxonomy":"product_brand","embeddable":true,"href":"https:\/\/orotech.lt\/en\/wp-json\/wp\/v2\/product_brand?post=25849"},{"taxonomy":"product_cat","embeddable":true,"href":"https:\/\/orotech.lt\/en\/wp-json\/wp\/v2\/product_cat?post=25849"},{"taxonomy":"product_tag","embeddable":true,"href":"https:\/\/orotech.lt\/en\/wp-json\/wp\/v2\/product_tag?post=25849"}],"curies":[{"name":"wp","href":"https:\/\/api.w.org\/{rel}","templated":true}]}}