{"id":25861,"date":"2025-09-09T07:15:14","date_gmt":"2025-09-09T07:15:14","guid":{"rendered":"https:\/\/orotech.lt\/kondensacinis-oro-sausintuvas-airme-rohan-2\/"},"modified":"2025-09-10T06:10:46","modified_gmt":"2025-09-10T06:10:46","slug":"condensation-dehumidifier-airme-rohan-2","status":"publish","type":"product","link":"https:\/\/orotech.lt\/en\/condensation-dehumidifier-airme-rohan-2\/","title":{"rendered":"Kondensacinis oro sausintuvas Air&#038;Me Rohan"},"content":{"rendered":"<p style=\"text-align: justify;\"><strong>Air dehumidifier<\/strong> &ndash; dr\u0117gm\u0117s surink\u0117jas Air&amp;Me Rohan yra efektyvus ir galingas buitinis oro sausintuvas su kompresoriumi, kuris sausina or\u0105 sukurdamas auk\u0161t\u0105 temperat\u016bros skirtum\u0105. <strong>Air dehumidifier<\/strong> suitable for dehumidifying rooms up to 200 m2 and capable of absorbing up to 50 liters of water per day. <strong>Air dehumidifier<\/strong> &ndash; dr\u0117gm\u0117s surink\u0117jas Air&amp;Me Rohan u\u017ekirs keli\u0105 pel\u0117sio, grybelio atsiradimui, i\u0161naikins ant lang\u0173 susidarius\u012f kondensat\u0105, i\u0161valys vidaus patalp\u0173 or\u0105 nuo erzinan\u010di\u0173 gyv\u016bn\u0173 plauk\u0173, \u017eiedadulki\u0173, dulki\u0173, bakterij\u0173 ir nemaloni\u0173 kvap\u0173. \u012erenginyje integruotas LED indikatorius, kuris svie\u010diant spalvoms nurodo apie dr\u0117gm\u0117s lyg\u012f kambaryje.<\/p>\n<p><strong>Device indicator colors and their meanings:<\/strong><\/p>\n<table border=\"1\" cellpadding=\"1\" cellspacing=\"1\" style=\"width: 100%;\">\n<tbody>\n<tr>\n<td bgcolor=\"#ffffff\" style=\"width: 90%; border-color: rgb(255, 255, 255);\">\n<ul>\n<li>\n\t\t\t\t\t\tLuminous <span style=\"color:#0000cd;\"><strong>blue<\/strong><\/span> The color indicates that the humidity in the room is too low, i.e. less than 60 %.<\/li>\n<li>\n\t\t\t\t\t\tLuminous <span style=\"color:#006400;\"><strong>green<\/strong><\/span> the color indicates that the humidity level in the room is ideal, i.e. from 40 % to 60 %;<\/li>\n<li>\n\t\t\t\t\t\tLuminous <span style=\"color:#f00;\"><strong>red<\/strong><\/span> the color indicates that there is too much humidity in the room, i.e. more than 60 %;&nbsp;&nbsp;<\/li>\n<\/ul>\n<\/td>\n<td bgcolor=\"#ffffff\" style=\"width: 10%; border-color: rgb(255, 255, 255);\">\n\t\t\t\t<img decoding=\"async\" alt=\"\" src=\"\/images\/Userfiles\/www.rubisolis.lt_oro_sausintuvai.gif\" style=\"text-align: center; width: 134px; height: 110px;\" title=\"\"><\/td>\n<\/tr>\n<\/tbody>\n<\/table>\n<table border=\"1\" cellpadding=\"1\" cellspacing=\"1\" style=\"width: 100%;\">\n<tbody>\n<tr>\n<td bgcolor=\"#ffffff\" style=\"width: 90%; border-color: rgb(255, 255, 255);\">\n\t\t\t\t<strong style=\"text-align: justify;\">Air dehumidifier<\/strong><span style=\"text-align: justify;\">&nbsp;&ndash; dr\u0117gm\u0117s surink\u0117jas Air&amp;Me Rohan<\/span><span style=\"text-align: justify;\">&nbsp;gali b\u016bti valdomas nuotoliniu b\u016bdu. Tereikia parsi\u0173sti mobili\u0105j\u0105 program\u0117l\u0119 &quot;Smart Life &#8211; Smart Living&quot; i\u0161&nbsp;<\/span><a href=\"https:\/\/play.google.com\/store\/apps\/details?id=com.tuya.smartlife&amp;hl=en\" style=\"text-align: justify;\" target=\"_blank\" rel=\"nofollow noopener\">Google Play<\/a><span style=\"text-align: justify;\">&nbsp;or&nbsp;<\/span><a href=\"https:\/\/apps.apple.com\/us\/app\/smart-life-smart-living\/id1115101477\" style=\"text-align: justify;\" target=\"_blank\" rel=\"nofollow noopener\">App Store<\/a><span style=\"text-align: justify;\">&nbsp;stores and you will be able to control and monitor your home air quality in real time with your smart device from anywhere. You can also connect it to a home management system.<\/span><\/td>\n<td bgcolor=\"#ffffff\" style=\"width: 10%; border-color: rgb(255, 255, 255);\">\n\t\t\t\t<strong><img decoding=\"async\" alt=\"\" src=\"\/failai\/files\/FOTO\/Vaizdin\u0117 med\u017eiaga apra\u0161ymams\/Airandme\/ROHAN-3700459001999-PT12(1).png\" style=\"width: 103px; height: 200px;\" title=\"\"><\/strong><\/td>\n<\/tr>\n<\/tbody>\n<\/table>\n<p><strong>Technical information:<\/strong><\/p>\n<ul>\n<li>\n\t\tDehumidification capacity: 50 l \/ 24h;<\/li>\n<li>\n\t\tTinkamas patalpoms iki 200 m&sup2;,<\/li>\n<li>\n\t\tPower consumption: 680 W;<\/li>\n<li>\n\t\tTriuk\u0161mo lygis: &le; 52 dB;<\/li>\n<li>\n\t\tSpeed levels: 2;<\/li>\n<li>\n\t\tWater capacity: 7 l;<\/li>\n<li>\n\t\tDevice dimensions: 512 x 343 x 240 mm;<\/li>\n<li>\n\t\tDevice weight: 17.5 kg.<\/li>\n<\/ul>\n<p><strong>Features: <\/strong><\/p>\n<ul>\n<li>\n\t\tAutomatic restart;<\/li>\n<li>\n\t\tAbility to connect to a smart device;<\/li>\n<li>\n\t\tGalimyb\u0117 valdyti per &bdquo;Google Assistant&ldquo; ir &bdquo;Amazon Alexa&ldquo;;<\/li>\n<li>\n\t\tDrainage connection for continuous drainage;<\/li>\n<li>\n\t\tAutomatic air circulation defrosting system;<\/li>\n<li>\n\t\tAir humidity control;<\/li>\n<li>\n\t\tPossibility to connect a water pump;<\/li>\n<li>\n\t\tAutomatic shut-off function to prevent spills;<\/li>\n<li>\n\t\tTimer;<\/li>\n<li>\n\t\tChild lock;<\/li>\n<li>\n\t\tAdditional mode for drying laundry.<\/li>\n<\/ul>\n<p><a class=\"catalogue\" href=\"https:\/\/www.rubisolis.lt\/\/failai\/files\/produktu%20pdf\/Air-and-me\/Rohan%20sausintuvo%20naudojimo%20instrukcija.pdf\" target=\"blank\" rel=\"nofollow noopener\">Download product manual<\/a><\/p>","protected":false},"excerpt":{"rendered":"<p>Oro sausintuvas &ndash; dr\u0117gm\u0117s surink\u0117jas Air&amp;Me Rohan yra efektyvus ir galingas buitinis oro sausintuvas su kompresoriumi, kuris sausina or\u0105 sukurdamas<\/p>","protected":false},"featured_media":25863,"comment_status":"closed","ping_status":"open","template":"","meta":[],"product_brand":[],"product_cat":[23],"product_tag":[535],"class_list":{"0":"post-25861","1":"product","2":"type-product","3":"status-publish","4":"has-post-thumbnail","6":"product_cat-be-kategorijos","7":"product_tag-naujiena","9":"first","10":"onbackorder","11":"taxable","12":"shipping-taxable","13":"product-type-variable"},"_links":{"self":[{"href":"https:\/\/orotech.lt\/en\/wp-json\/wp\/v2\/product\/25861","targetHints":{"allow":["GET"]}}],"collection":[{"href":"https:\/\/orotech.lt\/en\/wp-json\/wp\/v2\/product"}],"about":[{"href":"https:\/\/orotech.lt\/en\/wp-json\/wp\/v2\/types\/product"}],"replies":[{"embeddable":true,"href":"https:\/\/orotech.lt\/en\/wp-json\/wp\/v2\/comments?post=25861"}],"version-history":[{"count":1,"href":"https:\/\/orotech.lt\/en\/wp-json\/wp\/v2\/product\/25861\/revisions"}],"predecessor-version":[{"id":25862,"href":"https:\/\/orotech.lt\/en\/wp-json\/wp\/v2\/product\/25861\/revisions\/25862"}],"wp:featuredmedia":[{"embeddable":true,"href":"https:\/\/orotech.lt\/en\/wp-json\/wp\/v2\/media\/25863"}],"wp:attachment":[{"href":"https:\/\/orotech.lt\/en\/wp-json\/wp\/v2\/media?parent=25861"}],"wp:term":[{"taxonomy":"product_brand","embeddable":true,"href":"https:\/\/orotech.lt\/en\/wp-json\/wp\/v2\/product_brand?post=25861"},{"taxonomy":"product_cat","embeddable":true,"href":"https:\/\/orotech.lt\/en\/wp-json\/wp\/v2\/product_cat?post=25861"},{"taxonomy":"product_tag","embeddable":true,"href":"https:\/\/orotech.lt\/en\/wp-json\/wp\/v2\/product_tag?post=25861"}],"curies":[{"name":"wp","href":"https:\/\/api.w.org\/{rel}","templated":true}]}}