{"id":25871,"date":"2025-09-09T07:15:14","date_gmt":"2025-09-09T07:15:14","guid":{"rendered":"https:\/\/orotech.lt\/termoelektrinis-oro-sausintuvas-trotec-ttp-10-e-2\/"},"modified":"2025-09-10T06:10:47","modified_gmt":"2025-09-10T06:10:47","slug":"thermoelectric-dehumidifier-trotec-ttp-10-e-2","status":"publish","type":"product","link":"https:\/\/orotech.lt\/en\/thermoelectric-dehumidifier-trotec-ttp-10-e-2\/","title":{"rendered":"Thermoelectric dehumidifier Trotec TTP 10 E"},"content":{"rendered":"<p style=\"text-align: justify;\"><strong>Convenient dehumidification solution for small rooms.&nbsp;<br \/>\n\t<\/strong><\/p>\n<p style=\"text-align: justify;\">D\u0117l naujovi\u0161kos termoelektrin\u0117s technologijos prietaisas patikimai i\u0161laiko iki 10 m&sup2; ploto patalpas sausas, o dr\u0117gm\u0117s \u0161alinimo paj\u0117gumas yra 750 ml per dien\u0105.<\/p>\n<p style=\"text-align: justify;\">The dehumidifier is ideal for use in, for example, walk-in closets, pantry rooms and small windowless bathrooms. In these particularly moisture-sensitive areas of the home, it effectively removes excess moisture from the air, reduces condensation and prevents the formation of mold.&nbsp;<\/p>\n<p style=\"text-align: center;\">&nbsp;<\/p>\n<p style=\"text-align: center;\"><img decoding=\"async\" alt=\"\" src=\"\/images\/Userfiles\/TUV-ir-GS.jpg\" style=\"width: 161px; height: 70px;\" title=\"\">&nbsp; &nbsp;<img decoding=\"async\" alt=\"\" src=\"\/images\/Userfiles\/vokieciu_veliava.png\" style=\"width: 70px; height: 70px;\" title=\"\"><\/p>\n<p><strong>Technical information:<img decoding=\"async\" alt=\"\" src=\"\/failai\/files\/ikonos\/produkt%C5%B3%20savyb%C4%97s\/vokieciu%20veliava.png\" title=\"\"><\/strong><\/p>\n<ul>\n<li>\n\t\t<span>Rekomenduojamas patalp\u0173 dydis iki 10 m&sup2;;<\/span><\/li>\n<li>\n\t\t<span>Moisture absorption: 0.75 l \/ 24 h;<\/span><\/li>\n<li>\n\t\t<span>Condensate capacity: 2 l;<\/span><\/li>\n<li>\n\t\t<span>Power supply: 220 \u2013 240 V \/ 50 \u2013 60 Hz;<\/span><\/li>\n<li>\n\t\t<span>Rated power: 2.5 A;<\/span><\/li>\n<li>\n\t\t<span>Energijos sunaudojimas: 40&nbsp;W;<\/span><\/li>\n<li>\n\t\t<span>Cable length: 1.4 m;<\/span><\/li>\n<li>\n\t\t<span>Noise level (at 1m distance): 45 dB (A);<img decoding=\"async\" alt=\"\" src=\"\/failai\/files\/ikonos\/produkt%C5%B3%20savyb%C4%97s\/TUV-ir-GS.jpg\" title=\"\"><\/span><\/li>\n<li>\n\t\t<span>Dimensions (L x W x H): 130 x 220 x 370 mm;<\/span><\/li>\n<li>\n\t\t<span>Weight: 2 kg.<\/span><\/li>\n<\/ul>\n<p><strong><span>Advantages:<\/span><\/strong><\/p>\n<ul>\n<li>\n\t\t<span>Suitable for poorly ventilated rooms;<\/span><\/li>\n<li>\n\t\t<span>Compact design;<\/span><\/li>\n<li>\n\t\t<span>Modernus termoelektrinis &bdquo;Peltier&ldquo; elementas (be kompresoriaus ir au\u0161inimo med\u017eiagos);<\/span><\/li>\n<li>\n\t\t<span>Air purification function \u2013 cleans pet hair, fluff, dust;<\/span><\/li>\n<li>\n\t\t<span>Removable air cleaning filter.<\/span><\/li>\n<li>\n\t\t<span>Indicator light that warns when the water tank is full;<\/span><\/li>\n<li>\n\t\t<span>Overfill protection with automatic shut-off;<\/span><\/li>\n<li>\n\t\t<span>Transparent container for collecting water;<\/span><\/li>\n<\/ul>\n<p style=\"text-align: center;\"><iframe allow=\"accelerometer; autoplay; clipboard-write; encrypted-media; gyroscope; picture-in-picture\" allowfullscreen=\"\" frameborder=\"0\" height=\"315\" src=\"https:\/\/www.youtube.com\/embed\/-NnmsiuYspg\" title=\"YouTube video player\" width=\"560\"><\/iframe><\/p>\n<p><a class=\"catalogue\" href=\"https:\/\/www.rubisolis.lt\/\/failai\/files\/produktu%20pdf\/Trotec\/Sausintuvai\/Trotec%20TTP%205-10%20E%20naudojimo%20instrukcija.pdf\" target=\"blank\" rel=\"nofollow noopener\">Download product manual <\/a><\/p>","protected":false},"excerpt":{"rendered":"<p>Patogus sausinimo sprendimas ma\u017eoms patalpoms.&nbsp; D\u0117l naujovi\u0161kos termoelektrin\u0117s technologijos prietaisas patikimai i\u0161laiko iki 10 m&sup2; ploto patalpas sausas, o dr\u0117gm\u0117s<\/p>","protected":false},"featured_media":25873,"comment_status":"closed","ping_status":"open","template":"","meta":[],"product_brand":[],"product_cat":[23],"product_tag":[535],"class_list":{"0":"post-25871","1":"product","2":"type-product","3":"status-publish","4":"has-post-thumbnail","6":"product_cat-be-kategorijos","7":"product_tag-naujiena","9":"first","10":"onbackorder","11":"taxable","12":"shipping-taxable","13":"product-type-variable"},"_links":{"self":[{"href":"https:\/\/orotech.lt\/en\/wp-json\/wp\/v2\/product\/25871","targetHints":{"allow":["GET"]}}],"collection":[{"href":"https:\/\/orotech.lt\/en\/wp-json\/wp\/v2\/product"}],"about":[{"href":"https:\/\/orotech.lt\/en\/wp-json\/wp\/v2\/types\/product"}],"replies":[{"embeddable":true,"href":"https:\/\/orotech.lt\/en\/wp-json\/wp\/v2\/comments?post=25871"}],"version-history":[{"count":1,"href":"https:\/\/orotech.lt\/en\/wp-json\/wp\/v2\/product\/25871\/revisions"}],"predecessor-version":[{"id":25872,"href":"https:\/\/orotech.lt\/en\/wp-json\/wp\/v2\/product\/25871\/revisions\/25872"}],"wp:featuredmedia":[{"embeddable":true,"href":"https:\/\/orotech.lt\/en\/wp-json\/wp\/v2\/media\/25873"}],"wp:attachment":[{"href":"https:\/\/orotech.lt\/en\/wp-json\/wp\/v2\/media?parent=25871"}],"wp:term":[{"taxonomy":"product_brand","embeddable":true,"href":"https:\/\/orotech.lt\/en\/wp-json\/wp\/v2\/product_brand?post=25871"},{"taxonomy":"product_cat","embeddable":true,"href":"https:\/\/orotech.lt\/en\/wp-json\/wp\/v2\/product_cat?post=25871"},{"taxonomy":"product_tag","embeddable":true,"href":"https:\/\/orotech.lt\/en\/wp-json\/wp\/v2\/product_tag?post=25871"}],"curies":[{"name":"wp","href":"https:\/\/api.w.org\/{rel}","templated":true}]}}