{"id":25879,"date":"2025-09-09T07:15:14","date_gmt":"2025-09-09T07:15:14","guid":{"rendered":"https:\/\/orotech.lt\/kondesacinis-oro-sausintuvas-trotec-ttk-90-e-2\/"},"modified":"2025-09-10T06:10:48","modified_gmt":"2025-09-10T06:10:48","slug":"condensing-air-dryer-trotec-ttk-90-e-2","status":"publish","type":"product","link":"https:\/\/orotech.lt\/en\/condensing-air-dryer-trotec-ttk-90-e-2\/","title":{"rendered":"Condensing air dryer Trotec TTK 90 E"},"content":{"rendered":"<p style=\"text-align: justify;\">Modern design condensing <strong>dehumidifier<\/strong> &ndash; dr\u0117gm\u0117s surink\u0117jas Trotec TTK 90 E tinkamas naudoti patalpose, kuri\u0173 dydis iki 92 m&sup2; bei i\u0161 aplinkos per dien\u0105 gali sugerti iki 30 litr\u0173 dr\u0117gm\u0117s. Naudojant integruot\u0105 valdymo pult\u0105, pageidaujamas santykinis patalpos oro dr\u0117gnumas gali b\u016bti nustatytas bet kuriuo metu, nustatymo diapazonas yra nuo 30 iki 90 % RH, nustatant 5 % pakopomis. Pasiekus norim\u0105 dr\u0117gm\u0117s vert\u0119, kompresorius automati\u0161kai i\u0161sijungs, jei vert\u0117 vir\u0161ijama, prietaisas automati\u0161kai \u012fsijungs.<\/p>\n<p style=\"text-align: justify;\">In addition to the dehumidification function, <strong>dehumidifier <\/strong>Trotec TTK 90 E gali b\u016bti naudojamas skalbini\u0173 d\u017eiovinimui, net visi\u0161kai pakei\u010diant \u012fprast\u0105 d\u017eiovykl\u0119 &ndash; tereikia nusistatyti norim\u0105 santykin\u012f dr\u0117gm\u0117s lyg\u012f (46 % &#8211; tinkami d\u0117ti \u012f spint\u0105, 58 % &#8211; tinkami lyginti, 65 % &#8211; apysausiai). <strong>Air dehumidifier<\/strong> &ndash; dr\u0117gm\u0117s surink\u0117jas Trotec TTK 90 E turi integruotas visos komforto klas\u0117s funkcijos: laikmat\u012f, dviej\u0173 lygi\u0173 ventiliatori\u0173, apsaug\u0105 nuo i\u0161siliejimo bei automatinio i\u0161jungimo funkcij\u0105 ir lengvai i\u0161imam\u0105 ir plaunam\u0105 oro filtr\u0105. Nuolatiniam sausinimui integruota drena\u017eo jungtis, leid\u017eianti prietaisui nepri\u017ei\u016brimai ir nepertraukiamai veikti bei tur\u0117ti ma\u017eesnes energijos s\u0105naudas.<\/p>\n<p style=\"text-align: justify;\">This <strong>dehumidifier<\/strong> The Trotec TTK 90 E is suitable for use in living rooms, shower rooms, basements, laundries, summer houses, warehouses, garages, and more.<\/p>\n<p><span><strong><span>Technical information:<\/span><\/strong><\/span><\/p>\n<ul>\n<li>\n\t\t<span><span>Tinkamas patalp\u0173 dyd\u017eiui iki: 90 <\/span><\/span>m&sup2;<sup>&nbsp;<\/sup><span><span> \/ 230 <\/span><\/span>m&sup3;<span><span>;<\/span><\/span><\/li>\n<li>\n\t\t<span><span>Moisture absorption: up to 30 l \/ 24 h;<\/span><\/span><\/li>\n<li>\n\t\t<span><span>Maximum air flow: 173 m3\/h;<\/span><\/span><\/li>\n<li>\n\t\t<span><span>Condensate capacity: 5.2 l;<\/span><\/span><\/li>\n<li>\n\t\t<span><span>Darbo temperat\u016bros intervalas: nuo 5 &deg;C iki 32 &deg;C;<\/span><\/span><\/li>\n<li>\n\t\t<span><span>Working humidity range: 30-90% RH;<\/span><\/span><\/li>\n<li>\n\t\t<span><span>Rated current: 2.1 A;<\/span><\/span><\/li>\n<li>\n\t\t<span><span>Power: 0.5 kW;<\/span><\/span><\/li>\n<li>\n\t\t<span><span>Power supply: 220-240V \/ 50Hz;<\/span><\/span><\/li>\n<li>\n\t\t<span><span>Cable length: 1.5 m;<\/span><\/span><\/li>\n<li>\n\t\t<span><span>Sound level (at 1 m): 50 dB(A)<\/span><\/span><\/li>\n<li>\n\t\t<span><span>Dimensions (LxWxH): 253 x 340 x 540 mm;<\/span><\/span><\/li>\n<li>\n\t\t<span><span>Weight: 14 kg.<\/span><\/span><\/li>\n<\/ul>\n<p><strong>Advantages: <\/strong><\/p>\n<ul>\n<li>\n\t\tTwo-level fan;<\/li>\n<li>\n\t\tTimer function;<\/li>\n<li>\n\t\tDrainage connection for continuous drainage;<\/li>\n<li>\n\t\tFully automatic or continuous operation function is selectable;<\/li>\n<li>\n\t\tHydrostatic control with real humidity value selection function;<\/li>\n<li>\n\t\tFunction of displaying current humidity and temperature values;<\/li>\n<li>\n\t\tLaundry drying mode;<\/li>\n<li>\n\t\tFilling level warning function (light) informing that the water tank is full;<\/li>\n<li>\n\t\tAutomatic shut-off function to prevent spills;<\/li>\n<li>\n\t\tEasy-to-clean air filter.<\/li>\n<\/ul>\n<p style=\"text-align: center;\"><iframe allow=\"accelerometer; autoplay; clipboard-write; encrypted-media; gyroscope; picture-in-picture\" allowfullscreen=\"\" frameborder=\"0\" height=\"315\" src=\"https:\/\/www.youtube.com\/embed\/cLtBMv56odY\" title=\"YouTube video player\" width=\"560\"><\/iframe><\/p>\n<p><a class=\"catalogue\" href=\"https:\/\/www.rubisolis.lt\/\/failai\/files\/produktu%20pdf\/Trotec\/Sausintuvai\/TRT-BA-TTK90E-TC-009-LT.pdf\" target=\"blank\" rel=\"nofollow noopener\">Download product manual<\/a><\/p>","protected":false},"excerpt":{"rendered":"<p>Modernaus dizaino kondensacinis oro sausintuvas &ndash; dr\u0117gm\u0117s surink\u0117jas Trotec TTK 90 E tinkamas naudoti patalpose, kuri\u0173 dydis iki 92 m&sup2;<\/p>","protected":false},"featured_media":25881,"comment_status":"closed","ping_status":"open","template":"","meta":[],"product_brand":[],"product_cat":[23],"product_tag":[535],"class_list":{"0":"post-25879","1":"product","2":"type-product","3":"status-publish","4":"has-post-thumbnail","6":"product_cat-be-kategorijos","7":"product_tag-naujiena","9":"first","10":"onbackorder","11":"taxable","12":"shipping-taxable","13":"product-type-variable"},"_links":{"self":[{"href":"https:\/\/orotech.lt\/en\/wp-json\/wp\/v2\/product\/25879","targetHints":{"allow":["GET"]}}],"collection":[{"href":"https:\/\/orotech.lt\/en\/wp-json\/wp\/v2\/product"}],"about":[{"href":"https:\/\/orotech.lt\/en\/wp-json\/wp\/v2\/types\/product"}],"replies":[{"embeddable":true,"href":"https:\/\/orotech.lt\/en\/wp-json\/wp\/v2\/comments?post=25879"}],"version-history":[{"count":1,"href":"https:\/\/orotech.lt\/en\/wp-json\/wp\/v2\/product\/25879\/revisions"}],"predecessor-version":[{"id":25880,"href":"https:\/\/orotech.lt\/en\/wp-json\/wp\/v2\/product\/25879\/revisions\/25880"}],"wp:featuredmedia":[{"embeddable":true,"href":"https:\/\/orotech.lt\/en\/wp-json\/wp\/v2\/media\/25881"}],"wp:attachment":[{"href":"https:\/\/orotech.lt\/en\/wp-json\/wp\/v2\/media?parent=25879"}],"wp:term":[{"taxonomy":"product_brand","embeddable":true,"href":"https:\/\/orotech.lt\/en\/wp-json\/wp\/v2\/product_brand?post=25879"},{"taxonomy":"product_cat","embeddable":true,"href":"https:\/\/orotech.lt\/en\/wp-json\/wp\/v2\/product_cat?post=25879"},{"taxonomy":"product_tag","embeddable":true,"href":"https:\/\/orotech.lt\/en\/wp-json\/wp\/v2\/product_tag?post=25879"}],"curies":[{"name":"wp","href":"https:\/\/api.w.org\/{rel}","templated":true}]}}