{"id":25891,"date":"2025-09-09T07:15:14","date_gmt":"2025-09-09T07:15:14","guid":{"rendered":"https:\/\/orotech.lt\/adsorbcinis-oro-sausintuvas-trotec-ttr-57-e-2\/"},"modified":"2025-09-10T06:10:49","modified_gmt":"2025-09-10T06:10:49","slug":"adsorbcinis-oro-sausintuvas-trotec-ttr-57-e-2","status":"publish","type":"product","link":"https:\/\/orotech.lt\/en\/adsorbcinis-oro-sausintuvas-trotec-ttr-57-e-2\/","title":{"rendered":"Adsorption dehumidifier Trotec TTR 57 E"},"content":{"rendered":"<p>&lt;p&gt;&lt;strong&gt;Already more than 400 satisfied customers!&lt;\/strong&gt;&lt;\/p&gt;<br \/>\n&lt;p&gt;&lt;em&gt;&amp;Scaron;iuolaikin\u0117s technologijos su nesenstan\u010diu dizainu.&lt;\/em&gt;&lt;\/p&gt;<br \/>\n&lt;p style=&quot;text-align: justify;&quot;&gt;Modern design adsorption &lt;strong&gt;dehumidifier&lt;\/strong&gt; &amp;ndash; dr\u0117gm\u0117s surink\u0117jas Trotec TTR 57 E &amp;ndash; puikus sprendimas nuolatos sausinti patalpas iki 20m&amp;sup2; dyd\u017eio. \u012eprasti sausintuvai, esant \u017eemai kambario temperat\u016brai, negali pasiekti reikiamo dr\u0117gm\u0117s lygio, o adsorbcinis &lt;strong&gt;dehumidifier&lt;\/strong&gt; &amp;ndash; dr\u0117gm\u0117s surink\u0117jas Trotec TTR 57 E puikiai veikia esant net ir 1&amp;deg;C kambario temperat\u016brai. D\u0117ka pa\u017eangios technologijos, &amp;scaron;iam prietaisui n\u0117ra reikalingas kompresorius, freonas ar atitirpinimas.&lt;\/p&gt;<br \/>\n&lt;p style=&quot;text-align: justify;&quot;&gt;&lt;strong&gt;Air dehumidifier&lt;\/strong&gt; &amp;ndash; dr\u0117gm\u0117s surink\u0117jas Trotec TTR 57 E yra tinkamas naudoti ne tik namuose, butuose ar biuruose, bet ir r\u016bsiuose, gara\u017euose, vasarnamiuose, kitose ma\u017eai &amp;scaron;ildomose patalpose ar netgi jachtose. &amp;Scaron;is &lt;strong&gt;dehumidifier&lt;\/strong&gt; u\u017ekirs keli\u0105 kondensato, pel\u0117si\u0173, nemaloni\u0173 kvap\u0173 susidarymui. Vos pa\u017evelg\u0119 \u012f sausintuv\u0105, i&amp;scaron; karto su\u017einosite, ar pakankamas dr\u0117gm\u0117s lygis &amp;scaron;iuo metu yra kambaryje, kadangi spalvotas LED ekranas prietaiso priekyje vizualiai parodo esam\u0105 dr\u0117gm\u0117s lyg\u012f:&lt;\/p&gt;<br \/>\n&lt;ul&gt;<br \/>\n&lt;li&gt;&amp;Scaron;vie\u010dianti \u017ealia spalva nurodo, kad dr\u0117gm\u0117s lygis kambaryje yra idealus, t.y. nuo 50 % iki 70 %;&lt;\/li&gt;<br \/>\n&lt;li&gt;&amp;Scaron;vie\u010dianti raudona spalva nurodo, kad kambaryje yra sausas oras, t.y. ma\u017eiau nei 50 %;&lt;\/li&gt;<br \/>\n&lt;li&gt;&amp;Scaron;vie\u010dianti m\u0117lyna spalva nurodo, kad kambaryje yra labai daug dr\u0117gm\u0117s, t.y. daugiau nei 70 %.&amp;nbsp;&lt;\/li&gt;<br \/>\n&lt;\/ul&gt;<br \/>\n&lt;p style=&quot;text-align: center;&quot;&gt;&lt;img style=&quot;width: 344px; height: 150px;&quot; src=&quot;\/failai\/files\/ikonos\/produkt\u0173 savyb\u0117s\/TUV-ir-GS.jpg&quot; alt=&quot;&quot; \/&gt;&lt;strong&gt;&lt;img style=&quot;width: 150px; height: 150px;&quot; src=&quot;\/failai\/files\/ikonos\/produkt\u0173 savyb\u0117s\/vokieciu veliava.png&quot; alt=&quot;&quot; \/&gt;&lt;\/strong&gt;&lt;\/p&gt;<br \/>\n&lt;p&gt;&lt;strong&gt;Technical information:&lt;\/strong&gt;&lt;\/p&gt;<br \/>\n&lt;ul&gt;<br \/>\n&lt;li&gt;Tinkamas patalp\u0173 dyd\u017eiui: 20m&amp;sup2;\/50m&amp;sup3;;&lt;\/li&gt;<br \/>\n&lt;li&gt;Sugeriamas dr\u0117gm\u0117s kiekis: 9 l \/ 24 h;&lt;\/li&gt;<br \/>\n&lt;li&gt;Oro srautas: 185 m&amp;sup3;\/h;&lt;\/li&gt;<br \/>\n&lt;li&gt;Kondensato talpa: 5 l;&lt;\/li&gt;<br \/>\n&lt;li&gt;Darbo temperat\u016bros intervalas: nuo 1 &amp;deg;C iki 32 &amp;deg;C;&lt;\/li&gt;<br \/>\n&lt;li&gt;Darbo dr\u0117gm\u0117s intervalas: 35-95 % RH;&lt;\/li&gt;<br \/>\n&lt;li&gt;Nominali srov\u0117: 3.7 A;&lt;\/li&gt;<br \/>\n&lt;li&gt;Galia: 730 W;&lt;\/li&gt;<br \/>\n&lt;li&gt;Maitinimas: 220-240 V \/ 50 Hz;&lt;\/li&gt;<br \/>\n&lt;li&gt;Laido ilgis:&amp;nbsp;2.15 m;&lt;\/li&gt;<br \/>\n&lt;li&gt;Garso lygis (1 m atstumu): 47 dB(A)&lt;\/li&gt;<br \/>\n&lt;li&gt;I&amp;scaron;matavimai (IxPxA): 340 x 232 x 511 mm;&lt;\/li&gt;<br \/>\n&lt;li&gt;Svoris: 7.5 kg.&lt;\/li&gt;<br \/>\n&lt;\/ul&gt;<br \/>\n&lt;p&gt;&lt;strong&gt;Advantages:&lt;\/strong&gt;&lt;\/p&gt;<br \/>\n&lt;ul&gt;<br \/>\n&lt;li&gt;Tikslios vert\u0117s pasirinkimas &#8211; galima nustatyti pageidaujam\u0105 dr\u0117gm\u0117s lyg\u012f: 40%, 50%, 60% arba 70%;&lt;\/li&gt;<br \/>\n&lt;li&gt;Nuolatinio veikimo re\u017eimas &#8211; &amp;scaron;iuo re\u017eimu prietaisas nuolatos sausina patalp\u0105 maksimaliu na&amp;scaron;umu;&lt;\/li&gt;<br \/>\n&lt;li&gt;Skaitmeninis ekranas, kuriame rodoma dabartin\u0117 kambario temperat\u016bra ir dr\u0117gm\u0117;&lt;\/li&gt;<br \/>\n&lt;li&gt;LED ap&amp;scaron;vietimas, skirtas nurodyti esam\u0105 dr\u0117gm\u0117s lyg\u012f;&lt;\/li&gt;<br \/>\n&lt;li&gt;Galimi skalbini\u0173 i&amp;scaron;d\u017eiovinimo lygiai: visi&amp;scaron;kas i&amp;scaron;d\u017eiovinimas (46%), d\u017eiovinimas iki lyginimo (58%) ir dr\u0117gni skalbiniai (65%);&lt;\/li&gt;<br \/>\n&lt;li&gt;24 val. laikma\u010dio funkcija -&amp;nbsp;galimyb\u0117 programuoti prietaiso \u012fjungimo ir i&amp;scaron;jungimo laik\u0105;&lt;\/li&gt;<br \/>\n&lt;li&gt;V\u0117dinimo funkcija -&amp;nbsp;galima rinktis i&amp;scaron; trij\u0173 ventiliatoriaus lygi\u0173 patalp\u0173&amp;nbsp;oro cirkuliacijai;&lt;\/li&gt;<br \/>\n&lt;li&gt;Integruotas oro filtras ir anglies filtras papildomam oro valymui, siekiant pa&amp;scaron;alinti dulkes, gyv\u016bn\u0173 plaukus (galimyb\u0117 prijungti HEPA filtr\u0105);&lt;\/li&gt;<br \/>\n&lt;li&gt;Apsauga nuo perpildymo naudojant automatin\u012f i&amp;scaron;jungim\u0105;&lt;\/li&gt;<br \/>\n&lt;li&gt;Drena\u017eo jungtis nuolatiniam sausinimui.&lt;\/li&gt;<br \/>\n&lt;\/ul&gt;<br \/>\n&lt;p&gt;&lt;strong&gt;How to choose the right dehumidifier?&lt;\/strong&gt;&lt;\/p&gt;<br \/>\n&lt;p style=&quot;text-align: center;&quot;&gt;&lt;br \/&gt;&lt;iframe src=&quot;https:\/\/www.youtube.com\/embed\/tSzxl8Kv850&quot; frameborder=&quot;0&quot; width=&quot;560&quot; height=&quot;315&quot;&gt;&lt;\/iframe&gt;&lt;\/p&gt;<br \/>\n&lt;p&gt;&lt;a class=&quot;catalogue&quot; href=&quot;https:\/\/www.rubisolis.lt\/\/failai\/files\/produktu%20pdf\/Trotec\/Sausintuvai\/Trotec%20TTR%2057%20E%20instrukcija.pdf&quot; target=&quot;blank&quot;&gt;Download product manual &lt;\/a&gt;&lt;\/p&gt;<\/p>","protected":false},"excerpt":{"rendered":"<p>&lt;p&gt;&lt;strong&gt;Already more than 400 satisfied customers!&lt;\/strong&gt;&lt;\/p&gt; &lt;p&gt;&lt;em&gt;&amp;Scaron;iuolaikin\u0117s technologijos su nesenstan\u010diu dizainu.&lt;\/em&gt;&lt;\/p&gt; &lt;p style=&quot;text-align: justify;&quot;&gt;Modern design adsorption &lt;strong&gt;dehumidifier&lt;\/strong&gt; &amp;ndash; dr\u0117gm\u0117s<\/p>","protected":false},"featured_media":25893,"comment_status":"closed","ping_status":"open","template":"","meta":[],"product_brand":[],"product_cat":[23],"product_tag":[535],"class_list":{"0":"post-25891","1":"product","2":"type-product","3":"status-publish","4":"has-post-thumbnail","6":"product_cat-be-kategorijos","7":"product_tag-naujiena","9":"first","10":"onbackorder","11":"taxable","12":"shipping-taxable","13":"product-type-variable"},"_links":{"self":[{"href":"https:\/\/orotech.lt\/en\/wp-json\/wp\/v2\/product\/25891","targetHints":{"allow":["GET"]}}],"collection":[{"href":"https:\/\/orotech.lt\/en\/wp-json\/wp\/v2\/product"}],"about":[{"href":"https:\/\/orotech.lt\/en\/wp-json\/wp\/v2\/types\/product"}],"replies":[{"embeddable":true,"href":"https:\/\/orotech.lt\/en\/wp-json\/wp\/v2\/comments?post=25891"}],"version-history":[{"count":1,"href":"https:\/\/orotech.lt\/en\/wp-json\/wp\/v2\/product\/25891\/revisions"}],"predecessor-version":[{"id":25892,"href":"https:\/\/orotech.lt\/en\/wp-json\/wp\/v2\/product\/25891\/revisions\/25892"}],"wp:featuredmedia":[{"embeddable":true,"href":"https:\/\/orotech.lt\/en\/wp-json\/wp\/v2\/media\/25893"}],"wp:attachment":[{"href":"https:\/\/orotech.lt\/en\/wp-json\/wp\/v2\/media?parent=25891"}],"wp:term":[{"taxonomy":"product_brand","embeddable":true,"href":"https:\/\/orotech.lt\/en\/wp-json\/wp\/v2\/product_brand?post=25891"},{"taxonomy":"product_cat","embeddable":true,"href":"https:\/\/orotech.lt\/en\/wp-json\/wp\/v2\/product_cat?post=25891"},{"taxonomy":"product_tag","embeddable":true,"href":"https:\/\/orotech.lt\/en\/wp-json\/wp\/v2\/product_tag?post=25891"}],"curies":[{"name":"wp","href":"https:\/\/api.w.org\/{rel}","templated":true}]}}