{"id":25903,"date":"2025-09-09T07:15:14","date_gmt":"2025-09-09T07:15:14","guid":{"rendered":"https:\/\/orotech.lt\/oro-sausintuvas-trotec-ttk-66-e-2\/"},"modified":"2025-09-10T06:10:50","modified_gmt":"2025-09-10T06:10:50","slug":"air-dryer-trotec-ttk-66-e-2","status":"publish","type":"product","link":"https:\/\/orotech.lt\/en\/air-dryer-trotec-ttk-66-e-2\/","title":{"rendered":"Air dryer Trotec TTK 66 E"},"content":{"rendered":"<p><strong>Jau daugiau nei 700 patenkint\u0173 klient\u0173!<\/strong><\/p>\n<p style=\"text-align: justify;\">This elegant design <strong>dehumidifier<\/strong> &ndash;&nbsp;dr\u0117gm\u0117s surink\u0117jas Trotec TTK 66 E&nbsp;vertas d\u0117mesio vien jau d\u0117l savo sausinimo savybi\u0173. <strong>Air dehumidifier <\/strong>Trotec TTK 66 E per dien\u0105 i\u0161 supan\u010dios aplinkos gali i\u0161skirti iki 24 litr\u0173 dr\u0117gm\u0117s ir tinka patalpoms, kuri\u0173 dydis nuo iki 45-75 m&sup2;.<\/p>\n<p style=\"text-align: justify;\">This <strong>dehumidifier<\/strong> turi keturis veikimo re\u017eimus, kuri\u0173 pagalba jau\u010diamas oras tampa sausesnis ir tod\u0117l malonesnis k\u016bnui. Vienas i\u0161 galim\u0173 re\u017eim\u0173, tai higrostato kontrol\u0117 su realios dr\u0117gm\u0117s vert\u0117s pasirinkimo funkcija, nuo 35 iki 85 %, \u012fskaitant ir ventiliatoriaus grei\u010dio pasirinkim\u0105. Dar viena ypatinga savyb\u0117 &ndash; komforto funkcija. Pasirinkus \u0161\u012f re\u017eim\u0105,&nbsp;<strong>dehumidifier <\/strong>&#8211; dr\u0117gm\u0117s surink\u0117jas&nbsp;TTK 66 E automati\u0161kai kontroliuoja dr\u0117gm\u0117s lyg\u012f, kad b\u016bt\u0173 jau\u010diamas optimalus kambario klimatas, priklausomai nuo temperat\u016bros. Be to, esant poreikiui, galima naudotis skalbini\u0173 d\u017eiovinimo ir nuolatinio veikimo funkcijomis.<\/p>\n<p style=\"text-align: justify;\">The auto-restart function in this device, if the device unexpectedly shuts down due to a power outage, restarts the device with the previously selected settings as soon as the power supply is restored. Thus, <strong>dehumidifier<\/strong> &ndash;&nbsp;dr\u0117gm\u0117s surink\u0117jas Trotec TTK 66 E&nbsp;taip pat yra tinkamas naudoti kartu su laikma\u010diu.<\/p>\n<p style=\"text-align: justify;\"><strong>Air dehumidifier<\/strong> TTK 66 E kupinas \u012fvairi\u0173 prakti\u0161k\u0173 funkcij\u0173, toki\u0173 kaip prisipildymo lygio persp\u0117jimo funkcija (lemput\u0117), informuojanti, kad vandens rezervuaras yra pilnas, automatinio i\u0161jungimo funkcija, sauganti nuo i\u0161siliejimo ir kt. Prietaiso priekyje pasl\u0117ptas langelis &ndash; dar viena i\u0161skirtin\u0117 sausintuvo savyb\u0117, leid\u017eianti vizualiai patikrinti vandens rezervuaro pilnumo lyg\u012f. Plaunamas oro filtras bei drena\u017eo jungtis, leid\u017eianti sausintuvui be prie\u017ei\u016bros nuolat veikti &ndash; tai patogum\u0105 ir paprast\u0105 naudojim\u0105 liudijan\u010dios funkcijos. Ir net prietaiso sausinimo vietos pakeitimas tampa tikru malonumu d\u0117ka prakti\u0161ko laido laikiklio, integruotos rankenos bei vairuojam\u0173 ratuk\u0173.&nbsp;<\/p>\n<p>&nbsp;<\/p>\n<p style=\"text-align: center;\"><img decoding=\"async\" alt=\"\" src=\"https:\/\/www.rubisolis.lt\/failai\/files\/ikonos\/produkt\u0173 savyb\u0117s\/TUV-ir-GS.jpg\" style=\"width: 344px; height: 150px;\" title=\"\"><strong><img decoding=\"async\" alt=\"\" src=\"\/failai\/files\/ikonos\/produkt\u0173 savyb\u0117s\/vokieciu veliava.png\" style=\"width: 150px; height: 150px;\" title=\"\"><\/strong><\/p>\n<p><strong>Technical information:<\/strong><\/p>\n<ul>\n<li>\n\t\tTinkamas patalp\u0173 dyd\u017eiui: 45-75 m<sup>2<\/sup>;<\/li>\n<li>\n\t\tMoisture absorption: 24 l \/ 24 h;<\/li>\n<li>\n\t\tAir flow: 168 m<sup>3<\/sup>\/h;<\/li>\n<li>\n\t\tCondensate capacity: 3 l;<\/li>\n<li>\n\t\tDarbo temperat\u016bros intervalas:&nbsp;nuo 5 &deg;C&nbsp;iki 32 &deg;C;<\/li>\n<li>\n\t\tWorking humidity range: 35-85 % RH;<\/li>\n<li>\n\t\tRated current: 2.1 A;<\/li>\n<li>\n\t\tPower: 440 W;<\/li>\n<li>\n\t\tPower supply: 230V\/50Hz;<\/li>\n<li>\n\t\tLaido ilgis:&nbsp;1.6 m;<\/li>\n<li>\n\t\tSound level (at 1 m): 46 dB(A);<\/li>\n<li>\n\t\tDimensions (LxWxH): 245 x 350 x 510 mm;<\/li>\n<li>\n\t\tWeight: 15 kg.<\/li>\n<\/ul>\n<p><strong>Advantages:<\/strong><\/p>\n<ul>\n<li>\n\t\tKomforto re\u017eimas, kai automati\u0161kai valdomas dr\u0117gm\u0117s lygis, kad&nbsp; b\u016bt\u0173 palaikomas optimalus kambario klimatas bet kuriuo metu, priklausomai nuo temperat\u016bros;<\/li>\n<li>\n\t\tRelative humidity indication;<\/li>\n<li>\n\t\tAdditional mode for drying laundry;<\/li>\n<li>\n\t\tTimer;<\/li>\n<li>\n\t\tHygrostat control with real humidity value selection function;<\/li>\n<li>\n\t\tAutomatic and continuous operation functions;<\/li>\n<li>\n\t\t2-speed fan;<\/li>\n<li>\n\t\tEasily removable and cleanable air filter that removes pet hair, dust, pollen from the environment, preventing the growth of bacteria and viruses;<\/li>\n<li>\n\t\tFilling level warning function (light) informing that the water tank is full;<\/li>\n<li>\n\t\tAutomatic shut-off function to prevent spills;<\/li>\n<li>\n\t\tAutomatic air circulation defrosting system;<\/li>\n<li>\n\t\tDrainage connection for continuous drainage.<\/li>\n<\/ul>\n<p><strong>How to choose the right dehumidifier?<\/strong><\/p>\n<p style=\"text-align: center;\">\n\t<iframe allow=\"accelerometer; autoplay; clipboard-write; encrypted-media; gyroscope; picture-in-picture\" allowfullscreen=\"\" frameborder=\"0\" height=\"315\" src=\"https:\/\/www.youtube.com\/embed\/tSzxl8Kv850\" title=\"YouTube video player\" width=\"560\"><\/iframe><\/p>\n<p><strong>Adsorbcini\u0173 ir kondensacini\u0173 oro sausintuv\u0173 palyginimas<\/strong><\/p>\n<p style=\"text-align: center;\">\n\t<iframe allow=\"accelerometer; autoplay; clipboard-write; encrypted-media; gyroscope; picture-in-picture\" allowfullscreen=\"\" frameborder=\"0\" height=\"315\" src=\"https:\/\/www.youtube.com\/embed\/fp9Y5HLZhvQ\" title=\"YouTube video player\" width=\"560\"><\/iframe><\/p>\n<p style=\"text-align: justify;\">&nbsp;<\/p>\n<p><a class=\"catalogue\" href=\"https:\/\/www.rubisolis.lt\/\/failai\/files\/produktu%20pdf\/Trotec\/Sausintuvai\/TRT-BA-TTK54E-TTK66E-TC-004-LT.pdf\" target=\"blank\" rel=\"nofollow noopener\">Download product manual <\/a><\/p>","protected":false},"excerpt":{"rendered":"<p>Jau daugiau nei 700 patenkint\u0173 klient\u0173! \u0160is eleganti\u0161ko dizaino oro sausintuvas &ndash;&nbsp;dr\u0117gm\u0117s surink\u0117jas Trotec TTK 66 E&nbsp;vertas d\u0117mesio vien jau<\/p>","protected":false},"featured_media":25905,"comment_status":"closed","ping_status":"open","template":"","meta":[],"product_brand":[],"product_cat":[23],"product_tag":[535],"class_list":{"0":"post-25903","1":"product","2":"type-product","3":"status-publish","4":"has-post-thumbnail","6":"product_cat-be-kategorijos","7":"product_tag-naujiena","9":"first","10":"onbackorder","11":"taxable","12":"shipping-taxable","13":"product-type-variable"},"_links":{"self":[{"href":"https:\/\/orotech.lt\/en\/wp-json\/wp\/v2\/product\/25903","targetHints":{"allow":["GET"]}}],"collection":[{"href":"https:\/\/orotech.lt\/en\/wp-json\/wp\/v2\/product"}],"about":[{"href":"https:\/\/orotech.lt\/en\/wp-json\/wp\/v2\/types\/product"}],"replies":[{"embeddable":true,"href":"https:\/\/orotech.lt\/en\/wp-json\/wp\/v2\/comments?post=25903"}],"version-history":[{"count":1,"href":"https:\/\/orotech.lt\/en\/wp-json\/wp\/v2\/product\/25903\/revisions"}],"predecessor-version":[{"id":25904,"href":"https:\/\/orotech.lt\/en\/wp-json\/wp\/v2\/product\/25903\/revisions\/25904"}],"wp:featuredmedia":[{"embeddable":true,"href":"https:\/\/orotech.lt\/en\/wp-json\/wp\/v2\/media\/25905"}],"wp:attachment":[{"href":"https:\/\/orotech.lt\/en\/wp-json\/wp\/v2\/media?parent=25903"}],"wp:term":[{"taxonomy":"product_brand","embeddable":true,"href":"https:\/\/orotech.lt\/en\/wp-json\/wp\/v2\/product_brand?post=25903"},{"taxonomy":"product_cat","embeddable":true,"href":"https:\/\/orotech.lt\/en\/wp-json\/wp\/v2\/product_cat?post=25903"},{"taxonomy":"product_tag","embeddable":true,"href":"https:\/\/orotech.lt\/en\/wp-json\/wp\/v2\/product_tag?post=25903"}],"curies":[{"name":"wp","href":"https:\/\/api.w.org\/{rel}","templated":true}]}}