{"id":25913,"date":"2025-09-09T07:15:51","date_gmt":"2025-09-09T07:15:51","guid":{"rendered":"https:\/\/orotech.lt\/termoelektrinis-oro-sausintuvas-trotec-ttp-2-e-2\/"},"modified":"2025-09-10T06:10:51","modified_gmt":"2025-09-10T06:10:51","slug":"thermoelectric-dehumidifier-trotec-ttp-2-e-2","status":"publish","type":"product","link":"https:\/\/orotech.lt\/en\/thermoelectric-dehumidifier-trotec-ttp-2-e-2\/","title":{"rendered":"Thermoelectric dehumidifier Trotec TTP 2 E"},"content":{"rendered":"<p>Extremely compact size <strong>dehumidifier<\/strong> &ndash; dr\u0117gm\u0117s surink\u0117jas Trotec TTP 2 E leis pasiekti \u012fsp\u016bding\u0173 rezultat\u0173 ribotoje patalpos erdv\u0117je. Nors ir ma\u017eo dyd\u017eio, <strong>dehumidifier<\/strong>&nbsp;&ndash; dr\u0117gm\u0117s surink\u0117jas&nbsp;Trotec TTP 2 E turi pa\u017eangi\u0105 technologij\u0105, kuri visada u\u017etikrina komforti\u0161kas s\u0105lygas. Mini <strong>dehumidifier <\/strong>The Trotec TTP 2 E removes humidity in the room, unpleasant room odors and creates a pleasant indoor microclimate.<\/p>\n<p style=\"text-align: justify;\">Compact size <strong>dehumidifier<\/strong> &ndash; dr\u0117gm\u0117s surink\u0117jas Trotec TTP 2 E sugeria 220 ml dr\u0117gm\u0117s per dien\u0105 iki 5 m&sup2; patalpose. Eleganti\u0161kas oro sausintuvo dizainas dera prie bet kokio interjero nam\u0173, biuro ar kitos paskirties patalpose. <strong>dehumidifier <\/strong>&ndash; dr\u0117gm\u0117s surink\u0117jas Trotec TTP 2 E&nbsp;puikiai tinka naudoti spintose, bat\u0173 spintel\u0117se ar sand\u0117liukuose, belang\u0117se erdv\u0117se, o kai kuriais atvejais ir ma\u017euose vonios kambariuose. Kompakti\u0161ko dyd\u017eio <strong>dehumidifier<\/strong> removes excess moisture from the air, reduces condensation and thus prevents mold growth.&nbsp;<\/p>\n<p style=\"text-align: justify;\">D\u0117l integruoto modernaus termoelektrinio &bdquo;Peltier&ldquo; elemento&nbsp;\u0161i\u0173 energij\u0105 taupan\u010di\u0173 prietais\u0173 veikimas pasi\u017eymi tyliu veikimu, tod\u0117l netrukdys gerai i\u0161simiegoti ir pails\u0117ti. Oro sausintuve esantis \u0161viesos diodas rodo \u012frenginio veikimo b\u016bsen\u0105 ir ar reikia i\u0161tu\u0161tinti vandens bak\u0105. <strong>Air dehumidifier<\/strong> Trotec TTP 2 E&nbsp;veikia tol, kol jutiklis nustato, kad 500 ml vandens bakelio talpa pasiekia rib\u0105, tada \u012frenginys automati\u0161kai i\u0161sijungia. Kai tik surinkimo konteineris i\u0161pilamas, veikimas automati\u0161kai atnaujinamas. D\u0117l integruotos oro valymo funkcijos Trotec TTP 2 E filtruoja gyv\u016bn\u0173 plaukus, p\u016bkus ir dulkes i\u0161 oro.&nbsp;<\/p>\n<p style=\"text-align: center;\"><img decoding=\"async\" alt=\"\" src=\"\/failai\/files\/ikonos\/produkt\u0173 savyb\u0117s\/gs-bureau-veritas.jpg\" style=\"height: 156px; width: 200px;\" title=\"\"><strong><img decoding=\"async\" alt=\"\" src=\"\/failai\/files\/ikonos\/produkt\u0173 savyb\u0117s\/vokieciu veliava.png\" style=\"height: 156px; width: 156px;\" title=\"\"><\/strong><\/p>\n<p><strong>Technical information:<\/strong><\/p>\n<ul>\n<li>\n\t\tRekomenduojamas patalp\u0173 dydis iki 5 m&sup2;;<\/li>\n<li>\n\t\tMoisture absorption: 0.22 l \/ 24 h;<\/li>\n<li>\n\t\tCondensate capacity: 0.5 l;<\/li>\n<li>\n\t\tPower supply: 100 \u2013 240 V \/ 50 \u2013 60 Hz;<\/li>\n<li>\n\t\tRated power: 0.6 A;<\/li>\n<li>\n\t\tPower consumption: 20 W;<\/li>\n<li>\n\t\tCable length: 1.4 m;<\/li>\n<li>\n\t\tNoise level (at 1m distance): 35 dB (A);<\/li>\n<li>\n\t\tDimensions (L x W x H): 95 x 150 x 220 mm;<\/li>\n<li>\n\t\tWeight: 1 kg.<\/li>\n<\/ul>\n<p><strong>Advantages:<\/strong><\/p>\n<ul>\n<li>\n\t\tTinkamas prastai&nbsp;v\u0117dinamoms patalpoms;<\/li>\n<li>\n\t\tExtremely easy to operate;<\/li>\n<li>\n\t\tExtremely quiet operation;<\/li>\n<li>\n\t\tIt is characterized by energy saving due to its low power consumption;<\/li>\n<li>\n\t\tCompact design;<\/li>\n<li>\n\t\tModernus termoelektrinis &bdquo;Peltier&ldquo;&nbsp;elementas (be kompresoriaus ir au\u0161inimo med\u017eiagos);<\/li>\n<li>\n\t\tOro valymo funkcija &#8211; i\u0161valo namini\u0173 gyv\u016bn\u0117li\u0173 plaukus, p\u016bkus,&nbsp;dulkes;<\/li>\n<li>\n\t\tIndicator light that warns when the water tank is full;<\/li>\n<li>\n\t\tOverfill protection with automatic shut-off;<\/li>\n<li>\n\t\tTransparent container for collecting water.<\/li>\n<\/ul>\n<p><strong>How to choose the right dehumidifier?&nbsp;<\/strong><\/p>\n<p style=\"text-align: center;\"><iframe allow=\"accelerometer; autoplay; clipboard-write; encrypted-media; gyroscope; picture-in-picture\" allowfullscreen=\"\" frameborder=\"0\" height=\"315\" src=\"https:\/\/www.youtube.com\/embed\/tSzxl8Kv850\" title=\"YouTube video player\" width=\"560\"><\/iframe><\/p>\n<p>&nbsp;<\/p>\n<p style=\"text-align: center;\"><iframe allow=\"accelerometer; autoplay; clipboard-write; encrypted-media; gyroscope; picture-in-picture\" allowfullscreen=\"\" frameborder=\"0\" height=\"315\" src=\"https:\/\/www.youtube.com\/embed\/Kr0MaBi4ejE\" title=\"YouTube video player\" width=\"560\"><\/iframe><\/p>\n<p><a class=\"catalogue\" href=\"https:\/\/www.rubisolis.lt\/\/failai\/files\/produktu%20pdf\/TTP2E_instrukcija.pdf\" target=\"blank\" rel=\"nofollow noopener\">Download product manual<\/a><\/p>","protected":false},"excerpt":{"rendered":"<p>Itin kompakti\u0161ko dyd\u017eio oro sausintuvas &ndash; dr\u0117gm\u0117s surink\u0117jas Trotec TTP 2 E leis pasiekti \u012fsp\u016bding\u0173 rezultat\u0173 ribotoje patalpos erdv\u0117je. Nors<\/p>","protected":false},"featured_media":25915,"comment_status":"closed","ping_status":"open","template":"","meta":[],"product_brand":[],"product_cat":[23],"product_tag":[535],"class_list":{"0":"post-25913","1":"product","2":"type-product","3":"status-publish","4":"has-post-thumbnail","6":"product_cat-be-kategorijos","7":"product_tag-naujiena","9":"first","10":"onbackorder","11":"taxable","12":"shipping-taxable","13":"product-type-variable"},"_links":{"self":[{"href":"https:\/\/orotech.lt\/en\/wp-json\/wp\/v2\/product\/25913","targetHints":{"allow":["GET"]}}],"collection":[{"href":"https:\/\/orotech.lt\/en\/wp-json\/wp\/v2\/product"}],"about":[{"href":"https:\/\/orotech.lt\/en\/wp-json\/wp\/v2\/types\/product"}],"replies":[{"embeddable":true,"href":"https:\/\/orotech.lt\/en\/wp-json\/wp\/v2\/comments?post=25913"}],"version-history":[{"count":1,"href":"https:\/\/orotech.lt\/en\/wp-json\/wp\/v2\/product\/25913\/revisions"}],"predecessor-version":[{"id":25914,"href":"https:\/\/orotech.lt\/en\/wp-json\/wp\/v2\/product\/25913\/revisions\/25914"}],"wp:featuredmedia":[{"embeddable":true,"href":"https:\/\/orotech.lt\/en\/wp-json\/wp\/v2\/media\/25915"}],"wp:attachment":[{"href":"https:\/\/orotech.lt\/en\/wp-json\/wp\/v2\/media?parent=25913"}],"wp:term":[{"taxonomy":"product_brand","embeddable":true,"href":"https:\/\/orotech.lt\/en\/wp-json\/wp\/v2\/product_brand?post=25913"},{"taxonomy":"product_cat","embeddable":true,"href":"https:\/\/orotech.lt\/en\/wp-json\/wp\/v2\/product_cat?post=25913"},{"taxonomy":"product_tag","embeddable":true,"href":"https:\/\/orotech.lt\/en\/wp-json\/wp\/v2\/product_tag?post=25913"}],"curies":[{"name":"wp","href":"https:\/\/api.w.org\/{rel}","templated":true}]}}