{"id":25923,"date":"2025-09-09T07:15:51","date_gmt":"2025-09-09T07:15:51","guid":{"rendered":"https:\/\/orotech.lt\/kondensacinis-oro-sausintuvas-trotec-ttk-72-e-2\/"},"modified":"2025-09-10T06:10:52","modified_gmt":"2025-09-10T06:10:52","slug":"kondensacinis-oro-sausintuvas-trotec-ttk-72-e-2","status":"publish","type":"product","link":"https:\/\/orotech.lt\/en\/kondensacinis-oro-sausintuvas-trotec-ttk-72-e-2\/","title":{"rendered":"Condensing air dryer Trotec TTK 72 E"},"content":{"rendered":"<p style=\"text-align: justify;\">Modern design condensing <strong>dehumidifier<\/strong> &ndash; dr\u0117gm\u0117s surink\u0117jas Trotec TTK 72 E tinkamas naudoti gyvenamosiose, du\u0161o ar r\u016bsio patalpose, skalbyklose, vasarnamiuose, sand\u0117liuose ir kt., kuri\u0173 dydis 50 m&sup2;. Per dien\u0105 i\u0161 aplinkos gali surinkti iki 24 litr\u0173 dr\u0117gm\u0117s, kas u\u017etikrins komforti\u0161k\u0105 naudojim\u0105si \u012frenginiu.<\/p>\n<p style=\"text-align: justify;\">Naudojant integruot\u0105 valdymo pult\u0105, pageidaujamas santykinis patalpos oro dr\u0117gnumas gali b\u016bti nustatytas bet kuriuo metu &ndash; diapazonas yra nuo 30 iki 80 % RH. Pasiekus norim\u0105 dr\u0117gm\u0117s vert\u0119, <strong>dehumidifier<\/strong> &ndash; dr\u0117gm\u0117s surink\u0117jas Trotec TTK 72 E automati\u0161kai i\u0161sijungs, o vir\u0161ijus, prietaisas automati\u0161kai \u012fsijungs. Be to, <strong>dehumidifier<\/strong> has integrated 3-color LED lights to indicate the actual humidity level:<\/p>\n<ul>\n<li>\n\t\tblue color informs about humidity levels below 55 percent;<\/li>\n<li>\n\t\t\u017ealia spalva &ndash; dr\u0117gm\u0117s lygis tarp 55-70 proc.;<\/li>\n<li>\n\t\traudona spalva &ndash; dr\u0117gm\u0117s lygis auk\u0161tesnis nei 70 proc.<\/li>\n<\/ul>\n<p style=\"text-align: justify;\">Also, this <strong>dehumidifier<\/strong> &ndash; dr\u0117gm\u0117s surink\u0117jas Trotec TTK 72 E gali b\u016bti naudojamas skalbini\u0173 d\u017eiovinimui, net visi\u0161kai pakei\u010diant \u012fprast\u0105 d\u017eiovykl\u0119 &ndash; tereikia nusistatyti norim\u0105 santykin\u012f dr\u0117gm\u0117s lyg\u012f. <strong>Air dehumidifier<\/strong> The Trotec TTK 72 E also has more convenient features: a timer, two-stage fan, spill protection and automatic switch-off function and an easily removable and washable air filter. An integrated drain connection for continuous drainage allows the device to operate without maintenance and with lower energy consumption.<br \/>\n\t&nbsp;&nbsp;<\/p>\n<p style=\"text-align: justify;\"><strong>How to choose the right dehumidifier?<\/strong><\/p>\n<p style=\"text-align: center;\"><iframe allow=\"accelerometer; autoplay; clipboard-write; encrypted-media; gyroscope; picture-in-picture\" allowfullscreen=\"\" frameborder=\"0\" height=\"315\" src=\"https:\/\/www.youtube.com\/embed\/tSzxl8Kv850\" title=\"YouTube video player\" width=\"560\"><\/iframe><\/p>\n<p style=\"text-align: justify;\"><strong>Technical information:<\/strong><\/p>\n<ul>\n<li>\n\t\tTinkamas patalp\u0173 dyd\u017eiui iki: 50 m&sup2; \/ 125 m3;<\/li>\n<li>\n\t\tMoisture absorption: up to 24 l \/ 24 h;<\/li>\n<li>\n\t\tMaximum air flow: 195 m3\/h;<\/li>\n<li>\n\t\tCondensate capacity: 5.2 l;<\/li>\n<li>\n\t\tDarbo temperat\u016bros intervalas: nuo 5 &deg;C iki 32 &deg;C;<\/li>\n<li>\n\t\tWorking humidity range: 30-80 % RH;<\/li>\n<li>\n\t\tRated current: 1.48 A;<\/li>\n<li>\n\t\tPower: 0.32 kW;<\/li>\n<li>\n\t\tPower supply: 220-240V \/ 50Hz;<\/li>\n<li>\n\t\tCable length: 1.8 m;<\/li>\n<li>\n\t\tSound level (at 1 m): 48 dB(A)<\/li>\n<li>\n\t\tDimensions (LxWxH): 185 x 330 x 550 mm;<\/li>\n<li>\n\t\tWeight: 14.5 kg.<\/li>\n<\/ul>\n<p style=\"text-align: justify;\"><strong>Advantages:<\/strong><\/p>\n<ul>\n<li>\n\t\tTwo-level fan;<\/li>\n<li>\n\t\tTimer function;<\/li>\n<li>\n\t\tDrainage connection for continuous drainage;<\/li>\n<li>\n\t\tFully automatic or continuous operation function is selectable;<\/li>\n<li>\n\t\tHydrostatic control with real humidity value selection function;<\/li>\n<li>\n\t\t3-color LED lights to indicate the actual humidity level;<\/li>\n<li>\n\t\tRelative humidity indication;<\/li>\n<li>\n\t\tLaundry drying mode;<\/li>\n<li>\n\t\tAutomatic air circulation defrosting system;<\/li>\n<li>\n\t\tFilling level warning function (light) informing that the water tank is full;<\/li>\n<li>\n\t\tAutomatic shut-off function to prevent spills;<\/li>\n<li>\n\t\tEasy-to-clean air filter.&nbsp;<\/li>\n<\/ul>\n<p><a class=\"catalogue\" href=\"\/en\/images\/Userfiles\/TRT-BA-TTK53E-TTK72E-TC-007-LT.pdf\/\" target=\"blank\">Download product manual <\/a><\/p>","protected":false},"excerpt":{"rendered":"<p>Modernaus dizaino kondensacinis oro sausintuvas &ndash; dr\u0117gm\u0117s surink\u0117jas Trotec TTK 72 E tinkamas naudoti gyvenamosiose, du\u0161o ar r\u016bsio patalpose, skalbyklose,<\/p>","protected":false},"featured_media":25925,"comment_status":"closed","ping_status":"open","template":"","meta":[],"product_brand":[],"product_cat":[23],"product_tag":[535],"class_list":{"0":"post-25923","1":"product","2":"type-product","3":"status-publish","4":"has-post-thumbnail","6":"product_cat-be-kategorijos","7":"product_tag-naujiena","9":"first","10":"onbackorder","11":"taxable","12":"shipping-taxable","13":"product-type-variable"},"_links":{"self":[{"href":"https:\/\/orotech.lt\/en\/wp-json\/wp\/v2\/product\/25923","targetHints":{"allow":["GET"]}}],"collection":[{"href":"https:\/\/orotech.lt\/en\/wp-json\/wp\/v2\/product"}],"about":[{"href":"https:\/\/orotech.lt\/en\/wp-json\/wp\/v2\/types\/product"}],"replies":[{"embeddable":true,"href":"https:\/\/orotech.lt\/en\/wp-json\/wp\/v2\/comments?post=25923"}],"version-history":[{"count":1,"href":"https:\/\/orotech.lt\/en\/wp-json\/wp\/v2\/product\/25923\/revisions"}],"predecessor-version":[{"id":25924,"href":"https:\/\/orotech.lt\/en\/wp-json\/wp\/v2\/product\/25923\/revisions\/25924"}],"wp:featuredmedia":[{"embeddable":true,"href":"https:\/\/orotech.lt\/en\/wp-json\/wp\/v2\/media\/25925"}],"wp:attachment":[{"href":"https:\/\/orotech.lt\/en\/wp-json\/wp\/v2\/media?parent=25923"}],"wp:term":[{"taxonomy":"product_brand","embeddable":true,"href":"https:\/\/orotech.lt\/en\/wp-json\/wp\/v2\/product_brand?post=25923"},{"taxonomy":"product_cat","embeddable":true,"href":"https:\/\/orotech.lt\/en\/wp-json\/wp\/v2\/product_cat?post=25923"},{"taxonomy":"product_tag","embeddable":true,"href":"https:\/\/orotech.lt\/en\/wp-json\/wp\/v2\/product_tag?post=25923"}],"curies":[{"name":"wp","href":"https:\/\/api.w.org\/{rel}","templated":true}]}}