{"id":25935,"date":"2025-09-09T07:15:51","date_gmt":"2025-09-09T07:15:51","guid":{"rendered":"https:\/\/orotech.lt\/oro-sausintuvas-trotec-ttk-165-eco-2\/"},"modified":"2025-09-10T06:10:53","modified_gmt":"2025-09-10T06:10:53","slug":"oro-sausintuvas-trotec-ttk-165-eco-2","status":"publish","type":"product","link":"https:\/\/orotech.lt\/en\/oro-sausintuvas-trotec-ttk-165-eco-2\/","title":{"rendered":"Dehumidifier Trotec TTK 165 ECO"},"content":{"rendered":"<p>&lt;p style=&quot;text-align: justify;&quot;&gt;The new one &lt;strong&gt;dehumidifier&lt;\/strong&gt;, dar gerai \u017einomas kaip dr\u0117gm\u0117s surink\u0117jas Trotec TTK 165 ECO per 24 valandas surenka apie 52 litrus &amp;ndash; tai \u012fsp\u016bdingas komercini\u0173 patalp\u0173 ar statybviet\u0117s d\u017eiovinimo efektyvumas. Talp\u0173 kondensato rezervuar\u0105 lengvai galima i&amp;scaron;imti ir i&amp;scaron;tu&amp;scaron;tinti. &amp;Scaron;is &lt;strong&gt;dehumidifier&lt;\/strong&gt; &amp;ndash; dr\u0117gm\u0117s surink\u0117jas turi i&amp;scaron;orin\u012f kondensato nutek\u0117jim\u0105 &amp;ndash; \u017earn\u0105, tod\u0117l puikiai tinka ilgesniam objekto d\u017eiovinimui. &lt;strong&gt;Air dehumidifier&lt;\/strong&gt; &amp;ndash; dr\u0117gm\u0117s surink\u0117jas Trotec TTK 165 ECO pasi\u017eymi paprasta prie\u017ei\u016bra &amp;ndash; nesukelia dideli\u0173 sunkum\u0173 d\u0117l lengvai ir greitai i&amp;scaron;valomo oro filtro. D\u0117l ve\u017eim\u0117lio konstrukcijos, rankenos ir dideli\u0173 ratuk\u0173 oro sausintuv\u0105 TTK 165 ECO galima lengvai transportuoti i&amp;scaron; vienos vietos \u012f kit\u0105 patalpose iki 90 m&amp;sup2; arba 230 m&amp;sup3;.&lt;br \/&gt;Convenient use&lt;\/p&gt;<br \/>\n&lt;p style=&quot;text-align: justify;&quot;&gt;&lt;strong&gt;Air dehumidifier&lt;\/strong&gt; &amp;ndash; dr\u0117gm\u0117s surink\u0117jas Trotec TTK 165 ECO turi integruot\u0105 lengvai nuimam\u0105 5 l vandens bakel\u012f. \u012erenginys automati&amp;scaron;kai nustoja veikti, kai vandens talpa prisipildo. Nuimamas oro filtras apsaugo prietaiso vid\u0173 nuo ne&amp;scaron;varum\u0173 ir gali b\u016bti lengvai nuvalomas ar i&amp;scaron;plaunamas. Reikia ilgesnio objekto d\u017eiovinimo? Prijunkite papildom\u0105 kondensato nutek\u0117jimo \u017earn\u0105!&lt;br \/&gt;Intended use&lt;\/p&gt;<br \/>\n&lt;p style=&quot;text-align: justify;&quot;&gt;Due to the stroller&amp;#039;s design, handle and large wheels &lt;strong&gt;dehumidifier&lt;\/strong&gt; The Trotec TTK 165 ECO can be easily transported over various obstacles on construction sites or commercial premises up to 90 m&sup2; or 230 m&sup3; in size.&lt;\/p&gt;<br \/>\n&lt;p style=&quot;text-align: justify;&quot;&gt;&lt;strong&gt;Advantages:&lt;\/strong&gt;&lt;\/p&gt;<br \/>\n&lt;ul&gt;<br \/>\n&lt;li&gt;Kondensato nutek\u0117jimo jungtis (\u017earna) nuolatiniam dr\u0117gm\u0117s pa&amp;scaron;alinimui;&lt;\/li&gt;<br \/>\n&lt;li&gt;Lengvai i&amp;scaron;valomas filtras;&lt;\/li&gt;<br \/>\n&lt;li&gt;Patogus transportavimas;&lt;\/li&gt;<br \/>\n&lt;li&gt;Ypatingai ekonomi&amp;scaron;kas sprendimas;&lt;\/li&gt;<br \/>\n&lt;li&gt;Didelis dr\u0117gm\u0117s pa&amp;scaron;alinimo efektyvumas;&lt;\/li&gt;<br \/>\n&lt;li&gt;Tvirtas plieninis korpusas;&lt;\/li&gt;<br \/>\n&lt;\/ul&gt;<br \/>\n&lt;p style=&quot;text-align: justify;&quot;&gt;&lt;strong&gt;Features:&lt;\/strong&gt;&lt;\/p&gt;<br \/>\n&lt;ul&gt;<br \/>\n&lt;li&gt;Dr\u0117gm\u0117s &amp;scaron;alinimo efektyvumas 52 l \/24 h;&lt;\/li&gt;<br \/>\n&lt;li&gt;Tinka patalpoms iki: 90 m&amp;sup2; \/ 230 m&amp;sup3;;&lt;\/li&gt;<br \/>\n&lt;li&gt;Darbo temperat\u016bros diapazonas: 5&amp;deg; &#8211; 32&amp;deg;C;&lt;\/li&gt;<br \/>\n&lt;li&gt;Maksimalus oro srautas: 350 m&amp;sup3; \/ h;&lt;\/li&gt;<br \/>\n&lt;li&gt;\u012evesties \u012ftampa: 230V (50Hz);&lt;\/li&gt;<br \/>\n&lt;li&gt;Energijos s\u0105naudos maks.: 0,9 kW;&lt;\/li&gt;<br \/>\n&lt;li&gt;Vandens talpa: 5 l;&lt;\/li&gt;<br \/>\n&lt;li&gt;Garso lygis dB (A) (atstumas 1 m): 56;&lt;\/li&gt;<br \/>\n&lt;li&gt;Ilgis: 495 mm;&lt;\/li&gt;<br \/>\n&lt;li&gt;Plotis: 455 mm;&lt;\/li&gt;<br \/>\n&lt;li&gt;Auk&amp;scaron;tis: 900 mm;&lt;\/li&gt;<br \/>\n&lt;li&gt;Svoris: 30 kg;&amp;nbsp;&lt;\/li&gt;<br \/>\n&lt;\/ul&gt;<br \/>\n&lt;p&gt;&lt;a class=&quot;catalogue&quot; href=&quot;\/en\/images\/Userfiles\/www.rubisolis.lt_oro_sausintuvas_Trotec_TTK_165_ECO1.pdf\/&quot; target=&quot;blank&quot;&gt;Download product manual &lt;\/a&gt;&lt;\/p&gt;<\/p>","protected":false},"excerpt":{"rendered":"<p>&lt;p style=&quot;text-align: justify;&quot;&gt;The new one &lt;strong&gt;dehumidifier&lt;\/strong&gt;, dar gerai \u017einomas kaip dr\u0117gm\u0117s surink\u0117jas Trotec TTK 165 ECO per 24 valandas surenka apie<\/p>","protected":false},"featured_media":25937,"comment_status":"closed","ping_status":"open","template":"","meta":[],"product_brand":[],"product_cat":[23],"product_tag":[535],"class_list":{"0":"post-25935","1":"product","2":"type-product","3":"status-publish","4":"has-post-thumbnail","6":"product_cat-be-kategorijos","7":"product_tag-naujiena","9":"first","10":"onbackorder","11":"taxable","12":"shipping-taxable","13":"product-type-variable"},"_links":{"self":[{"href":"https:\/\/orotech.lt\/en\/wp-json\/wp\/v2\/product\/25935","targetHints":{"allow":["GET"]}}],"collection":[{"href":"https:\/\/orotech.lt\/en\/wp-json\/wp\/v2\/product"}],"about":[{"href":"https:\/\/orotech.lt\/en\/wp-json\/wp\/v2\/types\/product"}],"replies":[{"embeddable":true,"href":"https:\/\/orotech.lt\/en\/wp-json\/wp\/v2\/comments?post=25935"}],"version-history":[{"count":1,"href":"https:\/\/orotech.lt\/en\/wp-json\/wp\/v2\/product\/25935\/revisions"}],"predecessor-version":[{"id":25936,"href":"https:\/\/orotech.lt\/en\/wp-json\/wp\/v2\/product\/25935\/revisions\/25936"}],"wp:featuredmedia":[{"embeddable":true,"href":"https:\/\/orotech.lt\/en\/wp-json\/wp\/v2\/media\/25937"}],"wp:attachment":[{"href":"https:\/\/orotech.lt\/en\/wp-json\/wp\/v2\/media?parent=25935"}],"wp:term":[{"taxonomy":"product_brand","embeddable":true,"href":"https:\/\/orotech.lt\/en\/wp-json\/wp\/v2\/product_brand?post=25935"},{"taxonomy":"product_cat","embeddable":true,"href":"https:\/\/orotech.lt\/en\/wp-json\/wp\/v2\/product_cat?post=25935"},{"taxonomy":"product_tag","embeddable":true,"href":"https:\/\/orotech.lt\/en\/wp-json\/wp\/v2\/product_tag?post=25935"}],"curies":[{"name":"wp","href":"https:\/\/api.w.org\/{rel}","templated":true}]}}