{"id":25947,"date":"2025-09-09T07:15:51","date_gmt":"2025-09-09T07:15:51","guid":{"rendered":"https:\/\/orotech.lt\/kondensacinis-oro-sausintuvas-trotec-ttk-70-hepa\/"},"modified":"2025-09-10T06:10:54","modified_gmt":"2025-09-10T06:10:54","slug":"kondensacinis-oro-sausintuvas-trotec-ttk-70-hepa","status":"publish","type":"product","link":"https:\/\/orotech.lt\/en\/kondensacinis-oro-sausintuvas-trotec-ttk-70-hepa\/","title":{"rendered":"Condenser dehumidifier Trotec TTK 70 HEPA"},"content":{"rendered":"<p style=\"text-align: justify;\">Double effect for a healthy indoor climate: 24 l <strong>dehumidifier<\/strong> and 95 % efficiency air purification with a HEPA filter that protects against mold, bacteria, viruses, dust, pollen and allergens.<\/p>\n<p style=\"text-align: justify;\"><strong>Air dehumidifier<\/strong> TTK 70 HEPA pad\u0117s gyventi sveikiau, giliai kv\u0117puoti ir m\u0117gautis patogiu gyvenimo ar darbo klimatu i\u0161tisus metus. \u0160is prietaisas savo funkcionalumu ir technin\u0117mis savyb\u0117mis tinkamas naudoti patalpose iki 50 m&sup2; ar 125 m&sup3;. <strong>Air dehumidifier<\/strong> fully automatically adjusts the humidity level to the recommended healthy level or to the selected relative humidity, the setting range of which is from 30% to 80%. In addition, the indoor air is cleaned with the help of two filters, a pre-filter and a HEPA filter, thus removing up to 95 percent of pathogenic viruses, bacteria, mold spores, pollen, house dust\/particulate matter, allergens and other air pollutants from the environment. What&#039;s more, this device has a fill level warning function that informs you that the water tank is full, an automatic shutdown function that protects against spillage, as well as laundry drying, automatic operation functions, etc.<\/p>\n<p style=\"text-align: justify;\"><strong>Air dehumidifier<\/strong> The Trotec TTK 70 HEPA is suitable for use not only in homes, apartments or offices, but also in basements, garages, summer houses, shops, conservatories, sports clubs, changing rooms. Using this device, you will avoid the formation of condensation, mold, unpleasant odors and will experience fewer allergy symptoms. Just by looking at the dehumidifier, you will immediately know whether the room currently has a sufficient humidity level. The color LED display on the front of the device visually shows the current humidity level:<\/p>\n<ul>\n<li>\n\t\tluminous <span style=\"color:#000080;\"><strong>blue<\/strong><\/span> The color indicates that the humidity level in the room is below 50 percent.<\/li>\n<li>\n\t\twhile teaching <span style=\"color:#006400;\"><strong>green<\/strong><\/span> For color, the humidity level in the room is optimal, between 50 and 70 percent.<\/li>\n<li>\n\t\t<strong><span style=\"color:#a52a2a;\">red<\/span><\/strong> The color warns that the humidity level in the room is higher than 70 percent.<\/li>\n<\/ul>\n<p style=\"text-align: center;\"><img decoding=\"async\" alt=\"\" src=\"\/images\/Userfiles\/www.rubisolis.lt_oro_sausintuvas_trotec_ttk_99_hepa_air_dehumidifier_trotec_ttk_99_hepa1.png\" style=\"width: 700px; height: 280px;\" title=\"\"><\/p>\n<p style=\"text-align: justify;\"><strong>Technical characteristics:&nbsp;<\/strong><\/p>\n<ul>\n<li>\n\t\tTinkamas patalp\u0173 dyd\u017eiui: 50 m&sup2;&nbsp;\/125 m&sup3;;<\/li>\n<li>\n\t\tMax. moisture absorption: 24 l \/ 24 h;<\/li>\n<li>\n\t\tAir flow: 140 m3\/h;<\/li>\n<li>\n\t\tCondensate capacity: 6.5 l;<\/li>\n<li>\n\t\tDarbo temperat\u016bros intervalas: nuo 5 &deg;C iki 32 &deg;C;<\/li>\n<li>\n\t\tWorking humidity range: 30-80 % RH;<\/li>\n<li>\n\t\tRated current: 1.91 A;<\/li>\n<li>\n\t\tPower: 420 W;<\/li>\n<li>\n\t\tPower supply: 220-240V \/ 50Hz;<\/li>\n<li>\n\t\tRefrigerant: R290;<\/li>\n<li>\n\t\tCooling agent quantity (kg): 0.06<\/li>\n<li>\n\t\tCable length: 1.8 m;<\/li>\n<li>\n\t\tSound level (at 1 m): 48 dB(A)<\/li>\n<li>\n\t\tDimensions (LxWxH): 225 x 340 x 565 mm;<\/li>\n<li>\n\t\tWeight: 14.5 kg.<\/li>\n<\/ul>\n<p><strong>Advantages:<\/strong><\/p>\n<ul>\n<li>\n\t\t<strong>Air dehumidifier<\/strong> air purification function using a HEPA filter (95 % effective HEPA filter against bacteria, viruses, pollen, particulate matter, dust mites, mold spores and other allergens and pollutants);<\/li>\n<li>\n\t\tAbility to set the desired humidity level from 30% to 80%;<\/li>\n<li>\n\t\tWhen the desired humidity value is reached, the compressor automatically switches off, the fan continues to operate. When the humidity value exceeds the set value, the unit automatically switches on again;<\/li>\n<li>\n\t\tAutomatic mode;<\/li>\n<li>\n\t\tAuto-start function (memory function);<\/li>\n<li>\n\t\tDigital display showing current room temperature and humidity level;<\/li>\n<li>\n\t\tLED lighting to indicate the current humidity level;<\/li>\n<li>\n\t\tClothes drying function. Available laundry drying levels: full drying (46%), iron drying (58%) and damp laundry (65%);<\/li>\n<li>\n\t\t24-hour timer function \u2013 the ability to program the device&#039;s on and off time;<\/li>\n<li>\n\t\t2 fan speeds;<\/li>\n<li>\n\t\tChild lock function;<\/li>\n<li>\n\t\tOverfill protection with automatic shut-off;<\/li>\n<li>\n\t\tWarning signal about full condensate tank;<\/li>\n<li>\n\t\tDrainage connection for continuous drainage.<\/li>\n<\/ul>\n<p><strong>How do you choose the right dehumidifier?<\/strong><\/p>\n<p style=\"text-align: center;\"><iframe allow=\"accelerometer; autoplay; clipboard-write; encrypted-media; gyroscope; picture-in-picture\" allowfullscreen=\"\" frameborder=\"0\" height=\"315\" src=\"https:\/\/www.youtube.com\/embed\/tSzxl8Kv850\" title=\"YouTube video player\" width=\"560\"><\/iframe><\/p>\n<p><a class=\"catalogue\" href=\"\/en\/images\/Userfiles\/www.rubisolis.lt_oro_sausintuvas_TTK_70_HEPA.pdf\/\" target=\"blank\">Download product manual <\/a><\/p>","protected":false},"excerpt":{"rendered":"<p>Dvigubas poveikis sveikam patalpos klimatui: 24 l oro sausintuvas ir 95 % efektyvumo oro valymas HEPA filtru, apsaugan\u010diu nuo pel\u0117si\u0173,<\/p>","protected":false},"featured_media":25949,"comment_status":"closed","ping_status":"open","template":"","meta":[],"product_brand":[],"product_cat":[23],"product_tag":[535],"class_list":{"0":"post-25947","1":"product","2":"type-product","3":"status-publish","4":"has-post-thumbnail","6":"product_cat-be-kategorijos","7":"product_tag-naujiena","9":"first","10":"onbackorder","11":"taxable","12":"shipping-taxable","13":"product-type-variable"},"_links":{"self":[{"href":"https:\/\/orotech.lt\/en\/wp-json\/wp\/v2\/product\/25947","targetHints":{"allow":["GET"]}}],"collection":[{"href":"https:\/\/orotech.lt\/en\/wp-json\/wp\/v2\/product"}],"about":[{"href":"https:\/\/orotech.lt\/en\/wp-json\/wp\/v2\/types\/product"}],"replies":[{"embeddable":true,"href":"https:\/\/orotech.lt\/en\/wp-json\/wp\/v2\/comments?post=25947"}],"version-history":[{"count":1,"href":"https:\/\/orotech.lt\/en\/wp-json\/wp\/v2\/product\/25947\/revisions"}],"predecessor-version":[{"id":25948,"href":"https:\/\/orotech.lt\/en\/wp-json\/wp\/v2\/product\/25947\/revisions\/25948"}],"wp:featuredmedia":[{"embeddable":true,"href":"https:\/\/orotech.lt\/en\/wp-json\/wp\/v2\/media\/25949"}],"wp:attachment":[{"href":"https:\/\/orotech.lt\/en\/wp-json\/wp\/v2\/media?parent=25947"}],"wp:term":[{"taxonomy":"product_brand","embeddable":true,"href":"https:\/\/orotech.lt\/en\/wp-json\/wp\/v2\/product_brand?post=25947"},{"taxonomy":"product_cat","embeddable":true,"href":"https:\/\/orotech.lt\/en\/wp-json\/wp\/v2\/product_cat?post=25947"},{"taxonomy":"product_tag","embeddable":true,"href":"https:\/\/orotech.lt\/en\/wp-json\/wp\/v2\/product_tag?post=25947"}],"curies":[{"name":"wp","href":"https:\/\/api.w.org\/{rel}","templated":true}]}}