{"id":25959,"date":"2025-09-09T07:15:51","date_gmt":"2025-09-09T07:15:51","guid":{"rendered":"https:\/\/orotech.lt\/kondensacinis-oro-sausintuvas-trotec-ttk-99-hepa-2\/"},"modified":"2025-09-10T06:10:54","modified_gmt":"2025-09-10T06:10:54","slug":"kondensacinis-oro-sausintuvas-trotec-ttk-99-hepa-2","status":"publish","type":"product","link":"https:\/\/orotech.lt\/en\/kondensacinis-oro-sausintuvas-trotec-ttk-99-hepa-2\/","title":{"rendered":"Condenser dehumidifier Trotec TTK 99 HEPA"},"content":{"rendered":"<p style=\"text-align: justify;\"><em>A highly effective solution for improving indoor climate: reduces humidity by up to 31 liters per day and provides air purification with a 95% HEPA filter that protects against mold, bacteria, viruses, dust, pollen and allergens.<br \/>\n\t<\/em><\/p>\n<p style=\"text-align: justify;\">Oro sausintuvas TTK 99 HEPA pad\u0117s gyventi sveikiau, giliai kv\u0117puoti ir m\u0117gautis patogiu gyvenimo ar darbo klimatu i\u0161tisus metus. \u0160is prietaisas savo funkcionalumu ir technin\u0117mis savyb\u0117mis tinkamas naudoti patalpose iki 90 m&sup2; ar 230 m&sup3;. Oro sausintuvas visi\u0161kai automati\u0161kai reguliuoja dr\u0117gm\u0117s lyg\u012f iki rekomenduojamo sveiko lygio arba iki pasirinktos santykin\u0117s dr\u0117gm\u0117s, kurios galimas nustatymo diapazonas nuo 30% iki 80%. Be to, patalp\u0173 oras i\u0161valomas dviej\u0173 filtr\u0173 pagalba, prie\u0161filtrio ir HEPA filtro, taip i\u0161 aplinkos pa\u0161alinama iki 95 procent\u0173 patogenini\u0173 virus\u0173, bakterij\u0173, pel\u0117si\u0173 spor\u0173, \u017eiedadulki\u0173, nam\u0173 dulki\u0173\/kiet\u0173j\u0173 daleli\u0173, alergen\u0173 ir kit\u0173 oro ter\u0161al\u0173. Dar daugiau, \u0161iame \u012frenginyje yra prisipildymo lygio persp\u0117jimo funkcija, informuojanti, kad vandens rezervuaras yra pilnas, automatinio i\u0161jungimo funkcija, sauganti nuo i\u0161siliejimo, taip pat skalbini\u0173 d\u017eiovinimo, automatinio veikimo funkcijos ir kt.<\/p>\n<p style=\"text-align: justify;\">The Trotec TTK 99 HEPA dehumidifier is suitable for use not only in homes, apartments or offices, but also in basements, garages, summer houses, shops, conservatories, sports clubs, and changing rooms. Using this device, you will avoid the formation of condensation, mold, unpleasant odors, and will experience fewer allergy symptoms. Just by looking at the dehumidifier, you will immediately know whether the room currently has a sufficient humidity level. The color LED display on the front of the device visually shows the current humidity level:<\/p>\n<ul>\n<li>\n\t\tluminous <span style=\"color:#000080;\"><strong>blue<\/strong><\/span> The color indicates that the humidity level in the room is below 50 percent.<\/li>\n<li>\n\t\twhile teaching <span style=\"color:#006400;\"><strong>green<\/strong><\/span> For color, the humidity level in the room is optimal, between 50 and 70 percent.<\/li>\n<li>\n\t\t<strong><span style=\"color:#a52a2a;\">red<\/span><\/strong> The color warns that the humidity level in the room is higher than 70 percent.<\/li>\n<\/ul>\n<p style=\"text-align: center;\">&nbsp;<img decoding=\"async\" alt=\"\" src=\"\/images\/Userfiles\/www.rubisolis.lt_oro_sausintuvas_trotec_ttk_99_hepa_air_dehumidifier_trotec_ttk_99_hepa1.png\" style=\"width: 700px; height: 280px;\" title=\"\"><\/p>\n<p style=\"text-align: justify;\"><strong>Technical characteristics:&nbsp;<\/strong><\/p>\n<ul>\n<li>\n\t\tTinkamas patalp\u0173 dyd\u017eiui: 90 m&sup2;&nbsp;\/ 230 m&sup3;;<\/li>\n<li>\n\t\tMax. moisture absorption: 31 l \/ 24 h;<\/li>\n<li>\n\t\tAir flow: 170 m3\/h;<\/li>\n<li>\n\t\tCondensate capacity: 4 l;<\/li>\n<li>\n\t\tDarbo temperat\u016bros intervalas: nuo 5 &deg;C iki 32 &deg;C;<\/li>\n<li>\n\t\tWorking humidity range: 30-80 % RH;<\/li>\n<li>\n\t\tRated current: 3.38 A;<\/li>\n<li>\n\t\tPower: 720 W;<\/li>\n<li>\n\t\tPower supply: 220-240V \/ 50Hz;<\/li>\n<li>\n\t\tRefrigerant: R290;<\/li>\n<li>\n\t\tCooling agent quantity (kg): 0.09;<\/li>\n<li>\n\t\tCable length: 1.8 m;<\/li>\n<li>\n\t\tSound level (at 1 m): 51 dB(A);<\/li>\n<li>\n\t\tDimensions: (LxWxH): 250 x 370 x 585 mm;<\/li>\n<li>\n\t\tWeight: 17 kg.&nbsp;<\/li>\n<\/ul>\n<p><strong>Advantages:<\/strong><\/p>\n<ul>\n<li>\n\t\tDehumidifier with air purification function using a HEPA filter (95 % effective HEPA filter against bacteria, viruses, pollen, particulate matter, dust mites, mold spores and other allergens and pollutants);<\/li>\n<li>\n\t\tHygrostat control with real humidity value selection function;<\/li>\n<li>\n\t\tWhen the desired humidity value is reached, the compressor automatically switches off, the fan continues to operate. When the humidity value exceeds the set value, the unit automatically switches on again;<\/li>\n<li>\n\t\tNight mode and continuous operation function;<\/li>\n<li>\n\t\tAuto-start function (memory function);<\/li>\n<li>\n\t\tDigital display showing the current humidity level in the room;<\/li>\n<li>\n\t\tLED lighting to indicate the current humidity level;<\/li>\n<li>\n\t\tClothes drying function. Available laundry drying levels: full drying (46%), iron drying (58%) and damp laundry (65%);<\/li>\n<li>\n\t\t24-hour timer function \u2013 the ability to program the device&#039;s on and off time;<\/li>\n<li>\n\t\t2 fan speeds;<\/li>\n<li>\n\t\tChild lock function;<\/li>\n<li>\n\t\tOverfill protection with automatic shut-off;<\/li>\n<li>\n\t\tWarning signal about full condensate tank;<\/li>\n<li>\n\t\tDrainage connection for continuous drainage.<\/li>\n<\/ul>\n<p><a class=\"catalogue\" href=\"\/en\/images\/Userfiles\/www.rubisolis.lt_oro_sausintuvas_trotec_ttk_99_hepa_instrukcija.pdf\/\" target=\"blank\">Download product manual <\/a><\/p>","protected":false},"excerpt":{"rendered":"<p>Itin efektyvus sprendimas patalpos klimato gerinimui: suma\u017einamas dr\u0117gm\u0117s kiekis iki 31 litro per dien\u0105 ir 95 % u\u017etikrinamas oro valymas<\/p>","protected":false},"featured_media":25961,"comment_status":"closed","ping_status":"open","template":"","meta":[],"product_brand":[],"product_cat":[23],"product_tag":[535],"class_list":{"0":"post-25959","1":"product","2":"type-product","3":"status-publish","4":"has-post-thumbnail","6":"product_cat-be-kategorijos","7":"product_tag-naujiena","9":"first","10":"onbackorder","11":"taxable","12":"shipping-taxable","13":"product-type-variable"},"_links":{"self":[{"href":"https:\/\/orotech.lt\/en\/wp-json\/wp\/v2\/product\/25959","targetHints":{"allow":["GET"]}}],"collection":[{"href":"https:\/\/orotech.lt\/en\/wp-json\/wp\/v2\/product"}],"about":[{"href":"https:\/\/orotech.lt\/en\/wp-json\/wp\/v2\/types\/product"}],"replies":[{"embeddable":true,"href":"https:\/\/orotech.lt\/en\/wp-json\/wp\/v2\/comments?post=25959"}],"version-history":[{"count":1,"href":"https:\/\/orotech.lt\/en\/wp-json\/wp\/v2\/product\/25959\/revisions"}],"predecessor-version":[{"id":25960,"href":"https:\/\/orotech.lt\/en\/wp-json\/wp\/v2\/product\/25959\/revisions\/25960"}],"wp:featuredmedia":[{"embeddable":true,"href":"https:\/\/orotech.lt\/en\/wp-json\/wp\/v2\/media\/25961"}],"wp:attachment":[{"href":"https:\/\/orotech.lt\/en\/wp-json\/wp\/v2\/media?parent=25959"}],"wp:term":[{"taxonomy":"product_brand","embeddable":true,"href":"https:\/\/orotech.lt\/en\/wp-json\/wp\/v2\/product_brand?post=25959"},{"taxonomy":"product_cat","embeddable":true,"href":"https:\/\/orotech.lt\/en\/wp-json\/wp\/v2\/product_cat?post=25959"},{"taxonomy":"product_tag","embeddable":true,"href":"https:\/\/orotech.lt\/en\/wp-json\/wp\/v2\/product_tag?post=25959"}],"curies":[{"name":"wp","href":"https:\/\/api.w.org\/{rel}","templated":true}]}}