{"id":25971,"date":"2025-09-09T07:15:51","date_gmt":"2025-09-09T07:15:51","guid":{"rendered":"https:\/\/orotech.lt\/adsorbcinis-oro-sausintuvas-airme-evel-su-wi-fi\/"},"modified":"2025-09-10T06:10:55","modified_gmt":"2025-09-10T06:10:55","slug":"adsorbcinis-oro-sausintuvas-airme-evel-su-wi-fi","status":"publish","type":"product","link":"https:\/\/orotech.lt\/en\/adsorbcinis-oro-sausintuvas-airme-evel-su-wi-fi\/","title":{"rendered":"Adsorbcinis oro sausintuvas Air&amp;Me Evel su WI-FI"},"content":{"rendered":"<p>&lt;p style=&quot;text-align: justify;&quot;&gt;Evel is adsorptive &lt;strong&gt;dehumidifier &lt;\/strong&gt;- dr\u0117gm\u0117s surink\u0117jas su WI FI funkcija: jis \u012fsiurbia aplinkos or\u0105 per savo ventiliatori\u0173 ir praleid\u017eia j\u012f per besisukant\u012f filtr\u0105, kuris i&amp;scaron; oro sugeria vandens pertekli\u0173. &amp;Scaron;ios technologijos d\u0117ka, prietaisas veikia tyliai bei yra efektyvus esant \u017eemai aplinkos temperat\u016brai (nuo 0&amp;deg;C).&lt;\/p&gt;<br \/>\n&lt;p style=&quot;text-align: justify;&quot;&gt;Itin lengvas, ekologi&amp;scaron;kas, paprastai valdomas &lt;strong&gt;dehumidifier&lt;\/strong&gt; turi tris grei\u010dio lygius, ranken\u0105 patogiam perk\u0117limui i&amp;scaron; vienos vietos \u012f kit\u0105 bei laikma\u010dio ir skalbini\u0173 d\u017eiovinimo funkcijas. Dar daugiau, &amp;scaron;iame prietaise yra \u012frengtas intuityvus valdymo pultas, leid\u017eiantis pasirinkti vien\u0105 i&amp;scaron; trij\u0173 veikimo re\u017eim\u0173. &amp;ldquo;Hygrosmart&amp;reg;&amp;rdquo; re\u017eimas suteiks jums ideal\u0173 dr\u0117gm\u0117s lyg\u012f patalpoje, nuo 40% iki 60%, taip pat galimi &amp;bdquo;60% dr\u0117gm\u0117s&amp;ldquo; ir &amp;bdquo;70% dr\u0117gm\u0117s&amp;ldquo; r\u0117\u017eimai.&lt;\/p&gt;<br \/>\n&lt;p style=&quot;text-align: justify;&quot;&gt;Eve &lt;strong&gt;dehumidifier&lt;\/strong&gt; yra ne tik paprastas naudoti, bet ir i&amp;scaron;manus: jame \u012fmontuotas higrometras leid\u017eia nustatyti aplinkos dr\u0117gm\u0119. Taigi, kai tik kambario dr\u0117gm\u0117s lygis yra didesnis nei pageidaujamas, \u012frenginys automati&amp;scaron;kai \u012fsijungia. Kai tik dr\u0117gm\u0117s lygis patalpoje yra \u017eemesnis nei norimas &ndash; prietaisas i&amp;scaron;sijungia. Taip pat, &amp;scaron;is \u012frenginys turi drena\u017eo jungt\u012f bei automatinio i&amp;scaron;jungimo funkcij\u0105, saugan\u010dia nuo i&amp;scaron;siliejimo.&lt;\/p&gt;<br \/>\n&lt;p style=&quot;text-align: justify;&quot;&gt;&amp;Scaron;is &lt;strong&gt;dehumidifier&lt;\/strong&gt; will find its place in your home, whether it&amp;#039;s a basement, a dressing room or a living room.&lt;\/p&gt;<br \/>\n&lt;p&gt;&lt;strong&gt;Technical information:&lt;\/strong&gt;&lt;\/p&gt;<br \/>\n&lt;ul&gt;<br \/>\n&lt;li&gt;Sausinimo na&amp;scaron;umas: 7 l \/ 24h;&lt;\/li&gt;<br \/>\n&lt;li&gt;Tinkamas patalpoms iki 90 m&amp;sup2;,&lt;\/li&gt;<br \/>\n&lt;li&gt;Energijos s\u0105naudos: 650 W;&lt;\/li&gt;<br \/>\n&lt;li&gt;Triuk&amp;scaron;mo lygis: &amp;le; 55 dB;&lt;\/li&gt;<br \/>\n&lt;li&gt;Grei\u010dio lygiai: 3;&lt;\/li&gt;<br \/>\n&lt;li&gt;Vandens talpa: 2,5 l;&lt;\/li&gt;<br \/>\n&lt;li&gt;\u012erenginio matmenys: 455 x 300 x 200 mm;&lt;\/li&gt;<br \/>\n&lt;li&gt;\u012erenginio svoris: 5,7 kg.&lt;\/li&gt;<br \/>\n&lt;\/ul&gt;<br \/>\n&lt;p&gt;&lt;strong&gt;Features:&lt;\/strong&gt;&lt;\/p&gt;<br \/>\n&lt;ul&gt;<br \/>\n&lt;li&gt;Drena\u017eo jungtis nuolatiniam sausinimui;&lt;\/li&gt;<br \/>\n&lt;li&gt;Oro dr\u0117gm\u0117s kontrol\u0117;&lt;\/li&gt;<br \/>\n&lt;li&gt;Galimyb\u0117 prijungti vandens siurbliuk\u0105;&lt;\/li&gt;<br \/>\n&lt;li&gt;Automatinio i&amp;scaron;jungimo funkcija, sauganti nuo i&amp;scaron;siliejimo;&lt;\/li&gt;<br \/>\n&lt;li&gt;Laikmatis;&lt;\/li&gt;<br \/>\n&lt;li&gt;Papildomas re\u017eimas skalbini\u0173 d\u017eiovinimui.&amp;nbsp;&lt;\/li&gt;<br \/>\n&lt;\/ul&gt;<br \/>\n&lt;p&gt;&lt;a class=&quot;catalogue&quot; href=&quot;\/en\/images\/Userfiles\/My_folder\/Evel_sausintuvas_instrukcija.pdf\/&quot; target=&quot;blank&quot;&gt;Download product manual&lt;\/a&gt;&lt;\/p&gt;<\/p>","protected":false},"excerpt":{"rendered":"<p>&lt;p style=&quot;text-align: justify;&quot;&gt;Evel is adsorptive &lt;strong&gt;dehumidifier &lt;\/strong&gt;- dr\u0117gm\u0117s surink\u0117jas su WI FI funkcija: jis \u012fsiurbia aplinkos or\u0105 per savo<\/p>","protected":false},"featured_media":25973,"comment_status":"closed","ping_status":"open","template":"","meta":[],"product_brand":[],"product_cat":[23],"product_tag":[535],"class_list":{"0":"post-25971","1":"product","2":"type-product","3":"status-publish","4":"has-post-thumbnail","6":"product_cat-be-kategorijos","7":"product_tag-naujiena","9":"first","10":"onbackorder","11":"taxable","12":"shipping-taxable","13":"product-type-variable"},"_links":{"self":[{"href":"https:\/\/orotech.lt\/en\/wp-json\/wp\/v2\/product\/25971","targetHints":{"allow":["GET"]}}],"collection":[{"href":"https:\/\/orotech.lt\/en\/wp-json\/wp\/v2\/product"}],"about":[{"href":"https:\/\/orotech.lt\/en\/wp-json\/wp\/v2\/types\/product"}],"replies":[{"embeddable":true,"href":"https:\/\/orotech.lt\/en\/wp-json\/wp\/v2\/comments?post=25971"}],"version-history":[{"count":1,"href":"https:\/\/orotech.lt\/en\/wp-json\/wp\/v2\/product\/25971\/revisions"}],"predecessor-version":[{"id":25972,"href":"https:\/\/orotech.lt\/en\/wp-json\/wp\/v2\/product\/25971\/revisions\/25972"}],"wp:featuredmedia":[{"embeddable":true,"href":"https:\/\/orotech.lt\/en\/wp-json\/wp\/v2\/media\/25973"}],"wp:attachment":[{"href":"https:\/\/orotech.lt\/en\/wp-json\/wp\/v2\/media?parent=25971"}],"wp:term":[{"taxonomy":"product_brand","embeddable":true,"href":"https:\/\/orotech.lt\/en\/wp-json\/wp\/v2\/product_brand?post=25971"},{"taxonomy":"product_cat","embeddable":true,"href":"https:\/\/orotech.lt\/en\/wp-json\/wp\/v2\/product_cat?post=25971"},{"taxonomy":"product_tag","embeddable":true,"href":"https:\/\/orotech.lt\/en\/wp-json\/wp\/v2\/product_tag?post=25971"}],"curies":[{"name":"wp","href":"https:\/\/api.w.org\/{rel}","templated":true}]}}