{"id":25980,"date":"2025-09-09T07:15:51","date_gmt":"2025-09-09T07:15:51","guid":{"rendered":"https:\/\/orotech.lt\/kondensacinis-oro-sausintuvas-trotec-ttk-26-e-2\/"},"modified":"2025-09-10T06:10:56","modified_gmt":"2025-09-10T06:10:56","slug":"kondensacinis-oro-sausintuvas-trotec-ttk-26-e-2","status":"publish","type":"product","link":"https:\/\/orotech.lt\/en\/kondensacinis-oro-sausintuvas-trotec-ttk-26-e-2\/","title":{"rendered":"Condensing air dryer Trotec TTK 26 E"},"content":{"rendered":"<p style=\"text-align: justify;\">Modernaus ir kompakti\u0161ko dizaino kondensacinis oro sausintuvas &ndash; dr\u0117gm\u0117s surink\u0117jas Trotec TTR 26 E puikus sprendimas nuolatiniam nedideli\u0173 patalp\u0173 sausinimui, kuri\u0173 plotas yra iki 15 m&sup2;. \u0160is Trotec <strong>dehumidifier<\/strong> has all the necessary comfort functions that allow the device to operate without additional maintenance: an electronic automatic defrost system, a fill level warning light and overflow protection with automatic shut-off function.<\/p>\n<p style=\"text-align: justify;\"><strong>Air dehumidifier<\/strong> &ndash; dr\u0117gm\u0117s surink\u0117jas Trotec TTK 26 E galima naudoti net ten, kur ne visada patogu i\u0161tu\u0161tinti 1.8 l vandens vandens rezervuar\u0105 rankiniu b\u016bdu, pavyzd\u017eiui, \u0161ildomuose r\u016bsiuose ar poilsio namuose. \u012erenginys automati\u0161kai sustoja, kai vandens bako talpa prisipildo, o tai atvaizduoja \u0161viesos diodas.<\/p>\n<p style=\"text-align: justify;\"><strong>Air dehumidifier<\/strong> &ndash; dr\u0117gm\u0117s surink\u0117jas Trotec TTK 26 E turi integruot\u0105 atskir\u0105 \u017earnos jungt\u012f, per kuri\u0105 kondensatas gali b\u016bti tiesiogiai i\u0161leid\u017eiamas \u012f kanalizacij\u0105. Taip pat, sausintuve integruotas lengvai nuimamas ir plaunamas oro filtras, kuris sulaiko p\u016bkelius ir gyv\u016bn\u0173 plaukus. Patogi\u0173 ranken\u0173 d\u0117ka lengvai pakeisite prietaiso veikimo viet\u0105.<br \/>\n\t&nbsp;&nbsp;<\/p>\n<p style=\"text-align: justify;\"><strong>Technical information:<\/strong><\/p>\n<ul>\n<li>\n\t\tTinkamas patalp\u0173 dyd\u017eiui: 15 m&sup2;;<\/li>\n<li>\n\t\tMoisture absorption: up to 10 l \/ 24 h;<\/li>\n<li>\n\t\tMaksimalus oro srautas: 80 m&sup3;\/val.;<\/li>\n<li>\n\t\tCondensate capacity: 1.8 l;<\/li>\n<li>\n\t\tPower: 200 W;<\/li>\n<li>\n\t\tDarbo temperat\u016bros intervalas: nuo 5 &deg;C iki 32 &deg;C;<\/li>\n<li>\n\t\tOperating humidity range: from 30% to 80% RH;<\/li>\n<li>\n\t\tPower supply: 220-240\/50 V\/Hz;<\/li>\n<li>\n\t\tCable length: 1.7 m;<\/li>\n<li>\n\t\tSound level (at 1 m): 40 dB(A);<\/li>\n<li>\n\t\tDimensions: 217 x 296 x 416 mm;<\/li>\n<li>\n\t\tWeight: 9.5 kg.<\/li>\n<\/ul>\n<p style=\"text-align: justify;\"><strong>Advantages:<\/strong><\/p>\n<ul>\n<li>\n\t\tEasy-to-clean air filter;<\/li>\n<li>\n\t\t2-speed fan;<\/li>\n<li>\n\t\tDrainage connection for continuous drainage;<\/li>\n<li>\n\t\tTimer;<\/li>\n<li>\n\t\tAutomatic and continuous dehumidification modes;<\/li>\n<li>\n\t\tAvailable laundry drying levels: full drying (46%), iron drying (58%) and damp laundry (65%);<\/li>\n<li>\n\t\tAutomatic air circulation defrosting system;<\/li>\n<li>\n\t\tAutomatic shut-off function to prevent spills;<\/li>\n<li>\n\t\tFilling level warning function (light) informing that the water tank is full;<\/li>\n<li>\n\t\tSelf-cleaning function;<\/li>\n<li>\n\t\tConvenient handle for carrying.&nbsp;<\/li>\n<\/ul>\n<p><strong>How to choose the right dehumidifier?&nbsp;<\/strong><\/p>\n<p style=\"text-align: center;\"><iframe allow=\"accelerometer; autoplay; clipboard-write; encrypted-media; gyroscope; picture-in-picture\" allowfullscreen=\"\" frameborder=\"0\" height=\"315\" src=\"https:\/\/www.youtube.com\/embed\/tSzxl8Kv850\" title=\"YouTube video player\" width=\"560\"><\/iframe><\/p>\n<p>&nbsp;<\/p>\n<p><a class=\"catalogue\" href=\"\/en\/images\/Userfiles\/www.rubisolis.lt_oro_sausintuvas_trotec_ttk_26_e_LT.pdf\/\" target=\"blank\">Download product manual <\/a><\/p>","protected":false},"excerpt":{"rendered":"<p>Modernaus ir kompakti\u0161ko dizaino kondensacinis oro sausintuvas &ndash; dr\u0117gm\u0117s surink\u0117jas Trotec TTR 26 E puikus sprendimas nuolatiniam nedideli\u0173 patalp\u0173 sausinimui,<\/p>","protected":false},"featured_media":25982,"comment_status":"closed","ping_status":"open","template":"","meta":[],"product_brand":[],"product_cat":[23],"product_tag":[535],"class_list":{"0":"post-25980","1":"product","2":"type-product","3":"status-publish","4":"has-post-thumbnail","6":"product_cat-be-kategorijos","7":"product_tag-naujiena","9":"first","10":"onbackorder","11":"taxable","12":"shipping-taxable","13":"product-type-variable"},"_links":{"self":[{"href":"https:\/\/orotech.lt\/en\/wp-json\/wp\/v2\/product\/25980","targetHints":{"allow":["GET"]}}],"collection":[{"href":"https:\/\/orotech.lt\/en\/wp-json\/wp\/v2\/product"}],"about":[{"href":"https:\/\/orotech.lt\/en\/wp-json\/wp\/v2\/types\/product"}],"replies":[{"embeddable":true,"href":"https:\/\/orotech.lt\/en\/wp-json\/wp\/v2\/comments?post=25980"}],"version-history":[{"count":1,"href":"https:\/\/orotech.lt\/en\/wp-json\/wp\/v2\/product\/25980\/revisions"}],"predecessor-version":[{"id":25981,"href":"https:\/\/orotech.lt\/en\/wp-json\/wp\/v2\/product\/25980\/revisions\/25981"}],"wp:featuredmedia":[{"embeddable":true,"href":"https:\/\/orotech.lt\/en\/wp-json\/wp\/v2\/media\/25982"}],"wp:attachment":[{"href":"https:\/\/orotech.lt\/en\/wp-json\/wp\/v2\/media?parent=25980"}],"wp:term":[{"taxonomy":"product_brand","embeddable":true,"href":"https:\/\/orotech.lt\/en\/wp-json\/wp\/v2\/product_brand?post=25980"},{"taxonomy":"product_cat","embeddable":true,"href":"https:\/\/orotech.lt\/en\/wp-json\/wp\/v2\/product_cat?post=25980"},{"taxonomy":"product_tag","embeddable":true,"href":"https:\/\/orotech.lt\/en\/wp-json\/wp\/v2\/product_tag?post=25980"}],"curies":[{"name":"wp","href":"https:\/\/api.w.org\/{rel}","templated":true}]}}