{"id":25991,"date":"2025-09-09T07:15:51","date_gmt":"2025-09-09T07:15:51","guid":{"rendered":"https:\/\/orotech.lt\/sausintuvas-oro-valytuvas-clean-air-ca-704-smart-hepa-2\/"},"modified":"2025-09-10T06:10:57","modified_gmt":"2025-09-10T06:10:57","slug":"sausintuvas-oro-valytuvas-clean-air-ca-704-smart-hepa-2","status":"publish","type":"product","link":"https:\/\/orotech.lt\/en\/sausintuvas-oro-valytuvas-clean-air-ca-704-smart-hepa-2\/","title":{"rendered":"Sausintuvas &#8211; oro valytuvas Clean Air CA-704 Smart HEPA"},"content":{"rendered":"<p>&lt;p&gt;&lt;strong&gt;Clean Air CA-704 Smart&lt;\/strong&gt; yra sausintuvas ir oro valytuvas, kuris u\u017etikrina &amp;scaron;var\u0173 ir sveik\u0105 or\u0105 j\u016bs\u0173 namuose ar biure. &amp;Scaron;is prietaisas sujungia dvi svarbias funkcijas &ndash; oro sausinim\u0105 ir oro valym\u0105.&lt;\/p&gt;<br \/>\n&lt;p&gt;Sausintuvas padeda suma\u017einti dr\u0117gm\u0119 patalpose. Tai ypa\u010d naudinga dr\u0117gnose patalpose. Sausintuvo funkcija padeda i&amp;scaron;laikyti optimal\u0173 dr\u0117gm\u0117s lyg\u012f patalpose, taip pagerinant j\u016bs\u0173 komfort\u0105 ir sveikatos b\u016bkl\u0119.&lt;\/p&gt;<br \/>\n&lt;p&gt;Oro valytuvo funkcija padeda valyti or\u0105 nuo dulki\u0173, alergen\u0173, bakterij\u0173, pel\u0117si\u0173 ir kit\u0173 ter&amp;scaron;al\u0173. Tai puikiai tinka tiems, kurie ken\u010dia nuo alergij\u0173 arba nori pagerinti bendr\u0105 or\u0173 kokyb\u0119 savo aplinkoje. Oro valytuvas filtruoja or\u0105 per specialius filtrus, kad pa&amp;scaron;alint\u0173 \u017ealingus daleles ir i&amp;scaron;laikyt\u0173 &amp;scaron;var\u0173 or\u0105 patalpose.&lt;\/p&gt;<br \/>\n&lt;p&gt;&lt;strong&gt;Clean Air CA-704 Smart taip pat turi &quot;Smart&quot; funkcij\u0105&lt;\/strong&gt;, kuri leid\u017eia jums valdyti prietais\u0105 per i&amp;scaron;man\u0173j\u012f telefon\u0105 ar kitus \u012frenginius, naudojant speciali\u0105 program\u0117l\u0119. Tai suteikia patogum\u0105 ir leid\u017eia jums valdyti ir steb\u0117ti oro kokyb\u0119 bet kur ir bet kada.&lt;\/p&gt;<br \/>\n&lt;p&gt;&amp;Scaron;is sausintuvas ir oro valytuvas Clean Air CA-704 Smart yra puikus pasirinkimas tiems, kurie siekia geros or\u0173 kokyb\u0117s ir sveikos aplinkos savo namuose ar biure.&lt;\/p&gt;<br \/>\n&lt;p&gt;&lt;strong&gt;Penkios filtr\u0173 technologijos efektyviam oro valymui:&lt;\/strong&gt;&lt;\/p&gt;<br \/>\n&lt;ol&gt;<br \/>\n&lt;li&gt;&lt;strong&gt;Pirminis filtras.&lt;\/strong&gt; Pirminis filtras sulaiko dideles dulki\u0173 daleles, tokias kaip p\u016bkeliai, plaukai ir namini\u0173 gyv\u016bn\u0117li\u0173 pleiskanos;&lt;\/li&gt;<br \/>\n&lt;li&gt;&lt;strong&gt;Aktyvuotos anglies filtras.&amp;nbsp;&lt;\/strong&gt;Aktyvuota anglis neutralizuoja d\u016bmus, chemines med\u017eiagas, dujas ir kvapus, neleid\u017eia daugintis bakterijoms, virusams ir grybeliams;&lt;\/li&gt;<br \/>\n&lt;li&gt;&lt;strong&gt;HEPA&amp;nbsp; filtras&lt;\/strong&gt; su nano sidabro danga. I&amp;scaron;valo 99,97 % visos suspenduotos med\u017eiagos iki 0,3 mikrometro (0,3 &amp;micro;m) nuo oro. HEPA filtras yra efektyviausias oro * filtras, skirtas pa&amp;scaron;alinti:&lt;br \/&gt;* smulkias dulkes, cigare\u010di\u0173 d\u016bmus, \u017eiedadulkes;&lt;br \/&gt;* alergenus;&lt;br \/&gt;* bet kokias kitas kiet\u0105sias daleles;&lt;br \/&gt;* antibakterinis nano sidabro sluoksnis ant filtro naikina bakterijas ir grybelius.&amp;nbsp;&lt;\/li&gt;<br \/>\n&lt;li&gt;&lt;strong&gt;UV-C lempa&lt;\/strong&gt;. Nuolatin\u0117s lempos ultravioletin\u0117 &amp;scaron;viesa (UV-C spinduliuot\u0117), kurios bangos ilgis yra 254 nm, naikina sveikatai kenksmingus mikroorganizmus, tokius kaip: mikrobus, virusus, grybelius (pel\u0117si\u0173 sporas) ir bakterijas.&amp;nbsp;&lt;\/li&gt;<br \/>\n&lt;li&gt;&lt;strong&gt;Jonizatoriaus&lt;\/strong&gt;. Talpa &amp;gt; 3 000 000 neigiam\u0173 jon\u0173 \/ cm&amp;sup3;, kurie yra pasklid\u0119 visoje patalpoje, neutralizuojantys kenksmingas med\u017eiagas ir kvapus. Jonizatorius gamina neigiamus jonus, kad i&amp;scaron;valyt\u0173 patalp\u0173 or\u0105 ir praturtint\u0173 j\u012f aktyviu deguonimi. Nemalon\u016bs kvapai neutralizuojami, o ter&amp;scaron;alai i&amp;scaron;valomi i&amp;scaron; oro. Neigiami jonai taip pat turi stipr\u0173 antistatin\u012f poveik\u012f.&amp;nbsp;&lt;\/li&gt;<br \/>\n&lt;\/ol&gt;<br \/>\n&lt;p&gt;&lt;strong&gt;I&amp;scaron;manus valdymas&lt;\/strong&gt;&lt;\/p&gt;<br \/>\n&lt;p&gt;Oro sausintuvas-valytuvas gali b\u016bti valdomas per nuotol\u012f, i&amp;scaron; bet kokio kambario naudojant speciali\u0105 program\u0117l\u0119. Tai suteikia galimyb\u0119 lengvai ir greitai valdyti \u012frengin\u012f net per nuotol\u012f.&lt;\/p&gt;<br \/>\n&lt;p&gt;You can download the required app here:&lt;\/p&gt;<br \/>\n&lt;p&gt;&lt;a href=&quot;https:\/\/apps.apple.com\/np\/app\/cleanairoptima\/id1597731227&quot;&gt;Apple App Store&lt;\/a&gt;&lt;br \/&gt;&lt;a href=&quot;https:\/\/play.google.com\/store\/apps\/details?id=com.cleanairoptima.smart&amp;amp;gl&quot;&gt;Google Play Store&amp;nbsp;&lt;\/a&gt;&lt;\/p&gt;<br \/>\n&lt;p&gt;&lt;strong&gt;Technical characteristics:&lt;\/strong&gt;&lt;\/p&gt;<br \/>\n&lt;ul&gt;<br \/>\n&lt;li&gt;Patalpoms iki 40 m&amp;sup2;;&lt;\/li&gt;<br \/>\n&lt;li&gt;Sugeriamas dr\u0117gm\u0117s kiekis: 10 l\/24 h;&lt;\/li&gt;<br \/>\n&lt;li&gt;Vandens bako talpa: 3 l;&lt;\/li&gt;<br \/>\n&lt;li&gt;Matmenys:&amp;nbsp;50 x 25 x 25 cm;&lt;\/li&gt;<br \/>\n&lt;li&gt;Svoris:&amp;nbsp;9,5 kg;&lt;\/li&gt;<br \/>\n&lt;li&gt;Ventiliatoriaus na&amp;scaron;umas: iki 120m&amp;sup3;\/val.&lt;\/li&gt;<br \/>\n&lt;\/ul&gt;<br \/>\n&lt;p&gt;&lt;a class=&quot;catalogue&quot; href=&quot;https:\/\/rubisolis.lt\/images\/Userfiles\/My_folder\/Instrukcijos\/Instrukcija_Sausintuvas_-_oro_valytuvas_Clean_Air_CA-704_Smart_HEPA.pdf&quot; target=&quot;blank&quot;&gt;&amp;nbsp;Download product manual&lt;br \/&gt;&lt;\/a&gt;&lt;\/p&gt;<\/p>","protected":false},"excerpt":{"rendered":"<p>&lt;p&gt;&lt;strong&gt;Clean Air CA-704 Smart&lt;\/strong&gt; yra sausintuvas ir oro valytuvas, kuris u\u017etikrina &amp;scaron;var\u0173 ir sveik\u0105 or\u0105 j\u016bs\u0173 namuose ar biure. &amp;Scaron;is<\/p>","protected":false},"featured_media":25993,"comment_status":"closed","ping_status":"open","template":"","meta":[],"product_brand":[],"product_cat":[23],"product_tag":[535],"class_list":{"0":"post-25991","1":"product","2":"type-product","3":"status-publish","4":"has-post-thumbnail","6":"product_cat-be-kategorijos","7":"product_tag-naujiena","9":"first","10":"onbackorder","11":"taxable","12":"shipping-taxable","13":"product-type-variable"},"_links":{"self":[{"href":"https:\/\/orotech.lt\/en\/wp-json\/wp\/v2\/product\/25991","targetHints":{"allow":["GET"]}}],"collection":[{"href":"https:\/\/orotech.lt\/en\/wp-json\/wp\/v2\/product"}],"about":[{"href":"https:\/\/orotech.lt\/en\/wp-json\/wp\/v2\/types\/product"}],"replies":[{"embeddable":true,"href":"https:\/\/orotech.lt\/en\/wp-json\/wp\/v2\/comments?post=25991"}],"version-history":[{"count":1,"href":"https:\/\/orotech.lt\/en\/wp-json\/wp\/v2\/product\/25991\/revisions"}],"predecessor-version":[{"id":25992,"href":"https:\/\/orotech.lt\/en\/wp-json\/wp\/v2\/product\/25991\/revisions\/25992"}],"wp:featuredmedia":[{"embeddable":true,"href":"https:\/\/orotech.lt\/en\/wp-json\/wp\/v2\/media\/25993"}],"wp:attachment":[{"href":"https:\/\/orotech.lt\/en\/wp-json\/wp\/v2\/media?parent=25991"}],"wp:term":[{"taxonomy":"product_brand","embeddable":true,"href":"https:\/\/orotech.lt\/en\/wp-json\/wp\/v2\/product_brand?post=25991"},{"taxonomy":"product_cat","embeddable":true,"href":"https:\/\/orotech.lt\/en\/wp-json\/wp\/v2\/product_cat?post=25991"},{"taxonomy":"product_tag","embeddable":true,"href":"https:\/\/orotech.lt\/en\/wp-json\/wp\/v2\/product_tag?post=25991"}],"curies":[{"name":"wp","href":"https:\/\/api.w.org\/{rel}","templated":true}]}}