{"id":26049,"date":"2025-09-09T07:20:02","date_gmt":"2025-09-09T07:20:02","guid":{"rendered":"https:\/\/orotech.lt\/oro-sausintuvas-trotec-ttk-170-eco-2\/"},"modified":"2025-09-10T06:11:01","modified_gmt":"2025-09-10T06:11:01","slug":"dehumidifier-trotec-ttk-170-eco-2","status":"publish","type":"product","link":"https:\/\/orotech.lt\/en\/dehumidifier-trotec-ttk-170-eco-2\/","title":{"rendered":"Dehumidifier Trotec TTK 170 ECO"},"content":{"rendered":"<p style=\"text-align: justify;\">Industrial <strong>dehumidifier<\/strong> \u2013 the Trotec TTK 170 ECO dehumidifier impresses with a maximum air dehumidification capacity of 52 liters per day, delivering an air flow of 350 m\u00b3\/h and can dehumidify construction or commercial premises up to 90 m\u00b2.<\/p>\n<p style=\"text-align: justify;\"><strong>Air dehumidifier<\/strong> \u2013 the Trotec TTK 170 ECO dehumidifier has a powerful and high-quality rotary compressor with a hot steam defrost system, which ensures an air dehumidification capacity of 52 liters per day. <strong>Air dehumidifier<\/strong> The TTK 170 ECO has a comfortable handle and large, sturdy wheels that allow you to overcome even difficult surfaces or stairs. <strong>Air dehumidifier<\/strong> The TTK 170 ECO is easy to maintain, as the filter can be easily removed, cleaned and rinsed as needed. The removable water tank has a capacity of 5 liters. The device automatically stops working when the water tank is completely filled, and an LED light integrated in the device informs about the full tank.<\/p>\n<p style=\"text-align: justify;\"><strong>Practical operating features of the TTK 170 ECO in brief:<\/strong><\/p>\n<ul>\n<li>\n\t\tCondensate drainage connection for continuous air dehumidification;<\/li>\n<li>\n\t\tHot steam defrosting system;<\/li>\n<li>\n\t\tEasily accessible and easy to clean filter;<\/li>\n<li>\n\t\tThanks to the handle and wheels, it is very convenient to transport;<\/li>\n<li>\n\t\tOperating hours counter;<\/li>\n<li>\n\t\tIntegrated socket for connecting an external hygrometer.<\/li>\n<\/ul>\n<p><strong>Technical characteristics:<\/strong><\/p>\n<ul>\n<li>\n\t\tDehumidifies rooms up to 90 m\u00b2;<\/li>\n<li>\n\t\tMoisture absorption: 52 l \/ 24 h;<\/li>\n<li>\n\t\tCondensate capacity: 5 l;<\/li>\n<li>\n\t\tPower supply: 230V\/50Hz;<\/li>\n<li>\n\t\tRated power: 3.7 A;<\/li>\n<li>\n\t\tNoise level (at 1m distance): 56 dB (A);<\/li>\n<li>\n\t\tDimensions (L x W x H): 495 x 455 x 900 mm;<\/li>\n<li>\n\t\tWeight: 31 kg.&nbsp;<\/li>\n<\/ul>\n<p><a class=\"catalogue\" href=\"https:\/\/www.rubisolis.lt\/\/failai\/files\/produktu%20pdf\/TTK%20170%20ECO%20naudojimo%20instrukcija%20LT.pdf\" target=\"blank\" rel=\"nofollow noopener\">Download product manual<\/a><\/p>","protected":false},"excerpt":{"rendered":"<p>Pramoninis oro sausintuvas &ndash; dr\u0117gm\u0117s surink\u0117jas Trotec TTK 170 ECO stebina maksimaliu 52 litr\u0173 per dien\u0105 oro sausinimo paj\u0117gumu, tiekdamas<\/p>","protected":false},"featured_media":26051,"comment_status":"closed","ping_status":"open","template":"","meta":[],"product_brand":[],"product_cat":[23],"product_tag":[535],"class_list":{"0":"post-26049","1":"product","2":"type-product","3":"status-publish","4":"has-post-thumbnail","6":"product_cat-be-kategorijos","7":"product_tag-naujiena","9":"first","10":"onbackorder","11":"taxable","12":"shipping-taxable","13":"product-type-variable"},"_links":{"self":[{"href":"https:\/\/orotech.lt\/en\/wp-json\/wp\/v2\/product\/26049","targetHints":{"allow":["GET"]}}],"collection":[{"href":"https:\/\/orotech.lt\/en\/wp-json\/wp\/v2\/product"}],"about":[{"href":"https:\/\/orotech.lt\/en\/wp-json\/wp\/v2\/types\/product"}],"replies":[{"embeddable":true,"href":"https:\/\/orotech.lt\/en\/wp-json\/wp\/v2\/comments?post=26049"}],"version-history":[{"count":1,"href":"https:\/\/orotech.lt\/en\/wp-json\/wp\/v2\/product\/26049\/revisions"}],"predecessor-version":[{"id":26050,"href":"https:\/\/orotech.lt\/en\/wp-json\/wp\/v2\/product\/26049\/revisions\/26050"}],"wp:featuredmedia":[{"embeddable":true,"href":"https:\/\/orotech.lt\/en\/wp-json\/wp\/v2\/media\/26051"}],"wp:attachment":[{"href":"https:\/\/orotech.lt\/en\/wp-json\/wp\/v2\/media?parent=26049"}],"wp:term":[{"taxonomy":"product_brand","embeddable":true,"href":"https:\/\/orotech.lt\/en\/wp-json\/wp\/v2\/product_brand?post=26049"},{"taxonomy":"product_cat","embeddable":true,"href":"https:\/\/orotech.lt\/en\/wp-json\/wp\/v2\/product_cat?post=26049"},{"taxonomy":"product_tag","embeddable":true,"href":"https:\/\/orotech.lt\/en\/wp-json\/wp\/v2\/product_tag?post=26049"}],"curies":[{"name":"wp","href":"https:\/\/api.w.org\/{rel}","templated":true}]}}