{"id":26057,"date":"2025-09-09T07:20:02","date_gmt":"2025-09-09T07:20:02","guid":{"rendered":"https:\/\/orotech.lt\/pramoninis-sausintuvas-ttk-170-su-universaliu-kondensato-siurbliuku-2\/"},"modified":"2025-09-10T06:11:02","modified_gmt":"2025-09-10T06:11:02","slug":"pramoninis-sausintuvas-ttk-170-su-universaliu-kondensato-siurbliuku-2","status":"publish","type":"product","link":"https:\/\/orotech.lt\/en\/pramoninis-sausintuvas-ttk-170-su-universaliu-kondensato-siurbliuku-2\/","title":{"rendered":"Industrial dehumidifier TTK 170 with universal condensate pump"},"content":{"rendered":"<p style=\"text-align: justify;\">Industrial <strong>dehumidifier<\/strong> \u2013 the Trotec TTK 170 ECO dehumidifier impresses with a maximum air dehumidification capacity of 52 liters per day, delivering an air flow of 350 m\u00b3\/h and can dehumidify construction or commercial premises up to 90 m\u00b2.<\/p>\n<p style=\"text-align: justify;\"><strong>Air dehumidifier<\/strong> \u2013 the Trotec TTK 170 ECO dehumidifier has a powerful and high-quality rotary compressor with a hot steam defrost system, which ensures an air dehumidification capacity of 52 liters per day. <strong>Air dehumidifier<\/strong> The TTK 170 ECO has a comfortable handle and large, sturdy wheels that allow you to overcome even difficult surfaces or stairs. <strong>Air dehumidifier<\/strong> The TTK 170 ECO is easy to maintain, as the filter can be easily removed, cleaned and rinsed as needed. The removable water tank has a capacity of 5 liters. The device automatically stops working when the water tank is completely filled, and an LED light integrated in the device informs about the full tank.<\/p>\n<p style=\"text-align: justify;\"><strong>Practical operating features of the TTK 170 ECO in brief:<\/strong><\/p>\n<ul>\n<li style=\"text-align: justify;\">\n\t\tCondensate drainage connection for continuous air dehumidification;<\/li>\n<li style=\"text-align: justify;\">\n\t\tHot steam defrosting system;<\/li>\n<li style=\"text-align: justify;\">\n\t\tEasily accessible and easy to clean filter;<\/li>\n<li style=\"text-align: justify;\">\n\t\tThanks to the handle and wheels, it is very convenient to transport;<\/li>\n<li style=\"text-align: justify;\">\n\t\tOperating hours counter;<\/li>\n<li style=\"text-align: justify;\">\n\t\tIntegrated socket for connecting an external hygrometer.<\/li>\n<\/ul>\n<p style=\"text-align: justify;\"><strong>Technical characteristics:<\/strong><\/p>\n<ul>\n<li style=\"text-align: justify;\">\n\t\tDehumidifies rooms up to 90 m\u00b2;<\/li>\n<li style=\"text-align: justify;\">\n\t\tMoisture absorption: 52 l \/ 24 h;<\/li>\n<li style=\"text-align: justify;\">\n\t\tCondensate capacity: 5 l;<\/li>\n<li style=\"text-align: justify;\">\n\t\tPower supply: 230V\/50Hz;<\/li>\n<li style=\"text-align: justify;\">\n\t\tRated power: 3.7 A;<\/li>\n<li style=\"text-align: justify;\">\n\t\tNoise level (at 1m distance): 56 dB (A);<\/li>\n<li style=\"text-align: justify;\">\n\t\tDimensions (L x W x H): 495 x 455 x 900 mm;<\/li>\n<li style=\"text-align: justify;\">\n\t\tWeight: 31 kg.&nbsp;<\/li>\n<\/ul>\n<p style=\"text-align: justify;\"><a class=\"catalogue\" href=\"https:\/\/www.rubisolis.lt\/\/failai\/files\/produktu%20pdf\/TTK%20170%20ECO%20naudojimo%20instrukcija%20LT.pdf\" target=\"blank\" rel=\"nofollow noopener\">Download product manual<\/a><\/p>\n<p style=\"text-align: justify;\"><strong>Universal Trotec condensate pump<\/strong><\/p>\n<p style=\"text-align: justify;\">Optimally suited for longer, unattended dry storage operations.<\/p>\n<p style=\"text-align: justify;\">Once the condensate pump is properly connected to the unit and the drying process has started, the pump&#039;s collection tray gradually fills with water. When a certain water level is reached, the pump switches on automatically and drains the water through the connected hose. The pump then switches off again until the level in the collection tray rises again.<\/p>\n<p style=\"text-align: justify;\">The automatic dehumidifier shutdown is stopped as soon as the condensate pump needs to pump out the extracted liquid.<\/p>\n<p style=\"text-align: justify;\"><strong>Technical data:<\/strong><\/p>\n<p style=\"text-align: justify;\">Voltage: 220V (50\/60Hz);<br \/>\n\tPower: 58\/55 watts;<br \/>\n\tMaximum suction height: 3.90 m;<br \/>\n\tCheck valve;<br \/>\n\tWater hose inlet: 25 mm (maximum outer diameter);<br \/>\n\tWater hose outlet: 5 mm (inner diameter);<br \/>\n\tDimensions: 280mm x 125mm x 140mm;<br \/>\n\tWeight: about 1.9 kg;<br \/>\n\tCapacity: 90 l\/h at a delivery height of 3 m.<br \/>\n\t&nbsp;<\/p>","protected":false},"excerpt":{"rendered":"<p>Pramoninis oro sausintuvas &ndash; dr\u0117gm\u0117s surink\u0117jas Trotec TTK 170 ECO stebina maksimaliu 52 litr\u0173 per dien\u0105 oro sausinimo paj\u0117gumu, tiekdamas<\/p>","protected":false},"featured_media":26059,"comment_status":"closed","ping_status":"open","template":"","meta":[],"product_brand":[],"product_cat":[23],"product_tag":[535],"class_list":{"0":"post-26057","1":"product","2":"type-product","3":"status-publish","4":"has-post-thumbnail","6":"product_cat-be-kategorijos","7":"product_tag-naujiena","9":"first","10":"onbackorder","11":"taxable","12":"shipping-taxable","13":"product-type-variable"},"_links":{"self":[{"href":"https:\/\/orotech.lt\/en\/wp-json\/wp\/v2\/product\/26057","targetHints":{"allow":["GET"]}}],"collection":[{"href":"https:\/\/orotech.lt\/en\/wp-json\/wp\/v2\/product"}],"about":[{"href":"https:\/\/orotech.lt\/en\/wp-json\/wp\/v2\/types\/product"}],"replies":[{"embeddable":true,"href":"https:\/\/orotech.lt\/en\/wp-json\/wp\/v2\/comments?post=26057"}],"version-history":[{"count":1,"href":"https:\/\/orotech.lt\/en\/wp-json\/wp\/v2\/product\/26057\/revisions"}],"predecessor-version":[{"id":26058,"href":"https:\/\/orotech.lt\/en\/wp-json\/wp\/v2\/product\/26057\/revisions\/26058"}],"wp:featuredmedia":[{"embeddable":true,"href":"https:\/\/orotech.lt\/en\/wp-json\/wp\/v2\/media\/26059"}],"wp:attachment":[{"href":"https:\/\/orotech.lt\/en\/wp-json\/wp\/v2\/media?parent=26057"}],"wp:term":[{"taxonomy":"product_brand","embeddable":true,"href":"https:\/\/orotech.lt\/en\/wp-json\/wp\/v2\/product_brand?post=26057"},{"taxonomy":"product_cat","embeddable":true,"href":"https:\/\/orotech.lt\/en\/wp-json\/wp\/v2\/product_cat?post=26057"},{"taxonomy":"product_tag","embeddable":true,"href":"https:\/\/orotech.lt\/en\/wp-json\/wp\/v2\/product_tag?post=26057"}],"curies":[{"name":"wp","href":"https:\/\/api.w.org\/{rel}","templated":true}]}}