{"id":26083,"date":"2025-09-09T07:20:02","date_gmt":"2025-09-09T07:20:02","guid":{"rendered":"https:\/\/orotech.lt\/pramoninis-adiabatinis-diskinis-oro-drekintuvas-trotec-b-400-2\/"},"modified":"2025-09-10T06:11:07","modified_gmt":"2025-09-10T06:11:07","slug":"industrial-adiabatic-disc-humidifier-trotec-b-400-2","status":"publish","type":"product","link":"https:\/\/orotech.lt\/en\/industrial-adiabatic-disc-humidifier-trotec-b-400-2\/","title":{"rendered":"Industrial adiabatic disc humidifier TROTEC B 400"},"content":{"rendered":"<p>&lt;p style=&quot;text-align: justify;&quot;&gt;&lt;strong&gt;B 400 dr\u0117kintuvas pasi\u017eymi dideliu dr\u0117kinimo na&amp;scaron;umu ir ekonomi&amp;scaron;ka eksploatacija.&lt;\/strong&gt;&lt;\/p&gt;<br \/>\n&lt;p style=&quot;text-align: justify;&quot;&gt;&lt;span&gt;&lt;strong&gt;B&lt;\/strong&gt;&amp;nbsp;&lt;strong&gt;400 features:&lt;\/strong&gt;&lt;\/span&gt;&lt;\/p&gt;<br \/>\n&lt;ul&gt;<br \/>\n&lt;li style=&quot;text-align: justify;&quot;&gt;&lt;span&gt;Conveniently located control panel, with which you can control the hygrostat and fan;&lt;\/span&gt;&lt;\/li&gt;<br \/>\n&lt;li style=&quot;text-align: justify;&quot;&gt;&lt;span&gt;Besisukantis i&amp;scaron;garinimo diskas valo ir dr\u0117kina or\u0105;&lt;\/span&gt;&lt;\/li&gt;<br \/>\n&lt;li style=&quot;text-align: justify;&quot;&gt;&lt;span&gt;2-stage fan;&lt;\/span&gt;&lt;\/li&gt;<br \/>\n&lt;li style=&quot;text-align: justify;&quot;&gt;&lt;span&gt;Automatinis i&amp;scaron;jungimas, kai talpoje nelieka vandens;&lt;\/span&gt;&lt;\/li&gt;<br \/>\n&lt;li style=&quot;text-align: justify;&quot;&gt;&lt;span&gt;Galima keisti oro i&amp;scaron;leidimo groteli\u0173 krypt\u012f;&lt;\/span&gt;&lt;\/li&gt;<br \/>\n&lt;li style=&quot;text-align: justify;&quot;&gt;&lt;span&gt;Tvirta konstrukcija pagaminta i&amp;scaron; milteliniu b\u016bdu dengto plieno lak&amp;scaron;t\u0173;&lt;\/span&gt;&lt;\/li&gt;<br \/>\n&lt;li style=&quot;text-align: justify;&quot;&gt;&lt;span&gt;Vandens talpa &amp;ndash; i&amp;scaron; plastiko;&lt;\/span&gt;&lt;\/li&gt;<br \/>\n&lt;li style=&quot;text-align: justify;&quot;&gt;&lt;span&gt;Optimal air circulation;&lt;\/span&gt;&lt;\/li&gt;<br \/>\n&lt;li style=&quot;text-align: justify;&quot;&gt;&lt;span&gt;There is an option to connect additionally &lt;strong&gt;&lt;a href=&quot;https:\/\/www.rubisolis.lt\/1616-rinkinys-automatiniam-vandens-papildymui.htmls#&quot;&gt;automatic water refill system&lt;\/a&gt;&lt;\/strong&gt;. &lt;\/span&gt;&lt;\/li&gt;<br \/>\n&lt;\/ul&gt;<br \/>\n&lt;p style=&quot;text-align: justify;&quot;&gt;&lt;span&gt;&amp;nbsp;&lt;br \/&gt;&lt;strong&gt;Technical characteristics:&lt;\/strong&gt;&lt;\/span&gt;&lt;\/p&gt;<br \/>\n&lt;ul&gt;<br \/>\n&lt;li style=&quot;text-align: justify;&quot;&gt;&lt;span&gt;Oro srautas maks.: 800 m&amp;sup3;\/val&lt;\/span&gt;&lt;\/li&gt;<br \/>\n&lt;li style=&quot;text-align: justify;&quot;&gt;&lt;span&gt;Voltage: 230V\/50Hz&lt;\/span&gt;&lt;\/li&gt;<br \/>\n&lt;li style=&quot;text-align: justify;&quot;&gt;&lt;span&gt;Power: 0.053 kW&lt;\/span&gt;&lt;\/li&gt;<br \/>\n&lt;li style=&quot;text-align: justify;&quot;&gt;&lt;span&gt;Dr\u0117kinimo na&amp;scaron;umas: 60 l \/ 24 val. (maks.)&lt;\/span&gt;&lt;\/li&gt;<br \/>\n&lt;li style=&quot;text-align: justify;&quot;&gt;&lt;span&gt;Fan levels: 2&lt;\/span&gt;&lt;\/li&gt;<br \/>\n&lt;li style=&quot;text-align: justify;&quot;&gt;&lt;span&gt;Tinkamas patalpoms: iki vidutini&amp;scaron;kai 900 m&amp;sup3; arba 360&amp;nbsp;&lt;\/span&gt;m&amp;sup2;&lt;span&gt;&amp;nbsp;&lt;\/span&gt;&lt;\/li&gt;<br \/>\n&lt;li style=&quot;text-align: justify;&quot;&gt;&lt;span&gt;Humidity level regulation: Internal hygrostat&lt;\/span&gt;&lt;\/li&gt;<br \/>\n&lt;li style=&quot;text-align: justify;&quot;&gt;&lt;span&gt;Water capacity, approx.: 34 l&lt;\/span&gt;&lt;\/li&gt;<br \/>\n&lt;li style=&quot;text-align: justify;&quot;&gt;&lt;span&gt;Recommended supplements: LiQVit, Secosan Stick 20 &lt;\/span&gt;&lt;\/li&gt;<br \/>\n&lt;\/ul&gt;<br \/>\n&lt;p style=&quot;text-align: justify;&quot;&gt;&lt;span&gt;A hygrostat-controlled disc humidifier directs the drawn-in air through a rotating humidification drum that moves in a water-filled tank.&amp;nbsp;&lt;\/span&gt;&lt;strong&gt;For information on filling the humidifier water tank, see page 7 of the user manual.&lt;\/strong&gt;&lt;\/p&gt;<br \/>\n&lt;p style=&quot;text-align: center;&quot;&gt;&lt;iframe src=&quot;https:\/\/www.youtube.com\/embed\/1ZOQc4_4k3M&quot; frameborder=&quot;0&quot; width=&quot;560&quot; height=&quot;315&quot;&gt;&lt;\/iframe&gt;&lt;\/p&gt;<br \/>\n&lt;p style=&quot;text-align: justify;&quot;&gt;&lt;span&gt;D\u0117l nuolatinio sukimosi, \u012f dr\u0117kintuv\u0105 \u012ftrauktas oras efektyviai i&amp;scaron;valomas ir tuo pa\u010diu metu dr\u0117kinamas bei tolygiai, nei&amp;scaron;siskiriant vandens la&amp;scaron;eliams, ventiliatoriaus pagalba i&amp;scaron;leid\u017eiamas \u012f patalp\u0105. Galite rinktis i&amp;scaron; dviej\u0173 ventiliatoriaus veikimo lygi\u0173.&amp;nbsp;Tyliai veikian\u010dio sinchroninio variklio d\u0117ka, B400 dr\u0117kintuvas patikimai dr\u0117kina net ir dideles patalpas, sunaudodamas ma\u017eai elektros energijos.&lt;br \/&gt;&amp;nbsp;&lt;br \/&gt;D\u0117ka sukimosi technologijos ir specialios garinan\u010dios med\u017eiagos reguliari technin\u0117 prie\u017ei\u016bra gali b\u016bti atliekama greitai ir lengvai.&amp;nbsp;Visos dr\u0117kintuvo dalys yra lengvai nuimamos ir nuplaunamos po tekan\u010diu vandeniu.&lt;br \/&gt;&amp;nbsp;&lt;br \/&gt;B400 i&amp;scaron;sijungia automati&amp;scaron;kai, kai vandens talpoje nelieka vandens. B\u016bsenos lemput\u0117 parodo, kad talp\u0105 reikia pripildyti.&amp;nbsp;Vanden\u012f galima patogiai pripilti per vir&amp;scaron;utin\u0119 pildymo ang\u0105.&lt;\/span&gt;&lt;\/p&gt;<br \/>\n&lt;p&gt;&lt;a class=&quot;catalogue&quot; href=&quot;https:\/\/www.rubisolis.lt\/\/failai\/files\/produktu%20pdf\/Trotec\/Sausintuvai\/Trotec%20B%20400%20instrukcija%20LT.pdf&quot; target=&quot;blank&quot;&gt;Download product manual &lt;\/a&gt;&lt;\/p&gt;<\/p>","protected":false},"excerpt":{"rendered":"<p>&lt;p style=&quot;text-align: justify;&quot;&gt;&lt;strong&gt;B 400 dr\u0117kintuvas pasi\u017eymi dideliu dr\u0117kinimo na&amp;scaron;umu ir ekonomi&amp;scaron;ka eksploatacija.&lt;\/strong&gt;&lt;\/p&gt; &lt;p style=&quot;text-align: justify;&quot;&gt;&lt;span&gt;&lt;strong&gt;B&lt;\/strong&gt;&amp;nbsp;&lt;strong&gt;400 features:&lt;\/strong&gt;&lt;\/span&gt;&lt;\/p&gt; &lt;ul&gt; &lt;li style=&quot;text-align: justify;&quot;&gt;&lt;span&gt;Patogiai<\/p>","protected":false},"featured_media":26085,"comment_status":"closed","ping_status":"open","template":"","meta":[],"product_brand":[],"product_cat":[23],"product_tag":[535],"class_list":{"0":"post-26083","1":"product","2":"type-product","3":"status-publish","4":"has-post-thumbnail","6":"product_cat-be-kategorijos","7":"product_tag-naujiena","9":"first","10":"onbackorder","11":"taxable","12":"shipping-taxable","13":"product-type-variable"},"_links":{"self":[{"href":"https:\/\/orotech.lt\/en\/wp-json\/wp\/v2\/product\/26083","targetHints":{"allow":["GET"]}}],"collection":[{"href":"https:\/\/orotech.lt\/en\/wp-json\/wp\/v2\/product"}],"about":[{"href":"https:\/\/orotech.lt\/en\/wp-json\/wp\/v2\/types\/product"}],"replies":[{"embeddable":true,"href":"https:\/\/orotech.lt\/en\/wp-json\/wp\/v2\/comments?post=26083"}],"version-history":[{"count":1,"href":"https:\/\/orotech.lt\/en\/wp-json\/wp\/v2\/product\/26083\/revisions"}],"predecessor-version":[{"id":26084,"href":"https:\/\/orotech.lt\/en\/wp-json\/wp\/v2\/product\/26083\/revisions\/26084"}],"wp:featuredmedia":[{"embeddable":true,"href":"https:\/\/orotech.lt\/en\/wp-json\/wp\/v2\/media\/26085"}],"wp:attachment":[{"href":"https:\/\/orotech.lt\/en\/wp-json\/wp\/v2\/media?parent=26083"}],"wp:term":[{"taxonomy":"product_brand","embeddable":true,"href":"https:\/\/orotech.lt\/en\/wp-json\/wp\/v2\/product_brand?post=26083"},{"taxonomy":"product_cat","embeddable":true,"href":"https:\/\/orotech.lt\/en\/wp-json\/wp\/v2\/product_cat?post=26083"},{"taxonomy":"product_tag","embeddable":true,"href":"https:\/\/orotech.lt\/en\/wp-json\/wp\/v2\/product_tag?post=26083"}],"curies":[{"name":"wp","href":"https:\/\/api.w.org\/{rel}","templated":true}]}}