{"id":26101,"date":"2025-09-09T07:20:02","date_gmt":"2025-09-09T07:20:02","guid":{"rendered":"https:\/\/orotech.lt\/ultragarsinis-oro-drekintuvas-clean-air-ca-603-2\/"},"modified":"2025-09-10T06:11:09","modified_gmt":"2025-09-10T06:11:09","slug":"ultrasonic-humidifier-clean-air-ca-603-2","status":"publish","type":"product","link":"https:\/\/orotech.lt\/en\/ultrasonic-humidifier-clean-air-ca-603-2\/","title":{"rendered":"Ultrasonic air humidifier Clean Air CA-603"},"content":{"rendered":"<p>&lt;p style=&quot;text-align: justify;&quot;&gt;&lt;strong&gt;Modern humidifier for dry indoor air&lt;\/strong&gt;&lt;\/p&gt;<br \/>\n&lt;p style=&quot;text-align: justify;&quot;&gt;Clean Air Optima&amp;reg; ultragarsinis &lt;strong&gt;humidifier&lt;\/strong&gt; CA-603 su v\u0117sia vandens dulksna ir jonizatoriumi veikia itin tyliai ir taupo energij\u0105. Ultragarsinis oro dr\u0117kintuvas Clean Air CA-603 turi 5 l vandens bak\u0105, kuris u\u017etikrina optimali\u0105 oro dr\u0117gm\u0119 sveikam ir gaiviam vidaus patalp\u0173, kuri\u0173 dydis yra iki 45 m&amp;sup2; \/ 100 m&amp;sup3;. \u012erenginio matmenys: 33,5 x 15 x 28,5 cm.&lt;\/p&gt;<br \/>\n&lt;p style=&quot;text-align: justify;&quot;&gt;&amp;Scaron;is pa\u017eangus ultragarsinis &lt;strong&gt;humidifier&lt;\/strong&gt; The CA-603 with ionizer has a digital hygrometer, LCD display, remote control and can be adjusted manually using the buttons located below the display.&lt;\/p&gt;<br \/>\n&lt;p style=&quot;text-align: justify;&quot;&gt;Ultragarso technologijos d\u0117ka vanduo yra suskaidomas \u012f mikroskopini\u0173 daleli\u0173 dulksn\u0105, kuri i&amp;scaron;pur&amp;scaron;kiama \u012f or\u0105. Tokiu b\u016bdu patalpos yra maloniai dr\u0117kinamos. Dr\u0117kinimas, oro valymas ir neigiam\u0173 deguonies jon\u0173 skleidimas jonizavimo proceso metu sukuria sveik\u0105 vidaus patalp\u0173 klimat\u0105, tad \u017eenkliai suma\u017e\u0117ja sauso oro sukeliam\u0173 problem\u0173 kiekis. Gaivus ir optimaliai dr\u0117kinamas vidaus patalp\u0173 oras saugo nuo kv\u0117pavimo tak\u0173 sudirgim\u0173, alergini\u0173 simptom\u0173 ir i&amp;scaron;saus\u0117jusios odos. J\u016bs\u0173 oda bus apsaugota ir tinkamai dr\u0117kinama.&lt;br \/&gt;&lt;br \/&gt;Tuo metu, kai oro dr\u0117gm\u0117 yra itin ma\u017ea, ypa\u010d &amp;scaron;ildymo sezono metu \u017eiem\u0105 ir kar&amp;scaron;tais m\u0117nesiais vasar\u0105, dr\u0117gm\u0117 u\u017edarose erdv\u0117se ma\u017e\u0117ja. Ultragarsinis &lt;strong&gt;humidifier&lt;\/strong&gt; Clean Air Optima&amp;reg; CA-603 sukuria malon\u0173 vidaus patalp\u0173 klimat\u0105, pasi\u017eymint\u012f teisinga santykine oro dr\u0117gme.&lt;br \/&gt;&lt;br \/&gt;The ideal humidity in living and working spaces should be 50-55%. If it is lower, it negatively affects the well-being of people and animals. Constantly dry indoor air can cause various diseases. Dehydration is also very harmful to furniture, parquet floors, antiques and plants.&lt;\/p&gt;<br \/>\n&lt;p style=&quot;text-align: justify;&quot;&gt;&lt;strong&gt;CA-603 humidifier setting options:&lt;\/strong&gt;&lt;\/p&gt;<br \/>\n&lt;ul&gt;<br \/>\n&lt;li&gt;Dr\u0117gm\u0117 reguliuojama tarp 45-75 %;&lt;\/li&gt;<br \/>\n&lt;li&gt;Auk&amp;scaron;tas-Vidutinis-\u017demas dr\u0117kinimo intensyvumas;&lt;\/li&gt;<br \/>\n&lt;li&gt;Jonizatorius (galima \u012fjungti ir i&amp;scaron;jungti);&lt;\/li&gt;<br \/>\n&lt;li&gt;Laikma\u010dio funkcija i&amp;scaron;jungimo laikui (1-12 valand\u0173).&amp;nbsp;&amp;nbsp;&lt;\/li&gt;<br \/>\n&lt;\/ul&gt;<br \/>\n&lt;p style=&quot;text-align: center;&quot;&gt;&lt;iframe src=&quot;https:\/\/www.youtube.com\/embed\/MJzCfsNPgyY?si=rVnsCJKH7nWKxLMY&quot; frameborder=&quot;0&quot; width=&quot;560&quot; height=&quot;315&quot;&gt;&lt;\/iframe&gt;&lt;\/p&gt;<br \/>\n&lt;p&gt;&lt;a class=&quot;catalogue&quot; href=&quot;https:\/\/rubisolis.lt\/images\/Userfiles\/Ultragarsinis_oro_drkintuvas_Clean_Air_CA-603_instrukcija.pdf&quot; target=&quot;blank&quot;&gt;Download product manual&lt;\/a&gt;&lt;\/p&gt;<\/p>","protected":false},"excerpt":{"rendered":"<p>&lt;p style=&quot;text-align: justify;&quot;&gt;&lt;strong&gt;Modern humidifier for dry indoor air&lt;\/strong&gt;&lt;\/p&gt; &lt;p style=&quot;text-align: justify;&quot;&gt;Clean Air Optima&amp;reg; ultragarsinis &lt;strong&gt;humidifier&lt;\/strong&gt; CA-603 su v\u0117sia<\/p>","protected":false},"featured_media":26103,"comment_status":"closed","ping_status":"open","template":"","meta":[],"product_brand":[],"product_cat":[23],"product_tag":[535],"class_list":{"0":"post-26101","1":"product","2":"type-product","3":"status-publish","4":"has-post-thumbnail","6":"product_cat-be-kategorijos","7":"product_tag-naujiena","9":"first","10":"onbackorder","11":"taxable","12":"shipping-taxable","13":"product-type-variable"},"_links":{"self":[{"href":"https:\/\/orotech.lt\/en\/wp-json\/wp\/v2\/product\/26101","targetHints":{"allow":["GET"]}}],"collection":[{"href":"https:\/\/orotech.lt\/en\/wp-json\/wp\/v2\/product"}],"about":[{"href":"https:\/\/orotech.lt\/en\/wp-json\/wp\/v2\/types\/product"}],"replies":[{"embeddable":true,"href":"https:\/\/orotech.lt\/en\/wp-json\/wp\/v2\/comments?post=26101"}],"version-history":[{"count":1,"href":"https:\/\/orotech.lt\/en\/wp-json\/wp\/v2\/product\/26101\/revisions"}],"predecessor-version":[{"id":26102,"href":"https:\/\/orotech.lt\/en\/wp-json\/wp\/v2\/product\/26101\/revisions\/26102"}],"wp:featuredmedia":[{"embeddable":true,"href":"https:\/\/orotech.lt\/en\/wp-json\/wp\/v2\/media\/26103"}],"wp:attachment":[{"href":"https:\/\/orotech.lt\/en\/wp-json\/wp\/v2\/media?parent=26101"}],"wp:term":[{"taxonomy":"product_brand","embeddable":true,"href":"https:\/\/orotech.lt\/en\/wp-json\/wp\/v2\/product_brand?post=26101"},{"taxonomy":"product_cat","embeddable":true,"href":"https:\/\/orotech.lt\/en\/wp-json\/wp\/v2\/product_cat?post=26101"},{"taxonomy":"product_tag","embeddable":true,"href":"https:\/\/orotech.lt\/en\/wp-json\/wp\/v2\/product_tag?post=26101"}],"curies":[{"name":"wp","href":"https:\/\/api.w.org\/{rel}","templated":true}]}}