{"id":26110,"date":"2025-09-09T07:20:02","date_gmt":"2025-09-09T07:20:02","guid":{"rendered":"https:\/\/orotech.lt\/hibridinis-oro-drekintuvas-valytuvas-trotec-aw-20-s-2\/"},"modified":"2025-09-10T06:11:10","modified_gmt":"2025-09-10T06:11:10","slug":"hybrid-air-humidifier-purifier-trotec-aw-20-s-2","status":"publish","type":"product","link":"https:\/\/orotech.lt\/en\/hybrid-air-humidifier-purifier-trotec-aw-20-s-2\/","title":{"rendered":"Hybrid air humidifier-purifier TROTEC AW 20 S"},"content":{"rendered":"<p>&lt;p style=&quot;text-align: justify;&quot;&gt;&lt;span style=&quot;text-align: justify;&quot;&gt;Air&amp;nbsp;&lt;\/span&gt;&lt;strong style=&quot;text-align: justify;&quot;&gt;humidifier&amp;nbsp;&lt;\/strong&gt;&lt;span style=&quot;text-align: justify;&quot;&gt;&amp;ndash;&amp;nbsp;&lt;\/span&gt;&lt;span style=&quot;text-align: justify;&quot;&gt;wiper &lt;\/span&gt;&lt;span style=&quot;text-align: justify;&quot;&gt;Trotec AW 20 S &amp;ndash; tai trys viename patogus prietaisas su kombinuotu jutikliu ir True HEPA filtru &amp;ndash;&amp;nbsp;geriausia rekomendacija puikiam patalpos klimatui. Dr\u0117kina, valo dulkes, sunkias daleles bei naikina kvapus.&amp;nbsp;Oras, kuriuo kv\u0117puojame yra gryna gyvybin\u0117 energija; jo kokyb\u0117 turi tiesiogin\u012f poveik\u012f m\u016bs\u0173 bendrai savijautai ir sveikatai. O kadangi mes \u012fkvepiame apie 8000 litr\u0173 oro per dien\u0105 &amp;ndash; i&amp;scaron; kuri\u0173 apie 80% patalpose, ideali oro kokyb\u0117 patalpoje yra lemiamas j\u0117g\u0173 ir gyvybingumo veiksnys.&amp;nbsp;&lt;\/span&gt;&lt;strong&gt;Air humidifier &lt;\/strong&gt;&amp;ndash; valytuvas Trotec AW 20 S&lt;span style=&quot;text-align: justify;&quot;&gt;&amp;nbsp;u\u017etikrina optimali\u0105 patalpos oro kokyb\u0119 vis\u0105 laik\u0105. Santykinei oro dr\u0117gmei palaikyti, kombinuotas jutiklis nuolat aptinka sunkias daleles patalpos ore ir savaranki&amp;scaron;kai kontroliuoja automatin\u012f re\u017eim\u0105 efektyviai sudr\u0117kindamas ir i&amp;scaron;valydamas or\u0105.&lt;\/span&gt;&lt;\/p&gt;<br \/>\n&lt;p style=&quot;text-align: justify;&quot;&gt;Air&amp;nbsp;&lt;strong&gt;humidifier&amp;nbsp;&lt;\/strong&gt;&amp;ndash; valytuvas Trotec&amp;nbsp;AW 20 S puikiai tiks alergi&amp;scaron;kiems \u017emon\u0117ms: d\u0117l efektyvaus HEPA filtravimo, i&amp;scaron; oro i&amp;scaron;valomos dulk\u0117s, \u017eiedadulk\u0117s ir gyv\u016bn\u0173 plaukai &ndash; net ma\u017eyt\u0117s purvo dalel\u0117s susidedan\u010dios i&amp;scaron; smulki\u0173 daleli\u0173, alergen\u0173 ar pel\u0117sio sporos yra patikimai filtruojamos. Naktiniu re\u017eimu, &lt;strong&gt;humidifier&lt;\/strong&gt; &amp;ndash; valytuvas Trotec AW 20 S&amp;nbsp;veikia itin tyliai ir patikimai i&amp;scaron;valo kambario or\u0105 nuo ter&amp;scaron;al\u0173, i&amp;scaron;laikydamas ideal\u0173 dr\u0117gm\u0117s lyg\u012f, kad j\u016bs\u0173 oda, nosis ir akys b\u016bt\u0173 apsaugotos nuo i&amp;scaron;saus\u0117jimo ir j\u016bs gal\u0117tum\u0117te puikiai i&amp;scaron;simiegoti.&amp;nbsp;Be to, optimalus dr\u0117gm\u0117s lygis taip pat u\u017etikrina patikim\u0105 J\u016bs\u0173 bald\u0173, augal\u0173, parketo grind\u0173 ir muzikos instrument\u0173 apsaug\u0105 nuo i&amp;scaron;d\u017ei\u016bvimo.&amp;nbsp;&lt;\/p&gt;<br \/>\n&lt;p style=&quot;text-align: justify;&quot;&gt;&amp;nbsp;&lt;\/p&gt;<br \/>\n&lt;p style=&quot;text-align: justify;&quot;&gt;D\u0117ka plataus savo atliekam\u0173 funkcij\u0173 spektro, &amp;scaron;is &lt;strong&gt;humidifier&lt;\/strong&gt; &amp;ndash; valytuvas Trotec AW 20 S&amp;nbsp;garantuoja maksimal\u0173 universalum\u0105: HEPA filtravimas gali b\u016bti tiesiog i&amp;scaron;jungtas, jei tai n\u0117ra b\u016btina, dr\u0117kinimo funkcij\u0105 taip pat galima \u012fjungti ir i&amp;scaron;jungti atskirai, \u012frenginys yra idealus sprendimas patalp\u0173 oro valymui i&amp;scaron;tisus metus.&lt;\/p&gt;<br \/>\n&lt;p style=&quot;text-align: center;&quot;&gt;&lt;img style=&quot;text-align: justify;&quot; src=&quot;https:\/\/www.rubisolis.lt\/failai\/files\/Untitled%281%29.png&quot; alt=&quot;&quot; \/&gt;&lt;\/p&gt;<br \/>\n&lt;p style=&quot;text-align: justify;&quot;&gt;&amp;nbsp;&lt;br \/&gt;&lt;strong&gt;Main advantages:&lt;\/strong&gt;&lt;\/p&gt;<br \/>\n&lt;ul&gt;<br \/>\n&lt;li&gt;Jutiklio kontroliuojamas patalp\u0173 oro valymas ir oro dr\u0117kinimas v\u0117saus garavimo principu &#8211; patogiai sujungti \u012f vien\u0105 \u012ftais\u0105&lt;\/li&gt;<br \/>\n&lt;li&gt;Pa\u017eangus kombinuotas jutiklis, vienu metu matuojantis oro dr\u0117gm\u0117s lyg\u012f ir kokyb\u0119, aktyvuoja energij\u0105 taupant\u012f automatin\u012f veikim\u0105&lt;\/li&gt;<br \/>\n&lt;li&gt;Patikimai &amp;scaron;alina dulkes, \u017eiedadulkes ir gyv\u016bn\u0173 plaukus i&amp;scaron; oro ir tuo pat metu i&amp;scaron;laiko ideal\u0173 dr\u0117gm\u0117s lyg\u012f patalpoje&lt;\/li&gt;<br \/>\n&lt;li&gt;True HEPA filtro funkcij\u0105 galima naudoti efektyviam ir maksimaliam oro i&amp;scaron;valymui&lt;\/li&gt;<br \/>\n&lt;li&gt;9 skirtingi veikimo re\u017eimai&lt;\/li&gt;<br \/>\n&lt;li&gt;Funkcionalumas &amp;ndash; ultra tylus nakties re\u017eimas&lt;\/li&gt;<br \/>\n&lt;li&gt;Didelis vandens rezervuaras&lt;\/li&gt;<br \/>\n&lt;li&gt;Minimali prie\u017ei\u016bra &#8211; lengva i&amp;scaron;ardyti ir valyti&lt;\/li&gt;<br \/>\n&lt;li&gt;Ma\u017eos prie\u017ei\u016bros i&amp;scaron;laidos&lt;\/li&gt;<br \/>\n&lt;li&gt;Reguliuojamas ventiliatoriaus veikimas&lt;\/li&gt;<br \/>\n&lt;li&gt;Gali b\u016bti naudojamas oro valymui i&amp;scaron;tisus metus, nes dr\u0117kinimo funkcij\u0105 galima \u012fjungti arba i&amp;scaron;jungti atskirai&lt;\/li&gt;<br \/>\n&lt;li&gt;Daug prakti&amp;scaron;k\u0173 komfort\u0105 didinan\u010di\u0173 funkcij\u0173&lt;\/li&gt;<br \/>\n&lt;\/ul&gt;<br \/>\n&lt;p&gt;&lt;strong&gt;Technical characteristics:&lt;\/strong&gt;&lt;\/p&gt;<br \/>\n&lt;ul&gt;<br \/>\n&lt;li&gt;Dr\u0117kinimo paj\u0117gumas &amp;ndash; iki 750 ml\/val.&lt;\/li&gt;<br \/>\n&lt;li&gt;Skirtas patalpoms iki 55 &amp;ndash; 70 m2 ploto.&lt;\/li&gt;<br \/>\n&lt;li&gt;Max. oro srautas &#8211; 228 m&amp;sup3;\/h.&lt;\/li&gt;<br \/>\n&lt;li&gt;Vandens talpa &#8211; 9 litrai.&amp;nbsp;&lt;\/li&gt;<br \/>\n&lt;\/ul&gt;<br \/>\n&lt;p style=&quot;text-align: center;&quot;&gt;&amp;nbsp;&lt;img style=&quot;width: 88px; height: 90px;&quot; src=&quot;https:\/\/www.rubisolis.lt\/failai\/files\/AW_20_S_tuerkis_close_up_control_panel.jpg&quot; alt=&quot;&quot; \/&gt;&lt;\/p&gt;<br \/>\n&lt;p style=&quot;text-align: justify;&quot;&gt;9 different modes. &lt;strong&gt;Air humidifier&lt;\/strong&gt; &amp;ndash; valytuvas Trotec AW 20 S gali b\u016bti lengvai konfig\u016bruojamas skirtingiems poreikiams \u012fvykdyti. Ap&amp;scaron;viesta skal\u0117 informuoja jus apie esam\u0105 patalpos dr\u0117gm\u0117s lyg\u012f bet kuriuo metu, o spalvotas ekranas papildomai rodo esam\u0105 oro kokyb\u0117s lyg\u012f.&lt;\/p&gt;<br \/>\n&lt;p style=&quot;text-align: center;&quot;&gt;&lt;br \/&gt;&lt;img style=&quot;width: 100px; height: 100px;&quot; src=&quot;https:\/\/www.rubisolis.lt\/failai\/files\/AW_20_S_tuerkis_profile_left_montage.jpg&quot; alt=&quot;&quot; \/&gt;&lt;\/p&gt;<br \/>\n&lt;p style=&quot;text-align: justify;&quot;&gt;Prietaiso valymas yra toks pats paprastas kaip jo valdymas, ir reikia tik keleto \u017eingsni\u0173. Prietaisas lengvai i&amp;scaron;ardomas ir greitai i&amp;scaron;valomas, net reguliariai keisti filtr\u0105 bus tikrai lengva.&lt;\/p&gt;<br \/>\n&lt;p style=&quot;text-align: center;&quot;&gt;&lt;br \/&gt;&lt;img style=&quot;width: 127px; height: 100px;&quot; src=&quot;https:\/\/www.rubisolis.lt\/failai\/files\/aw20s-detail-03-de.jpg&quot; alt=&quot;&quot; \/&gt;&lt;\/p&gt;<br \/>\n&lt;p style=&quot;text-align: justify;&quot;&gt;Ne tik valdymas, bet ir prie\u017ei\u016bra yra ypa\u010d patogi. Kadangi prietaisas yra itin patogaus dizaino, visi komponentai yra lengvai prieinami. Praktin\u0117 detal\u0117: Tinkamas valymui &amp;scaron;epetys, skirtas valyti dr\u0117kintuvo diskus yra visada lengvai pasiekiamas &amp;scaron;oniniame skyriuje.&lt;\/p&gt;<br \/>\n&lt;p style=&quot;text-align: center;&quot;&gt;&lt;iframe src=&quot;https:\/\/www.youtube.com\/embed\/RhIFxZ-pqps&quot; frameborder=&quot;0&quot; width=&quot;560&quot; height=&quot;315&quot;&gt;&lt;\/iframe&gt;&lt;\/p&gt;<br \/>\n&lt;p&gt;&lt;a class=&quot;catalogue&quot; href=&quot;\/en\/images\/Userfiles\/Trotec_oro_valytuvas_AW_20_S_instrukcija.pdf\/&quot; target=&quot;blank&quot;&gt;Download product manual &lt;\/a&gt;&lt;\/p&gt;<\/p>","protected":false},"excerpt":{"rendered":"<p>&lt;p style=&quot;text-align: justify;&quot;&gt;&lt;span style=&quot;text-align: justify;&quot;&gt;Air&amp;nbsp;&lt;\/span&gt;&lt;strong style=&quot;text-align: justify;&quot;&gt;humidifier&amp;nbsp;&lt;\/strong&gt;&lt;span style=&quot;text-align: justify;&quot;&gt;&amp;ndash;&amp;nbsp;&lt;\/span&gt;&lt;span style=&quot;text-align: justify;&quot;&gt;wiper &lt;\/span&gt;&lt;span style=&quot;text-align: justify;&quot;&gt;Trotec AW 20 S &amp;ndash; tai trys<\/p>","protected":false},"featured_media":26112,"comment_status":"closed","ping_status":"open","template":"","meta":[],"product_brand":[],"product_cat":[23],"product_tag":[535],"class_list":{"0":"post-26110","1":"product","2":"type-product","3":"status-publish","4":"has-post-thumbnail","6":"product_cat-be-kategorijos","7":"product_tag-naujiena","9":"first","10":"onbackorder","11":"taxable","12":"shipping-taxable","13":"product-type-variable"},"_links":{"self":[{"href":"https:\/\/orotech.lt\/en\/wp-json\/wp\/v2\/product\/26110","targetHints":{"allow":["GET"]}}],"collection":[{"href":"https:\/\/orotech.lt\/en\/wp-json\/wp\/v2\/product"}],"about":[{"href":"https:\/\/orotech.lt\/en\/wp-json\/wp\/v2\/types\/product"}],"replies":[{"embeddable":true,"href":"https:\/\/orotech.lt\/en\/wp-json\/wp\/v2\/comments?post=26110"}],"version-history":[{"count":1,"href":"https:\/\/orotech.lt\/en\/wp-json\/wp\/v2\/product\/26110\/revisions"}],"predecessor-version":[{"id":26111,"href":"https:\/\/orotech.lt\/en\/wp-json\/wp\/v2\/product\/26110\/revisions\/26111"}],"wp:featuredmedia":[{"embeddable":true,"href":"https:\/\/orotech.lt\/en\/wp-json\/wp\/v2\/media\/26112"}],"wp:attachment":[{"href":"https:\/\/orotech.lt\/en\/wp-json\/wp\/v2\/media?parent=26110"}],"wp:term":[{"taxonomy":"product_brand","embeddable":true,"href":"https:\/\/orotech.lt\/en\/wp-json\/wp\/v2\/product_brand?post=26110"},{"taxonomy":"product_cat","embeddable":true,"href":"https:\/\/orotech.lt\/en\/wp-json\/wp\/v2\/product_cat?post=26110"},{"taxonomy":"product_tag","embeddable":true,"href":"https:\/\/orotech.lt\/en\/wp-json\/wp\/v2\/product_tag?post=26110"}],"curies":[{"name":"wp","href":"https:\/\/api.w.org\/{rel}","templated":true}]}}