{"id":26122,"date":"2025-09-09T07:25:03","date_gmt":"2025-09-09T07:25:03","guid":{"rendered":"https:\/\/orotech.lt\/ultragarsinis-oro-drekintuvas-trotec-b-1-e-2\/"},"modified":"2025-09-10T06:15:03","modified_gmt":"2025-09-10T06:15:03","slug":"ultrasonic-air-humidifier-trotec-b-1-e-2","status":"publish","type":"product","link":"https:\/\/orotech.lt\/en\/ultrasonic-air-humidifier-trotec-b-1-e-2\/","title":{"rendered":"Ultrasonic humidifier Trotec B 1 E"},"content":{"rendered":"<p>&lt;p&gt;&lt;em&gt;&lt;strong&gt;Ultragarsinis oro dr\u0117kintuvas Trotec B 1 E&amp;nbsp;maloniam patalp\u0173 klimatui ir geresnei oro kokybei u\u017etikrinti!&lt;\/strong&gt;&lt;\/em&gt;&lt;\/p&gt;<br \/>\n&lt;p style=&quot;text-align: justify;&quot;&gt;Geriau kv\u0117puoti &amp;ndash;&amp;nbsp; sveikiau gyventi! Stilingas ultragarsinis &lt;strong&gt;humidifier &lt;\/strong&gt;Trotec B 1 E vienu mygtuko paspaudimu pavers J\u016bs\u0173 namus ramyb\u0117s ir sveikatingumo oaze. Ar \u017einojote, kad \u017emon\u0117s praleid\u017eia tik apie 20% savo dienos nat\u016bralioje aplinkoje, lauke? Likus\u012f laik\u0105 praleid\u017eiame namuose, kuriuose apstu nematom\u0173 dulki\u0173 ir kit\u0173 dirgikli\u0173, apsunkinan\u010di\u0173 alergi&amp;scaron;k\u0173 \u017emoni\u0173 gyvenim\u0105. Tod\u0117l itin svarbu patalpose palaikyti optimal\u0173 40-60% dr\u0117gm\u0117s lyg\u012f&amp;nbsp;&amp;ndash; lengviau kv\u0117puosite, geriau miegosite ir d\u017eiaugsit\u0117s gera nuotaika!&lt;\/p&gt;<br \/>\n&lt;p style=&quot;text-align: justify;&quot;&gt;Modern design ultrasonic &lt;strong&gt;humidifier&lt;\/strong&gt; Trotec B 1 E pilnu vandens pripildymu dulksn\u0105 skleid\u017eia iki 15 valand\u0173, o 4,8 litro per dien\u0105 r\u016bko na&amp;scaron;umas pripildys dr\u0117gme patalpas&amp;nbsp;iki 20 m&amp;sup2; arba 50 m&amp;sup3;. &amp;Scaron;vie\u017eias ir dr\u0117gme pripildytas patalp\u0173 oras d\u017eiugins ne tik \u017emones, bet ir augintinius, augalus.&lt;\/p&gt;<br \/>\n&lt;p style=&quot;text-align: justify;&quot;&gt;Pasiekus optimal\u0173 dr\u0117gm\u0117s lyg\u012f ar i&amp;scaron;tu&amp;scaron;t\u0117jus vandens rezervuarui, &lt;strong&gt;humidifier&lt;\/strong&gt; automati&amp;scaron;kai i&amp;scaron;sijungia. Priekyje esantis &amp;scaron;viesos diodas mirksi, rodydamas, kad vandens bakel\u012f reikia papildyti. O jeigu reikia i&amp;scaron;valyti \u012frengin\u012f, dr\u0117kintuv\u0105 galima i&amp;scaron;ardyti akimirksniu.&lt;\/p&gt;<br \/>\n&lt;p style=&quot;text-align: justify;&quot;&gt;&lt;strong&gt;Air humidifier Trotec B 1 E with aromatherapy function&lt;\/strong&gt;&lt;\/p&gt;<br \/>\n&lt;p style=&quot;text-align: justify;&quot;&gt;Minimalist design &lt;strong&gt;humidifier&lt;\/strong&gt; Trotec B 1 E turi aromaterapijos funkcij\u0105.&amp;nbsp;Teigiama, kad &lt;strong&gt;aromatherapy &lt;\/strong&gt;teigiamai veikia \u017emogaus nerv\u0173 sistem\u0105, ma\u017eina stres\u0105, \u012ftamp\u0105, depresij\u0105. U\u017etenka vos keli\u0173 la&amp;scaron;eli\u0173 m\u0117gstamo kvapo eterinio aliejaus, kad sukurtum\u0117te raminant\u012f kambario klimat\u0105. Miegamajame naudojamas tyliai veikiantis &lt;strong&gt;humidifier&lt;\/strong&gt; Trotec B 1 E promotes healthier sleep. In everyday life, health-promoting scents can reduce stress and inner anxiety.&amp;nbsp;&lt;\/p&gt;<br \/>\n&lt;p style=&quot;text-align: justify;&quot;&gt;&lt;strong&gt;Optimally humidified room air protects against the spread of viruses and microbes&lt;br \/&gt;&lt;\/strong&gt;&lt;\/p&gt;<br \/>\n&lt;p style=&quot;text-align: justify;&quot;&gt;Virus\u0173 plitimas priklauso nuo vyraujan\u010dio patalp\u0173 klimato. Pernelyg sausame ore virusai plinta kur kas grei\u010diau. Tyrimai \u012frodo, jog per sausas patalp\u0173 oras, t.y. kuomet oro dr\u0117gm\u0117 yra \u017eemesn\u0117 nei 40%, didesn\u0117 tikimyb\u0117 yra gripo ir per&amp;scaron;alimo virus\u0173 plitimui.&amp;nbsp;&lt;\/p&gt;<br \/>\n&lt;p style=&quot;text-align: justify;&quot;&gt;&lt;strong&gt;Advantages of the B 1 E humidifier:&lt;\/strong&gt;&lt;\/p&gt;<br \/>\n&lt;ul&gt;<br \/>\n&lt;li&gt;Dr\u0117kintuvas ir aroma difuzorius viename;&lt;\/li&gt;<br \/>\n&lt;li&gt;Ultragarsin\u0117 technologija maloniam patalp\u0173 klimatui ir oro kokyb\u0117s gerinimui;&lt;\/li&gt;<br \/>\n&lt;li&gt;Integruotas eterini\u0173 aliej\u0173 difuzorius suteikti patalpai aromat\u0105;&lt;\/li&gt;<br \/>\n&lt;li&gt;Reguliuojamas dulksnos itensyvumas;&lt;\/li&gt;<br \/>\n&lt;li&gt;Didelis vandens rezervuaras (su LED ap&amp;scaron;vietimu), leid\u017eiantis difuzoriui nepertraukiamai veikti iki 15 valand\u0173;&lt;\/li&gt;<br \/>\n&lt;li&gt;Naudojamas su \u012fprastiniu vandentiekio vandeniu &#8211; nereikia distiliuoto vandens;&lt;\/li&gt;<br \/>\n&lt;li&gt;Automatinis i&amp;scaron;sijungimas;&lt;\/li&gt;<br \/>\n&lt;li&gt;Lengva prie\u017ei\u016bra ir valymas.&lt;\/li&gt;<br \/>\n&lt;\/ul&gt;<br \/>\n&lt;p&gt;&lt;strong&gt;Technical information:&lt;\/strong&gt;&lt;\/p&gt;<br \/>\n&lt;ul&gt;<br \/>\n&lt;li&gt;Tinkamas patalpoms iki 20 m&amp;sup2; \/ 50 m&amp;sup3; dyd\u017eio;&lt;\/li&gt;<br \/>\n&lt;li&gt;Dr\u0117kinimo galia max .: 4.8 l \/&amp;nbsp;24 h;&lt;\/li&gt;<br \/>\n&lt;li&gt;Vandens rezervuaras: 3 l;&lt;\/li&gt;<br \/>\n&lt;li&gt;Energijos sunaudojimas: 24 W;&lt;\/li&gt;<br \/>\n&lt;li&gt;Triuk&amp;scaron;mo lygis max: 38 dB (A);&lt;\/li&gt;<br \/>\n&lt;li&gt;I&amp;scaron;matavimai (I x P x A) 160 x 301 x 278 mm;&lt;\/li&gt;<br \/>\n&lt;li&gt;Svoris: 1.5 kg.&lt;\/li&gt;<br \/>\n&lt;\/ul&gt;<br \/>\n&lt;p&gt;&lt;a class=&quot;catalogue&quot; href=&quot;https:\/\/www.rubisolis.lt\/\/failai\/files\/produktu%20pdf\/Trotec\/Dr%C4%97kintuvai\/Oro%20dr%C4%97kintuvo%20Trotec%20B%201%20E%20naudojimo%20instrukcija.pdf&quot; target=&quot;blank&quot;&gt;Download product manual &lt;\/a&gt;&lt;\/p&gt;<\/p>","protected":false},"excerpt":{"rendered":"<p>&lt;p&gt;&lt;em&gt;&lt;strong&gt;Ultragarsinis oro dr\u0117kintuvas Trotec B 1 E&amp;nbsp;maloniam patalp\u0173 klimatui ir geresnei oro kokybei u\u017etikrinti!&lt;\/strong&gt;&lt;\/em&gt;&lt;\/p&gt; &lt;p style=&quot;text-align: justify;&quot;&gt;Geriau kv\u0117puoti &amp;ndash;&amp;nbsp; sveikiau<\/p>","protected":false},"featured_media":26124,"comment_status":"closed","ping_status":"open","template":"","meta":[],"product_brand":[],"product_cat":[23],"product_tag":[535],"class_list":{"0":"post-26122","1":"product","2":"type-product","3":"status-publish","4":"has-post-thumbnail","6":"product_cat-be-kategorijos","7":"product_tag-naujiena","9":"first","10":"onbackorder","11":"taxable","12":"shipping-taxable","13":"product-type-variable"},"_links":{"self":[{"href":"https:\/\/orotech.lt\/en\/wp-json\/wp\/v2\/product\/26122","targetHints":{"allow":["GET"]}}],"collection":[{"href":"https:\/\/orotech.lt\/en\/wp-json\/wp\/v2\/product"}],"about":[{"href":"https:\/\/orotech.lt\/en\/wp-json\/wp\/v2\/types\/product"}],"replies":[{"embeddable":true,"href":"https:\/\/orotech.lt\/en\/wp-json\/wp\/v2\/comments?post=26122"}],"version-history":[{"count":1,"href":"https:\/\/orotech.lt\/en\/wp-json\/wp\/v2\/product\/26122\/revisions"}],"predecessor-version":[{"id":26123,"href":"https:\/\/orotech.lt\/en\/wp-json\/wp\/v2\/product\/26122\/revisions\/26123"}],"wp:featuredmedia":[{"embeddable":true,"href":"https:\/\/orotech.lt\/en\/wp-json\/wp\/v2\/media\/26124"}],"wp:attachment":[{"href":"https:\/\/orotech.lt\/en\/wp-json\/wp\/v2\/media?parent=26122"}],"wp:term":[{"taxonomy":"product_brand","embeddable":true,"href":"https:\/\/orotech.lt\/en\/wp-json\/wp\/v2\/product_brand?post=26122"},{"taxonomy":"product_cat","embeddable":true,"href":"https:\/\/orotech.lt\/en\/wp-json\/wp\/v2\/product_cat?post=26122"},{"taxonomy":"product_tag","embeddable":true,"href":"https:\/\/orotech.lt\/en\/wp-json\/wp\/v2\/product_tag?post=26122"}],"curies":[{"name":"wp","href":"https:\/\/api.w.org\/{rel}","templated":true}]}}